{"id":5860,"date":"2025-03-09T13:49:12","date_gmt":"2025-03-09T13:49:12","guid":{"rendered":"https:\/\/artstella-elixirs-floraux.com\/product\/papillon-morpho-peleides-morpho-falter-15-ml-phi\/"},"modified":"2025-06-08T12:49:23","modified_gmt":"2025-06-08T12:49:23","slug":"papillon-morpho-peleides-morpho-falter-15-ml-phi","status":"publish","type":"product","link":"https:\/\/artstella-elixirs-floraux.com\/fr_fr\/produit\/papillon-morpho-peleides-morpho-falter-15-ml-phi\/","title":{"rendered":"Papillon Morpho peleides &#8211; Morpho Falter 15 ml PHI"},"content":{"rendered":"","protected":false},"excerpt":{"rendered":"<p><strong>Papillon Morpho peleides &#8211; Morpho Falter<\/strong><\/p>\n<p>Le papillon Morpho est l&rsquo;un des plus beaux papillons du monde et il repr\u00e9sente le rayon bleu.<br \/>Les papillons se d\u00e9placent sur des spirales et apporter de l&rsquo;\u00e9nergie cosmique \u00e0 la terre. Le rayon bleu repr\u00e9sente:<br \/>Protection, courage, puissance, la force et la connaissance du cosmos.<\/p>\n","protected":false},"featured_media":5861,"template":"","meta":[],"product_brand":[],"product_cat":[188],"product_tag":[],"class_list":{"0":"post-5860","1":"product","2":"type-product","3":"status-publish","4":"has-post-thumbnail","6":"product_cat-les-nouveax-elixirs-d-animaux-par-phi","8":"first","9":"instock","10":"taxable","11":"shipping-taxable","12":"purchasable","13":"product-type-simple"},"etheme_brands":{"errors":{"invalid_taxonomy":["Taxonomie non valide."]},"error_data":[]},"jetpack_sharing_enabled":true,"jetpack-related-posts":[{"id":5394,"url":"https:\/\/artstella-elixirs-floraux.com\/fr_fr\/produit\/morfo-blanco-sylfos\/","url_meta":{"origin":5860,"position":0},"title":"MORFO BLANCO SYLFOS","author":"eveapprill","date":"9 mars 2025","format":false,"excerpt":"33 - MORFO BLANCO\/ MORPHO BLANC Morpho polyphemus\u00a0\u00a0 Contr\u00f4le de l\u2019ego -\u00a0 Reconnaissance Cet \u00e9lixir nous permet d\u2019accepter les \u00e9loges et la reconnaissance de la part des autres, car ils valorisent et reconnaissent nos contributions.","rel":"","context":"Article similaire","block_context":{"text":"Article similaire","link":""},"img":{"alt_text":"","src":"https:\/\/i0.wp.com\/artstella-elixirs-floraux.com\/wp-content\/uploads\/2025\/03\/a6f90f42-30f1-4d81-ac70-8af75cb91c09.jpg?resize=350%2C200&ssl=1","width":350,"height":200,"srcset":"https:\/\/i0.wp.com\/artstella-elixirs-floraux.com\/wp-content\/uploads\/2025\/03\/a6f90f42-30f1-4d81-ac70-8af75cb91c09.jpg?resize=350%2C200&ssl=1 1x, https:\/\/i0.wp.com\/artstella-elixirs-floraux.com\/wp-content\/uploads\/2025\/03\/a6f90f42-30f1-4d81-ac70-8af75cb91c09.jpg?resize=525%2C300&ssl=1 1.5x, https:\/\/i0.wp.com\/artstella-elixirs-floraux.com\/wp-content\/uploads\/2025\/03\/a6f90f42-30f1-4d81-ac70-8af75cb91c09.jpg?resize=700%2C400&ssl=1 2x"},"classes":[]},{"id":5536,"url":"https:\/\/artstella-elixirs-floraux.com\/fr_fr\/produit\/coffret-10-elixirs-d-animaux-n4-15ml\/","url_meta":{"origin":5860,"position":1},"title":"COFFRET 10 \u00e9lixirs d&rsquo; ANIMAUX N\u00b04 15ML","author":"eveapprill","date":"9 mars 2025","format":false,"excerpt":"Coffret n\u00b0 4 10 \u00e9lixirs d'animaux : contient : Tarentule, Tigre, Tortue, Baleine \u00e0 bosse, Baleine franche australe, Cachalot, Rorqual commun, Papillon Morpho, Papillon grand cuivr\u00e9, Dauphin rose","rel":"","context":"Article similaire","block_context":{"text":"Article similaire","link":""},"img":{"alt_text":"","src":"https:\/\/i0.wp.com\/artstella-elixirs-floraux.com\/wp-content\/uploads\/2025\/03\/wp-image1763.png?resize=350%2C200&ssl=1","width":350,"height":200},"classes":[]},{"id":5862,"url":"https:\/\/artstella-elixirs-floraux.com\/fr_fr\/produit\/papillon-grand-cuivre-feuerfalter-15ml-phi\/","url_meta":{"origin":5860,"position":2},"title":"Papillon Grand cuivr\u00e9 &#8211; Feuerfalter 15ml PHI","author":"eveapprill","date":"9 mars 2025","format":false,"excerpt":"Papillon Grand cuivr\u00e9 - Feuerfalter Nous aide a transformer. Il apporte la conscience du rayon rouge a la terre.\u00a0 Il active les points d accupuncure et les meridians. Il nous connecte avec la conscience de Dieu et tout ce qui est et repr\u00e9senter le rayon rouge pour le service inconditionnel\u2026","rel":"","context":"Article similaire","block_context":{"text":"Article similaire","link":""},"img":{"alt_text":"","src":"https:\/\/i0.wp.com\/artstella-elixirs-floraux.com\/wp-content\/uploads\/2025\/03\/wp-image1945.png?resize=350%2C200&ssl=1","width":350,"height":200},"classes":[]},{"id":4161,"url":"https:\/\/artstella-elixirs-floraux.com\/fr_fr\/produit\/cofret-papillons-de-1-20-15ml-sylfos\/","url_meta":{"origin":5860,"position":3},"title":"COFRET PAPILLONS de 1 &#8211; 20 15ML SYLFOS","author":"eveapprill","date":"9 mars 2025","format":false,"excerpt":"contient les \u00e9lixirs de papillons de 1 \u00e0 20 en 15ml","rel":"","context":"Article similaire","block_context":{"text":"Article similaire","link":""},"img":{"alt_text":"","src":"https:\/\/i0.wp.com\/artstella-elixirs-floraux.com\/wp-content\/uploads\/2025\/03\/wp-image1522.png?resize=350%2C200&ssl=1","width":350,"height":200,"srcset":"https:\/\/i0.wp.com\/artstella-elixirs-floraux.com\/wp-content\/uploads\/2025\/03\/wp-image1522.png?resize=350%2C200&ssl=1 1x, https:\/\/i0.wp.com\/artstella-elixirs-floraux.com\/wp-content\/uploads\/2025\/03\/wp-image1522.png?resize=525%2C300&ssl=1 1.5x, https:\/\/i0.wp.com\/artstella-elixirs-floraux.com\/wp-content\/uploads\/2025\/03\/wp-image1522.png?resize=700%2C400&ssl=1 2x"},"classes":[]},{"id":4163,"url":"https:\/\/artstella-elixirs-floraux.com\/fr_fr\/produit\/papillon-mariposa-el-chamaniques-15ml\/","url_meta":{"origin":5860,"position":4},"title":"PAPILLON \/ MARIPOSA EL CHAMANIQUES 15ML","author":"eveapprill","date":"9 mars 2025","format":false,"excerpt":"MARIPOSA \/ PAPILLON Transformation, espoir, cr\u00e9ativit\u00e9 Cet \u00e9lixir est vraiment celui de la transformation, pour passer de la chenille au papillon, transformer les ins\u00e9curit\u00e9s, les manques de confiance et les doutes en s\u00e9curit\u00e9, estime de soi et espoir.","rel":"","context":"Article similaire","block_context":{"text":"Article similaire","link":""},"img":{"alt_text":"","src":"","width":0,"height":0},"classes":[]},{"id":4165,"url":"https:\/\/artstella-elixirs-floraux.com\/fr_fr\/produit\/cofret-papillons-de-21-a-40-15ml-sylfos\/","url_meta":{"origin":5860,"position":5},"title":"COFRET PAPILLONS de 21 \u00e0 40 15ML SYLFOS","author":"eveapprill","date":"9 mars 2025","format":false,"excerpt":"Contient les \u00e9lixirs de papillons Sylfos de 21 \u00e0 40 en 15 ml","rel":"","context":"Article similaire","block_context":{"text":"Article similaire","link":""},"img":{"alt_text":"","src":"https:\/\/i0.wp.com\/artstella-elixirs-floraux.com\/wp-content\/uploads\/2025\/03\/wp-image1523.png?resize=350%2C200&ssl=1","width":350,"height":200,"srcset":"https:\/\/i0.wp.com\/artstella-elixirs-floraux.com\/wp-content\/uploads\/2025\/03\/wp-image1523.png?resize=350%2C200&ssl=1 1x, https:\/\/i0.wp.com\/artstella-elixirs-floraux.com\/wp-content\/uploads\/2025\/03\/wp-image1523.png?resize=525%2C300&ssl=1 1.5x, https:\/\/i0.wp.com\/artstella-elixirs-floraux.com\/wp-content\/uploads\/2025\/03\/wp-image1523.png?resize=700%2C400&ssl=1 2x, https:\/\/i0.wp.com\/artstella-elixirs-floraux.com\/wp-content\/uploads\/2025\/03\/wp-image1523.png?resize=1050%2C600&ssl=1 3x"},"classes":[]}],"_links":{"self":[{"href":"https:\/\/artstella-elixirs-floraux.com\/fr_fr\/wp-json\/wp\/v2\/product\/5860","targetHints":{"allow":["GET"]}}],"collection":[{"href":"https:\/\/artstella-elixirs-floraux.com\/fr_fr\/wp-json\/wp\/v2\/product"}],"about":[{"href":"https:\/\/artstella-elixirs-floraux.com\/fr_fr\/wp-json\/wp\/v2\/types\/product"}],"version-history":[{"count":0,"href":"https:\/\/artstella-elixirs-floraux.com\/fr_fr\/wp-json\/wp\/v2\/product\/5860\/revisions"}],"wp:featuredmedia":[{"embeddable":true,"href":"https:\/\/artstella-elixirs-floraux.com\/fr_fr\/wp-json\/wp\/v2\/media\/5861"}],"wp:attachment":[{"href":"https:\/\/artstella-elixirs-floraux.com\/fr_fr\/wp-json\/wp\/v2\/media?parent=5860"}],"wp:term":[{"taxonomy":"product_brand","embeddable":true,"href":"https:\/\/artstella-elixirs-floraux.com\/fr_fr\/wp-json\/wp\/v2\/product_brand?post=5860"},{"taxonomy":"product_cat","embeddable":true,"href":"https:\/\/artstella-elixirs-floraux.com\/fr_fr\/wp-json\/wp\/v2\/product_cat?post=5860"},{"taxonomy":"product_tag","embeddable":true,"href":"https:\/\/artstella-elixirs-floraux.com\/fr_fr\/wp-json\/wp\/v2\/product_tag?post=5860"}],"curies":[{"name":"wp","href":"https:\/\/api.w.org\/{rel}","templated":true}]}}