{"id":5862,"date":"2025-03-09T13:49:13","date_gmt":"2025-03-09T13:49:13","guid":{"rendered":"https:\/\/artstella-elixirs-floraux.com\/product\/papillon-grand-cuivre-feuerfalter-15ml-phi\/"},"modified":"2025-04-29T14:10:12","modified_gmt":"2025-04-29T14:10:12","slug":"papillon-grand-cuivre-feuerfalter-15ml-phi","status":"publish","type":"product","link":"https:\/\/artstella-elixirs-floraux.com\/fr_fr\/produit\/papillon-grand-cuivre-feuerfalter-15ml-phi\/","title":{"rendered":"Papillon Grand cuivr\u00e9 &#8211; Feuerfalter 15ml PHI"},"content":{"rendered":"","protected":false},"excerpt":{"rendered":"<p><strong>Papillon Grand cuivr\u00e9 &#8211; Feuerfalter<\/strong><\/p>\n<p>Nous aide a transformer. Il apporte la conscience du rayon rouge a la terre.\u00a0 Il active les points d accupuncure et les meridians. Il nous connecte avec la conscience de Dieu et tout ce qui est<\/p>\n<p>et repr\u00e9senter le rayon rouge pour le service inconditionnel et la gu\u00e9rison spirituelle.<\/p>\n","protected":false},"featured_media":5863,"template":"","meta":[],"product_brand":[],"product_cat":[188],"product_tag":[],"class_list":{"0":"post-5862","1":"product","2":"type-product","3":"status-publish","4":"has-post-thumbnail","6":"product_cat-les-nouveax-elixirs-d-animaux-par-phi","8":"first","9":"instock","10":"taxable","11":"shipping-taxable","12":"purchasable","13":"product-type-simple"},"etheme_brands":{"errors":{"invalid_taxonomy":["Taxonomie non valide."]},"error_data":[]},"jetpack_sharing_enabled":true,"jetpack-related-posts":[{"id":5536,"url":"https:\/\/artstella-elixirs-floraux.com\/fr_fr\/produit\/coffret-10-elixirs-d-animaux-n4-15ml\/","url_meta":{"origin":5862,"position":0},"title":"COFFRET 10 \u00e9lixirs d&rsquo; ANIMAUX N\u00b04 15ML","author":"eveapprill","date":"9 mars 2025","format":false,"excerpt":"Coffret n\u00b0 4 10 \u00e9lixirs d'animaux : contient : Tarentule, Tigre, Tortue, Baleine \u00e0 bosse, Baleine franche australe, Cachalot, Rorqual commun, Papillon Morpho, Papillon grand cuivr\u00e9, Dauphin rose","rel":"","context":"Article similaire","block_context":{"text":"Article similaire","link":""},"img":{"alt_text":"","src":"https:\/\/i0.wp.com\/artstella-elixirs-floraux.com\/wp-content\/uploads\/2025\/03\/wp-image1763.png?resize=350%2C200&ssl=1","width":350,"height":200},"classes":[]},{"id":5860,"url":"https:\/\/artstella-elixirs-floraux.com\/fr_fr\/produit\/papillon-morpho-peleides-morpho-falter-15-ml-phi\/","url_meta":{"origin":5862,"position":1},"title":"Papillon Morpho peleides &#8211; Morpho Falter 15 ml PHI","author":"eveapprill","date":"9 mars 2025","format":false,"excerpt":"Papillon Morpho peleides - Morpho Falter Le papillon Morpho est l'un des plus beaux papillons du monde et il repr\u00e9sente le rayon bleu.Les papillons se d\u00e9placent sur des spirales et apporter de l'\u00e9nergie cosmique \u00e0 la terre. Le rayon bleu repr\u00e9sente:Protection, courage, puissance, la force et la connaissance du cosmos.","rel":"","context":"Article similaire","block_context":{"text":"Article similaire","link":""},"img":{"alt_text":"","src":"https:\/\/i0.wp.com\/artstella-elixirs-floraux.com\/wp-content\/uploads\/2025\/03\/wp-image1944.png?resize=350%2C200&ssl=1","width":350,"height":200},"classes":[]},{"id":5396,"url":"https:\/\/artstella-elixirs-floraux.com\/fr_fr\/produit\/ojo-de-macho-sylfos-15ml-pap\/","url_meta":{"origin":5862,"position":2},"title":"OJO DE MACHO SYLFOS 15ML PAP","author":"eveapprill","date":"9 mars 2025","format":false,"excerpt":"34 - OJO DE MACHO\/ PAPILLON OCELL\u00c9 Junonia coenia\u00a0\u00a0 Vision - Conscience- Evolution Cet \u00e9lixir nous permet de transformer la n\u00e9gativit\u00e9 afin de pouvoir voire la v\u00e9rit\u00e9. Il nous permet de voire plus clairement la situation afin de nous aider \u00e0 voire et \u00e0 aller directement au centre du probl\u00e8me","rel":"","context":"Article similaire","block_context":{"text":"Article similaire","link":""},"img":{"alt_text":"","src":"https:\/\/i0.wp.com\/artstella-elixirs-floraux.com\/wp-content\/uploads\/2025\/03\/599dbec6-a0ba-4dd0-b4c6-380b343e864f.jpg?resize=350%2C200&ssl=1","width":350,"height":200,"srcset":"https:\/\/i0.wp.com\/artstella-elixirs-floraux.com\/wp-content\/uploads\/2025\/03\/599dbec6-a0ba-4dd0-b4c6-380b343e864f.jpg?resize=350%2C200&ssl=1 1x, https:\/\/i0.wp.com\/artstella-elixirs-floraux.com\/wp-content\/uploads\/2025\/03\/599dbec6-a0ba-4dd0-b4c6-380b343e864f.jpg?resize=525%2C300&ssl=1 1.5x, https:\/\/i0.wp.com\/artstella-elixirs-floraux.com\/wp-content\/uploads\/2025\/03\/599dbec6-a0ba-4dd0-b4c6-380b343e864f.jpg?resize=700%2C400&ssl=1 2x"},"classes":[]},{"id":5404,"url":"https:\/\/artstella-elixirs-floraux.com\/fr_fr\/produit\/purpura-grande-sylfos\/","url_meta":{"origin":5862,"position":3},"title":"PURPURA GRANDE SYLFOS","author":"eveapprill","date":"9 mars 2025","format":false,"excerpt":"38 - P\u00daRPURA GRANDE\/ GRANDE POURPRE Atlides halesus Evolution \u2013 Prise de conscience Cet \u00e9lixir nous enseigne que toutes les choses arrivent pour le d\u00e9veloppement et la croissance de notre Esprit, et que nous pouvons nous l\u00e2cher afin de pouvoir \u00e9voluer librement et naturellement.","rel":"","context":"Article similaire","block_context":{"text":"Article similaire","link":""},"img":{"alt_text":"","src":"","width":0,"height":0},"classes":[]},{"id":4163,"url":"https:\/\/artstella-elixirs-floraux.com\/fr_fr\/produit\/papillon-mariposa-el-chamaniques-15ml\/","url_meta":{"origin":5862,"position":4},"title":"PAPILLON \/ MARIPOSA EL CHAMANIQUES 15ML","author":"eveapprill","date":"9 mars 2025","format":false,"excerpt":"MARIPOSA \/ PAPILLON Transformation, espoir, cr\u00e9ativit\u00e9 Cet \u00e9lixir est vraiment celui de la transformation, pour passer de la chenille au papillon, transformer les ins\u00e9curit\u00e9s, les manques de confiance et les doutes en s\u00e9curit\u00e9, estime de soi et espoir.","rel":"","context":"Article similaire","block_context":{"text":"Article similaire","link":""},"img":{"alt_text":"","src":"","width":0,"height":0},"classes":[]},{"id":3101,"url":"https:\/\/artstella-elixirs-floraux.com\/fr_fr\/produit\/pyramide-rouge-de-dahshur15-ml-phi\/","url_meta":{"origin":5862,"position":5},"title":"PYRAMIDE ROUGE DE DAHSHUR15 ML PHI","author":"eveapprill","date":"9 mars 2025","format":false,"excerpt":"Pyramide rouge de Dahshur C'est l\u2019\u00e9lixir de l'initiation \u00e0 un nouvel \u00e9tat de conscience. Cela fonctionne en activant \u00e9nergiquement le cerveau. Il favorise une nouvelle conscience et \u00e9l\u00e8ve les vibrations du corps nous aidant ainsi \u00e0 nous adapter \u00e0 de nouveaux plans \u00e9nerg\u00e9tiques.","rel":"","context":"Article similaire","block_context":{"text":"Article similaire","link":""},"img":{"alt_text":"","src":"https:\/\/i0.wp.com\/artstella-elixirs-floraux.com\/wp-content\/uploads\/2025\/03\/wp-image2172.png?resize=350%2C200&ssl=1","width":350,"height":200,"srcset":"https:\/\/i0.wp.com\/artstella-elixirs-floraux.com\/wp-content\/uploads\/2025\/03\/wp-image2172.png?resize=350%2C200&ssl=1 1x, https:\/\/i0.wp.com\/artstella-elixirs-floraux.com\/wp-content\/uploads\/2025\/03\/wp-image2172.png?resize=525%2C300&ssl=1 1.5x, https:\/\/i0.wp.com\/artstella-elixirs-floraux.com\/wp-content\/uploads\/2025\/03\/wp-image2172.png?resize=700%2C400&ssl=1 2x"},"classes":[]}],"_links":{"self":[{"href":"https:\/\/artstella-elixirs-floraux.com\/fr_fr\/wp-json\/wp\/v2\/product\/5862","targetHints":{"allow":["GET"]}}],"collection":[{"href":"https:\/\/artstella-elixirs-floraux.com\/fr_fr\/wp-json\/wp\/v2\/product"}],"about":[{"href":"https:\/\/artstella-elixirs-floraux.com\/fr_fr\/wp-json\/wp\/v2\/types\/product"}],"version-history":[{"count":0,"href":"https:\/\/artstella-elixirs-floraux.com\/fr_fr\/wp-json\/wp\/v2\/product\/5862\/revisions"}],"wp:featuredmedia":[{"embeddable":true,"href":"https:\/\/artstella-elixirs-floraux.com\/fr_fr\/wp-json\/wp\/v2\/media\/5863"}],"wp:attachment":[{"href":"https:\/\/artstella-elixirs-floraux.com\/fr_fr\/wp-json\/wp\/v2\/media?parent=5862"}],"wp:term":[{"taxonomy":"product_brand","embeddable":true,"href":"https:\/\/artstella-elixirs-floraux.com\/fr_fr\/wp-json\/wp\/v2\/product_brand?post=5862"},{"taxonomy":"product_cat","embeddable":true,"href":"https:\/\/artstella-elixirs-floraux.com\/fr_fr\/wp-json\/wp\/v2\/product_cat?post=5862"},{"taxonomy":"product_tag","embeddable":true,"href":"https:\/\/artstella-elixirs-floraux.com\/fr_fr\/wp-json\/wp\/v2\/product_tag?post=5862"}],"curies":[{"name":"wp","href":"https:\/\/api.w.org\/{rel}","templated":true}]}}