{"id":5866,"date":"2025-03-09T13:49:16","date_gmt":"2025-03-09T13:49:16","guid":{"rendered":"https:\/\/artstella-elixirs-floraux.com\/product\/abeille-bee-apis-mellifera-15-ml-phi\/"},"modified":"2025-04-21T17:10:33","modified_gmt":"2025-04-21T17:10:33","slug":"abeille-bee-apis-mellifera-15-ml-phi","status":"publish","type":"product","link":"https:\/\/artstella-elixirs-floraux.com\/fr_fr\/produit\/abeille-bee-apis-mellifera-15-ml-phi\/","title":{"rendered":"Abeille &#8211; Bee (Apis mellifera) 15 ml PHI"},"content":{"rendered":"","protected":false},"excerpt":{"rendered":"<div><strong>Abeille &#8211; Bee (Apis mellifera)<\/strong><\/div>\n<div>Cet \u00e9lixir \u00e9nerg\u00e9tique nous ouvre \u00e0 la joie et \u00e0 lumi\u00e8re int\u00e9rieure. Il aide \u00e0 \u00e9quilibrer<\/div>\n<div>\u00e9nerg\u00e9tiquement le sucre dans le corps. Nous apprenons \u00e0 ouvrir notre c\u0153ur et \u00e0 appr\u00e9cier la<\/div>\n<div>douceur de la vie.<\/div>\n","protected":false},"featured_media":5867,"template":"","meta":[],"product_brand":[],"product_cat":[188],"product_tag":[],"class_list":{"0":"post-5866","1":"product","2":"type-product","3":"status-publish","4":"has-post-thumbnail","6":"product_cat-les-nouveax-elixirs-d-animaux-par-phi","8":"first","9":"instock","10":"taxable","11":"shipping-taxable","12":"purchasable","13":"product-type-simple"},"etheme_brands":{"errors":{"invalid_taxonomy":["Taxonomie non valide."]},"error_data":[]},"jetpack_sharing_enabled":true,"jetpack-related-posts":[{"id":3978,"url":"https:\/\/artstella-elixirs-floraux.com\/fr_fr\/produit\/abeille-phi-15ml\/","url_meta":{"origin":5866,"position":0},"title":"ABEILLE PHI 15ML","author":"eveapprill","date":"9 mars 2025","format":false,"excerpt":"Abeille (Apis) Biene L\u2019\u00e9lixir apporte l\u00e9g\u00e8ret\u00e9, chaleur et force, ainsi que le sens du travail en commun.Il est actuellement test\u00e9 pour soutenir les abeilles. \u00a0","rel":"","context":"Article similaire","block_context":{"text":"Article similaire","link":""},"img":{"alt_text":"","src":"","width":0,"height":0},"classes":[]},{"id":3679,"url":"https:\/\/artstella-elixirs-floraux.com\/fr_fr\/produit\/66-unicorn-ltoe-15-ml\/","url_meta":{"origin":5866,"position":1},"title":"66. UNICORN LTOE 15 ML","author":"eveapprill","date":"9 mars 2025","format":false,"excerpt":"Unicorn \/ Licorne : ouvre le point Da-zhui sur la 7e vert\u00e8bre afin de purifier les canaux \u00e9nerg\u00e9tiques de la t\u00eate jusqu\u2019au cerveau. Il apporte une confiance et un optimisme in\u00e9branlables, et aide \u00e0 faire face, sans agressivit\u00e9, aux menaces ext\u00e9rieures.","rel":"","context":"Article similaire","block_context":{"text":"Article similaire","link":""},"img":{"alt_text":"","src":"https:\/\/i0.wp.com\/artstella-elixirs-floraux.com\/wp-content\/uploads\/2025\/03\/02f90cca-9960-4bd7-8a7b-cb86042dc8dc.jpg?resize=350%2C200&ssl=1","width":350,"height":200,"srcset":"https:\/\/i0.wp.com\/artstella-elixirs-floraux.com\/wp-content\/uploads\/2025\/03\/02f90cca-9960-4bd7-8a7b-cb86042dc8dc.jpg?resize=350%2C200&ssl=1 1x, https:\/\/i0.wp.com\/artstella-elixirs-floraux.com\/wp-content\/uploads\/2025\/03\/02f90cca-9960-4bd7-8a7b-cb86042dc8dc.jpg?resize=525%2C300&ssl=1 1.5x, https:\/\/i0.wp.com\/artstella-elixirs-floraux.com\/wp-content\/uploads\/2025\/03\/02f90cca-9960-4bd7-8a7b-cb86042dc8dc.jpg?resize=700%2C400&ssl=1 2x"},"classes":[]},{"id":3594,"url":"https:\/\/artstella-elixirs-floraux.com\/fr_fr\/produit\/23-heart-of-light-ltoe-15-ml\/","url_meta":{"origin":5866,"position":2},"title":"23. HEART OF LIGHT LTOE 15 ML","author":"eveapprill","date":"9 mars 2025","format":false,"excerpt":"\u00a0Heart of Light \/Coeur de lumi\u00e8reopulse vers une conscience de l\u2019interd\u00e9pendance universelle, ressentie dans sa fluidit\u00e9 \u00e9nerg\u00e9tique.","rel":"","context":"Article similaire","block_context":{"text":"Article similaire","link":""},"img":{"alt_text":"","src":"https:\/\/i0.wp.com\/artstella-elixirs-floraux.com\/wp-content\/uploads\/2025\/03\/34ec927e-397f-45c1-bc66-b98e57ac44d1.jpg?resize=350%2C200&ssl=1","width":350,"height":200,"srcset":"https:\/\/i0.wp.com\/artstella-elixirs-floraux.com\/wp-content\/uploads\/2025\/03\/34ec927e-397f-45c1-bc66-b98e57ac44d1.jpg?resize=350%2C200&ssl=1 1x, https:\/\/i0.wp.com\/artstella-elixirs-floraux.com\/wp-content\/uploads\/2025\/03\/34ec927e-397f-45c1-bc66-b98e57ac44d1.jpg?resize=525%2C300&ssl=1 1.5x, https:\/\/i0.wp.com\/artstella-elixirs-floraux.com\/wp-content\/uploads\/2025\/03\/34ec927e-397f-45c1-bc66-b98e57ac44d1.jpg?resize=700%2C400&ssl=1 2x"},"classes":[]},{"id":2958,"url":"https:\/\/artstella-elixirs-floraux.com\/fr_fr\/produit\/emeraude-phi-15-ml\/","url_meta":{"origin":5866,"position":3},"title":"EMERAUDE PHI 15 ML","author":"eveapprill","date":"9 mars 2025","format":false,"excerpt":"Emeraude (Smaragd) Ouvre le c\u0153ur \u00e0 la diversit\u00e9 de la vie. Active notre intuition et clarifie la relation avec notre Moi sup\u00e9rieur. Clarifie \u00e9nerg\u00e9tiquement les peurs et active le 3\u00e8me \u0153il.","rel":"","context":"Article similaire","block_context":{"text":"Article similaire","link":""},"img":{"alt_text":"","src":"https:\/\/i0.wp.com\/artstella-elixirs-floraux.com\/wp-content\/uploads\/2025\/03\/wp-image306.png?resize=350%2C200&ssl=1","width":350,"height":200},"classes":[]},{"id":5045,"url":"https:\/\/artstella-elixirs-floraux.com\/fr_fr\/produit\/aragonite-7-5-ml-gem-sup\/","url_meta":{"origin":5866,"position":4},"title":"ARAGONITE 7.5 ML GEM SUP","author":"eveapprill","date":"9 mars 2025","format":false,"excerpt":"Aragonite - Aragonite Indication : mauvaise hygi\u00e8ne \u00e9nerg\u00e9tique; incapacit\u00e9 \u00e0 garder un \u00e9quilibre psychique\u00a0; exc\u00e8s de stimulation due \u00e0 un manque d\u2019enracinement\u00a0; tendance \u00e0 se m\u00e9langer \u00e9nerg\u00e9tiquement avec les autres.","rel":"","context":"Article similaire","block_context":{"text":"Article similaire","link":""},"img":{"alt_text":"","src":"https:\/\/i0.wp.com\/artstella-elixirs-floraux.com\/wp-content\/uploads\/2025\/03\/wp-image1399.png?resize=350%2C200&ssl=1","width":350,"height":200},"classes":[]},{"id":5169,"url":"https:\/\/artstella-elixirs-floraux.com\/fr_fr\/produit\/benitier-commun-15-ml-phi\/","url_meta":{"origin":5866,"position":5},"title":"BENITIER COMMUN 15 ML PHI","author":"eveapprill","date":"27 mai 2025","format":false,"excerpt":"B\u00e9nitier commun\u00a0 (Tridacna maxima) Riesenmuschel\u00a0 De la m\u00eame fa\u00e7on que ce coquillage filtre l\u2019eau en s\u2019ouvrant et se refermant, l\u2019\u00e9lixir agit \u00e9nerg\u00e9tiquement sur les valvules du c\u0153ur.","rel":"","context":"Article similaire","block_context":{"text":"Article similaire","link":""},"img":{"alt_text":"","src":"","width":0,"height":0},"classes":[]}],"_links":{"self":[{"href":"https:\/\/artstella-elixirs-floraux.com\/fr_fr\/wp-json\/wp\/v2\/product\/5866","targetHints":{"allow":["GET"]}}],"collection":[{"href":"https:\/\/artstella-elixirs-floraux.com\/fr_fr\/wp-json\/wp\/v2\/product"}],"about":[{"href":"https:\/\/artstella-elixirs-floraux.com\/fr_fr\/wp-json\/wp\/v2\/types\/product"}],"version-history":[{"count":0,"href":"https:\/\/artstella-elixirs-floraux.com\/fr_fr\/wp-json\/wp\/v2\/product\/5866\/revisions"}],"wp:featuredmedia":[{"embeddable":true,"href":"https:\/\/artstella-elixirs-floraux.com\/fr_fr\/wp-json\/wp\/v2\/media\/5867"}],"wp:attachment":[{"href":"https:\/\/artstella-elixirs-floraux.com\/fr_fr\/wp-json\/wp\/v2\/media?parent=5866"}],"wp:term":[{"taxonomy":"product_brand","embeddable":true,"href":"https:\/\/artstella-elixirs-floraux.com\/fr_fr\/wp-json\/wp\/v2\/product_brand?post=5866"},{"taxonomy":"product_cat","embeddable":true,"href":"https:\/\/artstella-elixirs-floraux.com\/fr_fr\/wp-json\/wp\/v2\/product_cat?post=5866"},{"taxonomy":"product_tag","embeddable":true,"href":"https:\/\/artstella-elixirs-floraux.com\/fr_fr\/wp-json\/wp\/v2\/product_tag?post=5866"}],"curies":[{"name":"wp","href":"https:\/\/api.w.org\/{rel}","templated":true}]}}