{"id":5868,"date":"2025-03-09T13:49:17","date_gmt":"2025-03-09T13:49:17","guid":{"rendered":"https:\/\/artstella-elixirs-floraux.com\/product\/giraffe-giraffa-camelopardalis-15ml-phi\/"},"modified":"2025-06-08T12:49:23","modified_gmt":"2025-06-08T12:49:23","slug":"giraffe-giraffa-camelopardalis-15ml-phi","status":"publish","type":"product","link":"https:\/\/artstella-elixirs-floraux.com\/fr_fr\/produit\/giraffe-giraffa-camelopardalis-15ml-phi\/","title":{"rendered":"Giraffe (Giraffa camelopardalis) 15ml PHI"},"content":{"rendered":"","protected":false},"excerpt":{"rendered":"<div><strong>Girafe &#8211; Giraffe (Giraffa camelopardalis)<\/strong><\/div>\n<div>Cet \u00e9lixir nous aide \u00e0 renforcer \u00e9nerg\u00e9tiquement nos muscles dorsaux, conjointement avec<\/div>\n<div>des exercices. Nous apprenons \u00e0 nous relaxer et \u00e0 avoir une vision large sur la vie. Nous<\/div>\n<div>pouvons nous sentir plus confiants et plus en s\u00e9curit\u00e9.<\/div>\n","protected":false},"featured_media":5869,"template":"","meta":[],"product_brand":[],"product_cat":[188],"product_tag":[],"class_list":{"0":"post-5868","1":"product","2":"type-product","3":"status-publish","4":"has-post-thumbnail","6":"product_cat-les-nouveax-elixirs-d-animaux-par-phi","8":"first","9":"instock","10":"taxable","11":"shipping-taxable","12":"purchasable","13":"product-type-simple"},"etheme_brands":{"errors":{"invalid_taxonomy":["Taxonomie non valide."]},"error_data":[]},"jetpack_sharing_enabled":true,"jetpack-related-posts":[{"id":1926,"url":"https:\/\/artstella-elixirs-floraux.com\/fr_fr\/produit\/giraffe-15ml-phi\/","url_meta":{"origin":5868,"position":0},"title":"GIRAFFE 15ML PHI","author":"eveapprill","date":"27 mai 2025","format":false,"excerpt":"","rel":"","context":"Article similaire","block_context":{"text":"Article similaire","link":""},"img":{"alt_text":"","src":"","width":0,"height":0},"classes":[]},{"id":4235,"url":"https:\/\/artstella-elixirs-floraux.com\/fr_fr\/produit\/girafe-wea-30-ml\/","url_meta":{"origin":5868,"position":1},"title":"GIRAFE WEA 30 ML","author":"eveapprill","date":"9 mars 2025","format":false,"excerpt":"Giraffe (girafe) Pour d\u00e9velopper la capacit\u00e9 \u00e0 voir le terrain de sa vie sous une plus grande et plus Claire perspective. Pour l\u2019expansion et la vision spirituelles, tout en restant bien ancr\u00e9.","rel":"","context":"Article similaire","block_context":{"text":"Article similaire","link":""},"img":{"alt_text":"","src":"https:\/\/i0.wp.com\/artstella-elixirs-floraux.com\/wp-content\/uploads\/2025\/03\/wp-image2263.png?resize=350%2C200&ssl=1","width":350,"height":200,"srcset":"https:\/\/i0.wp.com\/artstella-elixirs-floraux.com\/wp-content\/uploads\/2025\/03\/wp-image2263.png?resize=350%2C200&ssl=1 1x, https:\/\/i0.wp.com\/artstella-elixirs-floraux.com\/wp-content\/uploads\/2025\/03\/wp-image2263.png?resize=525%2C300&ssl=1 1.5x, https:\/\/i0.wp.com\/artstella-elixirs-floraux.com\/wp-content\/uploads\/2025\/03\/wp-image2263.png?resize=700%2C400&ssl=1 2x"},"classes":[]},{"id":4142,"url":"https:\/\/artstella-elixirs-floraux.com\/fr_fr\/produit\/icaro-sylfos-15ml-pap\/","url_meta":{"origin":5868,"position":2},"title":"ICARO SYLFOS 15ML PAP","author":"eveapprill","date":"9 mars 2025","format":false,"excerpt":"ICARO Polymmatus icarus Auto valorisation \u2013 Cr\u00e9ativit\u00e9 positive. Cet \u00e9lixir est particuli\u00e8rement adapt\u00e9 aux personnes qui croient que les autres ont plus de talent, ont plus \u00e0 offrir et \u00e0 donner, sont plus \u00e9l\u00e9gants, plus cr\u00e9atifs, mieux lotis qu\u2019eux...","rel":"","context":"Article similaire","block_context":{"text":"Article similaire","link":""},"img":{"alt_text":"","src":"","width":0,"height":0},"classes":[]},{"id":5840,"url":"https:\/\/artstella-elixirs-floraux.com\/fr_fr\/produit\/paresseux-a-deux-doigts-15-ml-phi\/","url_meta":{"origin":5868,"position":3},"title":"Paresseux \u00e0 deux doigts 15 ml PHI","author":"eveapprill","date":"9 mars 2025","format":false,"excerpt":"Paresseux \u00e0 deux doigts - Southern two toed Sloth (Choloepus didactylus) Cet animal nous aide \u00e0 d\u00e9velopper une meilleure relation au temps et \u00e0 la relaxation. Il nous aide \u00e0 mieux g\u00e9rer des situations de stress, en prenant les choses plus l\u00e9g\u00e8rement et de fa\u00e7on plus d\u00e9tendue. Il nous aide\u2026","rel":"","context":"Article similaire","block_context":{"text":"Article similaire","link":""},"img":{"alt_text":"","src":"","width":0,"height":0},"classes":[]},{"id":5828,"url":"https:\/\/artstella-elixirs-floraux.com\/fr_fr\/produit\/lama-lama-lama-glama-15-ml-phi\/","url_meta":{"origin":5868,"position":4},"title":"Lama &#8211; Lama (Lama glama) 15 ml PHI","author":"eveapprill","date":"9 mars 2025","format":false,"excerpt":"\u00a0 Lama - Lama (Lama glama)\u00a0 Cet \u00e9lixir nous aide \u00e0 devenir plus doux et plus sensible aux besoins de chacun. Il peut am\u00e9liorer la sensation de groupe, car il aide \u00e0 y \u00eatre plus chaleureux et plus en s\u00e9curit\u00e9. Il peut aider les personnes qui se sentent froide \u00e0\u2026","rel":"","context":"Article similaire","block_context":{"text":"Article similaire","link":""},"img":{"alt_text":"","src":"","width":0,"height":0},"classes":[]},{"id":3746,"url":"https:\/\/artstella-elixirs-floraux.com\/fr_fr\/produit\/lady-butterfly-cuba-15-ml-phi\/","url_meta":{"origin":5868,"position":5},"title":"LADY BUTTERFLY (CUBA) 15 ML PHI","author":"eveapprill","date":"9 mars 2025","format":false,"excerpt":"LADY BUTTERFLYPsichosys papilo\u00a0\u00ab\u00a0Mademoiselle Papillon\u00a0\u00bb\u00a0\u00a0Est une tr\u00e8s belle orchid\u00e9e color\u00e9e, dont la forme rappelle un papillon. Elle est originaire d\u2019Am\u00e9rique du Sud. L\u2019\u00e9lixir\u00a0: Aide \u00e0 pouvoir exprimer sa beaut\u00e9 int\u00e9rieure, \u00e0 prendre les choses plus \u00e0 la l\u00e9g\u00e8re, \u00e0 traverser la vie avec plus d\u2019assurance.","rel":"","context":"Article similaire","block_context":{"text":"Article similaire","link":""},"img":{"alt_text":"","src":"","width":0,"height":0},"classes":[]}],"_links":{"self":[{"href":"https:\/\/artstella-elixirs-floraux.com\/fr_fr\/wp-json\/wp\/v2\/product\/5868","targetHints":{"allow":["GET"]}}],"collection":[{"href":"https:\/\/artstella-elixirs-floraux.com\/fr_fr\/wp-json\/wp\/v2\/product"}],"about":[{"href":"https:\/\/artstella-elixirs-floraux.com\/fr_fr\/wp-json\/wp\/v2\/types\/product"}],"version-history":[{"count":0,"href":"https:\/\/artstella-elixirs-floraux.com\/fr_fr\/wp-json\/wp\/v2\/product\/5868\/revisions"}],"wp:featuredmedia":[{"embeddable":true,"href":"https:\/\/artstella-elixirs-floraux.com\/fr_fr\/wp-json\/wp\/v2\/media\/5869"}],"wp:attachment":[{"href":"https:\/\/artstella-elixirs-floraux.com\/fr_fr\/wp-json\/wp\/v2\/media?parent=5868"}],"wp:term":[{"taxonomy":"product_brand","embeddable":true,"href":"https:\/\/artstella-elixirs-floraux.com\/fr_fr\/wp-json\/wp\/v2\/product_brand?post=5868"},{"taxonomy":"product_cat","embeddable":true,"href":"https:\/\/artstella-elixirs-floraux.com\/fr_fr\/wp-json\/wp\/v2\/product_cat?post=5868"},{"taxonomy":"product_tag","embeddable":true,"href":"https:\/\/artstella-elixirs-floraux.com\/fr_fr\/wp-json\/wp\/v2\/product_tag?post=5868"}],"curies":[{"name":"wp","href":"https:\/\/api.w.org\/{rel}","templated":true}]}}