{"id":5872,"date":"2025-03-09T13:49:19","date_gmt":"2025-03-09T13:49:19","guid":{"rendered":"https:\/\/artstella-elixirs-floraux.com\/product\/pieris-blanca-15-ml-papillon-sylfos\/"},"modified":"2025-04-30T21:28:33","modified_gmt":"2025-04-30T21:28:33","slug":"pieris-blanca-15-ml-papillon-sylfos","status":"publish","type":"product","link":"https:\/\/artstella-elixirs-floraux.com\/fr_fr\/produit\/pieris-blanca-15-ml-papillon-sylfos\/","title":{"rendered":"PIERIS BLANCA 15 ML Papillon Sylfos"},"content":{"rendered":"","protected":false},"excerpt":{"rendered":"<p><strong><em>PIERIS BLANCA<\/em><\/strong> <em>Pieris brassicae\u00a0 (Chili) Pi\u00e9ride du chou <\/em><strong><em>Karma relationnel<\/em><\/strong><\/p>\n<p>Elixir fondamental de la gamme, qui permet de voir les autres depuis notre propre pass\u00e9. En le retrouvant nous pouvons gu\u00e9rir notre ancien karma.<\/p>\n<p>Cet \u00e9lixir permet de stopper le cercle vicieux des situations non r\u00e9solues de notre karma, afin de faciliter ainsi notre \u00e9volution.<\/p>\n","protected":false},"featured_media":0,"template":"","meta":[],"product_brand":[],"product_cat":[142],"product_tag":[],"class_list":{"0":"post-5872","1":"product","2":"type-product","3":"status-publish","5":"product_cat-papillons-coffrets-1-2","7":"first","8":"instock","9":"taxable","10":"shipping-taxable","11":"purchasable","12":"product-type-simple"},"etheme_brands":{"errors":{"invalid_taxonomy":["Taxonomie non valide."]},"error_data":[]},"jetpack_sharing_enabled":true,"jetpack-related-posts":[{"id":5372,"url":"https:\/\/artstella-elixirs-floraux.com\/fr_fr\/produit\/karmic-calm-apaiser-le-karma\/","url_meta":{"origin":5872,"position":0},"title":"Karmic calm \/ Apaiser le Karma","author":"eveapprill","date":"9 mars 2025","format":false,"excerpt":"Karmic calm \/ Apaiser le Karma (Celebration, Secret Wisdom, Pushing Back the Nigth, True Connections) Clarifie les empreintes \u00e9nerg\u00e9tiques de l\u2019\u00e2me dues \u00e0 des troubles du pass\u00e9 et qui emp\u00eachent notre progression.","rel":"","context":"Article similaire","block_context":{"text":"Article similaire","link":""},"img":{"alt_text":"","src":"https:\/\/i0.wp.com\/artstella-elixirs-floraux.com\/wp-content\/uploads\/2025\/03\/3e630349-c4e6-4285-a95e-4664c89779a3.jpg?resize=350%2C200&ssl=1","width":350,"height":200,"srcset":"https:\/\/i0.wp.com\/artstella-elixirs-floraux.com\/wp-content\/uploads\/2025\/03\/3e630349-c4e6-4285-a95e-4664c89779a3.jpg?resize=350%2C200&ssl=1 1x, https:\/\/i0.wp.com\/artstella-elixirs-floraux.com\/wp-content\/uploads\/2025\/03\/3e630349-c4e6-4285-a95e-4664c89779a3.jpg?resize=525%2C300&ssl=1 1.5x, https:\/\/i0.wp.com\/artstella-elixirs-floraux.com\/wp-content\/uploads\/2025\/03\/3e630349-c4e6-4285-a95e-4664c89779a3.jpg?resize=700%2C400&ssl=1 2x"},"classes":[]},{"id":4169,"url":"https:\/\/artstella-elixirs-floraux.com\/fr_fr\/produit\/mere-divine-messagers-15ml\/","url_meta":{"origin":5872,"position":1},"title":"MERE DIVINE (MESSAGERS) 15ML","author":"eveapprill","date":"9 mars 2025","format":false,"excerpt":"MADRE DIVINA \/ MERE DIVINE Cr\u00e9ation des conditions de l\u2019\u00e9volution \u00b7 Acceptation des contraintes du karma \u00b7 Renforce la r\u00e9alisation de l\u2019\u00e9volution \u00b7 Perfection spirituelle\u00a0","rel":"","context":"Article similaire","block_context":{"text":"Article similaire","link":""},"img":{"alt_text":"","src":"","width":0,"height":0},"classes":[]},{"id":5560,"url":"https:\/\/artstella-elixirs-floraux.com\/fr_fr\/produit\/petite-oseille-sylfos-15-ml\/","url_meta":{"origin":5872,"position":2},"title":"PETITE OSEILLE SYLFOS 15 ML","author":"eveapprill","date":"9 mars 2025","format":false,"excerpt":"PETITE OSEILLE\u00a0Rumex acetosella Pardon, Compassion, nettoyant du karma \u00a0 \u00a0 Permet d\u2019affronter les situations \u00e9motionnelles \u00e9prouvantes en gardant la t\u00eate froide.","rel":"","context":"Article similaire","block_context":{"text":"Article similaire","link":""},"img":{"alt_text":"","src":"","width":0,"height":0},"classes":[]},{"id":4151,"url":"https:\/\/artstella-elixirs-floraux.com\/fr_fr\/produit\/xerces-azul-sylfos-15ml-pap\/","url_meta":{"origin":5872,"position":3},"title":"XERCES AZUL SYLFOS 15ML PAP","author":"eveapprill","date":"9 mars 2025","format":false,"excerpt":"XERCES AZUL Glaucopsyche xerces Nettoyage du karma Un autre \u00e9lixir fondamental de la gamme. Il nous permet de nous lib\u00e9rer des formes de pens\u00e9es et des implants n\u00e9gatifs que nous avons depuis nos vies ant\u00e9rieures. Il permet le nettoyage au niveau de l\u2019\u00e2me, afin d\u2019affronter la r\u00e9alit\u00e9 de notre mission\u2026","rel":"","context":"Article similaire","block_context":{"text":"Article similaire","link":""},"img":{"alt_text":"","src":"https:\/\/i0.wp.com\/artstella-elixirs-floraux.com\/wp-content\/uploads\/2025\/03\/769e6b04-2a25-49e2-9552-c0d5e36f7a40.jpg?resize=350%2C200&ssl=1","width":350,"height":200,"srcset":"https:\/\/i0.wp.com\/artstella-elixirs-floraux.com\/wp-content\/uploads\/2025\/03\/769e6b04-2a25-49e2-9552-c0d5e36f7a40.jpg?resize=350%2C200&ssl=1 1x, https:\/\/i0.wp.com\/artstella-elixirs-floraux.com\/wp-content\/uploads\/2025\/03\/769e6b04-2a25-49e2-9552-c0d5e36f7a40.jpg?resize=525%2C300&ssl=1 1.5x, https:\/\/i0.wp.com\/artstella-elixirs-floraux.com\/wp-content\/uploads\/2025\/03\/769e6b04-2a25-49e2-9552-c0d5e36f7a40.jpg?resize=700%2C400&ssl=1 2x"},"classes":[]},{"id":2771,"url":"https:\/\/artstella-elixirs-floraux.com\/fr_fr\/produit\/china-bush-lf\/","url_meta":{"origin":5872,"position":4},"title":"CHINA BUSH LF","author":"eveapprill","date":"9 mars 2025","format":false,"excerpt":"China Essence \u2013 Elixir de Chine R\u00e9tablit l\u2019\u00e9quilibre dans notre vie entre l\u2019agitation du monde et le calme profond de la contemplation int\u00e9rieure. Favorise le l\u00e2cher-prise de la culpabilit\u00e9 et du karma.","rel":"","context":"Article similaire","block_context":{"text":"Article similaire","link":""},"img":{"alt_text":"","src":"https:\/\/i0.wp.com\/artstella-elixirs-floraux.com\/wp-content\/uploads\/2025\/03\/49a4350f-3675-4a17-a831-3b1e59f2f615.jpg?resize=350%2C200&ssl=1","width":350,"height":200,"srcset":"https:\/\/i0.wp.com\/artstella-elixirs-floraux.com\/wp-content\/uploads\/2025\/03\/49a4350f-3675-4a17-a831-3b1e59f2f615.jpg?resize=350%2C200&ssl=1 1x, https:\/\/i0.wp.com\/artstella-elixirs-floraux.com\/wp-content\/uploads\/2025\/03\/49a4350f-3675-4a17-a831-3b1e59f2f615.jpg?resize=525%2C300&ssl=1 1.5x, https:\/\/i0.wp.com\/artstella-elixirs-floraux.com\/wp-content\/uploads\/2025\/03\/49a4350f-3675-4a17-a831-3b1e59f2f615.jpg?resize=700%2C400&ssl=1 2x"},"classes":[]},{"id":3642,"url":"https:\/\/artstella-elixirs-floraux.com\/fr_fr\/produit\/46-pushing-back-the-night-ltoe-15-ml\/","url_meta":{"origin":5872,"position":5},"title":"46. PUSHING BACK THE NIGHT LTOE 15 ML","author":"eveapprill","date":"9 mars 2025","format":false,"excerpt":"Pushing Back the Night\u00a0 \/ Repousser la nuit Cet \u00e9lixir favorise un \u00e9tat d\u2019esprit o\u00f9 vision et lumi\u00e8re se confondent, permettant de prendre conscience que la vie est sacr\u00e9e. Son but est d\u2019aider \u00e0 gu\u00e9rir le destin de l\u2019humanit\u00e9.","rel":"","context":"Article similaire","block_context":{"text":"Article similaire","link":""},"img":{"alt_text":"","src":"https:\/\/i0.wp.com\/artstella-elixirs-floraux.com\/wp-content\/uploads\/2025\/03\/2b1ff100-6342-4cb5-a1c6-56a752173a69.jpg?resize=350%2C200&ssl=1","width":350,"height":200,"srcset":"https:\/\/i0.wp.com\/artstella-elixirs-floraux.com\/wp-content\/uploads\/2025\/03\/2b1ff100-6342-4cb5-a1c6-56a752173a69.jpg?resize=350%2C200&ssl=1 1x, https:\/\/i0.wp.com\/artstella-elixirs-floraux.com\/wp-content\/uploads\/2025\/03\/2b1ff100-6342-4cb5-a1c6-56a752173a69.jpg?resize=525%2C300&ssl=1 1.5x, https:\/\/i0.wp.com\/artstella-elixirs-floraux.com\/wp-content\/uploads\/2025\/03\/2b1ff100-6342-4cb5-a1c6-56a752173a69.jpg?resize=700%2C400&ssl=1 2x"},"classes":[]}],"_links":{"self":[{"href":"https:\/\/artstella-elixirs-floraux.com\/fr_fr\/wp-json\/wp\/v2\/product\/5872","targetHints":{"allow":["GET"]}}],"collection":[{"href":"https:\/\/artstella-elixirs-floraux.com\/fr_fr\/wp-json\/wp\/v2\/product"}],"about":[{"href":"https:\/\/artstella-elixirs-floraux.com\/fr_fr\/wp-json\/wp\/v2\/types\/product"}],"version-history":[{"count":0,"href":"https:\/\/artstella-elixirs-floraux.com\/fr_fr\/wp-json\/wp\/v2\/product\/5872\/revisions"}],"wp:attachment":[{"href":"https:\/\/artstella-elixirs-floraux.com\/fr_fr\/wp-json\/wp\/v2\/media?parent=5872"}],"wp:term":[{"taxonomy":"product_brand","embeddable":true,"href":"https:\/\/artstella-elixirs-floraux.com\/fr_fr\/wp-json\/wp\/v2\/product_brand?post=5872"},{"taxonomy":"product_cat","embeddable":true,"href":"https:\/\/artstella-elixirs-floraux.com\/fr_fr\/wp-json\/wp\/v2\/product_cat?post=5872"},{"taxonomy":"product_tag","embeddable":true,"href":"https:\/\/artstella-elixirs-floraux.com\/fr_fr\/wp-json\/wp\/v2\/product_tag?post=5872"}],"curies":[{"name":"wp","href":"https:\/\/api.w.org\/{rel}","templated":true}]}}