{"id":5884,"date":"2025-03-09T13:49:28","date_gmt":"2025-03-09T13:49:28","guid":{"rendered":"https:\/\/artstella-elixirs-floraux.com\/product\/complexe-n17-cycle-feminin-30-ml\/"},"modified":"2025-06-03T19:51:59","modified_gmt":"2025-06-03T19:51:59","slug":"complexe-n17-cycle-feminin-30-ml","status":"publish","type":"product","link":"https:\/\/artstella-elixirs-floraux.com\/fr_fr\/produit\/complexe-n17-cycle-feminin-30-ml\/","title":{"rendered":"COMPLEXE N\u00b017 Cycle f\u00e9minin 30 ml"},"content":{"rendered":"<p>Comprend\u00a0: Abricotier, Grenadier, Noyer, Orme, Scl\u00e9ranthus et Val\u00e9riane.<\/p>\n","protected":false},"excerpt":{"rendered":"<p><strong>Compos\u00e9 n\u00b017 Cycle f\u00e9minin DEVA 30ml<\/strong><\/p>\n<p><strong>Stabilit\u00e9s d&rsquo;humeurs<br \/>\n<\/strong><\/p>\n<p>Att\u00e9nue les d\u00e9sagr\u00e9ments \u00e9motionnels li\u00e9s au syndrome pr\u00e9menstruel.<\/p>\n<p>Il pr\u00e9serve l&rsquo;\u00e9quilibre et l&rsquo;harmonie \u00e9motionnels de la femme tout au long de son cycle.<\/p>\n","protected":false},"featured_media":9948,"template":"","meta":[],"product_brand":[],"product_cat":[328,118],"product_tag":[],"class_list":{"0":"post-5884","1":"product","2":"type-product","3":"status-publish","4":"has-post-thumbnail","6":"product_cat-composes-deva","7":"product_cat-elixir-deva","9":"first","10":"instock","11":"taxable","12":"shipping-taxable","13":"purchasable","14":"product-type-simple"},"etheme_brands":{"errors":{"invalid_taxonomy":["Taxonomie non valide."]},"error_data":[]},"jetpack_sharing_enabled":true,"jetpack-related-posts":[{"id":6179,"url":"https:\/\/artstella-elixirs-floraux.com\/fr_fr\/produit\/life-cycle-renewal-15ml-ltoe\/","url_meta":{"origin":5884,"position":0},"title":"Life Cycle renewal 15ml LTOE","author":"eveapprill","date":"9 mars 2025","format":false,"excerpt":"Life Cycle Renewal\u00a0 (Silver Ghost, Centre Renewal, Fruits of Love and Blue Angel) Le seul compose cr\u00e9\u00e9 sp\u00e9cialement pour accompagner les femmes. Bien que formul\u00e9 pour les femmes de plus de 50 ans, il peut aider les probl\u00e9matiques f\u00e9minines \u00e0 tout \u00e2ge.","rel":"","context":"Article similaire","block_context":{"text":"Article similaire","link":""},"img":{"alt_text":"","src":"https:\/\/i0.wp.com\/artstella-elixirs-floraux.com\/wp-content\/uploads\/2025\/03\/dbd1bfe3-aca8-44cd-b77b-2509ce9ef384.jpg?resize=350%2C200&ssl=1","width":350,"height":200,"srcset":"https:\/\/i0.wp.com\/artstella-elixirs-floraux.com\/wp-content\/uploads\/2025\/03\/dbd1bfe3-aca8-44cd-b77b-2509ce9ef384.jpg?resize=350%2C200&ssl=1 1x, https:\/\/i0.wp.com\/artstella-elixirs-floraux.com\/wp-content\/uploads\/2025\/03\/dbd1bfe3-aca8-44cd-b77b-2509ce9ef384.jpg?resize=525%2C300&ssl=1 1.5x, https:\/\/i0.wp.com\/artstella-elixirs-floraux.com\/wp-content\/uploads\/2025\/03\/dbd1bfe3-aca8-44cd-b77b-2509ce9ef384.jpg?resize=700%2C400&ssl=1 2x"},"classes":[]},{"id":2773,"url":"https:\/\/artstella-elixirs-floraux.com\/fr_fr\/produit\/lac-baikal-bush-lf\/","url_meta":{"origin":5884,"position":1},"title":"LAC BAIKAL BUSH LF","author":"eveapprill","date":"9 mars 2025","format":false,"excerpt":"Lake Baikal Essence\u2013 Elixir du lac Ba\u00efkal Aide \u00e0 r\u00e9unir les corps mental et \u00e9motionnel, favorise la gu\u00e9rison int\u00e9rieure, int\u00e8gre le masculin et le f\u00e9minin Divins de chacun et peut ramener la joie dans le coeur et dans l\u2019\u00e2me.","rel":"","context":"Article similaire","block_context":{"text":"Article similaire","link":""},"img":{"alt_text":"","src":"https:\/\/i0.wp.com\/artstella-elixirs-floraux.com\/wp-content\/uploads\/2025\/03\/aa91b964-46de-4b2e-8951-385a8475c42a.jpg?resize=350%2C200&ssl=1","width":350,"height":200,"srcset":"https:\/\/i0.wp.com\/artstella-elixirs-floraux.com\/wp-content\/uploads\/2025\/03\/aa91b964-46de-4b2e-8951-385a8475c42a.jpg?resize=350%2C200&ssl=1 1x, https:\/\/i0.wp.com\/artstella-elixirs-floraux.com\/wp-content\/uploads\/2025\/03\/aa91b964-46de-4b2e-8951-385a8475c42a.jpg?resize=525%2C300&ssl=1 1.5x, https:\/\/i0.wp.com\/artstella-elixirs-floraux.com\/wp-content\/uploads\/2025\/03\/aa91b964-46de-4b2e-8951-385a8475c42a.jpg?resize=700%2C400&ssl=1 2x"},"classes":[]},{"id":12309,"url":"https:\/\/artstella-elixirs-floraux.com\/fr_fr\/produit\/17-orchidee-wakanki-masdevallia-veitchiana-sylfos\/","url_meta":{"origin":5884,"position":2},"title":"17. ORCHID\u00c9E WAKANKI (Masdevallia veitchiana) Sylfos","author":"eveapprill","date":"13 mars 2026","format":false,"excerpt":"Voil\u00e0 l\u2019\u00c9lixir du principe f\u00e9minin pour incarner la lumi\u00e8re divine et percevoir notre raison d\u2019\u00eatre cosmique. Il favorise le l\u00e2cher-prise face aux \u00e9motions et circonstances difficiles de la vie.","rel":"","context":"Article similaire","block_context":{"text":"Article similaire","link":""},"img":{"alt_text":"","src":"https:\/\/i0.wp.com\/artstella-elixirs-floraux.com\/wp-content\/uploads\/2026\/03\/17_WALKANKI-WEB.png?resize=350%2C200&ssl=1","width":350,"height":200},"classes":[]},{"id":4525,"url":"https:\/\/artstella-elixirs-floraux.com\/fr_fr\/produit\/collier-dauphin-rose-phi\/","url_meta":{"origin":5884,"position":3},"title":"COLLIER DAUPHIN ROSE PHI","author":"eveapprill","date":"9 mars 2025","format":false,"excerpt":"Le pendentif \"Dauphin Rose\" En verre souffl\u00e9 rouge.Apporte une \u00e9nergie de douceur et de tendresse envers soi-m\u00eame. Harmonise les blessures \u00e9motionnelles en soutenant l\u2019\u00e9nergie f\u00e9minine. Il am\u00e9liore le contact avec la nature.","rel":"","context":"Article similaire","block_context":{"text":"Article similaire","link":""},"img":{"alt_text":"","src":"https:\/\/i0.wp.com\/artstella-elixirs-floraux.com\/wp-content\/uploads\/2025\/03\/wp-image1146.png?resize=350%2C200&ssl=1","width":350,"height":200},"classes":[]},{"id":5978,"url":"https:\/\/artstella-elixirs-floraux.com\/fr_fr\/produit\/isis-10-ml-bush\/","url_meta":{"origin":5884,"position":4},"title":"ISIS 10 ML BUSH","author":"eveapprill","date":"9 mars 2025","format":false,"excerpt":"ISIS \u2022 Permet de ressentir la pr\u00e9sence, la protection et l\u2019amour du Divin F\u00e9minin. \u2022 Illumine nos zones d\u2019ombre o\u00f9 nous gardons nos douleurs et nos souffrances \u00e9motionnelles.","rel":"","context":"Article similaire","block_context":{"text":"Article similaire","link":""},"img":{"alt_text":"Les \u00e9lixirs \"Divine Presence\" du Bush australien","src":"https:\/\/i0.wp.com\/artstella-elixirs-floraux.com\/wp-content\/uploads\/2025\/03\/9f27a3de-c812-4d8c-b286-c7b3bc580552.jpg?resize=350%2C200&ssl=1","width":350,"height":200,"srcset":"https:\/\/i0.wp.com\/artstella-elixirs-floraux.com\/wp-content\/uploads\/2025\/03\/9f27a3de-c812-4d8c-b286-c7b3bc580552.jpg?resize=350%2C200&ssl=1 1x, https:\/\/i0.wp.com\/artstella-elixirs-floraux.com\/wp-content\/uploads\/2025\/03\/9f27a3de-c812-4d8c-b286-c7b3bc580552.jpg?resize=525%2C300&ssl=1 1.5x, https:\/\/i0.wp.com\/artstella-elixirs-floraux.com\/wp-content\/uploads\/2025\/03\/9f27a3de-c812-4d8c-b286-c7b3bc580552.jpg?resize=700%2C400&ssl=1 2x"},"classes":[]},{"id":5085,"url":"https:\/\/artstella-elixirs-floraux.com\/fr_fr\/produit\/larimar-30ml-alas-gem-sup\/","url_meta":{"origin":5884,"position":5},"title":"LARIMAR 30ML ALAS GEM SUP","author":"eveapprill","date":"9 mars 2025","format":false,"excerpt":"Larimar \u2013 Larimar Indication : manqu\u00e9 de nourriture et de r\u00e9confort\u00a0; ne se sent pas en s\u00e9curit\u00e9 ou soutenu dans ses relations\u00a0; conflit et disharmonie entre le masculin et le f\u00e9minin int\u00e9rieur","rel":"","context":"Article similaire","block_context":{"text":"Article similaire","link":""},"img":{"alt_text":"","src":"https:\/\/i0.wp.com\/artstella-elixirs-floraux.com\/wp-content\/uploads\/2025\/03\/wp-image1413.png?resize=350%2C200&ssl=1","width":350,"height":200},"classes":[]}],"_links":{"self":[{"href":"https:\/\/artstella-elixirs-floraux.com\/fr_fr\/wp-json\/wp\/v2\/product\/5884","targetHints":{"allow":["GET"]}}],"collection":[{"href":"https:\/\/artstella-elixirs-floraux.com\/fr_fr\/wp-json\/wp\/v2\/product"}],"about":[{"href":"https:\/\/artstella-elixirs-floraux.com\/fr_fr\/wp-json\/wp\/v2\/types\/product"}],"version-history":[{"count":0,"href":"https:\/\/artstella-elixirs-floraux.com\/fr_fr\/wp-json\/wp\/v2\/product\/5884\/revisions"}],"wp:featuredmedia":[{"embeddable":true,"href":"https:\/\/artstella-elixirs-floraux.com\/fr_fr\/wp-json\/wp\/v2\/media\/9948"}],"wp:attachment":[{"href":"https:\/\/artstella-elixirs-floraux.com\/fr_fr\/wp-json\/wp\/v2\/media?parent=5884"}],"wp:term":[{"taxonomy":"product_brand","embeddable":true,"href":"https:\/\/artstella-elixirs-floraux.com\/fr_fr\/wp-json\/wp\/v2\/product_brand?post=5884"},{"taxonomy":"product_cat","embeddable":true,"href":"https:\/\/artstella-elixirs-floraux.com\/fr_fr\/wp-json\/wp\/v2\/product_cat?post=5884"},{"taxonomy":"product_tag","embeddable":true,"href":"https:\/\/artstella-elixirs-floraux.com\/fr_fr\/wp-json\/wp\/v2\/product_tag?post=5884"}],"curies":[{"name":"wp","href":"https:\/\/api.w.org\/{rel}","templated":true}]}}