{"id":5890,"date":"2025-06-12T17:23:17","date_gmt":"2025-06-12T17:23:17","guid":{"rendered":"https:\/\/artstella-elixirs-floraux.com\/?post_type=product&#038;p=5890"},"modified":"2025-06-12T17:23:18","modified_gmt":"2025-06-12T17:23:18","slug":"les-elixirs-andins-10-et-11-octobre-2020","status":"publish","type":"product","link":"https:\/\/artstella-elixirs-floraux.com\/fr_fr\/produit\/les-elixirs-andins-10-et-11-octobre-2020\/","title":{"rendered":"Les \u00e9lixirs andins 10 et 11 octobre 2020"},"content":{"rendered":"","protected":false},"excerpt":{"rendered":"<p class=\"MsoNormal\" style=\"margin-bottom: 6.0pt; line-height: 150%;\"><strong>LES ELIXIRS ANDINS,<\/strong>\u00a0<strong style=\"font-size: 11px;\">Pour sortir du triangle dramatique\u00a0<\/strong><strong style=\"font-size: 11px;\">Bourreau, sauveur, victime !<\/strong><\/p>\n<p class=\"MsoNormal\" style=\"margin-bottom: 6.0pt; line-height: 150%;\"><strong>10 et 11 octobre 2020<\/strong><\/p>\n<p class=\"MsoNormal\" style=\"margin-bottom: 6.0pt; line-height: 150%;\">Cette ann\u00e9e Vincent et Eve animeront un atelier\u00a0\u00e0 l\u2019aide des \u00e9lixirs de la gamme Sylfos\u00a0avec des m\u00e9ditations et des exercices pratiquespour prendre conscience de ce triangle dramatique,\u00a0d\u2019en percevoir l\u2019impact sur nos vies et de pouvoir s\u2019en lib\u00e9rer.<\/p>\n<p class=\"MsoNormal\" style=\"margin-bottom: 6.0pt; line-height: 150%;\"><strong>190\u20ac apr\u00e8s le 31\/08 !<\/strong><\/p>\n","protected":false},"featured_media":5891,"template":"","meta":[],"product_brand":[],"product_cat":[171,170],"product_tag":[],"class_list":{"0":"post-5890","1":"product","2":"type-product","3":"status-publish","4":"has-post-thumbnail","6":"product_cat-test-pour-choisir-vos-elixirs","7":"product_cat-tests-elixirs","9":"first","10":"outofstock","11":"taxable","12":"shipping-taxable","13":"purchasable","14":"product-type-simple"},"etheme_brands":{"errors":{"invalid_taxonomy":["Taxonomie non valide."]},"error_data":[]},"jetpack_sharing_enabled":true,"jetpack-related-posts":[{"id":5496,"url":"https:\/\/artstella-elixirs-floraux.com\/fr_fr\/produit\/cartes-des-24-elixirs-andins\/","url_meta":{"origin":5890,"position":0},"title":"Cartes des 24 \u00e9lixirs andins","author":"eveapprill","date":"9 mars 2025","format":false,"excerpt":"Jeu de 24 cartes couleur repr\u00e9sentant les fleurs des \u00e9lixirs andins","rel":"","context":"Article similaire","block_context":{"text":"Article similaire","link":""},"img":{"alt_text":"","src":"https:\/\/i0.wp.com\/artstella-elixirs-floraux.com\/wp-content\/uploads\/2025\/03\/wp-image1743.png?resize=350%2C200&ssl=1","width":350,"height":200,"srcset":"https:\/\/i0.wp.com\/artstella-elixirs-floraux.com\/wp-content\/uploads\/2025\/03\/wp-image1743.png?resize=350%2C200&ssl=1 1x, https:\/\/i0.wp.com\/artstella-elixirs-floraux.com\/wp-content\/uploads\/2025\/03\/wp-image1743.png?resize=525%2C300&ssl=1 1.5x, https:\/\/i0.wp.com\/artstella-elixirs-floraux.com\/wp-content\/uploads\/2025\/03\/wp-image1743.png?resize=700%2C400&ssl=1 2x"},"classes":[]},{"id":6375,"url":"https:\/\/artstella-elixirs-floraux.com\/fr_fr\/produit\/le-livre-les-elixirs-floraux-andins\/","url_meta":{"origin":5890,"position":1},"title":"Le livre : Les \u00e9lixirs floraux andins","author":"eveapprill","date":"9 mars 2025","format":false,"excerpt":"Par Vincent Belb\u00e8ze, pr\u00e9face de Philippe Deroide. Ce livre (321pages) pr\u00e9sente les 24 \u00e9lixirs floraux andins, avec un r\u00e9pertoire de mots cl\u00e9s. Une partie est consacr\u00e9e \u00e0 l'\u00e9nergie sp\u00e9cifique de la Cordill\u00e8re des Andes...","rel":"","context":"Article similaire","block_context":{"text":"Article similaire","link":""},"img":{"alt_text":"","src":"https:\/\/i0.wp.com\/artstella-elixirs-floraux.com\/wp-content\/uploads\/2025\/03\/wp-image2457-scaled.png?resize=350%2C200&ssl=1","width":350,"height":200,"srcset":"https:\/\/i0.wp.com\/artstella-elixirs-floraux.com\/wp-content\/uploads\/2025\/03\/wp-image2457-scaled.png?resize=350%2C200&ssl=1 1x, https:\/\/i0.wp.com\/artstella-elixirs-floraux.com\/wp-content\/uploads\/2025\/03\/wp-image2457-scaled.png?resize=525%2C300&ssl=1 1.5x, https:\/\/i0.wp.com\/artstella-elixirs-floraux.com\/wp-content\/uploads\/2025\/03\/wp-image2457-scaled.png?resize=700%2C400&ssl=1 2x"},"classes":[]},{"id":12355,"url":"https:\/\/artstella-elixirs-floraux.com\/fr_fr\/produit\/opale-andine-opalo-andino\/","url_meta":{"origin":5890,"position":2},"title":"OPALE ANDINE &#8211; OPALO ANDINO","author":"eveapprill","date":"16 mars 2026","format":false,"excerpt":"Le lapis-lazuli \u00e9veille la sagesse int\u00e9rieure et favorise l'expression claire de la v\u00e9rit\u00e9. Il aide \u00e0 surmonter la confusion mentale et \u00e0 prendre des d\u00e9cisions conscientes. Il est utile dans les processus d'introspection ou de communication authentique. Son \u00e9nergie apporte coh\u00e9rence, clart\u00e9 et confiance.","rel":"","context":"Article similaire","block_context":{"text":"Article similaire","link":""},"img":{"alt_text":"","src":"https:\/\/i0.wp.com\/artstella-elixirs-floraux.com\/wp-content\/uploads\/2026\/03\/OpaloAndino_1.png?resize=350%2C200&ssl=1","width":350,"height":200},"classes":[]},{"id":4153,"url":"https:\/\/artstella-elixirs-floraux.com\/fr_fr\/produit\/coffret-sylfos-15-ml\/","url_meta":{"origin":5890,"position":3},"title":"COFFRET SYLFOS 15 ML","author":"eveapprill","date":"9 mars 2025","format":false,"excerpt":"Contient les 24 fleurs Andines en 10 ml","rel":"","context":"Article similaire","block_context":{"text":"Article similaire","link":""},"img":{"alt_text":"","src":"https:\/\/i0.wp.com\/artstella-elixirs-floraux.com\/wp-content\/uploads\/2025\/03\/wp-image1641.png?resize=350%2C200&ssl=1","width":350,"height":200},"classes":[]},{"id":12445,"url":"https:\/\/artstella-elixirs-floraux.com\/fr_fr\/produit\/jeu-de-cartes-elixirs-chamaniques-et-des-messagers-sylfos\/","url_meta":{"origin":5890,"position":4},"title":"Jeu de cartes \u00ab \u00c9lixirs chamaniques et des Messagers Sylfos \u00bb","author":"eveapprill","date":"7 avril 2026","format":false,"excerpt":"Le jeu de cartes de diagnostic pour les 12 essences chamaniques andines + les 7 essences des messagers.","rel":"","context":"Article similaire","block_context":{"text":"Article similaire","link":""},"img":{"alt_text":"","src":"https:\/\/i0.wp.com\/artstella-elixirs-floraux.com\/wp-content\/uploads\/2026\/04\/cartes-cham.png?resize=350%2C200&ssl=1","width":350,"height":200,"srcset":"https:\/\/i0.wp.com\/artstella-elixirs-floraux.com\/wp-content\/uploads\/2026\/04\/cartes-cham.png?resize=350%2C200&ssl=1 1x, https:\/\/i0.wp.com\/artstella-elixirs-floraux.com\/wp-content\/uploads\/2026\/04\/cartes-cham.png?resize=525%2C300&ssl=1 1.5x, https:\/\/i0.wp.com\/artstella-elixirs-floraux.com\/wp-content\/uploads\/2026\/04\/cartes-cham.png?resize=700%2C400&ssl=1 2x, https:\/\/i0.wp.com\/artstella-elixirs-floraux.com\/wp-content\/uploads\/2026\/04\/cartes-cham.png?resize=1050%2C600&ssl=1 3x"},"classes":[]},{"id":3980,"url":"https:\/\/artstella-elixirs-floraux.com\/fr_fr\/produit\/alfalfa-lotus-10-ml-sylfos\/","url_meta":{"origin":5890,"position":5},"title":"ALFALFA \/ LOTUS CORNICULE SYLFOS","author":"eveapprill","date":"9 mars 2025","format":false,"excerpt":"ALFALFA CHILOTA Lotus cornicolatus Compr\u00e9hension, communication, apaisement. Pour les personnes renferm\u00e9es sur elles-m\u00eames. Facilite la compr\u00e9hension des \u00e9v\u00e9nements et des comportements humains. Aide \u00e0 ne pas se perdre dans les d\u00e9tails et \u00e0 se focaliser sur l\u2019essentiel. Pour la tendance aux pens\u00e9es r\u00e9p\u00e9titives fig\u00e9es dans les d\u00e9tails au d\u00e9triment de\u2026","rel":"","context":"Article similaire","block_context":{"text":"Article similaire","link":""},"img":{"alt_text":"","src":"","width":0,"height":0},"classes":[]}],"_links":{"self":[{"href":"https:\/\/artstella-elixirs-floraux.com\/fr_fr\/wp-json\/wp\/v2\/product\/5890","targetHints":{"allow":["GET"]}}],"collection":[{"href":"https:\/\/artstella-elixirs-floraux.com\/fr_fr\/wp-json\/wp\/v2\/product"}],"about":[{"href":"https:\/\/artstella-elixirs-floraux.com\/fr_fr\/wp-json\/wp\/v2\/types\/product"}],"version-history":[{"count":2,"href":"https:\/\/artstella-elixirs-floraux.com\/fr_fr\/wp-json\/wp\/v2\/product\/5890\/revisions"}],"predecessor-version":[{"id":10698,"href":"https:\/\/artstella-elixirs-floraux.com\/fr_fr\/wp-json\/wp\/v2\/product\/5890\/revisions\/10698"}],"wp:featuredmedia":[{"embeddable":true,"href":"https:\/\/artstella-elixirs-floraux.com\/fr_fr\/wp-json\/wp\/v2\/media\/5891"}],"wp:attachment":[{"href":"https:\/\/artstella-elixirs-floraux.com\/fr_fr\/wp-json\/wp\/v2\/media?parent=5890"}],"wp:term":[{"taxonomy":"product_brand","embeddable":true,"href":"https:\/\/artstella-elixirs-floraux.com\/fr_fr\/wp-json\/wp\/v2\/product_brand?post=5890"},{"taxonomy":"product_cat","embeddable":true,"href":"https:\/\/artstella-elixirs-floraux.com\/fr_fr\/wp-json\/wp\/v2\/product_cat?post=5890"},{"taxonomy":"product_tag","embeddable":true,"href":"https:\/\/artstella-elixirs-floraux.com\/fr_fr\/wp-json\/wp\/v2\/product_tag?post=5890"}],"curies":[{"name":"wp","href":"https:\/\/api.w.org\/{rel}","templated":true}]}}