{"id":5894,"date":"2025-03-09T13:49:35","date_gmt":"2025-03-09T13:49:35","guid":{"rendered":"https:\/\/artstella-elixirs-floraux.com\/product\/ajonc-10-ml-deva\/"},"modified":"2025-06-02T06:45:48","modified_gmt":"2025-06-02T06:45:48","slug":"ajonc-10-ml-deva","status":"publish","type":"product","link":"https:\/\/artstella-elixirs-floraux.com\/fr_fr\/produit\/ajonc-10-ml-deva\/","title":{"rendered":"Ajonc 10 ml DEVA"},"content":{"rendered":"","protected":false},"excerpt":{"rendered":"<h2>Ajonc &#8211; Gorse<\/h2>\n<p class=\"produitsFicheLatin\"><em>Ulex europaeus<\/em><\/p>\n<p class=\"produitsFicheCategorie\"><em>Espoir, force de volont\u00e9<\/em><\/p>\n<p class=\"produitsFicheCategorie\">L&rsquo;\u00e9lixir floral d&rsquo;ajonc s&rsquo;adresse \u00e0 ceux qui sont r\u00e9sign\u00e9s et qui ont abandonn\u00e9 tout d\u00e9sir d&rsquo;am\u00e9liorer leurs conditions.<\/p>\n","protected":false},"featured_media":5895,"template":"","meta":[],"product_brand":[],"product_cat":[189],"product_tag":[],"class_list":{"0":"post-5894","1":"product","2":"type-product","3":"status-publish","4":"has-post-thumbnail","6":"product_cat-les-fleurs-de-bach-par-deva","8":"first","9":"instock","10":"taxable","11":"shipping-taxable","12":"purchasable","13":"product-type-simple"},"etheme_brands":{"errors":{"invalid_taxonomy":["Taxonomie non valide."]},"error_data":[]},"jetpack_sharing_enabled":true,"jetpack-related-posts":[],"_links":{"self":[{"href":"https:\/\/artstella-elixirs-floraux.com\/fr_fr\/wp-json\/wp\/v2\/product\/5894","targetHints":{"allow":["GET"]}}],"collection":[{"href":"https:\/\/artstella-elixirs-floraux.com\/fr_fr\/wp-json\/wp\/v2\/product"}],"about":[{"href":"https:\/\/artstella-elixirs-floraux.com\/fr_fr\/wp-json\/wp\/v2\/types\/product"}],"version-history":[{"count":0,"href":"https:\/\/artstella-elixirs-floraux.com\/fr_fr\/wp-json\/wp\/v2\/product\/5894\/revisions"}],"wp:featuredmedia":[{"embeddable":true,"href":"https:\/\/artstella-elixirs-floraux.com\/fr_fr\/wp-json\/wp\/v2\/media\/5895"}],"wp:attachment":[{"href":"https:\/\/artstella-elixirs-floraux.com\/fr_fr\/wp-json\/wp\/v2\/media?parent=5894"}],"wp:term":[{"taxonomy":"product_brand","embeddable":true,"href":"https:\/\/artstella-elixirs-floraux.com\/fr_fr\/wp-json\/wp\/v2\/product_brand?post=5894"},{"taxonomy":"product_cat","embeddable":true,"href":"https:\/\/artstella-elixirs-floraux.com\/fr_fr\/wp-json\/wp\/v2\/product_cat?post=5894"},{"taxonomy":"product_tag","embeddable":true,"href":"https:\/\/artstella-elixirs-floraux.com\/fr_fr\/wp-json\/wp\/v2\/product_tag?post=5894"}],"curies":[{"name":"wp","href":"https:\/\/api.w.org\/{rel}","templated":true}]}}