{"id":5896,"date":"2025-03-09T13:49:37","date_gmt":"2025-03-09T13:49:37","guid":{"rendered":"https:\/\/artstella-elixirs-floraux.com\/product\/bourgeon-de-maronnier-15ml-deva\/"},"modified":"2025-06-02T06:45:47","modified_gmt":"2025-06-02T06:45:47","slug":"bourgeon-de-maronnier-15ml-deva","status":"publish","type":"product","link":"https:\/\/artstella-elixirs-floraux.com\/fr_fr\/produit\/bourgeon-de-maronnier-15ml-deva\/","title":{"rendered":"Bourgeon de maronnier 15ml DEVA"},"content":{"rendered":"<p>L&rsquo;\u00e9lixir de bourgeons de marronnier est recommand\u00e9 \u00e0 ceux qui, par inattention ou par indiff\u00e9rence, ne profitent pas des exp\u00e9riences de la vie et r\u00e9p\u00e8tent sans cesse les m\u00eames erreurs.\u00a0<\/p>\n<div>Pour les personnes bloqu\u00e9es dans des situations ou des comportements r\u00e9p\u00e9titifs.<\/div>\n","protected":false},"excerpt":{"rendered":"<h2>Bourgeons de marronnier &#8211; Chestnut bud<\/h2>\n<p class=\"produitsFicheLatin\"><em>Aesculus hippocastanum<\/em><\/p>\n<p class=\"produitsFicheCategorie\"><em>Compr\u00e9hension, attention<\/em><\/p>\n<p class=\"produitsFicheCategorie\">L&rsquo;\u00e9lixir de bourgeons de marronnier est recommand\u00e9 \u00e0 ceux qui, par inattention ou par indiff\u00e9rence, ne profitent pas des exp\u00e9riences de la vie et r\u00e9p\u00e8tent sans cesse les m\u00eames erreurs.<\/p>\n","protected":false},"featured_media":5897,"template":"","meta":[],"product_brand":[],"product_cat":[189],"product_tag":[],"class_list":{"0":"post-5896","1":"product","2":"type-product","3":"status-publish","4":"has-post-thumbnail","6":"product_cat-les-fleurs-de-bach-par-deva","8":"first","9":"instock","10":"taxable","11":"shipping-taxable","12":"purchasable","13":"product-type-simple"},"etheme_brands":{"errors":{"invalid_taxonomy":["Taxonomie non valide."]},"error_data":[]},"jetpack_sharing_enabled":true,"jetpack-related-posts":[{"id":2817,"url":"https:\/\/artstella-elixirs-floraux.com\/fr_fr\/produit\/chestnut-bud-15ml-phi\/","url_meta":{"origin":5896,"position":0},"title":"CHESTNUT BUD 15ML PHI","author":"eveapprill","date":"9 mars 2025","format":false,"excerpt":"Chesnut bud (Aesculus hippocastanum) (Bourgeons de marronnier) Pour nous ouvrir \u00e0 la nouveaut\u00e9 et d\u00e9velopper notre potentiel. Nous aide \u00e0 reconna\u00eetre et \u00e0 int\u00e9grer les processus d'apprentissage.","rel":"","context":"Article similaire","block_context":{"text":"Article similaire","link":""},"img":{"alt_text":"","src":"https:\/\/i0.wp.com\/artstella-elixirs-floraux.com\/wp-content\/uploads\/2025\/03\/wp-image339.png?resize=350%2C200&ssl=1","width":350,"height":200},"classes":[]},{"id":5292,"url":"https:\/\/artstella-elixirs-floraux.com\/fr_fr\/produit\/complexe-n-5-liberation-deva-30ml\/","url_meta":{"origin":5896,"position":1},"title":"COMPLEXE N\u00b0 5 Lib\u00e9ration DEVA 30ML","author":"eveapprill","date":"9 mars 2025","format":false,"excerpt":"COMPLEXE N\u00b0 6\u00a0 Lib\u00e9ration (anciennement D\u00e9saccoutumance) 30ml aide \u00e0 se lib\u00e9rer des habitudes nocives et r\u00e9p\u00e9titives. Il soutient la volont\u00e9 et apaise dans les p\u00e9riodes de changement. Il stimule la vitalit\u00e9 et r\u00e9gularise les rythmes de vie d\u00e9sordonn\u00e9s.","rel":"","context":"Article similaire","block_context":{"text":"Article similaire","link":""},"img":{"alt_text":"","src":"https:\/\/i0.wp.com\/artstella-elixirs-floraux.com\/wp-content\/uploads\/2025\/03\/73c6ebeb-db7e-42f0-af08-28a7d151d309.jpg?resize=350%2C200&ssl=1","width":350,"height":200,"srcset":"https:\/\/i0.wp.com\/artstella-elixirs-floraux.com\/wp-content\/uploads\/2025\/03\/73c6ebeb-db7e-42f0-af08-28a7d151d309.jpg?resize=350%2C200&ssl=1 1x, https:\/\/i0.wp.com\/artstella-elixirs-floraux.com\/wp-content\/uploads\/2025\/03\/73c6ebeb-db7e-42f0-af08-28a7d151d309.jpg?resize=525%2C300&ssl=1 1.5x, https:\/\/i0.wp.com\/artstella-elixirs-floraux.com\/wp-content\/uploads\/2025\/03\/73c6ebeb-db7e-42f0-af08-28a7d151d309.jpg?resize=700%2C400&ssl=1 2x"},"classes":[]},{"id":5934,"url":"https:\/\/artstella-elixirs-floraux.com\/fr_fr\/produit\/marronnier-rouge-15-ml-deva\/","url_meta":{"origin":5896,"position":2},"title":"Marronnier rouge 15 ml DEVA","author":"eveapprill","date":"9 mars 2025","format":false,"excerpt":"Marronnier rouge - Red chestnut Aesculus carnea Confiance en la vie Supprime l'inqui\u00e9tude et la crainte du pire pour les autres. Pour ceux qui ont tendance \u00e0 trop s'impliquer dans la vie des autres. Pour ceux qui ne peuvent s'emp\u00eacher de se faire du souci pour autrui.","rel":"","context":"Article similaire","block_context":{"text":"Article similaire","link":""},"img":{"alt_text":"","src":"","width":0,"height":0},"classes":[]},{"id":3816,"url":"https:\/\/artstella-elixirs-floraux.com\/fr_fr\/produit\/past-life-orchid-phi\/","url_meta":{"origin":5896,"position":3},"title":"PAST LIFE ORCHID PHI","author":"eveapprill","date":"9 mars 2025","format":false,"excerpt":"Past life orchid (Bourgeon de Paphiopedilum harrysianum) Nous met en contact avec la connaissance profonde, dans laquelle sont contenues toutes nos m\u00e9moires. L'\u00e9lixir nous aide ainsi \u00e0 mieux comprendre l'origine de nombreux probl\u00e8mes.","rel":"","context":"Article similaire","block_context":{"text":"Article similaire","link":""},"img":{"alt_text":"","src":"https:\/\/i0.wp.com\/artstella-elixirs-floraux.com\/wp-content\/uploads\/2025\/03\/wp-image515.png?resize=350%2C200&ssl=1","width":350,"height":200},"classes":[]},{"id":5279,"url":"https:\/\/artstella-elixirs-floraux.com\/fr_fr\/produit\/complexe-n2-nuits-paisibles-deva-30ml\/","url_meta":{"origin":5896,"position":4},"title":"COMPLEXE N\u00b02 Nuits paisibles DEVA 30ml","author":"eveapprill","date":"9 mars 2025","format":false,"excerpt":"COMPLEXE N\u00b02 Nuits paisibles \u00a0est recommand\u00e9\u00a0aux personnes de tout \u00e2ge qui \u00e9prouvent des difficult\u00e9s \u00e0 s\u2019endormir ou d\u00e9sireuses d\u2019am\u00e9liorer la qualit\u00e9 de leur sommeil : cauchemars, r\u00e9veils nocturnes, pens\u00e9es r\u00e9p\u00e9titives. Il favorise une d\u00e9tente profonde.","rel":"","context":"Article similaire","block_context":{"text":"Article similaire","link":""},"img":{"alt_text":"","src":"https:\/\/i0.wp.com\/artstella-elixirs-floraux.com\/wp-content\/uploads\/2025\/03\/77b358f5-17ad-4d93-a132-524060537df4.jpg?resize=350%2C200&ssl=1","width":350,"height":200,"srcset":"https:\/\/i0.wp.com\/artstella-elixirs-floraux.com\/wp-content\/uploads\/2025\/03\/77b358f5-17ad-4d93-a132-524060537df4.jpg?resize=350%2C200&ssl=1 1x, https:\/\/i0.wp.com\/artstella-elixirs-floraux.com\/wp-content\/uploads\/2025\/03\/77b358f5-17ad-4d93-a132-524060537df4.jpg?resize=525%2C300&ssl=1 1.5x, https:\/\/i0.wp.com\/artstella-elixirs-floraux.com\/wp-content\/uploads\/2025\/03\/77b358f5-17ad-4d93-a132-524060537df4.jpg?resize=700%2C400&ssl=1 2x"},"classes":[]},{"id":5688,"url":"https:\/\/artstella-elixirs-floraux.com\/fr_fr\/produit\/euphraise-10-ml-deva\/","url_meta":{"origin":5896,"position":5},"title":"Euphraise 10 ml DEVA","author":"eveapprill","date":"9 mars 2025","format":false,"excerpt":"Euphraise Compr\u00e9hension, intuition. Pour ceux qui portent peu d\u2019attention \u00e0 leur environnement et autrui, par inattention ou par manque d\u2019int\u00e9r\u00eat. D\u00e9veloppe la sensibilit\u00e9 et favorise l\u2019intuition.","rel":"","context":"Article similaire","block_context":{"text":"Article similaire","link":""},"img":{"alt_text":"","src":"https:\/\/i0.wp.com\/artstella-elixirs-floraux.com\/wp-content\/uploads\/2025\/03\/wp-image1860.png?resize=350%2C200&ssl=1","width":350,"height":200},"classes":[]}],"_links":{"self":[{"href":"https:\/\/artstella-elixirs-floraux.com\/fr_fr\/wp-json\/wp\/v2\/product\/5896","targetHints":{"allow":["GET"]}}],"collection":[{"href":"https:\/\/artstella-elixirs-floraux.com\/fr_fr\/wp-json\/wp\/v2\/product"}],"about":[{"href":"https:\/\/artstella-elixirs-floraux.com\/fr_fr\/wp-json\/wp\/v2\/types\/product"}],"version-history":[{"count":0,"href":"https:\/\/artstella-elixirs-floraux.com\/fr_fr\/wp-json\/wp\/v2\/product\/5896\/revisions"}],"wp:featuredmedia":[{"embeddable":true,"href":"https:\/\/artstella-elixirs-floraux.com\/fr_fr\/wp-json\/wp\/v2\/media\/5897"}],"wp:attachment":[{"href":"https:\/\/artstella-elixirs-floraux.com\/fr_fr\/wp-json\/wp\/v2\/media?parent=5896"}],"wp:term":[{"taxonomy":"product_brand","embeddable":true,"href":"https:\/\/artstella-elixirs-floraux.com\/fr_fr\/wp-json\/wp\/v2\/product_brand?post=5896"},{"taxonomy":"product_cat","embeddable":true,"href":"https:\/\/artstella-elixirs-floraux.com\/fr_fr\/wp-json\/wp\/v2\/product_cat?post=5896"},{"taxonomy":"product_tag","embeddable":true,"href":"https:\/\/artstella-elixirs-floraux.com\/fr_fr\/wp-json\/wp\/v2\/product_tag?post=5896"}],"curies":[{"name":"wp","href":"https:\/\/api.w.org\/{rel}","templated":true}]}}