{"id":5898,"date":"2025-03-09T13:49:38","date_gmt":"2025-03-09T13:49:38","guid":{"rendered":"https:\/\/artstella-elixirs-floraux.com\/product\/bruyere-15ml-deva\/"},"modified":"2025-06-02T06:45:47","modified_gmt":"2025-06-02T06:45:47","slug":"bruyere-15ml-deva","status":"publish","type":"product","link":"https:\/\/artstella-elixirs-floraux.com\/fr_fr\/produit\/bruyere-15ml-deva\/","title":{"rendered":"Bruy\u00e8re 15ml DEVA"},"content":{"rendered":"<p>Pour ceux qui sont uniquement concern\u00e9s par leur vie et par leurs probl\u00e8mes et qui ont constamment besoin de l&rsquo;attention d&rsquo;autrui. Ils ne portent pas d&rsquo;int\u00e9r\u00eat \u00e0 ceux qui les entourent et ne savent pas \u00e9couter.<\/p>\n","protected":false},"excerpt":{"rendered":"<h2>Bruy\u00e8re &#8211; Heather<\/h2>\n<p class=\"produitsFicheLatin\"><em>Calluna vulgaris<\/em><\/p>\n<p class=\"produitsFicheCategorie\"><em>Tranquillit\u00e9, \u00e9coute<\/em><\/p>\n<p class=\"produitsFicheCategorie\">Pour ceux qui sont uniquement concern\u00e9s par leur vie et par leurs probl\u00e8mes et qui ont constamment besoin de l&rsquo;attention d&rsquo;autrui. Ils ne portent pas d&rsquo;int\u00e9r\u00eat \u00e0 ceux qui les entourent et ne savent pas \u00e9couter.<\/p>\n","protected":false},"featured_media":5899,"template":"","meta":[],"product_brand":[],"product_cat":[189],"product_tag":[],"class_list":{"0":"post-5898","1":"product","2":"type-product","3":"status-publish","4":"has-post-thumbnail","6":"product_cat-les-fleurs-de-bach-par-deva","8":"first","9":"instock","10":"taxable","11":"shipping-taxable","12":"purchasable","13":"product-type-simple"},"etheme_brands":{"errors":{"invalid_taxonomy":["Taxonomie non valide."]},"error_data":[]},"jetpack_sharing_enabled":true,"jetpack-related-posts":[{"id":5688,"url":"https:\/\/artstella-elixirs-floraux.com\/fr_fr\/produit\/euphraise-10-ml-deva\/","url_meta":{"origin":5898,"position":0},"title":"Euphraise 10 ml DEVA","author":"eveapprill","date":"9 mars 2025","format":false,"excerpt":"Euphraise Compr\u00e9hension, intuition. Pour ceux qui portent peu d\u2019attention \u00e0 leur environnement et autrui, par inattention ou par manque d\u2019int\u00e9r\u00eat. D\u00e9veloppe la sensibilit\u00e9 et favorise l\u2019intuition.","rel":"","context":"Article similaire","block_context":{"text":"Article similaire","link":""},"img":{"alt_text":"","src":"https:\/\/i0.wp.com\/artstella-elixirs-floraux.com\/wp-content\/uploads\/2025\/03\/wp-image1860.png?resize=350%2C200&ssl=1","width":350,"height":200},"classes":[]},{"id":3107,"url":"https:\/\/artstella-elixirs-floraux.com\/fr_fr\/produit\/bruyere-arb-afrique-15-ml\/","url_meta":{"origin":5898,"position":1},"title":"BRUYERE ARB. AFRIQUE 15 ML","author":"eveapprill","date":"9 mars 2025","format":false,"excerpt":"Bruy\u00e8re arborescente (Erica arborea) (Baumerika) Permet \u00e0 ceux qui ont besoin des autres, de mieux se percevoir par eux-m\u00eames. Il nous invite \u00e0 l'ind\u00e9pendance et \u00e0 pouvoir nous accepter tels que nous sommes.","rel":"","context":"Article similaire","block_context":{"text":"Article similaire","link":""},"img":{"alt_text":"","src":"https:\/\/i0.wp.com\/artstella-elixirs-floraux.com\/wp-content\/uploads\/2025\/03\/wp-image410.png?resize=350%2C200&ssl=1","width":350,"height":200},"classes":[]},{"id":5910,"url":"https:\/\/artstella-elixirs-floraux.com\/fr_fr\/produit\/chicoree-15ml-deva\/","url_meta":{"origin":5898,"position":2},"title":"Chicor\u00e9e 15ml DEVA","author":"eveapprill","date":"9 mars 2025","format":false,"excerpt":"Chicor\u00e9e - Chicory Cichorium intybus Amour d\u00e9sint\u00e9ress\u00e9 Pour ceux qui sont trop possessifs, \u00e9go\u00efstes, qui ont besoin de contr\u00f4ler ou de diriger ceux qui les entourent. Pour les enfants qui ont une demande d'attention permanente.","rel":"","context":"Article similaire","block_context":{"text":"Article similaire","link":""},"img":{"alt_text":"","src":"","width":0,"height":0},"classes":[]},{"id":2836,"url":"https:\/\/artstella-elixirs-floraux.com\/fr_fr\/produit\/heather-15-ml-phi\/","url_meta":{"origin":5898,"position":3},"title":"HEATHER 15 ML PHI","author":"eveapprill","date":"9 mars 2025","format":false,"excerpt":"Heather (Calluna vulgaris) (Bruy\u00e8re) Nous rend plus apte \u00e0 communiquer et \u00e0 \u00e9couter. Nous donne la paix de l'\u00e2me.","rel":"","context":"Article similaire","block_context":{"text":"Article similaire","link":""},"img":{"alt_text":"","src":"https:\/\/i0.wp.com\/artstella-elixirs-floraux.com\/wp-content\/uploads\/2025\/03\/wp-image345.png?resize=350%2C200&ssl=1","width":350,"height":200},"classes":[]},{"id":5934,"url":"https:\/\/artstella-elixirs-floraux.com\/fr_fr\/produit\/marronnier-rouge-15-ml-deva\/","url_meta":{"origin":5898,"position":4},"title":"Marronnier rouge 15 ml DEVA","author":"eveapprill","date":"9 mars 2025","format":false,"excerpt":"Marronnier rouge - Red chestnut Aesculus carnea Confiance en la vie Supprime l'inqui\u00e9tude et la crainte du pire pour les autres. Pour ceux qui ont tendance \u00e0 trop s'impliquer dans la vie des autres. Pour ceux qui ne peuvent s'emp\u00eacher de se faire du souci pour autrui.","rel":"","context":"Article similaire","block_context":{"text":"Article similaire","link":""},"img":{"alt_text":"","src":"","width":0,"height":0},"classes":[]},{"id":4014,"url":"https:\/\/artstella-elixirs-floraux.com\/fr_fr\/produit\/cedron-verveine-15-ml-sylfos\/","url_meta":{"origin":5898,"position":5},"title":"CEDRON \/ VERVEINE ODORANTE SYLFOS","author":"eveapprill","date":"9 mars 2025","format":false,"excerpt":"CEDRONAloysia citriodorata Confiance en soi, pers\u00e9v\u00e9rance. D\u00e9veloppe la confiance en soi, la sociabilit\u00e9, la compr\u00e9hension, l\u201dempathie, le respect d\u2019autrui et la compassion.","rel":"","context":"Article similaire","block_context":{"text":"Article similaire","link":""},"img":{"alt_text":"","src":"","width":0,"height":0},"classes":[]}],"_links":{"self":[{"href":"https:\/\/artstella-elixirs-floraux.com\/fr_fr\/wp-json\/wp\/v2\/product\/5898","targetHints":{"allow":["GET"]}}],"collection":[{"href":"https:\/\/artstella-elixirs-floraux.com\/fr_fr\/wp-json\/wp\/v2\/product"}],"about":[{"href":"https:\/\/artstella-elixirs-floraux.com\/fr_fr\/wp-json\/wp\/v2\/types\/product"}],"version-history":[{"count":0,"href":"https:\/\/artstella-elixirs-floraux.com\/fr_fr\/wp-json\/wp\/v2\/product\/5898\/revisions"}],"wp:featuredmedia":[{"embeddable":true,"href":"https:\/\/artstella-elixirs-floraux.com\/fr_fr\/wp-json\/wp\/v2\/media\/5899"}],"wp:attachment":[{"href":"https:\/\/artstella-elixirs-floraux.com\/fr_fr\/wp-json\/wp\/v2\/media?parent=5898"}],"wp:term":[{"taxonomy":"product_brand","embeddable":true,"href":"https:\/\/artstella-elixirs-floraux.com\/fr_fr\/wp-json\/wp\/v2\/product_brand?post=5898"},{"taxonomy":"product_cat","embeddable":true,"href":"https:\/\/artstella-elixirs-floraux.com\/fr_fr\/wp-json\/wp\/v2\/product_cat?post=5898"},{"taxonomy":"product_tag","embeddable":true,"href":"https:\/\/artstella-elixirs-floraux.com\/fr_fr\/wp-json\/wp\/v2\/product_tag?post=5898"}],"curies":[{"name":"wp","href":"https:\/\/api.w.org\/{rel}","templated":true}]}}