{"id":5916,"date":"2025-03-09T13:50:01","date_gmt":"2025-03-09T13:50:01","guid":{"rendered":"https:\/\/artstella-elixirs-floraux.com\/product\/eglantier-10-ml-deva\/"},"modified":"2025-06-02T06:45:47","modified_gmt":"2025-06-02T06:45:47","slug":"eglantier-10-ml-deva","status":"publish","type":"product","link":"https:\/\/artstella-elixirs-floraux.com\/fr_fr\/produit\/eglantier-10-ml-deva\/","title":{"rendered":"Eglantier 10 ml DEVA"},"content":{"rendered":"","protected":false},"excerpt":{"rendered":"<h2>\u00c9glantier &#8211; Wild rose<\/h2>\n<p class=\"produitsFicheLatin\"><em>Rosa canina<\/em><\/p>\n<p class=\"produitsFicheCategorie\"><em>Motivation, vitalit\u00e9<\/em><\/p>\n<p class=\"produitsFicheCategorie\">Pour surmonter l&rsquo;apathie, le manque d&rsquo;int\u00e9r\u00eat, la r\u00e9signation ou l&rsquo;abandon. S&rsquo;utilise dans les situations de passivit\u00e9 totale, lorsqu&rsquo;il n&rsquo;y a pas d&rsquo;espoir.<\/p>\n","protected":false},"featured_media":5917,"template":"","meta":[],"product_brand":[],"product_cat":[189],"product_tag":[],"class_list":{"0":"post-5916","1":"product","2":"type-product","3":"status-publish","4":"has-post-thumbnail","6":"product_cat-les-fleurs-de-bach-par-deva","8":"first","9":"instock","10":"taxable","11":"shipping-taxable","12":"purchasable","13":"product-type-simple"},"etheme_brands":{"errors":{"invalid_taxonomy":["Taxonomie non valide."]},"error_data":[]},"jetpack_sharing_enabled":true,"jetpack-related-posts":[{"id":4549,"url":"https:\/\/artstella-elixirs-floraux.com\/fr_fr\/produit\/coffret-10-elixirs-de-roses-15ml-phi\/","url_meta":{"origin":5916,"position":0},"title":"COFFRET 10 ELIXIRS DE ROSES 15ml PHI","author":"eveapprill","date":"9 mars 2025","format":false,"excerpt":"Contient les 10 \u00e9lixirs de roses\u00a0 une particularit\u00e9 dans le domaine des \u00e9lixirs floraux Rose du Japon, Rose pimprenelle, Rose sauvage, Rose rugueuse Sarah van Fleet, Rose rugueuse Souvenir de Phil\u00e9mon Cochet, Rose tib\u00e9taine, Rose verte, Rose reine du Danmark, Rose Provence.","rel":"","context":"Article similaire","block_context":{"text":"Article similaire","link":""},"img":{"alt_text":"","src":"https:\/\/i0.wp.com\/artstella-elixirs-floraux.com\/wp-content\/uploads\/2025\/03\/wp-image1160.png?resize=350%2C200&ssl=1","width":350,"height":200,"srcset":"https:\/\/i0.wp.com\/artstella-elixirs-floraux.com\/wp-content\/uploads\/2025\/03\/wp-image1160.png?resize=350%2C200&ssl=1 1x, https:\/\/i0.wp.com\/artstella-elixirs-floraux.com\/wp-content\/uploads\/2025\/03\/wp-image1160.png?resize=525%2C300&ssl=1 1.5x, https:\/\/i0.wp.com\/artstella-elixirs-floraux.com\/wp-content\/uploads\/2025\/03\/wp-image1160.png?resize=700%2C400&ssl=1 2x"},"classes":[]},{"id":3177,"url":"https:\/\/artstella-elixirs-floraux.com\/fr_fr\/produit\/rose-verte-phi-15-ml-green-rose\/","url_meta":{"origin":5916,"position":1},"title":"ROSE VERTE PHI 15 ML Green rose","author":"eveapprill","date":"9 mars 2025","format":false,"excerpt":"Rose verte (Rosa chinensis viridiflora) (Gr\u00fcne Rose) Green rose Quand nous nous sentons \u00e0 l'\u00e9troit et sous pression, l'\u00e9lixir nous aide \u00e0 nous d\u00e9tendre et \u00e0 retrouver la paix. Il agit en lib\u00e9rant et en \u00e9largissant le c\u0153ur.","rel":"","context":"Article similaire","block_context":{"text":"Article similaire","link":""},"img":{"alt_text":"","src":"https:\/\/i0.wp.com\/artstella-elixirs-floraux.com\/wp-content\/uploads\/2025\/03\/wp-image405.png?resize=350%2C200&ssl=1","width":350,"height":200},"classes":[]},{"id":3149,"url":"https:\/\/artstella-elixirs-floraux.com\/fr_fr\/produit\/rose-du-japon-phi-15-ml\/","url_meta":{"origin":5916,"position":2},"title":"ROSE DU JAPON PHI 15 ML","author":"eveapprill","date":"9 mars 2025","format":false,"excerpt":"Rose du Japon (Rosa roxbourghi) (Japanische Rose) Favorise la modestie et l'humilit\u00e9 en l'amour. La rose du Japon nous aide \u00e0 retrouver l'espoir dans l'amour. Nous apprenons \u00e0 garder une douce retenue et \u00e0 n'utiliser nos \u00e9pines qu'en cas de n\u00e9cessit\u00e9.","rel":"","context":"Article similaire","block_context":{"text":"Article similaire","link":""},"img":{"alt_text":"","src":"https:\/\/i0.wp.com\/artstella-elixirs-floraux.com\/wp-content\/uploads\/2025\/03\/wp-image398.png?resize=350%2C200&ssl=1","width":350,"height":200},"classes":[]},{"id":3153,"url":"https:\/\/artstella-elixirs-floraux.com\/fr_fr\/produit\/rose-cannelle-phi-15-ml\/","url_meta":{"origin":5916,"position":3},"title":"ROSE CANNELLE PHI 15 ML","author":"eveapprill","date":"9 mars 2025","format":false,"excerpt":"Rose cannelle (Rosa majalis) (Zimtrose) Redonne l'espoir quand nous ne trouvons plus d'issue. Elle nous ouvre \u00e0 de nouvelles rencontres. Cette rose nous aide \u00e0 gu\u00e9rir les blessures \u00e9motionnelles et permet de retrouver l'optimisme.","rel":"","context":"Article similaire","block_context":{"text":"Article similaire","link":""},"img":{"alt_text":"","src":"https:\/\/i0.wp.com\/artstella-elixirs-floraux.com\/wp-content\/uploads\/2025\/03\/wp-image399.png?resize=350%2C200&ssl=1","width":350,"height":200},"classes":[]},{"id":3185,"url":"https:\/\/artstella-elixirs-floraux.com\/fr_fr\/produit\/rose-provence-15-ml-phi\/","url_meta":{"origin":5916,"position":4},"title":"ROSE PROVENCE 15 ML PHI","author":"eveapprill","date":"9 mars 2025","format":false,"excerpt":"Rose de Provence (Rosa centifolia) (Provence Rose) Nous aide \u00e0 d\u00e9passer les obstacles apparents et relie le c\u0153ur \u00e0 la raison. Il apporte un \u00e9quilibre entre l\u2019esprit et les sentiments.","rel":"","context":"Article similaire","block_context":{"text":"Article similaire","link":""},"img":{"alt_text":"","src":"https:\/\/i0.wp.com\/artstella-elixirs-floraux.com\/wp-content\/uploads\/2025\/03\/wp-image406.png?resize=350%2C200&ssl=1","width":350,"height":200},"classes":[]},{"id":3161,"url":"https:\/\/artstella-elixirs-floraux.com\/fr_fr\/produit\/rose-sauvage-15-ml-phi\/","url_meta":{"origin":5916,"position":5},"title":"ROSE SAUVAGE 15 ML PHI","author":"eveapprill","date":"9 mars 2025","format":false,"excerpt":"Rose sauvage (Rosa X pruhoniciana) (Wildrosen Hybride) Dans un monde o\u00f9 nous rencontrons beaucoup d'opposition, cette rose permet de d\u00e9velopper notre r\u00e9sistance. Notre c\u0153ur peut se sentir reli\u00e9 \u00e0 la terre ce qui nous donne une meilleure assise, et renouvelle notre amour de la vie.","rel":"","context":"Article similaire","block_context":{"text":"Article similaire","link":""},"img":{"alt_text":"","src":"https:\/\/i0.wp.com\/artstella-elixirs-floraux.com\/wp-content\/uploads\/2025\/03\/wp-image401.png?resize=350%2C200&ssl=1","width":350,"height":200},"classes":[]}],"_links":{"self":[{"href":"https:\/\/artstella-elixirs-floraux.com\/fr_fr\/wp-json\/wp\/v2\/product\/5916","targetHints":{"allow":["GET"]}}],"collection":[{"href":"https:\/\/artstella-elixirs-floraux.com\/fr_fr\/wp-json\/wp\/v2\/product"}],"about":[{"href":"https:\/\/artstella-elixirs-floraux.com\/fr_fr\/wp-json\/wp\/v2\/types\/product"}],"version-history":[{"count":0,"href":"https:\/\/artstella-elixirs-floraux.com\/fr_fr\/wp-json\/wp\/v2\/product\/5916\/revisions"}],"wp:featuredmedia":[{"embeddable":true,"href":"https:\/\/artstella-elixirs-floraux.com\/fr_fr\/wp-json\/wp\/v2\/media\/5917"}],"wp:attachment":[{"href":"https:\/\/artstella-elixirs-floraux.com\/fr_fr\/wp-json\/wp\/v2\/media?parent=5916"}],"wp:term":[{"taxonomy":"product_brand","embeddable":true,"href":"https:\/\/artstella-elixirs-floraux.com\/fr_fr\/wp-json\/wp\/v2\/product_brand?post=5916"},{"taxonomy":"product_cat","embeddable":true,"href":"https:\/\/artstella-elixirs-floraux.com\/fr_fr\/wp-json\/wp\/v2\/product_cat?post=5916"},{"taxonomy":"product_tag","embeddable":true,"href":"https:\/\/artstella-elixirs-floraux.com\/fr_fr\/wp-json\/wp\/v2\/product_tag?post=5916"}],"curies":[{"name":"wp","href":"https:\/\/api.w.org\/{rel}","templated":true}]}}