{"id":5924,"date":"2025-03-09T13:50:07","date_gmt":"2025-03-09T13:50:07","guid":{"rendered":"https:\/\/artstella-elixirs-floraux.com\/product\/heliantheme-10ml-deva\/"},"modified":"2025-06-02T06:45:46","modified_gmt":"2025-06-02T06:45:46","slug":"heliantheme-10ml-deva","status":"publish","type":"product","link":"https:\/\/artstella-elixirs-floraux.com\/fr_fr\/produit\/heliantheme-10ml-deva\/","title":{"rendered":"H\u00e9lianth\u00e8me 10ml DEVA"},"content":{"rendered":"","protected":false},"excerpt":{"rendered":"<h2>H\u00e9lianth\u00e8me &#8211; Rock rose<\/h2>\n<p class=\"produitsFicheLatin\"><em>Helianthemum nummularium<\/em><\/p>\n<p class=\"produitsFicheCategorie\"><em>Courage<\/em><\/p>\n<p class=\"produitsFicheCategorie\">Pour les situations de crise, d&rsquo;affolement, de panique. Pour surmonter les peurs extr\u00eames (peur de la mort, peur de perdre le contr\u00f4le de soi\u2026)<\/p>\n","protected":false},"featured_media":5925,"template":"","meta":[],"product_brand":[],"product_cat":[189],"product_tag":[],"class_list":{"0":"post-5924","1":"product","2":"type-product","3":"status-publish","4":"has-post-thumbnail","6":"product_cat-les-fleurs-de-bach-par-deva","8":"first","9":"instock","10":"taxable","11":"shipping-taxable","12":"purchasable","13":"product-type-simple"},"etheme_brands":{"errors":{"invalid_taxonomy":["Taxonomie non valide."]},"error_data":[]},"jetpack_sharing_enabled":true,"jetpack-related-posts":[{"id":2871,"url":"https:\/\/artstella-elixirs-floraux.com\/fr_fr\/produit\/rock-rose-15ml-phi\/","url_meta":{"origin":5924,"position":0},"title":"ROCK ROSE 15ML PHI","author":"eveapprill","date":"9 mars 2025","format":false,"excerpt":"Rock rose (Helianthemum nummularium) (H\u00e9lianth\u00e8me)\u00a0 Pour surmonter de grandes difficult\u00e9s ou des peurs et nous d\u00e9passer.","rel":"","context":"Article similaire","block_context":{"text":"Article similaire","link":""},"img":{"alt_text":"","src":"https:\/\/i0.wp.com\/artstella-elixirs-floraux.com\/wp-content\/uploads\/2025\/03\/wp-image1093.png?resize=350%2C200&ssl=1","width":350,"height":200},"classes":[]},{"id":5310,"url":"https:\/\/artstella-elixirs-floraux.com\/fr_fr\/produit\/complexe-n15-courage-deva-30ml\/","url_meta":{"origin":5924,"position":1},"title":"COMPLEXE N\u00b015 Courage DEVA 30ML","author":"eveapprill","date":"9 mars 2025","format":false,"excerpt":"COMPLEXE N\u00b015 Courage DEVA 30 ml Le compos\u00e9 floral COURAGE permet de conserver son sang-froid au c\u0153ur des environnements d\u00e9stabilisants, lorsque les \u00e9motions collectives perturbent le libre-arbitre. Il renforce la confiance en l'avenir et donne le courage d'avancer. Il est recommand\u00e9 lors de tout travail sur soi.","rel":"","context":"Article similaire","block_context":{"text":"Article similaire","link":""},"img":{"alt_text":"","src":"https:\/\/i0.wp.com\/artstella-elixirs-floraux.com\/wp-content\/uploads\/2025\/03\/47113796-1beb-439b-ad17-62421c1f2753.jpg?resize=350%2C200&ssl=1","width":350,"height":200,"srcset":"https:\/\/i0.wp.com\/artstella-elixirs-floraux.com\/wp-content\/uploads\/2025\/03\/47113796-1beb-439b-ad17-62421c1f2753.jpg?resize=350%2C200&ssl=1 1x, https:\/\/i0.wp.com\/artstella-elixirs-floraux.com\/wp-content\/uploads\/2025\/03\/47113796-1beb-439b-ad17-62421c1f2753.jpg?resize=525%2C300&ssl=1 1.5x, https:\/\/i0.wp.com\/artstella-elixirs-floraux.com\/wp-content\/uploads\/2025\/03\/47113796-1beb-439b-ad17-62421c1f2753.jpg?resize=700%2C400&ssl=1 2x"},"classes":[]},{"id":5327,"url":"https:\/\/artstella-elixirs-floraux.com\/fr_fr\/produit\/creme-assistance\/","url_meta":{"origin":5924,"position":2},"title":"cr\u00e8me \u00ab\u00a0Assistance\u00a0\u00bb","author":"eveapprill","date":"9 mars 2025","format":false,"excerpt":"La cr\u00e8me ASSISTANCE soutient l'organisme durant les situations de crise et aide \u00e0 surmonter tout \u00e9v\u00e9nement stressant. La cr\u00e8me ASSISTANCE est une pr\u00e9paration essentielle de premier soin pour la peau, qui aide \u00e0 surmonter les petits chocs de la vie quotidienne.","rel":"","context":"Article similaire","block_context":{"text":"Article similaire","link":""},"img":{"alt_text":"","src":"https:\/\/i0.wp.com\/artstella-elixirs-floraux.com\/wp-content\/uploads\/2025\/03\/wp-image1599.png?resize=350%2C200&ssl=1","width":350,"height":200},"classes":[]},{"id":4068,"url":"https:\/\/artstella-elixirs-floraux.com\/fr_fr\/produit\/quintral-gui-15-ml-sylfos\/","url_meta":{"origin":5924,"position":3},"title":"QUINTRAL \/ GUI A FLEURS ROUGES SYLFOS","author":"eveapprill","date":"9 mars 2025","format":false,"excerpt":"QUINTRAL Tristerix tetrandrus Peurs ancestrales, acceptation et compr\u00e9hension de nos croyances. Aide \u00e0 surmonter les peurs archa\u00efques, profondes et ancestrales, qui sont ancr\u00e9es dans le corps et qui influencent nos croyances profondes","rel":"","context":"Article similaire","block_context":{"text":"Article similaire","link":""},"img":{"alt_text":"","src":"","width":0,"height":0},"classes":[]},{"id":5277,"url":"https:\/\/artstella-elixirs-floraux.com\/fr_fr\/produit\/complexe-n1-assistance-deva-30ml\/","url_meta":{"origin":5924,"position":4},"title":"COMPLEXE N\u00b01 Assistance DEVA 30ml","author":"eveapprill","date":"9 mars 2025","format":false,"excerpt":"COMPLEXE N\u00b01 Assistance est \u00e0 utiliser dans toutes les situations d\u2019urgence \u00e9motionnelle et de grande tension, avant tout \u00e9v\u00e9nement \u00e9prouvant pour garder son sang-froid : nouvelle inattendue, entretien d\u2019embauche, RDV chez le dentiste, trac\u2026","rel":"","context":"Article similaire","block_context":{"text":"Article similaire","link":""},"img":{"alt_text":"","src":"https:\/\/i0.wp.com\/artstella-elixirs-floraux.com\/wp-content\/uploads\/2025\/03\/be12ebcd-d68e-4f7c-8884-27cd0590f062.jpg?resize=350%2C200&ssl=1","width":350,"height":200,"srcset":"https:\/\/i0.wp.com\/artstella-elixirs-floraux.com\/wp-content\/uploads\/2025\/03\/be12ebcd-d68e-4f7c-8884-27cd0590f062.jpg?resize=350%2C200&ssl=1 1x, https:\/\/i0.wp.com\/artstella-elixirs-floraux.com\/wp-content\/uploads\/2025\/03\/be12ebcd-d68e-4f7c-8884-27cd0590f062.jpg?resize=525%2C300&ssl=1 1.5x, https:\/\/i0.wp.com\/artstella-elixirs-floraux.com\/wp-content\/uploads\/2025\/03\/be12ebcd-d68e-4f7c-8884-27cd0590f062.jpg?resize=700%2C400&ssl=1 2x"},"classes":[]},{"id":4072,"url":"https:\/\/artstella-elixirs-floraux.com\/fr_fr\/produit\/toloache-15-ml-sylfos\/","url_meta":{"origin":5924,"position":5},"title":"TOLOACHE \/ TROMPETTE DU JUGEMENT DERNIER SYLFOS","author":"eveapprill","date":"9 mars 2025","format":false,"excerpt":"TOLOACHE Datura arborea Courage, foi. Aide \u00e0 surmonter la peur de la mort et la peur de l\u2019inconnu. Pour accepter le d\u00e9part d\u2019un \u00eatre cher avec compr\u00e9hension et compassion, en se lib\u00e9rant des attachements \u00e9motionnels...","rel":"","context":"Article similaire","block_context":{"text":"Article similaire","link":""},"img":{"alt_text":"","src":"","width":0,"height":0},"classes":[]}],"_links":{"self":[{"href":"https:\/\/artstella-elixirs-floraux.com\/fr_fr\/wp-json\/wp\/v2\/product\/5924","targetHints":{"allow":["GET"]}}],"collection":[{"href":"https:\/\/artstella-elixirs-floraux.com\/fr_fr\/wp-json\/wp\/v2\/product"}],"about":[{"href":"https:\/\/artstella-elixirs-floraux.com\/fr_fr\/wp-json\/wp\/v2\/types\/product"}],"version-history":[{"count":0,"href":"https:\/\/artstella-elixirs-floraux.com\/fr_fr\/wp-json\/wp\/v2\/product\/5924\/revisions"}],"wp:featuredmedia":[{"embeddable":true,"href":"https:\/\/artstella-elixirs-floraux.com\/fr_fr\/wp-json\/wp\/v2\/media\/5925"}],"wp:attachment":[{"href":"https:\/\/artstella-elixirs-floraux.com\/fr_fr\/wp-json\/wp\/v2\/media?parent=5924"}],"wp:term":[{"taxonomy":"product_brand","embeddable":true,"href":"https:\/\/artstella-elixirs-floraux.com\/fr_fr\/wp-json\/wp\/v2\/product_brand?post=5924"},{"taxonomy":"product_cat","embeddable":true,"href":"https:\/\/artstella-elixirs-floraux.com\/fr_fr\/wp-json\/wp\/v2\/product_cat?post=5924"},{"taxonomy":"product_tag","embeddable":true,"href":"https:\/\/artstella-elixirs-floraux.com\/fr_fr\/wp-json\/wp\/v2\/product_tag?post=5924"}],"curies":[{"name":"wp","href":"https:\/\/api.w.org\/{rel}","templated":true}]}}