{"id":5934,"date":"2025-03-09T13:50:14","date_gmt":"2025-03-09T13:50:14","guid":{"rendered":"https:\/\/artstella-elixirs-floraux.com\/product\/marronnier-rouge-15-ml-deva\/"},"modified":"2025-06-02T06:45:28","modified_gmt":"2025-06-02T06:45:28","slug":"marronnier-rouge-15-ml-deva","status":"publish","type":"product","link":"https:\/\/artstella-elixirs-floraux.com\/fr_fr\/produit\/marronnier-rouge-15-ml-deva\/","title":{"rendered":"Marronnier rouge 15 ml DEVA"},"content":{"rendered":"","protected":false},"excerpt":{"rendered":"<h2>Marronnier rouge &#8211; Red chestnut<\/h2>\n<p class=\"produitsFicheLatin\"><em>Aesculus carnea<\/em><\/p>\n<p class=\"produitsFicheCategorie\"><em>Confiance en la vie<\/em><\/p>\n<p class=\"produitsFicheCategorie\">Supprime l&rsquo;inqui\u00e9tude et la crainte du pire pour les autres. Pour ceux qui ont tendance \u00e0 trop s&rsquo;impliquer dans la vie des autres. Pour ceux qui ne peuvent s&#8217;emp\u00eacher de se faire du souci pour autrui.<\/p>\n","protected":false},"featured_media":5935,"template":"","meta":[],"product_brand":[],"product_cat":[189],"product_tag":[],"class_list":{"0":"post-5934","1":"product","2":"type-product","3":"status-publish","4":"has-post-thumbnail","6":"product_cat-les-fleurs-de-bach-par-deva","8":"first","9":"instock","10":"taxable","11":"shipping-taxable","12":"purchasable","13":"product-type-simple"},"etheme_brands":{"errors":{"invalid_taxonomy":["Taxonomie non valide."]},"error_data":[]},"jetpack_sharing_enabled":true,"jetpack-related-posts":[{"id":5896,"url":"https:\/\/artstella-elixirs-floraux.com\/fr_fr\/produit\/bourgeon-de-maronnier-15ml-deva\/","url_meta":{"origin":5934,"position":0},"title":"Bourgeon de maronnier 15ml DEVA","author":"eveapprill","date":"9 mars 2025","format":false,"excerpt":"Bourgeons de marronnier - Chestnut bud Aesculus hippocastanum Compr\u00e9hension, attention L'\u00e9lixir de bourgeons de marronnier est recommand\u00e9 \u00e0 ceux qui, par inattention ou par indiff\u00e9rence, ne profitent pas des exp\u00e9riences de la vie et r\u00e9p\u00e8tent sans cesse les m\u00eames erreurs.","rel":"","context":"Article similaire","block_context":{"text":"Article similaire","link":""},"img":{"alt_text":"","src":"","width":0,"height":0},"classes":[]},{"id":5932,"url":"https:\/\/artstella-elixirs-floraux.com\/fr_fr\/produit\/marronnier-blanc-10-ml-deva\/","url_meta":{"origin":5934,"position":1},"title":"Marronnier blanc 10 ml DEVA","author":"eveapprill","date":"9 mars 2025","format":false,"excerpt":"Marronnier blanc - White chestnut Aesculus hippocastanum Clart\u00e9 mentale, tranquillit\u00e9 d\u2019esprit Calme le mental, favorise la concentration, l'intuition et la cr\u00e9ativit\u00e9. Pour supprimer le bavardage mental, les id\u00e9es fixes et les pens\u00e9es r\u00e9p\u00e9titives.","rel":"","context":"Article similaire","block_context":{"text":"Article similaire","link":""},"img":{"alt_text":"","src":"","width":0,"height":0},"classes":[]},{"id":2867,"url":"https:\/\/artstella-elixirs-floraux.com\/fr_fr\/produit\/red-chestnut-15-ml\/","url_meta":{"origin":5934,"position":2},"title":"RED CHESTNUT 15 ML","author":"eveapprill","date":"9 mars 2025","format":false,"excerpt":"Red chesnut) (Aesculus carnea) (Marronnier rouge Nous lib\u00e8re du souci excessif d'autrui. Pour trouver le calme int\u00e9rieur et penser positivement","rel":"","context":"Article similaire","block_context":{"text":"Article similaire","link":""},"img":{"alt_text":"","src":"https:\/\/i0.wp.com\/artstella-elixirs-floraux.com\/wp-content\/uploads\/2025\/03\/wp-image1092.png?resize=350%2C200&ssl=1","width":350,"height":200},"classes":[]},{"id":5292,"url":"https:\/\/artstella-elixirs-floraux.com\/fr_fr\/produit\/complexe-n-5-liberation-deva-30ml\/","url_meta":{"origin":5934,"position":3},"title":"COMPLEXE N\u00b0 5 Lib\u00e9ration DEVA 30ML","author":"eveapprill","date":"9 mars 2025","format":false,"excerpt":"COMPLEXE N\u00b0 6\u00a0 Lib\u00e9ration (anciennement D\u00e9saccoutumance) 30ml aide \u00e0 se lib\u00e9rer des habitudes nocives et r\u00e9p\u00e9titives. Il soutient la volont\u00e9 et apaise dans les p\u00e9riodes de changement. Il stimule la vitalit\u00e9 et r\u00e9gularise les rythmes de vie d\u00e9sordonn\u00e9s.","rel":"","context":"Article similaire","block_context":{"text":"Article similaire","link":""},"img":{"alt_text":"","src":"https:\/\/i0.wp.com\/artstella-elixirs-floraux.com\/wp-content\/uploads\/2025\/03\/73c6ebeb-db7e-42f0-af08-28a7d151d309.jpg?resize=350%2C200&ssl=1","width":350,"height":200,"srcset":"https:\/\/i0.wp.com\/artstella-elixirs-floraux.com\/wp-content\/uploads\/2025\/03\/73c6ebeb-db7e-42f0-af08-28a7d151d309.jpg?resize=350%2C200&ssl=1 1x, https:\/\/i0.wp.com\/artstella-elixirs-floraux.com\/wp-content\/uploads\/2025\/03\/73c6ebeb-db7e-42f0-af08-28a7d151d309.jpg?resize=525%2C300&ssl=1 1.5x, https:\/\/i0.wp.com\/artstella-elixirs-floraux.com\/wp-content\/uploads\/2025\/03\/73c6ebeb-db7e-42f0-af08-28a7d151d309.jpg?resize=700%2C400&ssl=1 2x"},"classes":[]},{"id":2898,"url":"https:\/\/artstella-elixirs-floraux.com\/fr_fr\/produit\/white-chestnut-15-ml-phi\/","url_meta":{"origin":5934,"position":4},"title":"WHITE CHESTNUT 15 ML PHI","author":"eveapprill","date":"9 mars 2025","format":false,"excerpt":"White chesnut (Aezsculus hippocastanum) Marronnier blanc) Apaise les pens\u00e9es et favorise la clart\u00e9 mentale.","rel":"","context":"Article similaire","block_context":{"text":"Article similaire","link":""},"img":{"alt_text":"","src":"https:\/\/i0.wp.com\/artstella-elixirs-floraux.com\/wp-content\/uploads\/2025\/03\/wp-image1102.png?resize=350%2C200&ssl=1","width":350,"height":200},"classes":[]},{"id":2817,"url":"https:\/\/artstella-elixirs-floraux.com\/fr_fr\/produit\/chestnut-bud-15ml-phi\/","url_meta":{"origin":5934,"position":5},"title":"CHESTNUT BUD 15ML PHI","author":"eveapprill","date":"9 mars 2025","format":false,"excerpt":"Chesnut bud (Aesculus hippocastanum) (Bourgeons de marronnier) Pour nous ouvrir \u00e0 la nouveaut\u00e9 et d\u00e9velopper notre potentiel. Nous aide \u00e0 reconna\u00eetre et \u00e0 int\u00e9grer les processus d'apprentissage.","rel":"","context":"Article similaire","block_context":{"text":"Article similaire","link":""},"img":{"alt_text":"","src":"https:\/\/i0.wp.com\/artstella-elixirs-floraux.com\/wp-content\/uploads\/2025\/03\/wp-image339.png?resize=350%2C200&ssl=1","width":350,"height":200},"classes":[]}],"_links":{"self":[{"href":"https:\/\/artstella-elixirs-floraux.com\/fr_fr\/wp-json\/wp\/v2\/product\/5934","targetHints":{"allow":["GET"]}}],"collection":[{"href":"https:\/\/artstella-elixirs-floraux.com\/fr_fr\/wp-json\/wp\/v2\/product"}],"about":[{"href":"https:\/\/artstella-elixirs-floraux.com\/fr_fr\/wp-json\/wp\/v2\/types\/product"}],"version-history":[{"count":0,"href":"https:\/\/artstella-elixirs-floraux.com\/fr_fr\/wp-json\/wp\/v2\/product\/5934\/revisions"}],"wp:featuredmedia":[{"embeddable":true,"href":"https:\/\/artstella-elixirs-floraux.com\/fr_fr\/wp-json\/wp\/v2\/media\/5935"}],"wp:attachment":[{"href":"https:\/\/artstella-elixirs-floraux.com\/fr_fr\/wp-json\/wp\/v2\/media?parent=5934"}],"wp:term":[{"taxonomy":"product_brand","embeddable":true,"href":"https:\/\/artstella-elixirs-floraux.com\/fr_fr\/wp-json\/wp\/v2\/product_brand?post=5934"},{"taxonomy":"product_cat","embeddable":true,"href":"https:\/\/artstella-elixirs-floraux.com\/fr_fr\/wp-json\/wp\/v2\/product_cat?post=5934"},{"taxonomy":"product_tag","embeddable":true,"href":"https:\/\/artstella-elixirs-floraux.com\/fr_fr\/wp-json\/wp\/v2\/product_tag?post=5934"}],"curies":[{"name":"wp","href":"https:\/\/api.w.org\/{rel}","templated":true}]}}