{"id":5936,"date":"2025-03-09T13:50:16","date_gmt":"2025-03-09T13:50:16","guid":{"rendered":"https:\/\/artstella-elixirs-floraux.com\/product\/meleze-15-ml-deva\/"},"modified":"2025-06-02T06:45:28","modified_gmt":"2025-06-02T06:45:28","slug":"meleze-15-ml-deva","status":"publish","type":"product","link":"https:\/\/artstella-elixirs-floraux.com\/fr_fr\/produit\/meleze-15-ml-deva\/","title":{"rendered":"M\u00e9l\u00e8ze 15 ml DEVA"},"content":{"rendered":"","protected":false},"excerpt":{"rendered":"<h2>M\u00e9l\u00e8ze &#8211; Larch<\/h2>\n<p class=\"produitsFicheLatin\"><em>Larix decidua<\/em><\/p>\n<p class=\"produitsFicheCategorie\"><em>Confiance en soi<\/em><\/p>\n<p class=\"produitsFicheCategorie\">Pour ceux qui, par manque de confiance, ont peur de l&rsquo;echec ou du ridicule. D\u00e9veloppe la cr\u00e9ativit\u00e9 et l&rsquo;aplomb. Facilite la prise de d\u00e9cision et l&rsquo;action.<\/p>\n","protected":false},"featured_media":5937,"template":"","meta":[],"product_brand":[],"product_cat":[189],"product_tag":[],"class_list":{"0":"post-5936","1":"product","2":"type-product","3":"status-publish","4":"has-post-thumbnail","6":"product_cat-les-fleurs-de-bach-par-deva","8":"first","9":"instock","10":"taxable","11":"shipping-taxable","12":"purchasable","13":"product-type-simple"},"etheme_brands":{"errors":{"invalid_taxonomy":["Taxonomie non valide."]},"error_data":[]},"jetpack_sharing_enabled":true,"jetpack-related-posts":[{"id":2319,"url":"https:\/\/artstella-elixirs-floraux.com\/fr_fr\/produit\/tamarack-alaskan\/","url_meta":{"origin":5936,"position":0},"title":"Tamarack Alaskan","author":"eveapprill","date":"9 mars 2025","format":false,"excerpt":"Tamarack. Larix laricina. Famille du m\u00e9l\u00e8ze Manque de confiance dans nos capacit\u00e9s ou talents, manque d'estime, manque de conscience de ce dont nous sommes vraiment capables.","rel":"","context":"Article similaire","block_context":{"text":"Article similaire","link":""},"img":{"alt_text":"","src":"https:\/\/i0.wp.com\/artstella-elixirs-floraux.com\/wp-content\/uploads\/2025\/03\/wp-image593.png?resize=350%2C200&ssl=1","width":350,"height":200},"classes":[]},{"id":2849,"url":"https:\/\/artstella-elixirs-floraux.com\/fr_fr\/produit\/larch-15-ml-phi\/","url_meta":{"origin":5936,"position":1},"title":"LARCH 15 ML PHI","author":"eveapprill","date":"9 mars 2025","format":false,"excerpt":"Larch (Larix decidua) (M\u00e9l\u00e8ze) Soutient la confiance en nous. Pour reconna\u00eetre nos qualit\u00e9s et atteindre les buts que nous nous fixons.","rel":"","context":"Article similaire","block_context":{"text":"Article similaire","link":""},"img":{"alt_text":"","src":"https:\/\/i0.wp.com\/artstella-elixirs-floraux.com\/wp-content\/uploads\/2025\/03\/wp-image351.png?resize=350%2C200&ssl=1","width":350,"height":200},"classes":[]},{"id":6333,"url":"https:\/\/artstella-elixirs-floraux.com\/fr_fr\/produit\/hyperactivite-n22-comp-deva-30-ml\/","url_meta":{"origin":5936,"position":2},"title":"Hyperactivit\u00e9 N\u00b022 Comp Deva 30 ml","author":"eveapprill","date":"9 mars 2025","format":false,"excerpt":"e compos\u00e9 floral Deva HYPERACTIVIT\u00c9 stabilise humeur, attention et activit\u00e9 chez l'enfant et l'adulte hypersensibles et hyper\u00e9motifs. Apaise les tensions li\u00e9es \u00e0 l'impulsivit\u00e9. Renforce l'estime de soi, l'\u00e9coute, la concentration. Apporte douceur, confiance et protection.","rel":"","context":"Article similaire","block_context":{"text":"Article similaire","link":""},"img":{"alt_text":"","src":"https:\/\/i0.wp.com\/artstella-elixirs-floraux.com\/wp-content\/uploads\/2025\/03\/wp-image2341.png?resize=350%2C200&ssl=1","width":350,"height":200,"srcset":"https:\/\/i0.wp.com\/artstella-elixirs-floraux.com\/wp-content\/uploads\/2025\/03\/wp-image2341.png?resize=350%2C200&ssl=1 1x, https:\/\/i0.wp.com\/artstella-elixirs-floraux.com\/wp-content\/uploads\/2025\/03\/wp-image2341.png?resize=525%2C300&ssl=1 1.5x, https:\/\/i0.wp.com\/artstella-elixirs-floraux.com\/wp-content\/uploads\/2025\/03\/wp-image2341.png?resize=700%2C400&ssl=1 2x"},"classes":[]},{"id":5304,"url":"https:\/\/artstella-elixirs-floraux.com\/fr_fr\/produit\/complexe-n12-emotions-de-ladolescence-deva-30ml\/","url_meta":{"origin":5936,"position":3},"title":"COMPLEXE N\u00b012 Emotions de l&rsquo;Adolescence DEVA 30ML","author":"eveapprill","date":"9 mars 2025","format":false,"excerpt":"COMPLEXE N\u00b012 en 30ml Le compos\u00e9 floral \u00c9motions de l'ADOLESCENCE facilite la transition de l'enfance \u00e0 l'\u00e2ge adulte. Il aide \u00e0 surmonter l'insatisfaction et l'immaturit\u00e9. Il est\u00a0 recommand\u00e9 pour affirmer positivement son individualit\u00e9 et d\u00e9fendre ses convictions. Pour faciliter les choix de vie et d'orientation et garder son cap.","rel":"","context":"Article similaire","block_context":{"text":"Article similaire","link":""},"img":{"alt_text":"","src":"https:\/\/i0.wp.com\/artstella-elixirs-floraux.com\/wp-content\/uploads\/2025\/03\/a59a17e7-574b-4ee7-a37f-0dbea1df662c.jpg?resize=350%2C200&ssl=1","width":350,"height":200,"srcset":"https:\/\/i0.wp.com\/artstella-elixirs-floraux.com\/wp-content\/uploads\/2025\/03\/a59a17e7-574b-4ee7-a37f-0dbea1df662c.jpg?resize=350%2C200&ssl=1 1x, https:\/\/i0.wp.com\/artstella-elixirs-floraux.com\/wp-content\/uploads\/2025\/03\/a59a17e7-574b-4ee7-a37f-0dbea1df662c.jpg?resize=525%2C300&ssl=1 1.5x, https:\/\/i0.wp.com\/artstella-elixirs-floraux.com\/wp-content\/uploads\/2025\/03\/a59a17e7-574b-4ee7-a37f-0dbea1df662c.jpg?resize=700%2C400&ssl=1 2x"},"classes":[]},{"id":2725,"url":"https:\/\/artstella-elixirs-floraux.com\/fr_fr\/produit\/confid-confiance-bush-30ml\/","url_meta":{"origin":5936,"position":4},"title":"CONFID Confiance BUSH 30ml","author":"eveapprill","date":"9 mars 2025","format":false,"excerpt":"Confid -\u00a0Confiance Fait na\u00eetre les qualit\u00e9s positives que sont la confiance en soi et l'amour propre. Permet de se sentir \u00e0 l'aise et de combattre tous les complexes d'inf\u00e9riorit\u00e9 ainsi que tout sentiment de culpabilit\u00e9 concernant des actes pass\u00e9s.","rel":"","context":"Article similaire","block_context":{"text":"Article similaire","link":""},"img":{"alt_text":"","src":"https:\/\/i0.wp.com\/artstella-elixirs-floraux.com\/wp-content\/uploads\/2025\/03\/cc21bcd6-7999-45bb-9f36-13d8bcf95728.jpg?resize=350%2C200&ssl=1","width":350,"height":200,"srcset":"https:\/\/i0.wp.com\/artstella-elixirs-floraux.com\/wp-content\/uploads\/2025\/03\/cc21bcd6-7999-45bb-9f36-13d8bcf95728.jpg?resize=350%2C200&ssl=1 1x, https:\/\/i0.wp.com\/artstella-elixirs-floraux.com\/wp-content\/uploads\/2025\/03\/cc21bcd6-7999-45bb-9f36-13d8bcf95728.jpg?resize=525%2C300&ssl=1 1.5x, https:\/\/i0.wp.com\/artstella-elixirs-floraux.com\/wp-content\/uploads\/2025\/03\/cc21bcd6-7999-45bb-9f36-13d8bcf95728.jpg?resize=700%2C400&ssl=1 2x"},"classes":[]},{"id":3563,"url":"https:\/\/artstella-elixirs-floraux.com\/fr_fr\/produit\/11-clearing-the-way-ltoe-15-ml\/","url_meta":{"origin":5936,"position":5},"title":"11. CLEARING THE WAY LTOE 15 ML","author":"eveapprill","date":"9 mars 2025","format":false,"excerpt":"Avancer avec confiance \/ Clearing the Way\/Self Belief (Phragmipedium Don Wimbur) Avancer avec confiance gr\u00e2ce au Phragmipedium Don Wimbur, un \u00e9lixir dynamique sp\u00e9cialement con\u00e7u pour renforcer votre confiance en vos ressources spirituelles.","rel":"","context":"Article similaire","block_context":{"text":"Article similaire","link":""},"img":{"alt_text":"","src":"https:\/\/i0.wp.com\/artstella-elixirs-floraux.com\/wp-content\/uploads\/2025\/03\/6fdc750c-31a2-458c-a142-6c28a0213641.jpg?resize=350%2C200&ssl=1","width":350,"height":200,"srcset":"https:\/\/i0.wp.com\/artstella-elixirs-floraux.com\/wp-content\/uploads\/2025\/03\/6fdc750c-31a2-458c-a142-6c28a0213641.jpg?resize=350%2C200&ssl=1 1x, https:\/\/i0.wp.com\/artstella-elixirs-floraux.com\/wp-content\/uploads\/2025\/03\/6fdc750c-31a2-458c-a142-6c28a0213641.jpg?resize=525%2C300&ssl=1 1.5x, https:\/\/i0.wp.com\/artstella-elixirs-floraux.com\/wp-content\/uploads\/2025\/03\/6fdc750c-31a2-458c-a142-6c28a0213641.jpg?resize=700%2C400&ssl=1 2x"},"classes":[]}],"_links":{"self":[{"href":"https:\/\/artstella-elixirs-floraux.com\/fr_fr\/wp-json\/wp\/v2\/product\/5936","targetHints":{"allow":["GET"]}}],"collection":[{"href":"https:\/\/artstella-elixirs-floraux.com\/fr_fr\/wp-json\/wp\/v2\/product"}],"about":[{"href":"https:\/\/artstella-elixirs-floraux.com\/fr_fr\/wp-json\/wp\/v2\/types\/product"}],"version-history":[{"count":0,"href":"https:\/\/artstella-elixirs-floraux.com\/fr_fr\/wp-json\/wp\/v2\/product\/5936\/revisions"}],"wp:featuredmedia":[{"embeddable":true,"href":"https:\/\/artstella-elixirs-floraux.com\/fr_fr\/wp-json\/wp\/v2\/media\/5937"}],"wp:attachment":[{"href":"https:\/\/artstella-elixirs-floraux.com\/fr_fr\/wp-json\/wp\/v2\/media?parent=5936"}],"wp:term":[{"taxonomy":"product_brand","embeddable":true,"href":"https:\/\/artstella-elixirs-floraux.com\/fr_fr\/wp-json\/wp\/v2\/product_brand?post=5936"},{"taxonomy":"product_cat","embeddable":true,"href":"https:\/\/artstella-elixirs-floraux.com\/fr_fr\/wp-json\/wp\/v2\/product_cat?post=5936"},{"taxonomy":"product_tag","embeddable":true,"href":"https:\/\/artstella-elixirs-floraux.com\/fr_fr\/wp-json\/wp\/v2\/product_tag?post=5936"}],"curies":[{"name":"wp","href":"https:\/\/api.w.org\/{rel}","templated":true}]}}