{"id":5938,"date":"2025-03-09T13:50:17","date_gmt":"2025-03-09T13:50:17","guid":{"rendered":"https:\/\/artstella-elixirs-floraux.com\/product\/mimulus-15-ml-bach-deva\/"},"modified":"2025-06-02T06:45:28","modified_gmt":"2025-06-02T06:45:28","slug":"mimulus-15-ml-bach-deva","status":"publish","type":"product","link":"https:\/\/artstella-elixirs-floraux.com\/fr_fr\/produit\/mimulus-15-ml-bach-deva\/","title":{"rendered":"Mimulus 15 ml Bach DEVA"},"content":{"rendered":"","protected":false},"excerpt":{"rendered":"<h2>Mimulus jaune &#8211; Mimulus<\/h2>\n<p class=\"produitsFicheLatin\"><em>Mimulus guttatus<\/em><\/p>\n<p class=\"produitsFicheCategorie\"><em>Courage<\/em><\/p>\n<p class=\"produitsFicheCategorie\">Pour faire face aux \u00e9v\u00e9nements et aux challenges de la vie quotidienne, sans inqui\u00e9tude ni appr\u00e9hension. Pour surmonter toutes les peurs connues de la vie quotidienne\u00a0 : peur des animaux, de la maladie, du noir, des autres personnes.<\/p>\n","protected":false},"featured_media":5939,"template":"","meta":[],"product_brand":[],"product_cat":[189],"product_tag":[],"class_list":{"0":"post-5938","1":"product","2":"type-product","3":"status-publish","4":"has-post-thumbnail","6":"product_cat-les-fleurs-de-bach-par-deva","8":"first","9":"instock","10":"taxable","11":"shipping-taxable","12":"purchasable","13":"product-type-simple"},"etheme_brands":{"errors":{"invalid_taxonomy":["Taxonomie non valide."]},"error_data":[]},"jetpack_sharing_enabled":true,"jetpack-related-posts":[{"id":2853,"url":"https:\/\/artstella-elixirs-floraux.com\/fr_fr\/produit\/mimulus-15-ml-phi\/","url_meta":{"origin":5938,"position":0},"title":"MIMULUS 15 ML PHI","author":"eveapprill","date":"9 mars 2025","format":false,"excerpt":"Mimulus (Mimulus guttatus) (Muscade) Pour surmonter les peurs concr\u00e8tes et d\u00e9velopper le courage de les regarder en face.","rel":"","context":"Article similaire","block_context":{"text":"Article similaire","link":""},"img":{"alt_text":"","src":"https:\/\/i0.wp.com\/artstella-elixirs-floraux.com\/wp-content\/uploads\/2025\/03\/wp-image354.png?resize=350%2C200&ssl=1","width":350,"height":200},"classes":[]},{"id":5734,"url":"https:\/\/artstella-elixirs-floraux.com\/fr_fr\/produit\/mimulus-orange-15-ml-deva\/","url_meta":{"origin":5938,"position":1},"title":"Mimulus orange 15 ml DEVA","author":"eveapprill","date":"9 mars 2025","format":false,"excerpt":"Mimulus orang\u00e9 - Sticky Monkeyflower Lib\u00e9ration des peurs li\u00e9es \u00e0 la sexualit\u00e9. Pour \u00e9liminer la confusion concernant la sexualit\u00e9 et l\u2019intimit\u00e9.","rel":"","context":"Article similaire","block_context":{"text":"Article similaire","link":""},"img":{"alt_text":"","src":"https:\/\/i0.wp.com\/artstella-elixirs-floraux.com\/wp-content\/uploads\/2025\/03\/wp-image2426.png?resize=350%2C200&ssl=1","width":350,"height":200},"classes":[]},{"id":5732,"url":"https:\/\/artstella-elixirs-floraux.com\/fr_fr\/produit\/mimulus-ecarlate-15-ml-deva\/","url_meta":{"origin":5938,"position":2},"title":"Mimulus \u00e9carlate 15 ml DEVA","author":"eveapprill","date":"9 mars 2025","format":false,"excerpt":"Mimulus \u00e9carlate - Scarlet Monkeyflower Lib\u00e9ration des \u00e9motions intenses. Permet de r\u00e9soudre les situations de pouvoir et de col\u00e8re dans les relations interpersonnelles. Lib\u00e8re la vitalit\u00e9 lorsque celle-ci est paralys\u00e9e par la col\u00e8re ou le ressentiment.","rel":"","context":"Article similaire","block_context":{"text":"Article similaire","link":""},"img":{"alt_text":"","src":"https:\/\/i0.wp.com\/artstella-elixirs-floraux.com\/wp-content\/uploads\/2025\/03\/wp-image2424.png?resize=350%2C200&ssl=1","width":350,"height":200},"classes":[]},{"id":5285,"url":"https:\/\/artstella-elixirs-floraux.com\/fr_fr\/produit\/complexe-n5-vie-affective-et-sexualite-30ml\/","url_meta":{"origin":5938,"position":3},"title":"COMPLEXE N\u00b05 Vie affective et sexualit\u00e9 30ml","author":"eveapprill","date":"9 mars 2025","format":false,"excerpt":"COMPLEXE N\u00b05 Vie affective et sexualit\u00e9 est conseill\u00e9 lorsque la vie affective est d\u00e9s\u00e9quilibr\u00e9e, lorsque la sexualit\u00e9 devient pr\u00e9dominante au d\u00e9triment des autres valeurs. Il favorise l'expression des sentiments profonds et d\u00e9veloppe l'authenticit\u00e9 au niveau de la relation amoureuse.","rel":"","context":"Article similaire","block_context":{"text":"Article similaire","link":""},"img":{"alt_text":"","src":"https:\/\/i0.wp.com\/artstella-elixirs-floraux.com\/wp-content\/uploads\/2025\/03\/ad399809-a071-4945-853e-c27fb9967aa3.jpg?resize=350%2C200&ssl=1","width":350,"height":200,"srcset":"https:\/\/i0.wp.com\/artstella-elixirs-floraux.com\/wp-content\/uploads\/2025\/03\/ad399809-a071-4945-853e-c27fb9967aa3.jpg?resize=350%2C200&ssl=1 1x, https:\/\/i0.wp.com\/artstella-elixirs-floraux.com\/wp-content\/uploads\/2025\/03\/ad399809-a071-4945-853e-c27fb9967aa3.jpg?resize=525%2C300&ssl=1 1.5x, https:\/\/i0.wp.com\/artstella-elixirs-floraux.com\/wp-content\/uploads\/2025\/03\/ad399809-a071-4945-853e-c27fb9967aa3.jpg?resize=700%2C400&ssl=1 2x"},"classes":[]},{"id":4042,"url":"https:\/\/artstella-elixirs-floraux.com\/fr_fr\/produit\/libertia-15-ml-sylfos\/","url_meta":{"origin":5938,"position":4},"title":"LIBERTIA SYLFOS","author":"eveapprill","date":"9 mars 2025","format":false,"excerpt":"LIBERTIA Libertia sessiliflora Protection, confiance, foi en la vie. D\u00e9veloppe le sentiment de protection et favorise l\u2019acceptation de l\u2019incarnation en prenant conscience des blessures originelles de l\u2019enfant int\u00e9rieur confront\u00e9 \u00e0 la peur de l\u2019abandon.","rel":"","context":"Article similaire","block_context":{"text":"Article similaire","link":""},"img":{"alt_text":"","src":"","width":0,"height":0},"classes":[]},{"id":4038,"url":"https:\/\/artstella-elixirs-floraux.com\/fr_fr\/produit\/flor-de-un-dia-15-ml-sylfos\/","url_meta":{"origin":5938,"position":5},"title":"FLOR DE UN DIA \/ FLEUR DU TIGRE SYLFOS","author":"eveapprill","date":"9 mars 2025","format":false,"excerpt":"FLOR DE UN D\u00cdA \/ FLEUR DU TIGRE Tigridia pavonea R\u00e9veil du Guerrier Int\u00e9rieur, oser, courage. Aide \u00e0 sortir de son cocon pseudo-protecteur tout en se sentant fort et prot\u00e9g\u00e9.","rel":"","context":"Article similaire","block_context":{"text":"Article similaire","link":""},"img":{"alt_text":"","src":"","width":0,"height":0},"classes":[]}],"_links":{"self":[{"href":"https:\/\/artstella-elixirs-floraux.com\/fr_fr\/wp-json\/wp\/v2\/product\/5938","targetHints":{"allow":["GET"]}}],"collection":[{"href":"https:\/\/artstella-elixirs-floraux.com\/fr_fr\/wp-json\/wp\/v2\/product"}],"about":[{"href":"https:\/\/artstella-elixirs-floraux.com\/fr_fr\/wp-json\/wp\/v2\/types\/product"}],"version-history":[{"count":0,"href":"https:\/\/artstella-elixirs-floraux.com\/fr_fr\/wp-json\/wp\/v2\/product\/5938\/revisions"}],"wp:featuredmedia":[{"embeddable":true,"href":"https:\/\/artstella-elixirs-floraux.com\/fr_fr\/wp-json\/wp\/v2\/media\/5939"}],"wp:attachment":[{"href":"https:\/\/artstella-elixirs-floraux.com\/fr_fr\/wp-json\/wp\/v2\/media?parent=5938"}],"wp:term":[{"taxonomy":"product_brand","embeddable":true,"href":"https:\/\/artstella-elixirs-floraux.com\/fr_fr\/wp-json\/wp\/v2\/product_brand?post=5938"},{"taxonomy":"product_cat","embeddable":true,"href":"https:\/\/artstella-elixirs-floraux.com\/fr_fr\/wp-json\/wp\/v2\/product_cat?post=5938"},{"taxonomy":"product_tag","embeddable":true,"href":"https:\/\/artstella-elixirs-floraux.com\/fr_fr\/wp-json\/wp\/v2\/product_tag?post=5938"}],"curies":[{"name":"wp","href":"https:\/\/api.w.org\/{rel}","templated":true}]}}