{"id":5940,"date":"2025-03-09T13:50:19","date_gmt":"2025-03-09T13:50:19","guid":{"rendered":"https:\/\/artstella-elixirs-floraux.com\/product\/moutarde-10ml-deva\/"},"modified":"2025-06-08T12:49:22","modified_gmt":"2025-06-08T12:49:22","slug":"moutarde-10ml-deva","status":"publish","type":"product","link":"https:\/\/artstella-elixirs-floraux.com\/fr_fr\/produit\/moutarde-10ml-deva\/","title":{"rendered":"Moutarde 10ml DEVA"},"content":{"rendered":"","protected":false},"excerpt":{"rendered":"<h2>Moutarde &#8211; Mustard<\/h2>\n<p class=\"produitsFicheLatin\"><em>Sinapis arvensis<\/em><\/p>\n<p class=\"produitsFicheCategorie\"><em>Clart\u00e9 d\u2019esprit, s\u00e9r\u00e9nit\u00e9, stabilit\u00e9<\/em><\/p>\n<p class=\"produitsFicheCategorie\">Aide \u00e0 surmonter l&rsquo;abattement, la m\u00e9lancolie, la tristesse qui se manifestent sans raison apparente et qui ne semblent pas avoir de liens avec la vie courante.<\/p>\n","protected":false},"featured_media":5941,"template":"","meta":[],"product_brand":[],"product_cat":[189],"product_tag":[],"class_list":{"0":"post-5940","1":"product","2":"type-product","3":"status-publish","4":"has-post-thumbnail","6":"product_cat-les-fleurs-de-bach-par-deva","8":"first","9":"instock","10":"taxable","11":"shipping-taxable","12":"purchasable","13":"product-type-simple"},"etheme_brands":{"errors":{"invalid_taxonomy":["Taxonomie non valide."]},"error_data":[]},"jetpack_sharing_enabled":true,"jetpack-related-posts":[{"id":2855,"url":"https:\/\/artstella-elixirs-floraux.com\/fr_fr\/produit\/mustard-15-ml-phi\/","url_meta":{"origin":5940,"position":0},"title":"MUSTARD 15 ML PHI","author":"eveapprill","date":"9 mars 2025","format":false,"excerpt":"Mustard (Sinapis arvensis) (Moutarde)\u00a0 \u00c9loigne les nuages sombres qui se trouvent momentan\u00e9ment autour de nous. En pouvant reconna\u00eetre notre ombre, il nous devient possible de nous tourner vers la lumi\u00e8re.","rel":"","context":"Article similaire","block_context":{"text":"Article similaire","link":""},"img":{"alt_text":"","src":"https:\/\/i0.wp.com\/artstella-elixirs-floraux.com\/wp-content\/uploads\/2025\/03\/wp-image1088.png?resize=350%2C200&ssl=1","width":350,"height":200},"classes":[]},{"id":6084,"url":"https:\/\/artstella-elixirs-floraux.com\/fr_fr\/produit\/complexe-n20-joie-de-vivre-deva-30ml\/","url_meta":{"origin":5940,"position":1},"title":"Complexe N\u00b020 JOIE DE VIVRE DEVA 30ML","author":"eveapprill","date":"9 mars 2025","format":false,"excerpt":"Le compos\u00e9 floral DEVA JOIE DE VIVRE, permet de retrouver la joie simple et spontan\u00e9e de la Nature. Habit\u00e9s par une \u00e9nergie fluide et l\u00e9g\u00e8re, reli\u00e9s \u00e0 la lumi\u00e8re, nous sommes invit\u00e9s \u00e0 danser avec la vie et \u00e0 r\u00e9aliser r\u00eaves et projets avec optimisme et enthousiasme.","rel":"","context":"Article similaire","block_context":{"text":"Article similaire","link":""},"img":{"alt_text":"","src":"https:\/\/i0.wp.com\/artstella-elixirs-floraux.com\/wp-content\/uploads\/2025\/03\/d12de6ff-3be4-4749-91e9-4503779cc823.jpg?resize=350%2C200&ssl=1","width":350,"height":200,"srcset":"https:\/\/i0.wp.com\/artstella-elixirs-floraux.com\/wp-content\/uploads\/2025\/03\/d12de6ff-3be4-4749-91e9-4503779cc823.jpg?resize=350%2C200&ssl=1 1x, https:\/\/i0.wp.com\/artstella-elixirs-floraux.com\/wp-content\/uploads\/2025\/03\/d12de6ff-3be4-4749-91e9-4503779cc823.jpg?resize=525%2C300&ssl=1 1.5x, https:\/\/i0.wp.com\/artstella-elixirs-floraux.com\/wp-content\/uploads\/2025\/03\/d12de6ff-3be4-4749-91e9-4503779cc823.jpg?resize=700%2C400&ssl=1 2x"},"classes":[]}],"_links":{"self":[{"href":"https:\/\/artstella-elixirs-floraux.com\/fr_fr\/wp-json\/wp\/v2\/product\/5940","targetHints":{"allow":["GET"]}}],"collection":[{"href":"https:\/\/artstella-elixirs-floraux.com\/fr_fr\/wp-json\/wp\/v2\/product"}],"about":[{"href":"https:\/\/artstella-elixirs-floraux.com\/fr_fr\/wp-json\/wp\/v2\/types\/product"}],"version-history":[{"count":0,"href":"https:\/\/artstella-elixirs-floraux.com\/fr_fr\/wp-json\/wp\/v2\/product\/5940\/revisions"}],"wp:featuredmedia":[{"embeddable":true,"href":"https:\/\/artstella-elixirs-floraux.com\/fr_fr\/wp-json\/wp\/v2\/media\/5941"}],"wp:attachment":[{"href":"https:\/\/artstella-elixirs-floraux.com\/fr_fr\/wp-json\/wp\/v2\/media?parent=5940"}],"wp:term":[{"taxonomy":"product_brand","embeddable":true,"href":"https:\/\/artstella-elixirs-floraux.com\/fr_fr\/wp-json\/wp\/v2\/product_brand?post=5940"},{"taxonomy":"product_cat","embeddable":true,"href":"https:\/\/artstella-elixirs-floraux.com\/fr_fr\/wp-json\/wp\/v2\/product_cat?post=5940"},{"taxonomy":"product_tag","embeddable":true,"href":"https:\/\/artstella-elixirs-floraux.com\/fr_fr\/wp-json\/wp\/v2\/product_tag?post=5940"}],"curies":[{"name":"wp","href":"https:\/\/api.w.org\/{rel}","templated":true}]}}