{"id":5944,"date":"2025-03-09T13:50:21","date_gmt":"2025-03-09T13:50:21","guid":{"rendered":"https:\/\/artstella-elixirs-floraux.com\/product\/olivier-15ml-deva\/"},"modified":"2025-06-02T06:45:27","modified_gmt":"2025-06-02T06:45:27","slug":"olivier-15ml-deva","status":"publish","type":"product","link":"https:\/\/artstella-elixirs-floraux.com\/fr_fr\/produit\/olivier-15ml-deva\/","title":{"rendered":"Olivier 15ml DEVA"},"content":{"rendered":"","protected":false},"excerpt":{"rendered":"<h2>Olivier &#8211; Olive<\/h2>\n<p class=\"produitsFicheLatin\"><em>Olea europaea<\/em><\/p>\n<p class=\"produitsFicheCategorie\"><em>R\u00e9g\u00e9n\u00e9ration, vitalit\u00e9<\/em><\/p>\n<p class=\"produitsFicheCategorie\">Apaise l&rsquo;esprit, fortifie le corps et redonne go\u00fbt \u00e0 la vie. Pour ceux qui ont trop donn\u00e9 d&rsquo;eux-m\u00eames et qui ont \u00e9puis\u00e9 toute leur \u00e9nergie.<\/p>\n","protected":false},"featured_media":5945,"template":"","meta":[],"product_brand":[],"product_cat":[189],"product_tag":[],"class_list":{"0":"post-5944","1":"product","2":"type-product","3":"status-publish","4":"has-post-thumbnail","6":"product_cat-les-fleurs-de-bach-par-deva","8":"first","9":"instock","10":"taxable","11":"shipping-taxable","12":"purchasable","13":"product-type-simple"},"etheme_brands":{"errors":{"invalid_taxonomy":["Taxonomie non valide."]},"error_data":[]},"jetpack_sharing_enabled":true,"jetpack-related-posts":[{"id":2861,"url":"https:\/\/artstella-elixirs-floraux.com\/fr_fr\/produit\/olive-15-ml-phi\/","url_meta":{"origin":5944,"position":0},"title":"OLIVE 15 ML PHI","author":"eveapprill","date":"9 mars 2025","format":false,"excerpt":"Olive (Olea europoea) (Olive) Dans les moments d'\u00e9puisement, l'olivier nous aide \u00e0 nous r\u00e9tablir.","rel":"","context":"Article similaire","block_context":{"text":"Article similaire","link":""},"img":{"alt_text":"","src":"https:\/\/i0.wp.com\/artstella-elixirs-floraux.com\/wp-content\/uploads\/2025\/03\/wp-image1090.png?resize=350%2C200&ssl=1","width":350,"height":200},"classes":[]},{"id":5877,"url":"https:\/\/artstella-elixirs-floraux.com\/fr_fr\/produit\/compose-n19-renaissance-deva-30ml\/","url_meta":{"origin":5944,"position":1},"title":"Compos\u00e9 n\u00b019 RENAISSANCE DEVA 30ml","author":"eveapprill","date":"9 mars 2025","format":false,"excerpt":"Compos\u00e9 n\u00b019 Renaissance DEVA 30ml Aide \u00e0 retrouver une paix profonde et sa pleine int\u00e9grit\u00e9 physique, mentale et \u00e9motionnelle apr\u00e8s une situation d'\u00e9puisement total.","rel":"","context":"Article similaire","block_context":{"text":"Article similaire","link":""},"img":{"alt_text":"","src":"https:\/\/i0.wp.com\/artstella-elixirs-floraux.com\/wp-content\/uploads\/2025\/03\/367f6051-abea-4271-a4de-e0b28fe2b56e.jpg?resize=350%2C200&ssl=1","width":350,"height":200,"srcset":"https:\/\/i0.wp.com\/artstella-elixirs-floraux.com\/wp-content\/uploads\/2025\/03\/367f6051-abea-4271-a4de-e0b28fe2b56e.jpg?resize=350%2C200&ssl=1 1x, https:\/\/i0.wp.com\/artstella-elixirs-floraux.com\/wp-content\/uploads\/2025\/03\/367f6051-abea-4271-a4de-e0b28fe2b56e.jpg?resize=525%2C300&ssl=1 1.5x, https:\/\/i0.wp.com\/artstella-elixirs-floraux.com\/wp-content\/uploads\/2025\/03\/367f6051-abea-4271-a4de-e0b28fe2b56e.jpg?resize=700%2C400&ssl=1 2x"},"classes":[]}],"_links":{"self":[{"href":"https:\/\/artstella-elixirs-floraux.com\/fr_fr\/wp-json\/wp\/v2\/product\/5944","targetHints":{"allow":["GET"]}}],"collection":[{"href":"https:\/\/artstella-elixirs-floraux.com\/fr_fr\/wp-json\/wp\/v2\/product"}],"about":[{"href":"https:\/\/artstella-elixirs-floraux.com\/fr_fr\/wp-json\/wp\/v2\/types\/product"}],"version-history":[{"count":0,"href":"https:\/\/artstella-elixirs-floraux.com\/fr_fr\/wp-json\/wp\/v2\/product\/5944\/revisions"}],"wp:featuredmedia":[{"embeddable":true,"href":"https:\/\/artstella-elixirs-floraux.com\/fr_fr\/wp-json\/wp\/v2\/media\/5945"}],"wp:attachment":[{"href":"https:\/\/artstella-elixirs-floraux.com\/fr_fr\/wp-json\/wp\/v2\/media?parent=5944"}],"wp:term":[{"taxonomy":"product_brand","embeddable":true,"href":"https:\/\/artstella-elixirs-floraux.com\/fr_fr\/wp-json\/wp\/v2\/product_brand?post=5944"},{"taxonomy":"product_cat","embeddable":true,"href":"https:\/\/artstella-elixirs-floraux.com\/fr_fr\/wp-json\/wp\/v2\/product_cat?post=5944"},{"taxonomy":"product_tag","embeddable":true,"href":"https:\/\/artstella-elixirs-floraux.com\/fr_fr\/wp-json\/wp\/v2\/product_tag?post=5944"}],"curies":[{"name":"wp","href":"https:\/\/api.w.org\/{rel}","templated":true}]}}