{"id":5954,"date":"2025-03-09T13:50:29","date_gmt":"2025-03-09T13:50:29","guid":{"rendered":"https:\/\/artstella-elixirs-floraux.com\/product\/prunus15ml-deva\/"},"modified":"2025-06-02T06:45:26","modified_gmt":"2025-06-02T06:45:26","slug":"prunus15ml-deva","status":"publish","type":"product","link":"https:\/\/artstella-elixirs-floraux.com\/fr_fr\/produit\/prunus15ml-deva\/","title":{"rendered":"Prunus15ml DEVA"},"content":{"rendered":"","protected":false},"excerpt":{"rendered":"<h2>Prunus &#8211; Cherry plum<\/h2>\n<p class=\"produitsFicheLatin\"><em>Prunus cerasifera<\/em><\/p>\n<p class=\"produitsFicheCategorie\"><em>Calme mental, paix de l\u2019\u00e2me<\/em><\/p>\n<p class=\"produitsFicheCategorie\">Aide \u00e0 surmonter les peurs obsessionnelles, la peur d&rsquo;agir de mani\u00e8re incontr\u00f4l\u00e9e, d&rsquo;aller trop loin ou de commettre un acte contre sa propre volont\u00e9.<\/p>\n","protected":false},"featured_media":5955,"template":"","meta":[],"product_brand":[],"product_cat":[189],"product_tag":[],"class_list":{"0":"post-5954","1":"product","2":"type-product","3":"status-publish","4":"has-post-thumbnail","6":"product_cat-les-fleurs-de-bach-par-deva","8":"first","9":"instock","10":"taxable","11":"shipping-taxable","12":"purchasable","13":"product-type-simple"},"etheme_brands":{"errors":{"invalid_taxonomy":["Taxonomie non valide."]},"error_data":[]},"jetpack_sharing_enabled":true,"jetpack-related-posts":[{"id":3258,"url":"https:\/\/artstella-elixirs-floraux.com\/fr_fr\/produit\/amandier-phi-15-ml\/","url_meta":{"origin":5954,"position":0},"title":"AMANDIER PHI 15 ML","author":"eveapprill","date":"9 mars 2025","format":false,"excerpt":"Amandier (Prunus amydgdalus) (Mandelbaum) Nous permet de d\u00e9couvrir le sens de chaque phase de la vie, pour continuer \u00e0 nous d\u00e9velopper. L'\u00e9lixir aide \u00e0 accepter la relativit\u00e9 du monde mat\u00e9riel. Il est pr\u00e9cieux \u00e0 ceux qui ont peur de vieillir.","rel":"","context":"Article similaire","block_context":{"text":"Article similaire","link":""},"img":{"alt_text":"","src":"https:\/\/i0.wp.com\/artstella-elixirs-floraux.com\/wp-content\/uploads\/2025\/03\/wp-image670.png?resize=350%2C200&ssl=1","width":350,"height":200},"classes":[]},{"id":2814,"url":"https:\/\/artstella-elixirs-floraux.com\/fr_fr\/produit\/cherry-plum-phi-15ml\/","url_meta":{"origin":5954,"position":1},"title":"CHERRY PLUM PHI 15ML","author":"eveapprill","date":"9 mars 2025","format":false,"excerpt":"Cherry Plum (Prunus cerasifera) (Prunier) Nous aide dans les situations aigu\u00ebs dans lesquelles nous avons l'impression que nous allons exploser.","rel":"","context":"Article similaire","block_context":{"text":"Article similaire","link":""},"img":{"alt_text":"","src":"https:\/\/i0.wp.com\/artstella-elixirs-floraux.com\/wp-content\/uploads\/2025\/03\/wp-image338.png?resize=350%2C200&ssl=1","width":350,"height":200},"classes":[]},{"id":5887,"url":"https:\/\/artstella-elixirs-floraux.com\/fr_fr\/produit\/complexe-n18-confort-feminin-50\/","url_meta":{"origin":5954,"position":2},"title":"COMPLEXE N\u00b018 Confort f\u00e9minin 50+","author":"eveapprill","date":"9 mars 2025","format":false,"excerpt":"Compos\u00e9 n\u00b018 Confort f\u00e9minin 50+ Att\u00e9nue les inconforts li\u00e9s \u00e0 la m\u00e9nopause et la p\u00e9rim\u00e9nopause. Il invite \u00e0 explorer de nouveaux potentiels cr\u00e9atifs et \u00e0 r\u00e9inventer sa vie avec douceur et d\u00e9termination.","rel":"","context":"Article similaire","block_context":{"text":"Article similaire","link":""},"img":{"alt_text":"","src":"https:\/\/i0.wp.com\/artstella-elixirs-floraux.com\/wp-content\/uploads\/2025\/03\/3696bcd9-07eb-418b-a5c4-70918870797f.jpg?resize=350%2C200&ssl=1","width":350,"height":200,"srcset":"https:\/\/i0.wp.com\/artstella-elixirs-floraux.com\/wp-content\/uploads\/2025\/03\/3696bcd9-07eb-418b-a5c4-70918870797f.jpg?resize=350%2C200&ssl=1 1x, https:\/\/i0.wp.com\/artstella-elixirs-floraux.com\/wp-content\/uploads\/2025\/03\/3696bcd9-07eb-418b-a5c4-70918870797f.jpg?resize=525%2C300&ssl=1 1.5x, https:\/\/i0.wp.com\/artstella-elixirs-floraux.com\/wp-content\/uploads\/2025\/03\/3696bcd9-07eb-418b-a5c4-70918870797f.jpg?resize=700%2C400&ssl=1 2x"},"classes":[]},{"id":5227,"url":"https:\/\/artstella-elixirs-floraux.com\/fr_fr\/produit\/rq7-creme\/","url_meta":{"origin":5954,"position":3},"title":"RQ7 Creme","author":"eveapprill","date":"9 mars 2025","format":false,"excerpt":"RQ7 CREME Cette cr\u00e8me bienfaisante est compos\u00e9e des sept \u00e9lixirs de fleurs du compos\u00e9 RQ7. Utilisez-la dans les situations d'aide, en cas de fatigue par ex.(60 Gr)Sans paraben","rel":"","context":"Article similaire","block_context":{"text":"Article similaire","link":""},"img":{"alt_text":"","src":"https:\/\/i0.wp.com\/artstella-elixirs-floraux.com\/wp-content\/uploads\/2025\/03\/49043db5-a27d-488b-b2b5-41116f68f3ba.jpg?resize=350%2C200&ssl=1","width":350,"height":200,"srcset":"https:\/\/i0.wp.com\/artstella-elixirs-floraux.com\/wp-content\/uploads\/2025\/03\/49043db5-a27d-488b-b2b5-41116f68f3ba.jpg?resize=350%2C200&ssl=1 1x, https:\/\/i0.wp.com\/artstella-elixirs-floraux.com\/wp-content\/uploads\/2025\/03\/49043db5-a27d-488b-b2b5-41116f68f3ba.jpg?resize=525%2C300&ssl=1 1.5x, https:\/\/i0.wp.com\/artstella-elixirs-floraux.com\/wp-content\/uploads\/2025\/03\/49043db5-a27d-488b-b2b5-41116f68f3ba.jpg?resize=700%2C400&ssl=1 2x"},"classes":[]},{"id":5327,"url":"https:\/\/artstella-elixirs-floraux.com\/fr_fr\/produit\/creme-assistance\/","url_meta":{"origin":5954,"position":4},"title":"cr\u00e8me \u00ab\u00a0Assistance\u00a0\u00bb","author":"eveapprill","date":"9 mars 2025","format":false,"excerpt":"La cr\u00e8me ASSISTANCE soutient l'organisme durant les situations de crise et aide \u00e0 surmonter tout \u00e9v\u00e9nement stressant. La cr\u00e8me ASSISTANCE est une pr\u00e9paration essentielle de premier soin pour la peau, qui aide \u00e0 surmonter les petits chocs de la vie quotidienne.","rel":"","context":"Article similaire","block_context":{"text":"Article similaire","link":""},"img":{"alt_text":"","src":"https:\/\/i0.wp.com\/artstella-elixirs-floraux.com\/wp-content\/uploads\/2025\/03\/wp-image1599.png?resize=350%2C200&ssl=1","width":350,"height":200},"classes":[]},{"id":5277,"url":"https:\/\/artstella-elixirs-floraux.com\/fr_fr\/produit\/complexe-n1-assistance-deva-30ml\/","url_meta":{"origin":5954,"position":5},"title":"COMPLEXE N\u00b01 Assistance DEVA 30ml","author":"eveapprill","date":"9 mars 2025","format":false,"excerpt":"COMPLEXE N\u00b01 Assistance est \u00e0 utiliser dans toutes les situations d\u2019urgence \u00e9motionnelle et de grande tension, avant tout \u00e9v\u00e9nement \u00e9prouvant pour garder son sang-froid : nouvelle inattendue, entretien d\u2019embauche, RDV chez le dentiste, trac\u2026","rel":"","context":"Article similaire","block_context":{"text":"Article similaire","link":""},"img":{"alt_text":"","src":"https:\/\/i0.wp.com\/artstella-elixirs-floraux.com\/wp-content\/uploads\/2025\/03\/be12ebcd-d68e-4f7c-8884-27cd0590f062.jpg?resize=350%2C200&ssl=1","width":350,"height":200,"srcset":"https:\/\/i0.wp.com\/artstella-elixirs-floraux.com\/wp-content\/uploads\/2025\/03\/be12ebcd-d68e-4f7c-8884-27cd0590f062.jpg?resize=350%2C200&ssl=1 1x, https:\/\/i0.wp.com\/artstella-elixirs-floraux.com\/wp-content\/uploads\/2025\/03\/be12ebcd-d68e-4f7c-8884-27cd0590f062.jpg?resize=525%2C300&ssl=1 1.5x, https:\/\/i0.wp.com\/artstella-elixirs-floraux.com\/wp-content\/uploads\/2025\/03\/be12ebcd-d68e-4f7c-8884-27cd0590f062.jpg?resize=700%2C400&ssl=1 2x"},"classes":[]}],"_links":{"self":[{"href":"https:\/\/artstella-elixirs-floraux.com\/fr_fr\/wp-json\/wp\/v2\/product\/5954","targetHints":{"allow":["GET"]}}],"collection":[{"href":"https:\/\/artstella-elixirs-floraux.com\/fr_fr\/wp-json\/wp\/v2\/product"}],"about":[{"href":"https:\/\/artstella-elixirs-floraux.com\/fr_fr\/wp-json\/wp\/v2\/types\/product"}],"version-history":[{"count":0,"href":"https:\/\/artstella-elixirs-floraux.com\/fr_fr\/wp-json\/wp\/v2\/product\/5954\/revisions"}],"wp:featuredmedia":[{"embeddable":true,"href":"https:\/\/artstella-elixirs-floraux.com\/fr_fr\/wp-json\/wp\/v2\/media\/5955"}],"wp:attachment":[{"href":"https:\/\/artstella-elixirs-floraux.com\/fr_fr\/wp-json\/wp\/v2\/media?parent=5954"}],"wp:term":[{"taxonomy":"product_brand","embeddable":true,"href":"https:\/\/artstella-elixirs-floraux.com\/fr_fr\/wp-json\/wp\/v2\/product_brand?post=5954"},{"taxonomy":"product_cat","embeddable":true,"href":"https:\/\/artstella-elixirs-floraux.com\/fr_fr\/wp-json\/wp\/v2\/product_cat?post=5954"},{"taxonomy":"product_tag","embeddable":true,"href":"https:\/\/artstella-elixirs-floraux.com\/fr_fr\/wp-json\/wp\/v2\/product_tag?post=5954"}],"curies":[{"name":"wp","href":"https:\/\/api.w.org\/{rel}","templated":true}]}}