{"id":5958,"date":"2025-03-09T13:50:31","date_gmt":"2025-03-09T13:50:31","guid":{"rendered":"https:\/\/artstella-elixirs-floraux.com\/product\/tremble-15ml-deva\/"},"modified":"2025-06-02T06:45:26","modified_gmt":"2025-06-02T06:45:26","slug":"tremble-15ml-deva","status":"publish","type":"product","link":"https:\/\/artstella-elixirs-floraux.com\/fr_fr\/produit\/tremble-15ml-deva\/","title":{"rendered":"Tremble 15ml DEVA"},"content":{"rendered":"","protected":false},"excerpt":{"rendered":"<h2>Tremble &#8211; Aspen<\/h2>\n<p class=\"produitsFicheLatin\"><em>Populus tremula<\/em><\/p>\n<p class=\"produitsFicheCategorie\"><em>Compr\u00e9hension et acceptation de l\u2019inconnu<\/em><\/p>\n<p class=\"produitsFicheCategorie\">Apporte le courage pour faire face \u00e0 l&rsquo;inconnu. Pour surmonter les peurs d&rsquo;origine inconnue, les peurs vagues, irraisonn\u00e9es et inexplicables.<\/p>\n","protected":false},"featured_media":5959,"template":"","meta":[],"product_brand":[],"product_cat":[189],"product_tag":[],"class_list":{"0":"post-5958","1":"product","2":"type-product","3":"status-publish","4":"has-post-thumbnail","6":"product_cat-les-fleurs-de-bach-par-deva","8":"first","9":"instock","10":"taxable","11":"shipping-taxable","12":"purchasable","13":"product-type-simple"},"etheme_brands":{"errors":{"invalid_taxonomy":["Taxonomie non valide."]},"error_data":[]},"jetpack_sharing_enabled":true,"jetpack-related-posts":[{"id":2268,"url":"https:\/\/artstella-elixirs-floraux.com\/fr_fr\/produit\/round-leaved-sundew-alaskan\/","url_meta":{"origin":5958,"position":0},"title":"Round-leaved sundew Alaskan","author":"eveapprill","date":"9 mars 2025","format":false,"excerpt":"Round-leaved sundew. Drosera rotundifolia Attachement au connu, peur de l'inconnu ; pr\u00e9f\u00e8re lutter que de changer ; sur-identification \u00e0 l'ego.","rel":"","context":"Article similaire","block_context":{"text":"Article similaire","link":""},"img":{"alt_text":"","src":"https:\/\/i0.wp.com\/artstella-elixirs-floraux.com\/wp-content\/uploads\/2025\/03\/wp-image578.png?resize=350%2C200&ssl=1","width":350,"height":200},"classes":[]},{"id":2803,"url":"https:\/\/artstella-elixirs-floraux.com\/fr_fr\/produit\/aspen-phi-15-ml\/","url_meta":{"origin":5958,"position":1},"title":"ASPEN PHI 15 ML","author":"eveapprill","date":"9 mars 2025","format":false,"excerpt":"Aspen populus (Tremula) (Tremble)\u00a0 Apporte de la protection contre les craintes vagues, d'origine inconnue. Permet d'utiliser sa sensibilit\u00e9 de mani\u00e8re positive.","rel":"","context":"Article similaire","block_context":{"text":"Article similaire","link":""},"img":{"alt_text":"","src":"https:\/\/i0.wp.com\/artstella-elixirs-floraux.com\/wp-content\/uploads\/2025\/03\/wp-image334.png?resize=350%2C200&ssl=1","width":350,"height":200},"classes":[]},{"id":4072,"url":"https:\/\/artstella-elixirs-floraux.com\/fr_fr\/produit\/toloache-15-ml-sylfos\/","url_meta":{"origin":5958,"position":2},"title":"TOLOACHE \/ TROMPETTE DU JUGEMENT DERNIER SYLFOS","author":"eveapprill","date":"9 mars 2025","format":false,"excerpt":"TOLOACHE Datura arborea Courage, foi. Aide \u00e0 surmonter la peur de la mort et la peur de l\u2019inconnu. Pour accepter le d\u00e9part d\u2019un \u00eatre cher avec compr\u00e9hension et compassion, en se lib\u00e9rant des attachements \u00e9motionnels...","rel":"","context":"Article similaire","block_context":{"text":"Article similaire","link":""},"img":{"alt_text":"","src":"","width":0,"height":0},"classes":[]},{"id":2102,"url":"https:\/\/artstella-elixirs-floraux.com\/fr_fr\/produit\/bog-rosemary-alaska\/","url_meta":{"origin":5958,"position":3},"title":"BOG ROSEMARY ALASKA","author":"eveapprill","date":"9 mars 2025","format":false,"excerpt":"BOG ROSEMARY ALASKA Pour le manque de confiance, la peur paralysante de l'inconnu, l'incapacit\u00e9 de prendre des risques. lib\u00e8re de la peur et de la r\u00e9sistance \u00e0 avancer. Renforce la foi.","rel":"","context":"Article similaire","block_context":{"text":"Article similaire","link":""},"img":{"alt_text":"","src":"https:\/\/i0.wp.com\/artstella-elixirs-floraux.com\/wp-content\/uploads\/2025\/03\/wp-image45.png?resize=350%2C200&ssl=1","width":350,"height":200},"classes":[]},{"id":2154,"url":"https:\/\/artstella-elixirs-floraux.com\/fr_fr\/produit\/foxglove-alaska\/","url_meta":{"origin":5958,"position":4},"title":"FOXGLOVE ALASKA","author":"eveapprill","date":"9 mars 2025","format":false,"excerpt":"FOXGLOVE ALASKA Peur de l'inconnu; manque d'ouverture face au d\u00e9fi; ne peut voir les causes de nos conflits et difficult\u00e9s. Lib\u00e9ration des peurs et de tension \u00e9motionnelle au niveau du c\u0153ur; permet \u00e0 nos perceptions de s'\u00e9largir pour voir la v\u00e9rit\u00e9 de la situation.","rel":"","context":"Article similaire","block_context":{"text":"Article similaire","link":""},"img":{"alt_text":"","src":"https:\/\/i0.wp.com\/artstella-elixirs-floraux.com\/wp-content\/uploads\/2025\/03\/wp-image457.png?resize=350%2C200&ssl=1","width":350,"height":200},"classes":[]},{"id":4115,"url":"https:\/\/artstella-elixirs-floraux.com\/fr_fr\/produit\/saumon-sylfos-15ml\/","url_meta":{"origin":5958,"position":5},"title":"SAUMON SYLFOS 15ML","author":"eveapprill","date":"9 mars 2025","format":false,"excerpt":"SALM\u00d3N \/ SAUMON\u00a0\u00a0 Connaissance de la Vie \u2013 Confiance \u2013 Libert\u00e9. En voyageur vers le Divin, le saumon\u00a0 aide \u00e0 trouver la signification et l\u2019objectif spirituel de notre vie.","rel":"","context":"Article similaire","block_context":{"text":"Article similaire","link":""},"img":{"alt_text":"","src":"","width":0,"height":0},"classes":[]}],"_links":{"self":[{"href":"https:\/\/artstella-elixirs-floraux.com\/fr_fr\/wp-json\/wp\/v2\/product\/5958","targetHints":{"allow":["GET"]}}],"collection":[{"href":"https:\/\/artstella-elixirs-floraux.com\/fr_fr\/wp-json\/wp\/v2\/product"}],"about":[{"href":"https:\/\/artstella-elixirs-floraux.com\/fr_fr\/wp-json\/wp\/v2\/types\/product"}],"version-history":[{"count":0,"href":"https:\/\/artstella-elixirs-floraux.com\/fr_fr\/wp-json\/wp\/v2\/product\/5958\/revisions"}],"wp:featuredmedia":[{"embeddable":true,"href":"https:\/\/artstella-elixirs-floraux.com\/fr_fr\/wp-json\/wp\/v2\/media\/5959"}],"wp:attachment":[{"href":"https:\/\/artstella-elixirs-floraux.com\/fr_fr\/wp-json\/wp\/v2\/media?parent=5958"}],"wp:term":[{"taxonomy":"product_brand","embeddable":true,"href":"https:\/\/artstella-elixirs-floraux.com\/fr_fr\/wp-json\/wp\/v2\/product_brand?post=5958"},{"taxonomy":"product_cat","embeddable":true,"href":"https:\/\/artstella-elixirs-floraux.com\/fr_fr\/wp-json\/wp\/v2\/product_cat?post=5958"},{"taxonomy":"product_tag","embeddable":true,"href":"https:\/\/artstella-elixirs-floraux.com\/fr_fr\/wp-json\/wp\/v2\/product_tag?post=5958"}],"curies":[{"name":"wp","href":"https:\/\/api.w.org\/{rel}","templated":true}]}}