{"id":5962,"date":"2025-03-09T13:50:34","date_gmt":"2025-03-09T13:50:34","guid":{"rendered":"https:\/\/artstella-elixirs-floraux.com\/product\/vigne-10ml-deva\/"},"modified":"2025-06-08T13:00:27","modified_gmt":"2025-06-08T13:00:27","slug":"vigne-10ml-deva","status":"publish","type":"product","link":"https:\/\/artstella-elixirs-floraux.com\/fr_fr\/produit\/vigne-10ml-deva\/","title":{"rendered":"Vigne 10ml DEVA"},"content":{"rendered":"","protected":false},"excerpt":{"rendered":"<h2>Vigne &#8211; Vine<\/h2>\n<p class=\"produitsFicheLatin\"><em>Vitis vinifera<\/em><\/p>\n<p class=\"produitsFicheCategorie\"><em>Service, respect d\u2019autrui<\/em><\/p>\n<p class=\"produitsFicheCategorie\">Pour les individus s\u00fbrs d&rsquo;eux-m\u00eames, autoritaires, dominateurs et \u00e9go\u00efstes. Pour \u00eatre au service des autres.<\/p>\n","protected":false},"featured_media":5963,"template":"","meta":[],"product_brand":[],"product_cat":[189],"product_tag":[],"class_list":{"0":"post-5962","1":"product","2":"type-product","3":"status-publish","4":"has-post-thumbnail","6":"product_cat-les-fleurs-de-bach-par-deva","8":"first","9":"instock","10":"taxable","11":"shipping-taxable","12":"purchasable","13":"product-type-simple"},"etheme_brands":{"errors":{"invalid_taxonomy":["Taxonomie non valide."]},"error_data":[]},"jetpack_sharing_enabled":true,"jetpack-related-posts":[{"id":2889,"url":"https:\/\/artstella-elixirs-floraux.com\/fr_fr\/produit\/vine-15-ml-phi\/","url_meta":{"origin":5962,"position":0},"title":"VINE 15 ML PHI","author":"eveapprill","date":"9 mars 2025","format":false,"excerpt":"Vine (Vitis vinifera) (Vigne) Nous aide \u00e0 laisser aux autres la possibilit\u00e9 de se d\u00e9velopper et accro\u00eet notre autorit\u00e9 naturelle.","rel":"","context":"Article similaire","block_context":{"text":"Article similaire","link":""},"img":{"alt_text":"","src":"https:\/\/i0.wp.com\/artstella-elixirs-floraux.com\/wp-content\/uploads\/2025\/03\/wp-image1099.png?resize=350%2C200&ssl=1","width":350,"height":200},"classes":[]},{"id":4401,"url":"https:\/\/artstella-elixirs-floraux.com\/fr_fr\/produit\/loving-service-30-ml-wea\/","url_meta":{"origin":5962,"position":1},"title":"LOVING SERVICE 30 ML WEA","author":"eveapprill","date":"9 mars 2025","format":false,"excerpt":"Loving Service (l'amour d\u00e9vou\u00e9) Aide \u00e0 s\u2019engager pleinement au service des autres.","rel":"","context":"Article similaire","block_context":{"text":"Article similaire","link":""},"img":{"alt_text":"","src":"","width":0,"height":0},"classes":[]},{"id":4177,"url":"https:\/\/artstella-elixirs-floraux.com\/fr_fr\/produit\/uriel-messagers-sylfos-15ml\/","url_meta":{"origin":5962,"position":2},"title":"URIEL (MESSAGERS) SYLFOS 15ML","author":"eveapprill","date":"9 mars 2025","format":false,"excerpt":"URIEL Service d\u00e9sint\u00e9ress\u00e9, Don, Accueil, Service, Discernement, Paix, Reconnaissance du Divin en toute chose.","rel":"","context":"Article similaire","block_context":{"text":"Article similaire","link":""},"img":{"alt_text":"","src":"","width":0,"height":0},"classes":[]},{"id":4292,"url":"https:\/\/artstella-elixirs-floraux.com\/fr_fr\/produit\/ant-fourmi-wea-30-ml\/","url_meta":{"origin":5962,"position":3},"title":"ANT\/FOURMI WEA 30 ML","author":"eveapprill","date":"9 mars 2025","format":false,"excerpt":"Ant (fourmi) Infatigable au travail\u00a0; excellente productivit\u00e9\u00a0; action pr\u00e9cise\u00a0; engagement\u00a0; accomplir\u00a0; efficacit\u00e9 prodigieuse\u00a0; service communautaire.","rel":"","context":"Article similaire","block_context":{"text":"Article similaire","link":""},"img":{"alt_text":"","src":"https:\/\/i0.wp.com\/artstella-elixirs-floraux.com\/wp-content\/uploads\/2025\/03\/wp-image2283.png?resize=350%2C200&ssl=1","width":350,"height":200,"srcset":"https:\/\/i0.wp.com\/artstella-elixirs-floraux.com\/wp-content\/uploads\/2025\/03\/wp-image2283.png?resize=350%2C200&ssl=1 1x, https:\/\/i0.wp.com\/artstella-elixirs-floraux.com\/wp-content\/uploads\/2025\/03\/wp-image2283.png?resize=525%2C300&ssl=1 1.5x, https:\/\/i0.wp.com\/artstella-elixirs-floraux.com\/wp-content\/uploads\/2025\/03\/wp-image2283.png?resize=700%2C400&ssl=1 2x"},"classes":[]},{"id":5814,"url":"https:\/\/artstella-elixirs-floraux.com\/fr_fr\/produit\/fourmi-ant-formicidae-15ml-phi\/","url_meta":{"origin":5962,"position":4},"title":"Fourmi (Ant) (Formicidae) 15ml PHI","author":"eveapprill","date":"9 mars 2025","format":false,"excerpt":"Fourmi (Ant) (Formicidae)\u00a0 L\u2019\u00e9lixir aide \u00e0 \u00e9quilibrer \u00e9nerg\u00e9tiquement l\u2019acidit\u00e9 dans le corps. Aide \u00e0 dissoudre les d\u00e9p\u00f4ts au niveau des articulations. Nous apprenons \u00e0 d\u00e9passer l\u2019\u00e9nergie de l\u2019\u00e9go au niveau du plexus solaire et \u00e0 d\u00e9velopper la volont\u00e9 et la d\u00e9termination au service du bien commun.","rel":"","context":"Article similaire","block_context":{"text":"Article similaire","link":""},"img":{"alt_text":"","src":"","width":0,"height":0},"classes":[]},{"id":5862,"url":"https:\/\/artstella-elixirs-floraux.com\/fr_fr\/produit\/papillon-grand-cuivre-feuerfalter-15ml-phi\/","url_meta":{"origin":5962,"position":5},"title":"Papillon Grand cuivr\u00e9 &#8211; Feuerfalter 15ml PHI","author":"eveapprill","date":"9 mars 2025","format":false,"excerpt":"Papillon Grand cuivr\u00e9 - Feuerfalter Nous aide a transformer. Il apporte la conscience du rayon rouge a la terre.\u00a0 Il active les points d accupuncure et les meridians. Il nous connecte avec la conscience de Dieu et tout ce qui est et repr\u00e9senter le rayon rouge pour le service inconditionnel\u2026","rel":"","context":"Article similaire","block_context":{"text":"Article similaire","link":""},"img":{"alt_text":"","src":"https:\/\/i0.wp.com\/artstella-elixirs-floraux.com\/wp-content\/uploads\/2025\/03\/wp-image1945.png?resize=350%2C200&ssl=1","width":350,"height":200},"classes":[]}],"_links":{"self":[{"href":"https:\/\/artstella-elixirs-floraux.com\/fr_fr\/wp-json\/wp\/v2\/product\/5962","targetHints":{"allow":["GET"]}}],"collection":[{"href":"https:\/\/artstella-elixirs-floraux.com\/fr_fr\/wp-json\/wp\/v2\/product"}],"about":[{"href":"https:\/\/artstella-elixirs-floraux.com\/fr_fr\/wp-json\/wp\/v2\/types\/product"}],"version-history":[{"count":0,"href":"https:\/\/artstella-elixirs-floraux.com\/fr_fr\/wp-json\/wp\/v2\/product\/5962\/revisions"}],"wp:featuredmedia":[{"embeddable":true,"href":"https:\/\/artstella-elixirs-floraux.com\/fr_fr\/wp-json\/wp\/v2\/media\/5963"}],"wp:attachment":[{"href":"https:\/\/artstella-elixirs-floraux.com\/fr_fr\/wp-json\/wp\/v2\/media?parent=5962"}],"wp:term":[{"taxonomy":"product_brand","embeddable":true,"href":"https:\/\/artstella-elixirs-floraux.com\/fr_fr\/wp-json\/wp\/v2\/product_brand?post=5962"},{"taxonomy":"product_cat","embeddable":true,"href":"https:\/\/artstella-elixirs-floraux.com\/fr_fr\/wp-json\/wp\/v2\/product_cat?post=5962"},{"taxonomy":"product_tag","embeddable":true,"href":"https:\/\/artstella-elixirs-floraux.com\/fr_fr\/wp-json\/wp\/v2\/product_tag?post=5962"}],"curies":[{"name":"wp","href":"https:\/\/api.w.org\/{rel}","templated":true}]}}