{"id":5964,"date":"2025-03-09T13:50:35","date_gmt":"2025-03-09T13:50:35","guid":{"rendered":"https:\/\/artstella-elixirs-floraux.com\/product\/violette-deau-10ml-deva\/"},"modified":"2025-06-02T06:45:25","modified_gmt":"2025-06-02T06:45:25","slug":"violette-deau-10ml-deva","status":"publish","type":"product","link":"https:\/\/artstella-elixirs-floraux.com\/fr_fr\/produit\/violette-deau-10ml-deva\/","title":{"rendered":"Violette d&rsquo;eau 10ml DEVA"},"content":{"rendered":"","protected":false},"excerpt":{"rendered":"<h2>Violette d&rsquo;eau &#8211; Water violet<\/h2>\n<p class=\"produitsFicheLatin\"><em>Hottonia palustris<\/em><\/p>\n<p class=\"produitsFicheCategorie\"><em>Calme, sagesse, humilit\u00e9<\/em><\/p>\n<p class=\"produitsFicheCategorie\">Pour les personnes r\u00e9serv\u00e9es, ind\u00e9pendantes, distantes, tranquilles et fi\u00e8res. Pour ceux qui aiment \u00eatre seuls et qui ont un sentiment de sup\u00e9riorit\u00e9.<\/p>\n","protected":false},"featured_media":5965,"template":"","meta":[],"product_brand":[],"product_cat":[189],"product_tag":[],"class_list":{"0":"post-5964","1":"product","2":"type-product","3":"status-publish","4":"has-post-thumbnail","6":"product_cat-les-fleurs-de-bach-par-deva","8":"first","9":"instock","10":"taxable","11":"shipping-taxable","12":"purchasable","13":"product-type-simple"},"etheme_brands":{"errors":{"invalid_taxonomy":["Taxonomie non valide."]},"error_data":[]},"jetpack_sharing_enabled":true,"jetpack-related-posts":[{"id":2895,"url":"https:\/\/artstella-elixirs-floraux.com\/fr_fr\/produit\/water-violet-15-ml-phi\/","url_meta":{"origin":5964,"position":0},"title":"WATER VIOLET 15 ML PHI","author":"eveapprill","date":"9 mars 2025","format":false,"excerpt":"Water Violet (Hottonia palustris) (Hottonie des marais ou violette d\u2019eau) Nous aide \u00e0 sortir d'un isolement volontaire et \u00e0 accepter la proximit\u00e9 et l'aide des autres.","rel":"","context":"Article similaire","block_context":{"text":"Article similaire","link":""},"img":{"alt_text":"","src":"https:\/\/i0.wp.com\/artstella-elixirs-floraux.com\/wp-content\/uploads\/2025\/03\/wp-image1101.png?resize=350%2C200&ssl=1","width":350,"height":200},"classes":[]},{"id":4844,"url":"https:\/\/artstella-elixirs-floraux.com\/fr_fr\/produit\/pendentif-electro-violet\/","url_meta":{"origin":5964,"position":1},"title":"Pendentif \u00ab Electro \u00bb (violet)","author":"eveapprill","date":"9 mars 2025","format":false,"excerpt":"Pendentif \u00ab\u00a0Electro\u00a0\u00bb (violet) Pendentif en verre souffl\u00e9 couleur violet, anti-rayonnement, rempli avec les \u00e9lixirs d\u2019Electro (concentr\u00e9s).","rel":"","context":"Article similaire","block_context":{"text":"Article similaire","link":""},"img":{"alt_text":"","src":"https:\/\/i0.wp.com\/artstella-elixirs-floraux.com\/wp-content\/uploads\/2025\/03\/wp-image1356.png?resize=350%2C200&ssl=1","width":350,"height":200,"srcset":"https:\/\/i0.wp.com\/artstella-elixirs-floraux.com\/wp-content\/uploads\/2025\/03\/wp-image1356.png?resize=350%2C200&ssl=1 1x, https:\/\/i0.wp.com\/artstella-elixirs-floraux.com\/wp-content\/uploads\/2025\/03\/wp-image1356.png?resize=525%2C300&ssl=1 1.5x"},"classes":[]},{"id":3052,"url":"https:\/\/artstella-elixirs-floraux.com\/fr_fr\/produit\/sugilite-violette-phi-15-ml\/","url_meta":{"origin":5964,"position":2},"title":"SUGILITE VIOLETTE PHI 15 ML","author":"eveapprill","date":"9 mars 2025","format":false,"excerpt":"Sugilite violette (Violetter Sugilit) Aide \u00e0 l'int\u00e9gration de la spiritualit\u00e9 dans la vie quotidienne. Son action harmonise les \u00e9motions et aide \u00e0 dissoudre l'affliction et la m\u00e9lancolie.","rel":"","context":"Article similaire","block_context":{"text":"Article similaire","link":""},"img":{"alt_text":"","src":"https:\/\/i0.wp.com\/artstella-elixirs-floraux.com\/wp-content\/uploads\/2025\/03\/wp-image649.png?resize=350%2C200&ssl=1","width":350,"height":200},"classes":[]},{"id":2655,"url":"https:\/\/artstella-elixirs-floraux.com\/fr_fr\/produit\/fringed-violet-bush-15ml\/","url_meta":{"origin":5964,"position":3},"title":"FRINGED VIOLET BUSH 15ml","author":"eveapprill","date":"9 mars 2025","format":false,"excerpt":"\u00a0FRINGED VIOLET D\u00e9tresse, aura endommag\u00e9, \u00eatre \u00e9puis\u00e9 par les autres ou par des situations. Effacer les effets de traumatismes r\u00e9cents ou anciens, protection psychique.","rel":"","context":"Article similaire","block_context":{"text":"Article similaire","link":""},"img":{"alt_text":"","src":"https:\/\/i0.wp.com\/artstella-elixirs-floraux.com\/wp-content\/uploads\/2025\/03\/wp-image259.png?resize=350%2C200&ssl=1","width":350,"height":200},"classes":[]},{"id":3229,"url":"https:\/\/artstella-elixirs-floraux.com\/fr_fr\/produit\/violette-15-ml-phi\/","url_meta":{"origin":5964,"position":4},"title":"VIOLETTE 15 ML PHI","author":"eveapprill","date":"9 mars 2025","format":false,"excerpt":"Violette (Viola Hirta) (Veilchen) Pour les personnes qui se sentent isol\u00e9es dans un groupe. Nous apprenons \u00e0 nous ouvrir davantage aux autres et \u00e0 d\u00e9velopper chaleur et confiance dans nos rapports avec autrui. Facilite l'acc\u00e8s \u00e0 nos souvenirs.","rel":"","context":"Article similaire","block_context":{"text":"Article similaire","link":""},"img":{"alt_text":"","src":"https:\/\/i0.wp.com\/artstella-elixirs-floraux.com\/wp-content\/uploads\/2025\/03\/wp-image395.png?resize=350%2C200&ssl=1","width":350,"height":200},"classes":[]},{"id":5808,"url":"https:\/\/artstella-elixirs-floraux.com\/fr_fr\/produit\/violette-des-bois-15-ml-deva\/","url_meta":{"origin":5964,"position":5},"title":"Violette des bois 15 ml DEVA","author":"eveapprill","date":"9 mars 2025","format":false,"excerpt":"Violette des Bois Sensibilit\u00e9 \u00e9panouie. Pour les temp\u00e9raments timides, vuln\u00e9rables, effac\u00e9s qui aiment la solitude. Aide \u00e0 communiquer et \u00e0 sortir d\u2019une trop grande discr\u00e9tion sans renier sa sensibilit\u00e9.","rel":"","context":"Article similaire","block_context":{"text":"Article similaire","link":""},"img":{"alt_text":"","src":"https:\/\/i0.wp.com\/artstella-elixirs-floraux.com\/wp-content\/uploads\/2025\/03\/wp-image2455.png?resize=350%2C200&ssl=1","width":350,"height":200},"classes":[]}],"_links":{"self":[{"href":"https:\/\/artstella-elixirs-floraux.com\/fr_fr\/wp-json\/wp\/v2\/product\/5964","targetHints":{"allow":["GET"]}}],"collection":[{"href":"https:\/\/artstella-elixirs-floraux.com\/fr_fr\/wp-json\/wp\/v2\/product"}],"about":[{"href":"https:\/\/artstella-elixirs-floraux.com\/fr_fr\/wp-json\/wp\/v2\/types\/product"}],"version-history":[{"count":0,"href":"https:\/\/artstella-elixirs-floraux.com\/fr_fr\/wp-json\/wp\/v2\/product\/5964\/revisions"}],"wp:featuredmedia":[{"embeddable":true,"href":"https:\/\/artstella-elixirs-floraux.com\/fr_fr\/wp-json\/wp\/v2\/media\/5965"}],"wp:attachment":[{"href":"https:\/\/artstella-elixirs-floraux.com\/fr_fr\/wp-json\/wp\/v2\/media?parent=5964"}],"wp:term":[{"taxonomy":"product_brand","embeddable":true,"href":"https:\/\/artstella-elixirs-floraux.com\/fr_fr\/wp-json\/wp\/v2\/product_brand?post=5964"},{"taxonomy":"product_cat","embeddable":true,"href":"https:\/\/artstella-elixirs-floraux.com\/fr_fr\/wp-json\/wp\/v2\/product_cat?post=5964"},{"taxonomy":"product_tag","embeddable":true,"href":"https:\/\/artstella-elixirs-floraux.com\/fr_fr\/wp-json\/wp\/v2\/product_tag?post=5964"}],"curies":[{"name":"wp","href":"https:\/\/api.w.org\/{rel}","templated":true}]}}