{"id":5966,"date":"2025-03-09T13:50:37","date_gmt":"2025-03-09T13:50:37","guid":{"rendered":"https:\/\/artstella-elixirs-floraux.com\/product\/agripaume-bloesem-10ml-motherwort\/"},"modified":"2025-04-05T14:10:19","modified_gmt":"2025-04-05T14:10:19","slug":"agripaume-bloesem-10ml-motherwort","status":"publish","type":"product","link":"https:\/\/artstella-elixirs-floraux.com\/fr_fr\/produit\/agripaume-bloesem-10ml-motherwort\/","title":{"rendered":"Agripaume BLOESEM 10ml Motherwort"},"content":{"rendered":"<p>Quand une personne n\u2019a pas re\u00e7u de la famille de la chaleur et de elle peut s\u2019endurcir se sentir comme un \u00e9tranger dans un pays \u00e9tranger, incapable de voir la famille comme le lieu naturel d\u2019appartenance.<\/p>\n","protected":false},"excerpt":{"rendered":"<p><strong>AGRIPAUME HARTGESPAN &#8211; Leonurus cardiaca<\/strong><\/p>\n<p>Cet \u00e9lixir est sp\u00e9cifique pour le rapport avec la famille. Il est adapt\u00e9 \u00e0 ceux qui ne se ressentent pas \u00e0 l\u2019aise chez eux ou qui sont susceptibles ou nerveux dans le cercle familial.<\/p>\n","protected":false},"featured_media":7719,"template":"","meta":[],"product_brand":[],"product_cat":[190],"product_tag":[],"class_list":{"0":"post-5966","1":"product","2":"type-product","3":"status-publish","4":"has-post-thumbnail","6":"product_cat-elixirs-bloesem-supplementaires","8":"first","9":"instock","10":"taxable","11":"shipping-taxable","12":"purchasable","13":"product-type-simple"},"etheme_brands":{"errors":{"invalid_taxonomy":["Taxonomie non valide."]},"error_data":[]},"jetpack_sharing_enabled":true,"jetpack-related-posts":[{"id":2363,"url":"https:\/\/artstella-elixirs-floraux.com\/fr_fr\/produit\/yellow-dryas-alaskan\/","url_meta":{"origin":5966,"position":0},"title":"Yellow Dryas Alaskan","author":"eveapprill","date":"9 mars 2025","format":false,"excerpt":"Yellow Dryas. Dryas drummondii Se sent \u00e9tranger \u00e0 sa famille d'\u00e2me. Incapacit\u00e9 \u00e0 sentir le fil conducteur qui fait de nos exp\u00e9riences un tout coh\u00e9rent et compr\u00e9hensible.","rel":"","context":"Article similaire","block_context":{"text":"Article similaire","link":""},"img":{"alt_text":"wp-image604","src":"https:\/\/i0.wp.com\/artstella-elixirs-floraux.com\/wp-content\/uploads\/2025\/03\/wp-image604.png?resize=350%2C200&ssl=1","width":350,"height":200},"classes":[]},{"id":2276,"url":"https:\/\/artstella-elixirs-floraux.com\/fr_fr\/produit\/single-delight-alaskan\/","url_meta":{"origin":5966,"position":1},"title":"Single delight Alaskan","author":"eveapprill","date":"9 mars 2025","format":false,"excerpt":"Single delight. Moneses uniflora Se sent isol\u00e9 et esseul\u00e9, sp\u00e9cialement au cours d'une p\u00e9riode sombre et d\u00e9primante ;","rel":"","context":"Article similaire","block_context":{"text":"Article similaire","link":""},"img":{"alt_text":"","src":"https:\/\/i0.wp.com\/artstella-elixirs-floraux.com\/wp-content\/uploads\/2025\/03\/wp-image580.png?resize=350%2C200&ssl=1","width":350,"height":200},"classes":[]},{"id":2355,"url":"https:\/\/artstella-elixirs-floraux.com\/fr_fr\/produit\/willow-alaskan\/","url_meta":{"origin":5966,"position":2},"title":"Willow Alaskan 30 ML","author":"eveapprill","date":"9 mars 2025","format":false,"excerpt":"Willow. Salix bebbiana. Famille du saule R\u00e9sistance \u00e0 se sentir responsable de nos actions ou de ce que nous avons \u00e0 cr\u00e9er dans nos vies ; inconscience de l'effet de nos pens\u00e9es sur la r\u00e9alit\u00e9.","rel":"","context":"Article similaire","block_context":{"text":"Article similaire","link":""},"img":{"alt_text":"","src":"https:\/\/i0.wp.com\/artstella-elixirs-floraux.com\/wp-content\/uploads\/2025\/03\/wp-image602.png?resize=350%2C200&ssl=1","width":350,"height":200},"classes":[]},{"id":5388,"url":"https:\/\/artstella-elixirs-floraux.com\/fr_fr\/produit\/daira-sylfos-15-ml-pap\/","url_meta":{"origin":5966,"position":3},"title":"DAIRA SYLFOS 15 ML PAP","author":"eveapprill","date":"9 mars 2025","format":false,"excerpt":"29 \u2013 DAIRA\/ DAIRA Eurema daira\u00a0\u00a0 Nouvel horizon \u2013 Force et valeur Un \u00e9lixir pour les personnes qui se sentent prisonni\u00e8res des circonstances (lorsqu\u2019il y a un probl\u00e8me avec un membre de la famille, rupture de relation ou de travail, etc.).\u00a0","rel":"","context":"Article similaire","block_context":{"text":"Article similaire","link":""},"img":{"alt_text":"","src":"","width":0,"height":0},"classes":[]},{"id":5392,"url":"https:\/\/artstella-elixirs-floraux.com\/fr_fr\/produit\/mexicano-azul-sylfos-15-ml-pap\/","url_meta":{"origin":5966,"position":4},"title":"MEXICANO AZUL SYLFOS 15 ML PAP","author":"eveapprill","date":"9 mars 2025","format":false,"excerpt":"32 - MEXICANO AZUL\/ MEXICAIN BLEU \u00a0Myscelia ethusa\u00a0\u00a0 \u00catre soi-m\u00eame - Compr\u00e9hension Pour comprendre les familles avec des probl\u00e8mes, les sch\u00e9mas culturels et l\u2019impact que cela a dans nos vies, et dans la n\u00f4tre en particulier. En rompant avec les\u00a0 attentes culturelles et sociales des autres,\u00a0","rel":"","context":"Article similaire","block_context":{"text":"Article similaire","link":""},"img":{"alt_text":"","src":"","width":0,"height":0},"classes":[]},{"id":3066,"url":"https:\/\/artstella-elixirs-floraux.com\/fr_fr\/produit\/lune-planete-phi-15-ml\/","url_meta":{"origin":5966,"position":5},"title":"LUNE PLANETE PHI 15 ML","author":"eveapprill","date":"9 mars 2025","format":false,"excerpt":"LuneCorrespond au principe maternel. Nous relie \u00e0 nouveau \u00e0 l'essence f\u00e9minine divine. Nous aide \u00e0 reconna\u00eetre la gr\u00e2ce divine de la maternit\u00e9. Favorise l'intuition et soutient le sentiment d'appartenance \u00e0 une famille, \u00e0 un groupe.","rel":"","context":"Article similaire","block_context":{"text":"Article similaire","link":""},"img":{"alt_text":"","src":"https:\/\/i0.wp.com\/artstella-elixirs-floraux.com\/wp-content\/uploads\/2025\/03\/wp-image522.png?resize=350%2C200&ssl=1","width":350,"height":200},"classes":[]}],"_links":{"self":[{"href":"https:\/\/artstella-elixirs-floraux.com\/fr_fr\/wp-json\/wp\/v2\/product\/5966","targetHints":{"allow":["GET"]}}],"collection":[{"href":"https:\/\/artstella-elixirs-floraux.com\/fr_fr\/wp-json\/wp\/v2\/product"}],"about":[{"href":"https:\/\/artstella-elixirs-floraux.com\/fr_fr\/wp-json\/wp\/v2\/types\/product"}],"version-history":[{"count":0,"href":"https:\/\/artstella-elixirs-floraux.com\/fr_fr\/wp-json\/wp\/v2\/product\/5966\/revisions"}],"wp:featuredmedia":[{"embeddable":true,"href":"https:\/\/artstella-elixirs-floraux.com\/fr_fr\/wp-json\/wp\/v2\/media\/7719"}],"wp:attachment":[{"href":"https:\/\/artstella-elixirs-floraux.com\/fr_fr\/wp-json\/wp\/v2\/media?parent=5966"}],"wp:term":[{"taxonomy":"product_brand","embeddable":true,"href":"https:\/\/artstella-elixirs-floraux.com\/fr_fr\/wp-json\/wp\/v2\/product_brand?post=5966"},{"taxonomy":"product_cat","embeddable":true,"href":"https:\/\/artstella-elixirs-floraux.com\/fr_fr\/wp-json\/wp\/v2\/product_cat?post=5966"},{"taxonomy":"product_tag","embeddable":true,"href":"https:\/\/artstella-elixirs-floraux.com\/fr_fr\/wp-json\/wp\/v2\/product_tag?post=5966"}],"curies":[{"name":"wp","href":"https:\/\/api.w.org\/{rel}","templated":true}]}}