{"id":5976,"date":"2025-03-09T13:50:43","date_gmt":"2025-03-09T13:50:43","guid":{"rendered":"https:\/\/artstella-elixirs-floraux.com\/product\/rainbow-10-ml-bush\/"},"modified":"2025-06-05T13:13:30","modified_gmt":"2025-06-05T13:13:30","slug":"rainbow-10-ml-bush","status":"publish","type":"product","link":"https:\/\/artstella-elixirs-floraux.com\/fr_fr\/produit\/rainbow-10-ml-bush\/","title":{"rendered":"RAINBOW 10 ML BUSH"},"content":{"rendered":"<p>En absorbant chaque couleur et en les activant dans votre corps, votre c\u0153ur et votre esprit, am\u00e8ne une compr\u00e9hension, une gu\u00e9rison et un amour profonds \u00e0 partir de la source.<\/p>\n","protected":false},"excerpt":{"rendered":"<ul>\n<li>\n<p><strong>\u00a0RAINBOW<\/strong><\/p>\n<p>am\u00e8ne en vous l&rsquo;\u00e9nergie de Solar Logos en douceur<\/li>\n<li>rend conscient de votre pluridimensionnalit\u00e9 et de celle de l&rsquo;univers<\/li>\n<li>permet \u00e0 la lumi\u00e8re christique de rayonner profond\u00e9ment dans les zones d&rsquo;ombre de votre psych\u00e8 pour trouver des qualit\u00e9s perdues, enfouies ou cach\u00e9es<\/li>\n<\/ul>\n","protected":false},"featured_media":9940,"template":"","meta":[],"product_brand":[],"product_cat":[191],"product_tag":[],"class_list":{"0":"post-5976","1":"product","2":"type-product","3":"status-publish","4":"has-post-thumbnail","6":"product_cat-les-elixirs-divine-presence-du-bush-australien","8":"first","9":"instock","10":"taxable","11":"shipping-taxable","12":"purchasable","13":"product-type-simple"},"etheme_brands":{"errors":{"invalid_taxonomy":["Taxonomie non valide."]},"error_data":[]},"jetpack_sharing_enabled":true,"jetpack-related-posts":[{"id":5478,"url":"https:\/\/artstella-elixirs-floraux.com\/fr_fr\/produit\/rainbow-arc-en-ciel-30ml-bloesem\/","url_meta":{"origin":5976,"position":0},"title":"RAINBOW Arc en Ciel Bloesem Remedies","author":"eveapprill","date":"9 mars 2025","format":false,"excerpt":"Rainbow - Arc en Ciel 30 ml Bloesem Remedies (Bourrache, Impatience, Monnaie du Pape, Coquelicot, Lamier rouge) \u00a0\u201cUn pont entre le ciel et la terre\u201d, cette combinaison d\u2019\u00e9lixirs\u00a0 favorise le d\u00e9veloppement personnel et stimule la cr\u00e9ativit\u00e9.\u00a0 Pour commencer \u00e0 neuf et laisser l\u2019ancien de c\u00f4t\u00e9.","rel":"","context":"Article similaire","block_context":{"text":"Article similaire","link":""},"img":{"alt_text":"","src":"","width":0,"height":0},"classes":[]},{"id":3487,"url":"https:\/\/artstella-elixirs-floraux.com\/fr_fr\/produit\/defender-of-the-light-ltoe-15ml\/","url_meta":{"origin":5976,"position":1},"title":"DEFENDER OF THE LIGHT LTOE 15ML","author":"eveapprill","date":"9 mars 2025","format":false,"excerpt":"Defender of Ligth \/ D\u00e9fenseur de la lumi\u00e8re * (Defender from the Dark et Violacea Veritas), L\u2019effet de Viola Veritas ouvrant et activant le troisi\u00e8me \u0153il peut amener la personne \u00e0 faire face \u00e0 des \u00e9nergies n\u00e9gatives, pouvant troubler la psych\u00e9.","rel":"","context":"Article similaire","block_context":{"text":"Article similaire","link":""},"img":{"alt_text":"","src":"https:\/\/i0.wp.com\/artstella-elixirs-floraux.com\/wp-content\/uploads\/2025\/03\/0c234c02-a4d7-4c04-87cb-0336c64d2c8a.jpg?resize=350%2C200&ssl=1","width":350,"height":200,"srcset":"https:\/\/i0.wp.com\/artstella-elixirs-floraux.com\/wp-content\/uploads\/2025\/03\/0c234c02-a4d7-4c04-87cb-0336c64d2c8a.jpg?resize=350%2C200&ssl=1 1x, https:\/\/i0.wp.com\/artstella-elixirs-floraux.com\/wp-content\/uploads\/2025\/03\/0c234c02-a4d7-4c04-87cb-0336c64d2c8a.jpg?resize=525%2C300&ssl=1 1.5x, https:\/\/i0.wp.com\/artstella-elixirs-floraux.com\/wp-content\/uploads\/2025\/03\/0c234c02-a4d7-4c04-87cb-0336c64d2c8a.jpg?resize=700%2C400&ssl=1 2x"},"classes":[]},{"id":5873,"url":"https:\/\/artstella-elixirs-floraux.com\/fr_fr\/produit\/dragon-fire-15-ml\/","url_meta":{"origin":5976,"position":2},"title":"DRAGON FIRE 15 ML","author":"eveapprill","date":"9 mars 2025","format":false,"excerpt":"Dragon Fire Phragmipedium China Dragon Donne le courage et l\u2019\u00e9nergie d\u2019accueillir le pouvoir spirituel de transformation dans nos vies.","rel":"","context":"Article similaire","block_context":{"text":"Article similaire","link":""},"img":{"alt_text":"","src":"","width":0,"height":0},"classes":[]},{"id":3659,"url":"https:\/\/artstella-elixirs-floraux.com\/fr_fr\/produit\/54-secret-wisdom-ltoe-15-ml\/","url_meta":{"origin":5976,"position":3},"title":"54. SECRET WISDOM LTOE 15 ML","author":"eveapprill","date":"9 mars 2025","format":false,"excerpt":"Secret Wisdom \/Sagesse secrete : oriente l\u2019attention vers la divinit\u00e9 int\u00e9rieure, au niveau de la chambre int\u00e9rieure du chakra du c\u0153ur.","rel":"","context":"Article similaire","block_context":{"text":"Article similaire","link":""},"img":{"alt_text":"","src":"https:\/\/i0.wp.com\/artstella-elixirs-floraux.com\/wp-content\/uploads\/2025\/03\/0291e82f-9c29-418d-a2ef-b20a6361b50a.jpg?resize=350%2C200&ssl=1","width":350,"height":200,"srcset":"https:\/\/i0.wp.com\/artstella-elixirs-floraux.com\/wp-content\/uploads\/2025\/03\/0291e82f-9c29-418d-a2ef-b20a6361b50a.jpg?resize=350%2C200&ssl=1 1x, https:\/\/i0.wp.com\/artstella-elixirs-floraux.com\/wp-content\/uploads\/2025\/03\/0291e82f-9c29-418d-a2ef-b20a6361b50a.jpg?resize=525%2C300&ssl=1 1.5x, https:\/\/i0.wp.com\/artstella-elixirs-floraux.com\/wp-content\/uploads\/2025\/03\/0291e82f-9c29-418d-a2ef-b20a6361b50a.jpg?resize=700%2C400&ssl=1 2x"},"classes":[]},{"id":3689,"url":"https:\/\/artstella-elixirs-floraux.com\/fr_fr\/produit\/71-walking-earth-rythm-ltoe-15-ml\/","url_meta":{"origin":5976,"position":4},"title":"71. WALKING EARTH RYTHM LTOE 15 ML","author":"eveapprill","date":"9 mars 2025","format":false,"excerpt":"Walking to the Earth\u2019s Rhythm \/ Les Pieds sur terre : un \u00e9lixir rassurant et apaisant qui agit \u00e0 deux niveaux : il facilite un retour \u00e0 l\u2019empreinte \u00e9nerg\u00e9tique d\u2019origine, perturb\u00e9e par la pollution \u00e9lectromagn\u00e9tique, et travaille tout particuli\u00e8rement \u00e0 r\u00e9parer","rel":"","context":"Article similaire","block_context":{"text":"Article similaire","link":""},"img":{"alt_text":"","src":"https:\/\/i0.wp.com\/artstella-elixirs-floraux.com\/wp-content\/uploads\/2025\/03\/6aac49c4-c7d8-4552-a5a4-fa7b45c3d5bd.jpg?resize=350%2C200&ssl=1","width":350,"height":200,"srcset":"https:\/\/i0.wp.com\/artstella-elixirs-floraux.com\/wp-content\/uploads\/2025\/03\/6aac49c4-c7d8-4552-a5a4-fa7b45c3d5bd.jpg?resize=350%2C200&ssl=1 1x, https:\/\/i0.wp.com\/artstella-elixirs-floraux.com\/wp-content\/uploads\/2025\/03\/6aac49c4-c7d8-4552-a5a4-fa7b45c3d5bd.jpg?resize=525%2C300&ssl=1 1.5x, https:\/\/i0.wp.com\/artstella-elixirs-floraux.com\/wp-content\/uploads\/2025\/03\/6aac49c4-c7d8-4552-a5a4-fa7b45c3d5bd.jpg?resize=700%2C400&ssl=1 2x"},"classes":[]},{"id":2452,"url":"https:\/\/artstella-elixirs-floraux.com\/fr_fr\/produit\/chrysoprase\/","url_meta":{"origin":5976,"position":5},"title":"CHRYSOPRASE","author":"eveapprill","date":"9 mars 2025","format":false,"excerpt":"CHRYSOPRASE Am\u00e8ne le c\u0153ur \u00e0 s\u2019unir harmonieusement avec la fr\u00e9quence de l\u2019\u00e9nergie verte de la plan\u00e8te ; synchronise les corps subtils avec l\u2019\u00e9nergie du c\u0153ur de la Terre ; nous aide \u00e0 accepter la Terre comme notre maison","rel":"","context":"Article similaire","block_context":{"text":"Article similaire","link":""},"img":{"alt_text":"","src":"https:\/\/i0.wp.com\/artstella-elixirs-floraux.com\/wp-content\/uploads\/2025\/03\/wp-image188.png?resize=350%2C200&ssl=1","width":350,"height":200,"srcset":"https:\/\/i0.wp.com\/artstella-elixirs-floraux.com\/wp-content\/uploads\/2025\/03\/wp-image188.png?resize=350%2C200&ssl=1 1x, https:\/\/i0.wp.com\/artstella-elixirs-floraux.com\/wp-content\/uploads\/2025\/03\/wp-image188.png?resize=525%2C300&ssl=1 1.5x, https:\/\/i0.wp.com\/artstella-elixirs-floraux.com\/wp-content\/uploads\/2025\/03\/wp-image188.png?resize=700%2C400&ssl=1 2x"},"classes":[]}],"_links":{"self":[{"href":"https:\/\/artstella-elixirs-floraux.com\/fr_fr\/wp-json\/wp\/v2\/product\/5976","targetHints":{"allow":["GET"]}}],"collection":[{"href":"https:\/\/artstella-elixirs-floraux.com\/fr_fr\/wp-json\/wp\/v2\/product"}],"about":[{"href":"https:\/\/artstella-elixirs-floraux.com\/fr_fr\/wp-json\/wp\/v2\/types\/product"}],"version-history":[{"count":0,"href":"https:\/\/artstella-elixirs-floraux.com\/fr_fr\/wp-json\/wp\/v2\/product\/5976\/revisions"}],"wp:featuredmedia":[{"embeddable":true,"href":"https:\/\/artstella-elixirs-floraux.com\/fr_fr\/wp-json\/wp\/v2\/media\/9940"}],"wp:attachment":[{"href":"https:\/\/artstella-elixirs-floraux.com\/fr_fr\/wp-json\/wp\/v2\/media?parent=5976"}],"wp:term":[{"taxonomy":"product_brand","embeddable":true,"href":"https:\/\/artstella-elixirs-floraux.com\/fr_fr\/wp-json\/wp\/v2\/product_brand?post=5976"},{"taxonomy":"product_cat","embeddable":true,"href":"https:\/\/artstella-elixirs-floraux.com\/fr_fr\/wp-json\/wp\/v2\/product_cat?post=5976"},{"taxonomy":"product_tag","embeddable":true,"href":"https:\/\/artstella-elixirs-floraux.com\/fr_fr\/wp-json\/wp\/v2\/product_tag?post=5976"}],"curies":[{"name":"wp","href":"https:\/\/api.w.org\/{rel}","templated":true}]}}