{"id":5978,"date":"2025-03-09T13:50:44","date_gmt":"2025-03-09T13:50:44","guid":{"rendered":"https:\/\/artstella-elixirs-floraux.com\/product\/isis-10-ml-bush\/"},"modified":"2025-06-05T13:13:29","modified_gmt":"2025-06-05T13:13:29","slug":"isis-10-ml-bush","status":"publish","type":"product","link":"https:\/\/artstella-elixirs-floraux.com\/fr_fr\/produit\/isis-10-ml-bush\/","title":{"rendered":"ISIS 10 ML BUSH"},"content":{"rendered":"<p>Cr\u00e9e l\u2019espoir et l\u2019inspiration.<\/p>\n<p>\u2022 Remplace nos blessures \u00e9motionnelles par de l\u2019amour et du courage.<\/p>\n<p>\u2022 Aide \u00e0 attirer l\u2019amour en soi dans ces temps de turbulence, d\u2019anxi\u00e9t\u00e9 et d\u2019incertitude.<\/p>\n<p>\u2022 Permet d\u2019acc\u00e9der \u00e0 nos blessures d\u2019\u00e2me et \u00e0 les lib\u00e9rer, qu\u2019elles viennent du monde de l\u2019Esprit, de ce monde ou d\u2019autres vies.<\/p>\n","protected":false},"excerpt":{"rendered":"<p><strong>ISIS<\/strong><\/p>\n<p>\u2022 Permet de ressentir la pr\u00e9sence, la protection et l\u2019amour du Divin F\u00e9minin.<\/p>\n<p>\u2022 Illumine nos zones d\u2019ombre o\u00f9 nous gardons nos douleurs et nos souffrances \u00e9motionnelles.<\/p>\n","protected":false},"featured_media":9941,"template":"","meta":[],"product_brand":[],"product_cat":[191],"product_tag":[],"class_list":{"0":"post-5978","1":"product","2":"type-product","3":"status-publish","4":"has-post-thumbnail","6":"product_cat-les-elixirs-divine-presence-du-bush-australien","8":"first","9":"instock","10":"taxable","11":"shipping-taxable","12":"purchasable","13":"product-type-simple"},"etheme_brands":{"errors":{"invalid_taxonomy":["Taxonomie non valide."]},"error_data":[]},"jetpack_sharing_enabled":true,"jetpack-related-posts":[{"id":5568,"url":"https:\/\/artstella-elixirs-floraux.com\/fr_fr\/produit\/rose-reine-du-danemark-sylfos-15-ml\/","url_meta":{"origin":5978,"position":0},"title":"ROSE REINE DU DANEMARK SYLFOS 15 ML","author":"eveapprill","date":"9 mars 2025","format":false,"excerpt":"ROSE KOENING VAN DAENMARK\u00a0 Rose Reine du Danemark Rosa alaba \u00a0 \u00a0 \u00a0 \u00a0 Permet un l\u00e2cher prise face aux blessures \u00e9motionnelles. Guide vers la possibilit\u00e9 de donner et de recevoir l\u2019Amour, lib\u00e9rant ainsi notre c\u0153ur. Equilibre les activit\u00e9s des h\u00e9misph\u00e8res droit et gauche\u00a0 du cerveau.","rel":"","context":"Article similaire","block_context":{"text":"Article similaire","link":""},"img":{"alt_text":"","src":"","width":0,"height":0},"classes":[]},{"id":12348,"url":"https:\/\/artstella-elixirs-floraux.com\/fr_fr\/produit\/labradorite-labradorita-15ml-sylfos\/","url_meta":{"origin":5978,"position":1},"title":"LABRADORITE &#8211; LABRADORITA 15ml Sylfos","author":"eveapprill","date":"16 mars 2026","format":false,"excerpt":"Le Quartz rose apaise la douleur \u00e9motionnelle et aide \u00e0 gu\u00e9rir les blessures du c\u0153ur. Il favorise l'amour de soi, le pardon et l'ouverture affective. Il est utile en cas de deuil, de rupture ou de difficult\u00e9s relationnelles. Son \u00e9nergie transforme la duret\u00e9 en tendresse et la tristesse en r\u00e9conciliation.","rel":"","context":"Article similaire","block_context":{"text":"Article similaire","link":""},"img":{"alt_text":"","src":"https:\/\/i0.wp.com\/artstella-elixirs-floraux.com\/wp-content\/uploads\/2026\/03\/Labradorita_1.png?resize=350%2C200&ssl=1","width":350,"height":200},"classes":[]},{"id":2327,"url":"https:\/\/artstella-elixirs-floraux.com\/fr_fr\/produit\/tundra-twayblade-alaskan\/","url_meta":{"origin":5978,"position":2},"title":"Tundra twayblade Alaskan","author":"eveapprill","date":"9 mars 2025","format":false,"excerpt":"Tundra twayblade. Listera cordata Douleur et angoisse profondes r\u00e9sultant de blessures du pass\u00e9, fermeture du c\u0153ur pour \u00e9viter de ressentir la souffrance qui y demeure.","rel":"","context":"Article similaire","block_context":{"text":"Article similaire","link":""},"img":{"alt_text":"","src":"https:\/\/i0.wp.com\/artstella-elixirs-floraux.com\/wp-content\/uploads\/2025\/03\/wp-image595.png?resize=350%2C200&ssl=1","width":350,"height":200},"classes":[]},{"id":1964,"url":"https:\/\/artstella-elixirs-floraux.com\/fr_fr\/produit\/inner-child-healing-30-ml-wea\/","url_meta":{"origin":5978,"position":3},"title":"INNER CHILD HEALING 30 ML WEA","author":"eveapprill","date":"27 mai 2025","format":false,"excerpt":"Ce complexe comprend les 6 \u00e9lixirs de b\u00e9b\u00e9s animaux suivants\u00a0: Hippopotamus Calf \u2013 aide \u00e0 ressentir profond\u00e9ment. Wild Foal \u2013aide \u00e0 se lib\u00e9rer du chagrin profond. Badger Cub \u2013 pour embrasser et exprimer la col\u00e8re. Robin Chick \u2013 pour recevoir l\u2019amour et la chaleur nourrici\u00e8re. Bat Pup \u2013 pour faire\u2026","rel":"","context":"Article similaire","block_context":{"text":"Article similaire","link":""},"img":{"alt_text":"","src":"https:\/\/i0.wp.com\/artstella-elixirs-floraux.com\/wp-content\/uploads\/2025\/05\/InnerChildHealing.png?resize=350%2C200&ssl=1","width":350,"height":200},"classes":[]},{"id":6097,"url":"https:\/\/artstella-elixirs-floraux.com\/fr_fr\/produit\/pendentif-isis\/","url_meta":{"origin":5978,"position":4},"title":"Pendentif \u00ab\u00a0ISIS\u00a0\u00bb","author":"eveapprill","date":"9 mars 2025","format":false,"excerpt":"Pendentif \u00ab ISIS\u00bb Pendentif en verre souffl\u00e9 rempli avec l'\u00e9lixirs ISIS qui soutient l'\u00e9quilibre du f\u00e9minin","rel":"","context":"Article similaire","block_context":{"text":"Article similaire","link":""},"img":{"alt_text":"","src":"https:\/\/i0.wp.com\/artstella-elixirs-floraux.com\/wp-content\/uploads\/2025\/03\/wp-image2131.png?resize=350%2C200&ssl=1","width":350,"height":200,"srcset":"https:\/\/i0.wp.com\/artstella-elixirs-floraux.com\/wp-content\/uploads\/2025\/03\/wp-image2131.png?resize=350%2C200&ssl=1 1x, https:\/\/i0.wp.com\/artstella-elixirs-floraux.com\/wp-content\/uploads\/2025\/03\/wp-image2131.png?resize=525%2C300&ssl=1 1.5x, https:\/\/i0.wp.com\/artstella-elixirs-floraux.com\/wp-content\/uploads\/2025\/03\/wp-image2131.png?resize=700%2C400&ssl=1 2x"},"classes":[]},{"id":3153,"url":"https:\/\/artstella-elixirs-floraux.com\/fr_fr\/produit\/rose-cannelle-phi-15-ml\/","url_meta":{"origin":5978,"position":5},"title":"ROSE CANNELLE PHI 15 ML","author":"eveapprill","date":"9 mars 2025","format":false,"excerpt":"Rose cannelle (Rosa majalis) (Zimtrose) Redonne l'espoir quand nous ne trouvons plus d'issue. Elle nous ouvre \u00e0 de nouvelles rencontres. Cette rose nous aide \u00e0 gu\u00e9rir les blessures \u00e9motionnelles et permet de retrouver l'optimisme.","rel":"","context":"Article similaire","block_context":{"text":"Article similaire","link":""},"img":{"alt_text":"","src":"https:\/\/i0.wp.com\/artstella-elixirs-floraux.com\/wp-content\/uploads\/2025\/03\/wp-image399.png?resize=350%2C200&ssl=1","width":350,"height":200},"classes":[]}],"_links":{"self":[{"href":"https:\/\/artstella-elixirs-floraux.com\/fr_fr\/wp-json\/wp\/v2\/product\/5978","targetHints":{"allow":["GET"]}}],"collection":[{"href":"https:\/\/artstella-elixirs-floraux.com\/fr_fr\/wp-json\/wp\/v2\/product"}],"about":[{"href":"https:\/\/artstella-elixirs-floraux.com\/fr_fr\/wp-json\/wp\/v2\/types\/product"}],"version-history":[{"count":0,"href":"https:\/\/artstella-elixirs-floraux.com\/fr_fr\/wp-json\/wp\/v2\/product\/5978\/revisions"}],"wp:featuredmedia":[{"embeddable":true,"href":"https:\/\/artstella-elixirs-floraux.com\/fr_fr\/wp-json\/wp\/v2\/media\/9941"}],"wp:attachment":[{"href":"https:\/\/artstella-elixirs-floraux.com\/fr_fr\/wp-json\/wp\/v2\/media?parent=5978"}],"wp:term":[{"taxonomy":"product_brand","embeddable":true,"href":"https:\/\/artstella-elixirs-floraux.com\/fr_fr\/wp-json\/wp\/v2\/product_brand?post=5978"},{"taxonomy":"product_cat","embeddable":true,"href":"https:\/\/artstella-elixirs-floraux.com\/fr_fr\/wp-json\/wp\/v2\/product_cat?post=5978"},{"taxonomy":"product_tag","embeddable":true,"href":"https:\/\/artstella-elixirs-floraux.com\/fr_fr\/wp-json\/wp\/v2\/product_tag?post=5978"}],"curies":[{"name":"wp","href":"https:\/\/api.w.org\/{rel}","templated":true}]}}