{"id":5988,"date":"2025-03-09T13:50:50","date_gmt":"2025-03-09T13:50:50","guid":{"rendered":"https:\/\/artstella-elixirs-floraux.com\/product\/belladonna-sylfos-15-ml\/"},"modified":"2025-04-30T20:50:57","modified_gmt":"2025-04-30T20:50:57","slug":"belladonna-sylfos-15-ml","status":"publish","type":"product","link":"https:\/\/artstella-elixirs-floraux.com\/fr_fr\/produit\/belladonna-sylfos-15-ml\/","title":{"rendered":"BELLADONNA SYLFOS 15 ML"},"content":{"rendered":"<p>Pour regarder \u00e0 nouveau la vie depuis \u00ables yeux de l&rsquo;amour\u00bb et\u00a0 pouvoir reconna\u00eetre notre propre beaut\u00e9 comme celle de notre environnement. Il aide \u00e0 vaincre la timidit\u00e9 en renfor\u00e7ant la confiance en soi et en confirmant ainsi notre projection sur ce plan terrestre. \u00c9liminez les illusions de notre vie, pour voir clairement et \u00e9liminer ce qui nous fait mal: les habitudes, les comportements, les pens\u00e9es, les relations et les carri\u00e8res qui \u00e9crasent notre \u00e2me. Cette meilleure compr\u00e9hension peut soulager le karma.<\/p>\n","protected":false},"excerpt":{"rendered":"<pre><strong>BELLADONNA<\/strong><strong>\u00a0 <\/strong><em>Belladone atropa\u00a0 <\/em><strong>\u00a0<em>Ouverture du c\u0153ur - Nettoyage spirituel interne et externe.\u00a0 <br \/><br \/><\/em><\/strong><\/pre>\n<p>Aide \u00e0 se lib\u00e9rer des formes-pens\u00e9es n\u00e9gatives. Permet de voir les raisons pour lesquelles nous mettons des obstacles dans notre vie et de d\u00e9couvrir comment les surmonter.<\/p>\n","protected":false},"featured_media":5989,"template":"","meta":[],"product_brand":[],"product_cat":[139],"product_tag":[],"class_list":{"0":"post-5988","1":"product","2":"type-product","3":"status-publish","4":"has-post-thumbnail","6":"product_cat-les-fleurs-andiness-upplementaires-compose","8":"first","9":"instock","10":"taxable","11":"shipping-taxable","12":"purchasable","13":"product-type-simple"},"etheme_brands":{"errors":{"invalid_taxonomy":["Taxonomie non valide."]},"error_data":[]},"jetpack_sharing_enabled":true,"jetpack-related-posts":[{"id":3819,"url":"https:\/\/artstella-elixirs-floraux.com\/fr_fr\/produit\/psyche-orchid-phi\/","url_meta":{"origin":5988,"position":0},"title":"PSYCHE ORCHID PHI","author":"eveapprill","date":"9 mars 2025","format":false,"excerpt":"Psyche orchid (Paphiopedilum insigne) Nous aide \u00e0 voir profond\u00e9ment en nous-m\u00eames, jusqu'\u00e0 l'inconscient pour trouver des r\u00e9ponses aux questions de notre vie. L'\u00e9lixir nous aide \u00e0 reconna\u00eetre la t\u00e2che de notre vie.","rel":"","context":"Article similaire","block_context":{"text":"Article similaire","link":""},"img":{"alt_text":"","src":"https:\/\/i0.wp.com\/artstella-elixirs-floraux.com\/wp-content\/uploads\/2025\/03\/wp-image516.png?resize=350%2C200&ssl=1","width":350,"height":200},"classes":[]},{"id":3778,"url":"https:\/\/artstella-elixirs-floraux.com\/fr_fr\/produit\/colour-orchid-phi\/","url_meta":{"origin":5988,"position":1},"title":"COLOUR ORCHID PHI","author":"eveapprill","date":"9 mars 2025","format":false,"excerpt":"Colour orchid (Oncidium lanceanum) Aide \u00e0 reconna\u00eetre que ce sont nos propres pens\u00e9es qui font la couleur de la vie. L'\u00e9lixir facilite une attitude positive envers la vie. \u00a0","rel":"","context":"Article similaire","block_context":{"text":"Article similaire","link":""},"img":{"alt_text":"","src":"https:\/\/i0.wp.com\/artstella-elixirs-floraux.com\/wp-content\/uploads\/2025\/03\/wp-image505.png?resize=350%2C200&ssl=1","width":350,"height":200},"classes":[]},{"id":5460,"url":"https:\/\/artstella-elixirs-floraux.com\/fr_fr\/produit\/menthe-poivree-pepermint-10ml\/","url_meta":{"origin":5988,"position":2},"title":"Menthe poivr\u00e9e &#8211; Pepermint 10ML","author":"eveapprill","date":"9 mars 2025","format":false,"excerpt":"Menthe poivr\u00e9e \/ Mentha piperita (Peppermint) Pour \u00eatre \u00e9veill\u00e9 et alerte Accompagne les moments difficiles et les d\u00e9fis. L\u2019\u00e9lixir de menthe poivr\u00e9e aide \u00e0 dig\u00e9rer tout ce qui est difficile dans notre vie actuelle mais aussi par rapport \u00e0 ce qui nous entoure.","rel":"","context":"Article similaire","block_context":{"text":"Article similaire","link":""},"img":{"alt_text":"","src":"","width":0,"height":0},"classes":[]},{"id":5452,"url":"https:\/\/artstella-elixirs-floraux.com\/fr_fr\/produit\/digitale-foxglove-vingerhoedskruid-10ml\/","url_meta":{"origin":5988,"position":3},"title":"Digitale &#8211; Foxglove- VINGERHOEDSKRUID 10ml","author":"eveapprill","date":"9 mars 2025","format":false,"excerpt":"Digitale \/ Digitalis purpurea (foxglove) Pour d\u00e9passer le mental. Facilite les processus mentaux et permet de recontacter le c\u0153ur. Nous aide \u00e0 nous lib\u00e9rer de sch\u00e9mas de comportements que nous pensons devoir avoir.","rel":"","context":"Article similaire","block_context":{"text":"Article similaire","link":""},"img":{"alt_text":"","src":"","width":0,"height":0},"classes":[]},{"id":5069,"url":"https:\/\/artstella-elixirs-floraux.com\/fr_fr\/produit\/green-tour-verte-30ml-gem-sup\/","url_meta":{"origin":5988,"position":4},"title":"GREEN TOUR\/ VERTE 30ML GEM SUP","author":"eveapprill","date":"9 mars 2025","format":false,"excerpt":"Green Tourmaline \u2013 Tourmaline verte Indication : peurs et sentiments d\u2019inf\u00e9riorit\u00e9 bloquant les liens intimes du c\u0153ur aux autres\u00a0; manque de transparence dans les relations\u00a0; difficult\u00e9 \u00e0 rester pr\u00e9sent dans la confrontation \u00e0 de fortes \u00e9motions ou aux autres.","rel":"","context":"Article similaire","block_context":{"text":"Article similaire","link":""},"img":{"alt_text":"","src":"https:\/\/i0.wp.com\/artstella-elixirs-floraux.com\/wp-content\/uploads\/2025\/03\/wp-image1405.png?resize=350%2C200&ssl=1","width":350,"height":200},"classes":[]},{"id":5406,"url":"https:\/\/artstella-elixirs-floraux.com\/fr_fr\/produit\/mazarina-azul-sylfos\/","url_meta":{"origin":5988,"position":5},"title":"MAZARINA AZUL SYLFOS","author":"eveapprill","date":"9 mars 2025","format":false,"excerpt":"40 \u2013 MAZARINA AZUL\/ MAZARINE BLEUE \u00a0\u00a0Cyaniris semiargus Conscience \u2013 Cause et Effet Cet \u00e9lixir nous aide \u00e0 \u00eatre plus conscients, non seulement de ce \u00e0 quoi nous pensons, mais aussi avec qui nous sommes en connexion pour la cause de ce dont nous pensons.","rel":"","context":"Article similaire","block_context":{"text":"Article similaire","link":""},"img":{"alt_text":"","src":"","width":0,"height":0},"classes":[]}],"_links":{"self":[{"href":"https:\/\/artstella-elixirs-floraux.com\/fr_fr\/wp-json\/wp\/v2\/product\/5988","targetHints":{"allow":["GET"]}}],"collection":[{"href":"https:\/\/artstella-elixirs-floraux.com\/fr_fr\/wp-json\/wp\/v2\/product"}],"about":[{"href":"https:\/\/artstella-elixirs-floraux.com\/fr_fr\/wp-json\/wp\/v2\/types\/product"}],"version-history":[{"count":0,"href":"https:\/\/artstella-elixirs-floraux.com\/fr_fr\/wp-json\/wp\/v2\/product\/5988\/revisions"}],"wp:featuredmedia":[{"embeddable":true,"href":"https:\/\/artstella-elixirs-floraux.com\/fr_fr\/wp-json\/wp\/v2\/media\/5989"}],"wp:attachment":[{"href":"https:\/\/artstella-elixirs-floraux.com\/fr_fr\/wp-json\/wp\/v2\/media?parent=5988"}],"wp:term":[{"taxonomy":"product_brand","embeddable":true,"href":"https:\/\/artstella-elixirs-floraux.com\/fr_fr\/wp-json\/wp\/v2\/product_brand?post=5988"},{"taxonomy":"product_cat","embeddable":true,"href":"https:\/\/artstella-elixirs-floraux.com\/fr_fr\/wp-json\/wp\/v2\/product_cat?post=5988"},{"taxonomy":"product_tag","embeddable":true,"href":"https:\/\/artstella-elixirs-floraux.com\/fr_fr\/wp-json\/wp\/v2\/product_tag?post=5988"}],"curies":[{"name":"wp","href":"https:\/\/api.w.org\/{rel}","templated":true}]}}