{"id":5996,"date":"2025-03-09T13:50:56","date_gmt":"2025-03-09T13:50:56","guid":{"rendered":"https:\/\/artstella-elixirs-floraux.com\/product\/compl-stabilite-energetique-15ml\/"},"modified":"2025-08-27T12:50:35","modified_gmt":"2025-08-27T12:50:35","slug":"compl-stabilite-energetique-15ml","status":"publish","type":"product","link":"https:\/\/artstella-elixirs-floraux.com\/fr_fr\/produit\/compl-stabilite-energetique-15ml\/","title":{"rendered":"Compl \u00ab\u00a0STABILITE ENERGETIQUE\u00a0\u00bb PHI"},"content":{"rendered":"","protected":false},"excerpt":{"rendered":"<p>Ce complexe offre une grande protection \u00e9nerg\u00e9tique. Il permet d&rsquo;activer les forces d&rsquo;auto-gu\u00e9rison. Il favorise l\u2019\u00e9quilibre \u00e9nerg\u00e9tique et la paix int\u00e9rieure. Peut \u00eatre ing\u00e9r\u00e9.<\/p>\n<p><span style=\"color: #000080; font-family: Roboto, Arial, sans-serif; font-size: 16px; font-style: normal; font-weight: 400; letter-spacing: normal; text-align: start; text-indent: 0px; text-transform: none; background-color: #ffffff; float: none;\">\u00a0<\/span><\/p>\n","protected":false},"featured_media":9939,"template":"","meta":[],"product_brand":[],"product_cat":[153],"product_tag":[],"class_list":{"0":"post-5996","1":"product","2":"type-product","3":"status-publish","4":"has-post-thumbnail","6":"product_cat-les-complexes","8":"first","9":"instock","10":"taxable","11":"shipping-taxable","12":"purchasable","13":"product-type-variable"},"etheme_brands":{"errors":{"invalid_taxonomy":["Taxonomie non valide."]},"error_data":[]},"jetpack_sharing_enabled":true,"jetpack-related-posts":[{"id":5994,"url":"https:\/\/artstella-elixirs-floraux.com\/fr_fr\/produit\/collier-stabilite-energetique\/","url_meta":{"origin":5996,"position":0},"title":"COLLIER \u00ab\u00a0STABILITE ENERGETIQUE\u00a0\u00bb","author":"eveapprill","date":"9 mars 2025","format":false,"excerpt":"Ce pendentif fait main offre une grande protection \u00e9nerg\u00e9tique\u00a0.","rel":"","context":"Article similaire","block_context":{"text":"Article similaire","link":""},"img":{"alt_text":"","src":"https:\/\/i0.wp.com\/artstella-elixirs-floraux.com\/wp-content\/uploads\/2025\/03\/wp-image2016.png?resize=350%2C200&ssl=1","width":350,"height":200},"classes":[]},{"id":6209,"url":"https:\/\/artstella-elixirs-floraux.com\/fr_fr\/produit\/elixir-ocean-n25-phi-15-ml\/","url_meta":{"origin":5996,"position":1},"title":"ELIXIR OCEAN N\u00b025 PHI 15 ML","author":"eveapprill","date":"9 mars 2025","format":false,"excerpt":"ELIXIR OCEAN N\u00b025 agit \u00e9nerg\u00e9tiquement sur la peau. Nous prenons conscience de son r\u00f4le d\u2019enveloppe protectrice ce qui en favorise une stimulation \u00e9nerg\u00e9tique. (Les processus de r\u00e9g\u00e9n\u00e9ration sont soutenus \u00e9nerg\u00e9tiquement). Il a un effet nettoyant \u00e9nerg\u00e9tique sur l\u2019organisme \u2013 d\u00e9toxification par l\u2019excr\u00e9tion de l\u2019eau. La lymphe et la miction sont\u2026","rel":"","context":"Article similaire","block_context":{"text":"Article similaire","link":""},"img":{"alt_text":"","src":"","width":0,"height":0},"classes":[]},{"id":5045,"url":"https:\/\/artstella-elixirs-floraux.com\/fr_fr\/produit\/aragonite-7-5-ml-gem-sup\/","url_meta":{"origin":5996,"position":2},"title":"ARAGONITE 7.5 ML GEM SUP","author":"eveapprill","date":"9 mars 2025","format":false,"excerpt":"Aragonite - Aragonite Indication : mauvaise hygi\u00e8ne \u00e9nerg\u00e9tique; incapacit\u00e9 \u00e0 garder un \u00e9quilibre psychique\u00a0; exc\u00e8s de stimulation due \u00e0 un manque d\u2019enracinement\u00a0; tendance \u00e0 se m\u00e9langer \u00e9nerg\u00e9tiquement avec les autres.","rel":"","context":"Article similaire","block_context":{"text":"Article similaire","link":""},"img":{"alt_text":"","src":"https:\/\/i0.wp.com\/artstella-elixirs-floraux.com\/wp-content\/uploads\/2025\/03\/wp-image1399.png?resize=350%2C200&ssl=1","width":350,"height":200},"classes":[]},{"id":6030,"url":"https:\/\/artstella-elixirs-floraux.com\/fr_fr\/produit\/elixir-ocean-n01-phi15ml\/","url_meta":{"origin":5996,"position":3},"title":"ELIXIR OCEAN N\u00b001 PHI15ML","author":"eveapprill","date":"9 mars 2025","format":false,"excerpt":"L\u2019action \u00e9nerg\u00e9tique de l\u2019\u00e9lixir va directement aux cellules. L\u2019information des cellules retrouve son \u00e9tat originel inchang\u00e9. Agit \u00e9nerg\u00e9tiquement sur l\u2019\u00e9change cellulaire et l\u2019oxyg\u00e9nation. L\u2019information de l\u2019ADN est \u00ab\u00a0nettoy\u00e9e\u00a0\u00bb \u00e9nerg\u00e9tiquement.","rel":"","context":"Article similaire","block_context":{"text":"Article similaire","link":""},"img":{"alt_text":"","src":"","width":0,"height":0},"classes":[]},{"id":4574,"url":"https:\/\/artstella-elixirs-floraux.com\/fr_fr\/produit\/purification-alaska\/","url_meta":{"origin":5996,"position":4},"title":"PURIFICATION SPRAY ALASKA","author":"eveapprill","date":"9 mars 2025","format":false,"excerpt":"Purification Existe en gouttes et en spray. Contient : Black Tourmaline Firerweed . Portage Glacier.\u00a0 Sweetgrass .Permet de nettoyer et purifier votre maison, l\u2019environnement de votre travail, ou votre champ \u00e9nerg\u00e9tique.","rel":"","context":"Article similaire","block_context":{"text":"Article similaire","link":""},"img":{"alt_text":"","src":"https:\/\/i0.wp.com\/artstella-elixirs-floraux.com\/wp-content\/uploads\/2025\/03\/purification-pt-1.jpg?resize=350%2C200&ssl=1","width":350,"height":200},"classes":[]},{"id":6046,"url":"https:\/\/artstella-elixirs-floraux.com\/fr_fr\/produit\/elixir-ocean-n09-phi-15ml\/","url_meta":{"origin":5996,"position":5},"title":"ELIXIR OCEAN N\u00b009 PHI 15ML","author":"eveapprill","date":"9 mars 2025","format":false,"excerpt":"D\u2019un c\u00f4t\u00e9, l\u2019\u00e9lixir agit sur l\u2019\u00e9quilibre hydrique et les \u00e9motions, soutenant \u00e9nerg\u00e9tiquement les processus d\u2019\u00e9limination de l\u2019eau. D\u2019un autre c\u00f4t\u00e9, il apporte de la lumi\u00e8re aux cellules (Informations) pour s\u2019adapter \u00e9nerg\u00e9tiquement \u00e0 de nouvelles fr\u00e9quences lumineuses (\u00e9l\u00e9vation vibratoire) \u00a0","rel":"","context":"Article similaire","block_context":{"text":"Article similaire","link":""},"img":{"alt_text":"","src":"https:\/\/i0.wp.com\/artstella-elixirs-floraux.com\/wp-content\/uploads\/2025\/03\/wp-image2047.png?resize=350%2C200&ssl=1","width":350,"height":200},"classes":[]}],"_links":{"self":[{"href":"https:\/\/artstella-elixirs-floraux.com\/fr_fr\/wp-json\/wp\/v2\/product\/5996","targetHints":{"allow":["GET"]}}],"collection":[{"href":"https:\/\/artstella-elixirs-floraux.com\/fr_fr\/wp-json\/wp\/v2\/product"}],"about":[{"href":"https:\/\/artstella-elixirs-floraux.com\/fr_fr\/wp-json\/wp\/v2\/types\/product"}],"version-history":[{"count":2,"href":"https:\/\/artstella-elixirs-floraux.com\/fr_fr\/wp-json\/wp\/v2\/product\/5996\/revisions"}],"predecessor-version":[{"id":11277,"href":"https:\/\/artstella-elixirs-floraux.com\/fr_fr\/wp-json\/wp\/v2\/product\/5996\/revisions\/11277"}],"wp:featuredmedia":[{"embeddable":true,"href":"https:\/\/artstella-elixirs-floraux.com\/fr_fr\/wp-json\/wp\/v2\/media\/9939"}],"wp:attachment":[{"href":"https:\/\/artstella-elixirs-floraux.com\/fr_fr\/wp-json\/wp\/v2\/media?parent=5996"}],"wp:term":[{"taxonomy":"product_brand","embeddable":true,"href":"https:\/\/artstella-elixirs-floraux.com\/fr_fr\/wp-json\/wp\/v2\/product_brand?post=5996"},{"taxonomy":"product_cat","embeddable":true,"href":"https:\/\/artstella-elixirs-floraux.com\/fr_fr\/wp-json\/wp\/v2\/product_cat?post=5996"},{"taxonomy":"product_tag","embeddable":true,"href":"https:\/\/artstella-elixirs-floraux.com\/fr_fr\/wp-json\/wp\/v2\/product_tag?post=5996"}],"curies":[{"name":"wp","href":"https:\/\/api.w.org\/{rel}","templated":true}]}}