{"id":6022,"date":"2025-03-09T13:51:28","date_gmt":"2025-03-09T13:51:28","guid":{"rendered":"https:\/\/artstella-elixirs-floraux.com\/product\/les-fleurs-du-dr-bach-cartes-grand-format\/"},"modified":"2025-06-08T13:00:26","modified_gmt":"2025-06-08T13:00:26","slug":"les-fleurs-du-dr-bach-cartes-grand-format","status":"publish","type":"product","link":"https:\/\/artstella-elixirs-floraux.com\/fr_fr\/produit\/les-fleurs-du-dr-bach-cartes-grand-format\/","title":{"rendered":"Les fleurs du Dr Bach (cartes grand format)"},"content":{"rendered":"","protected":false},"excerpt":{"rendered":"<p><strong>LES FLEURS DU Dr BACH<\/strong><\/p>\n<p>38 cartes de grand format pour la r\u00e9harmonisation, le recentrage et la m\u00e9ditation.<\/p>\n<p><span style=\"color: #d0121a;\">(En Rupture)<\/span><\/p>\n","protected":false},"featured_media":6023,"template":"","meta":[],"product_brand":[],"product_cat":[192],"product_tag":[],"class_list":{"0":"post-6022","1":"product","2":"type-product","3":"status-publish","4":"has-post-thumbnail","6":"product_cat-les-ouvrages-de-mechthild-scheffer","8":"first","9":"instock","10":"taxable","11":"shipping-taxable","12":"purchasable","13":"product-type-simple"},"etheme_brands":{"errors":{"invalid_taxonomy":["Taxonomie non valide."]},"error_data":[]},"jetpack_sharing_enabled":true,"jetpack-related-posts":[{"id":5364,"url":"https:\/\/artstella-elixirs-floraux.com\/fr_fr\/produit\/cartes-des-fleurs-de-bach\/","url_meta":{"origin":6022,"position":0},"title":"Cartes des fleurs de Bach","author":"eveapprill","date":"9 mars 2025","format":false,"excerpt":"Ce jeu de cartes est un outil de d\u00e9couverte et de s\u00e9lection intuitive et efficace des fleurs du Dr Bach. Format des cartes : 70 mm x 100 mm","rel":"","context":"Article similaire","block_context":{"text":"Article similaire","link":""},"img":{"alt_text":"","src":"https:\/\/i0.wp.com\/artstella-elixirs-floraux.com\/wp-content\/uploads\/2025\/03\/wp-image1649.png?resize=350%2C200&ssl=1","width":350,"height":200},"classes":[]},{"id":5498,"url":"https:\/\/artstella-elixirs-floraux.com\/fr_fr\/produit\/la-guerison-par-les-fleurs\/","url_meta":{"origin":6022,"position":1},"title":"La gu\u00e9rison par les fleurs","author":"eveapprill","date":"9 mars 2025","format":false,"excerpt":"La gu\u00e9rison par les fleurs par le Dr Edward Bach","rel":"","context":"Article similaire","block_context":{"text":"Article similaire","link":""},"img":{"alt_text":"","src":"https:\/\/i0.wp.com\/artstella-elixirs-floraux.com\/wp-content\/uploads\/2025\/03\/wp-image1745.png?resize=350%2C200&ssl=1","width":350,"height":200},"classes":[]},{"id":6008,"url":"https:\/\/artstella-elixirs-floraux.com\/fr_fr\/produit\/dr-bach-un-etre-dexception-v-knight\/","url_meta":{"origin":6022,"position":2},"title":"Dr Bach, un \u00eatre d&rsquo;exception V. Knight","author":"eveapprill","date":"9 mars 2025","format":false,"excerpt":"Dr Bach, un \u00eatre d'exception par Valerie Knight \u00e9ditions M\u00e9dicis Une biographie inspir\u00e9e qui allie authenticit\u00e9 et romanesque.","rel":"","context":"Article similaire","block_context":{"text":"Article similaire","link":""},"img":{"alt_text":"","src":"https:\/\/i0.wp.com\/artstella-elixirs-floraux.com\/wp-content\/uploads\/2025\/03\/wp-image2023.png?resize=350%2C200&ssl=1","width":350,"height":200},"classes":[]},{"id":4827,"url":"https:\/\/artstella-elixirs-floraux.com\/fr_fr\/produit\/nos-emotions-les-fleurs-f-deporte\/","url_meta":{"origin":6022,"position":3},"title":"NOS EMOTIONS LES FLEURS F DEPORTE","author":"eveapprill","date":"9 mars 2025","format":false,"excerpt":"NOS EMOTIONS LES FLEURS F DEPORTE Livre de d\u00e9finitions et d'utilisation des Fleurs de Bach","rel":"","context":"Article similaire","block_context":{"text":"Article similaire","link":""},"img":{"alt_text":"","src":"https:\/\/i0.wp.com\/artstella-elixirs-floraux.com\/wp-content\/uploads\/2025\/03\/wp-image1350.png?resize=350%2C200&ssl=1","width":350,"height":200},"classes":[]},{"id":6020,"url":"https:\/\/artstella-elixirs-floraux.com\/fr_fr\/produit\/therapie-originale-des-fleurs-de-bach\/","url_meta":{"origin":6022,"position":4},"title":"Th\u00e9rapie originale des fleurs de Bach","author":"eveapprill","date":"9 mars 2025","format":false,"excerpt":"Th\u00e9rapie originale des fleurs de Bach par Mechthild Scheffer Editions M\u00e9dicis Ce jeu de 38 cartes pr\u00e9sente la th\u00e9rapie par les fleurs de Bach dans ses grandes lignes","rel":"","context":"Article similaire","block_context":{"text":"Article similaire","link":""},"img":{"alt_text":"","src":"","width":0,"height":0},"classes":[]},{"id":4537,"url":"https:\/\/artstella-elixirs-floraux.com\/fr_fr\/produit\/coffret-fleurs-classiques-15-ml\/","url_meta":{"origin":6022,"position":5},"title":"COFFRET FLEURS CLASSIQUES 15 ML","author":"eveapprill","date":"9 mars 2025","format":false,"excerpt":"Elixirs de fleurs classiques : Correspondent aux 38 Fleurs de Bach avec le RQ5 rem\u00e8de d'urgence aux 5 fleurs et le RQ7 rem\u00e8de d'urgence aux 7 fleurs, r\u00e9alis\u00e9s avec la m\u00e9thode de transfert sans couper les fleurs.","rel":"","context":"Article similaire","block_context":{"text":"Article similaire","link":""},"img":{"alt_text":"","src":"https:\/\/i0.wp.com\/artstella-elixirs-floraux.com\/wp-content\/uploads\/2025\/03\/wp-image2354.png?resize=350%2C200&ssl=1","width":350,"height":200,"srcset":"https:\/\/i0.wp.com\/artstella-elixirs-floraux.com\/wp-content\/uploads\/2025\/03\/wp-image2354.png?resize=350%2C200&ssl=1 1x, https:\/\/i0.wp.com\/artstella-elixirs-floraux.com\/wp-content\/uploads\/2025\/03\/wp-image2354.png?resize=525%2C300&ssl=1 1.5x, https:\/\/i0.wp.com\/artstella-elixirs-floraux.com\/wp-content\/uploads\/2025\/03\/wp-image2354.png?resize=700%2C400&ssl=1 2x"},"classes":[]}],"_links":{"self":[{"href":"https:\/\/artstella-elixirs-floraux.com\/fr_fr\/wp-json\/wp\/v2\/product\/6022","targetHints":{"allow":["GET"]}}],"collection":[{"href":"https:\/\/artstella-elixirs-floraux.com\/fr_fr\/wp-json\/wp\/v2\/product"}],"about":[{"href":"https:\/\/artstella-elixirs-floraux.com\/fr_fr\/wp-json\/wp\/v2\/types\/product"}],"version-history":[{"count":0,"href":"https:\/\/artstella-elixirs-floraux.com\/fr_fr\/wp-json\/wp\/v2\/product\/6022\/revisions"}],"wp:featuredmedia":[{"embeddable":true,"href":"https:\/\/artstella-elixirs-floraux.com\/fr_fr\/wp-json\/wp\/v2\/media\/6023"}],"wp:attachment":[{"href":"https:\/\/artstella-elixirs-floraux.com\/fr_fr\/wp-json\/wp\/v2\/media?parent=6022"}],"wp:term":[{"taxonomy":"product_brand","embeddable":true,"href":"https:\/\/artstella-elixirs-floraux.com\/fr_fr\/wp-json\/wp\/v2\/product_brand?post=6022"},{"taxonomy":"product_cat","embeddable":true,"href":"https:\/\/artstella-elixirs-floraux.com\/fr_fr\/wp-json\/wp\/v2\/product_cat?post=6022"},{"taxonomy":"product_tag","embeddable":true,"href":"https:\/\/artstella-elixirs-floraux.com\/fr_fr\/wp-json\/wp\/v2\/product_tag?post=6022"}],"curies":[{"name":"wp","href":"https:\/\/api.w.org\/{rel}","templated":true}]}}