{"id":6030,"date":"2025-03-09T13:51:33","date_gmt":"2025-03-09T13:51:33","guid":{"rendered":"https:\/\/artstella-elixirs-floraux.com\/product\/elixir-ocean-n01-phi15ml\/"},"modified":"2025-04-21T17:10:33","modified_gmt":"2025-04-21T17:10:33","slug":"elixir-ocean-n01-phi15ml","status":"publish","type":"product","link":"https:\/\/artstella-elixirs-floraux.com\/fr_fr\/produit\/elixir-ocean-n01-phi15ml\/","title":{"rendered":"ELIXIR OCEAN N\u00b001 PHI15ML"},"content":{"rendered":"<p>Action \u00e9nerg\u00e9tique sur le 2<sup>\u00e8me<\/sup> chakra, toutes les cellules corporelles, les globules rouges et les poumons.<\/p>\n<p>Apporte un sentiment de l\u00e9g\u00e8ret\u00e9 et renforce la conscience de la respiration.<\/p>\n","protected":false},"excerpt":{"rendered":"<p>L\u2019action \u00e9nerg\u00e9tique de l\u2019\u00e9lixir va directement aux cellules. L\u2019information des cellules retrouve son \u00e9tat originel inchang\u00e9. Agit \u00e9nerg\u00e9tiquement sur l\u2019\u00e9change cellulaire et l\u2019oxyg\u00e9nation. L\u2019information de l\u2019ADN est \u00ab\u00a0nettoy\u00e9e\u00a0\u00bb \u00e9nerg\u00e9tiquement.<\/p>\n","protected":false},"featured_media":6031,"template":"","meta":[],"product_brand":[],"product_cat":[193],"product_tag":[],"class_list":{"0":"post-6030","1":"product","2":"type-product","3":"status-publish","4":"has-post-thumbnail","6":"product_cat-les-elixirs-ocean","8":"first","9":"instock","10":"taxable","11":"shipping-taxable","12":"purchasable","13":"product-type-simple"},"etheme_brands":{"errors":{"invalid_taxonomy":["Taxonomie non valide."]},"error_data":[]},"jetpack_sharing_enabled":true,"jetpack-related-posts":[{"id":6046,"url":"https:\/\/artstella-elixirs-floraux.com\/fr_fr\/produit\/elixir-ocean-n09-phi-15ml\/","url_meta":{"origin":6030,"position":0},"title":"ELIXIR OCEAN N\u00b009 PHI 15ML","author":"eveapprill","date":"9 mars 2025","format":false,"excerpt":"D\u2019un c\u00f4t\u00e9, l\u2019\u00e9lixir agit sur l\u2019\u00e9quilibre hydrique et les \u00e9motions, soutenant \u00e9nerg\u00e9tiquement les processus d\u2019\u00e9limination de l\u2019eau. D\u2019un autre c\u00f4t\u00e9, il apporte de la lumi\u00e8re aux cellules (Informations) pour s\u2019adapter \u00e9nerg\u00e9tiquement \u00e0 de nouvelles fr\u00e9quences lumineuses (\u00e9l\u00e9vation vibratoire) \u00a0","rel":"","context":"Article similaire","block_context":{"text":"Article similaire","link":""},"img":{"alt_text":"","src":"https:\/\/i0.wp.com\/artstella-elixirs-floraux.com\/wp-content\/uploads\/2025\/03\/wp-image2047.png?resize=350%2C200&ssl=1","width":350,"height":200},"classes":[]},{"id":6221,"url":"https:\/\/artstella-elixirs-floraux.com\/fr_fr\/produit\/elixir-ocean-n-31-phi-15ml\/","url_meta":{"origin":6030,"position":1},"title":"ELIXIR OCEAN N\u00b0 31 PHI 15ml","author":"eveapprill","date":"9 mars 2025","format":false,"excerpt":"ELIXIR OCEAN N\u00b0 31 nous relie avec l\u2019information originelle de notre ADN. Il nettoie \u00e9nerg\u00e9tiquement et nous aide \u00e0 nous lib\u00e9rer de \u00ab\u00a0fausses\u00a0\u00bb informations ou \u00ab\u00a0d\u00e9sordres\u00a0\u00bb. Action protectrice de la cellule. L\u2019\u00e9lixir emp\u00eache les perturbations d\u2019adh\u00e9rer\u00a0 et permet donc de s\u2019en lib\u00e9rer.","rel":"","context":"Article similaire","block_context":{"text":"Article similaire","link":""},"img":{"alt_text":"","src":"https:\/\/i0.wp.com\/artstella-elixirs-floraux.com\/wp-content\/uploads\/2025\/03\/wp-image2205.png?resize=350%2C200&ssl=1","width":350,"height":200},"classes":[]},{"id":6034,"url":"https:\/\/artstella-elixirs-floraux.com\/fr_fr\/produit\/elixir-ocean-n03-phi15ml\/","url_meta":{"origin":6030,"position":2},"title":"ELIXIR OCEAN N\u00b003 PHI15ML","author":"eveapprill","date":"9 mars 2025","format":false,"excerpt":"De la m\u00eame fa\u00e7on que l\u2019animal monte des profondeurs, l\u2019\u00e9lixir fait remonter l\u2019information des profondeurs de l\u2019inconscient \u00e0 la surface. L\u2019ancien peut \u00eatre l\u00e2ch\u00e9 et nettoy\u00e9. Il agit \u00e9nerg\u00e9tiquement sur la r\u00e9g\u00e9n\u00e9ration cellulaire. Le vieux peut \u00eatre remplac\u00e9 par du nouveau. Rajeunit \u00e9nerg\u00e9tique. Il stimule le m\u00e9tabolisme \u00e9galement des plaquettes\u2026","rel":"","context":"Article similaire","block_context":{"text":"Article similaire","link":""},"img":{"alt_text":"","src":"https:\/\/i0.wp.com\/artstella-elixirs-floraux.com\/wp-content\/uploads\/2025\/03\/wp-image2041.png?resize=350%2C200&ssl=1","width":350,"height":200},"classes":[]},{"id":6070,"url":"https:\/\/artstella-elixirs-floraux.com\/fr_fr\/produit\/elixir-ocean-n21-phi-15ml\/","url_meta":{"origin":6030,"position":3},"title":"ELIXIR OCEAN N\u00b021 PHI 15ML","author":"eveapprill","date":"9 mars 2025","format":false,"excerpt":"Sur un plan \u00e9nerg\u00e9tique, cet \u00e9lixir agit comme un tonique de tout le corps. Le syst\u00e8me nerveux est renforc\u00e9 et \u00e9quilibr\u00e9. Apporte une forte action de r\u00e9g\u00e9n\u00e9ration, \u00e9galement au niveau du 2\u00e8me chakra. Renforcement de la force vitale du corps.","rel":"","context":"Article similaire","block_context":{"text":"Article similaire","link":""},"img":{"alt_text":"","src":"https:\/\/i0.wp.com\/artstella-elixirs-floraux.com\/wp-content\/uploads\/2025\/03\/wp-image2059.png?resize=350%2C200&ssl=1","width":350,"height":200},"classes":[]},{"id":6032,"url":"https:\/\/artstella-elixirs-floraux.com\/fr_fr\/produit\/elixir-ocean-n02-phi15ml\/","url_meta":{"origin":6030,"position":4},"title":"ELIXIR OCEAN N\u00b002 PHI15ML","author":"eveapprill","date":"9 mars 2025","format":false,"excerpt":"L\u2019\u00e9lixir exerce une action de protection \u00e9nerg\u00e9tique pour nos cellules. Am\u00e9liore la fonction protectrice des corps de lumi\u00e8re. Nous relie avec la force primordiale. Nous aide \u00e0 traverser la vie en souplesse. Am\u00e9liore la flexibilit\u00e9 et la capacit\u00e9 d\u2019adaptation.","rel":"","context":"Article similaire","block_context":{"text":"Article similaire","link":""},"img":{"alt_text":"","src":"https:\/\/i0.wp.com\/artstella-elixirs-floraux.com\/wp-content\/uploads\/2025\/03\/wp-image2040.png?resize=350%2C200&ssl=1","width":350,"height":200},"classes":[]},{"id":6048,"url":"https:\/\/artstella-elixirs-floraux.com\/fr_fr\/produit\/elixir-ocean-n10-phi-15ml\/","url_meta":{"origin":6030,"position":5},"title":"ELIXIR OCEAN N\u00b010 PHI 15ML","author":"eveapprill","date":"9 mars 2025","format":false,"excerpt":"L\u2019\u00e9lixir aide \u00e0 \u00e9quilibrer nos \u00e9motions et notre Ego. De cette fa\u00e7on, nous pouvons mieux nous int\u00e9grer dans un groupe et agir de fa\u00e7on coordonn\u00e9e. Il nous aide \u00e9nerg\u00e9tiquement (cellules, groupes) \u00e0 int\u00e9grer des structures et soutient la collaboration pour le succ\u00e8s de tous. Coordination et harmonisation.","rel":"","context":"Article similaire","block_context":{"text":"Article similaire","link":""},"img":{"alt_text":"","src":"https:\/\/i0.wp.com\/artstella-elixirs-floraux.com\/wp-content\/uploads\/2025\/03\/wp-image2048.png?resize=350%2C200&ssl=1","width":350,"height":200},"classes":[]}],"_links":{"self":[{"href":"https:\/\/artstella-elixirs-floraux.com\/fr_fr\/wp-json\/wp\/v2\/product\/6030","targetHints":{"allow":["GET"]}}],"collection":[{"href":"https:\/\/artstella-elixirs-floraux.com\/fr_fr\/wp-json\/wp\/v2\/product"}],"about":[{"href":"https:\/\/artstella-elixirs-floraux.com\/fr_fr\/wp-json\/wp\/v2\/types\/product"}],"version-history":[{"count":0,"href":"https:\/\/artstella-elixirs-floraux.com\/fr_fr\/wp-json\/wp\/v2\/product\/6030\/revisions"}],"wp:featuredmedia":[{"embeddable":true,"href":"https:\/\/artstella-elixirs-floraux.com\/fr_fr\/wp-json\/wp\/v2\/media\/6031"}],"wp:attachment":[{"href":"https:\/\/artstella-elixirs-floraux.com\/fr_fr\/wp-json\/wp\/v2\/media?parent=6030"}],"wp:term":[{"taxonomy":"product_brand","embeddable":true,"href":"https:\/\/artstella-elixirs-floraux.com\/fr_fr\/wp-json\/wp\/v2\/product_brand?post=6030"},{"taxonomy":"product_cat","embeddable":true,"href":"https:\/\/artstella-elixirs-floraux.com\/fr_fr\/wp-json\/wp\/v2\/product_cat?post=6030"},{"taxonomy":"product_tag","embeddable":true,"href":"https:\/\/artstella-elixirs-floraux.com\/fr_fr\/wp-json\/wp\/v2\/product_tag?post=6030"}],"curies":[{"name":"wp","href":"https:\/\/api.w.org\/{rel}","templated":true}]}}