{"id":6044,"date":"2025-03-09T13:51:42","date_gmt":"2025-03-09T13:51:42","guid":{"rendered":"https:\/\/artstella-elixirs-floraux.com\/product\/elixir-ocean-n08-phi-15ml\/"},"modified":"2025-04-21T17:10:32","modified_gmt":"2025-04-21T17:10:32","slug":"elixir-ocean-n08-phi-15ml","status":"publish","type":"product","link":"https:\/\/artstella-elixirs-floraux.com\/fr_fr\/produit\/elixir-ocean-n08-phi-15ml\/","title":{"rendered":"ELIXIR OCEAN N\u00b008 PHI 15ML"},"content":{"rendered":"<p>Cr\u00e9e une clart\u00e9 int\u00e9rieure et renforce la confiance. L\u2019ancien peut \u00eatre rel\u00e2ch\u00e9, le corps mental nettoy\u00e9. Les contacts et la communication avec les autres sont clarifi\u00e9s.<\/p>\n<p>Action \u00e9nerg\u00e9tique sur le 2<sup>\u00e8me<\/sup> chakra.<\/p>\n","protected":false},"excerpt":{"rendered":"<p>L\u2019\u00e9lixir nous aide \u00e0 rester ouverts au nouveau, \u00e0 de nouvelles situations, \u00e0 une nouvelle relation et \u00e0 pouvoir s\u2019engager. L\u2019engagement est facilit\u00e9 \u00e9nerg\u00e9tiquement mais aussi les processus de r\u00e9solution des probl\u00e8mes. Il devient possible de l\u00e2cher prise de ce qui ne nous correspond plus (\u00e9galement l\u2019information de souffrance). Nous aide \u00e0 nous sentir libres et clairs.<\/p>\n<p>\u00a0<\/p>\n","protected":false},"featured_media":6045,"template":"","meta":[],"product_brand":[],"product_cat":[193],"product_tag":[],"class_list":{"0":"post-6044","1":"product","2":"type-product","3":"status-publish","4":"has-post-thumbnail","6":"product_cat-les-elixirs-ocean","8":"first","9":"instock","10":"taxable","11":"shipping-taxable","12":"purchasable","13":"product-type-simple"},"etheme_brands":{"errors":{"invalid_taxonomy":["Taxonomie non valide."]},"error_data":[]},"jetpack_sharing_enabled":true,"jetpack-related-posts":[{"id":6209,"url":"https:\/\/artstella-elixirs-floraux.com\/fr_fr\/produit\/elixir-ocean-n25-phi-15-ml\/","url_meta":{"origin":6044,"position":0},"title":"ELIXIR OCEAN N\u00b025 PHI 15 ML","author":"eveapprill","date":"9 mars 2025","format":false,"excerpt":"ELIXIR OCEAN N\u00b025 agit \u00e9nerg\u00e9tiquement sur la peau. Nous prenons conscience de son r\u00f4le d\u2019enveloppe protectrice ce qui en favorise une stimulation \u00e9nerg\u00e9tique. (Les processus de r\u00e9g\u00e9n\u00e9ration sont soutenus \u00e9nerg\u00e9tiquement). Il a un effet nettoyant \u00e9nerg\u00e9tique sur l\u2019organisme \u2013 d\u00e9toxification par l\u2019excr\u00e9tion de l\u2019eau. La lymphe et la miction sont\u2026","rel":"","context":"Article similaire","block_context":{"text":"Article similaire","link":""},"img":{"alt_text":"","src":"","width":0,"height":0},"classes":[]},{"id":6038,"url":"https:\/\/artstella-elixirs-floraux.com\/fr_fr\/produit\/elixir-ocean-n05-phi15ml\/","url_meta":{"origin":6044,"position":1},"title":"ELIXIR OCEAN N\u00b005 PHI15ML","author":"eveapprill","date":"9 mars 2025","format":false,"excerpt":"La honte et la culpabilit\u00e9 profond\u00e9ment ancr\u00e9es dans le subconscient peuvent se dissoudre. Action \u00e9nerg\u00e9tique sur le 2\u00e8me chakra, les reins et les organes sexuels.","rel":"","context":"Article similaire","block_context":{"text":"Article similaire","link":""},"img":{"alt_text":"","src":"https:\/\/i0.wp.com\/artstella-elixirs-floraux.com\/wp-content\/uploads\/2025\/03\/wp-image2043.png?resize=350%2C200&ssl=1","width":350,"height":200},"classes":[]},{"id":6048,"url":"https:\/\/artstella-elixirs-floraux.com\/fr_fr\/produit\/elixir-ocean-n10-phi-15ml\/","url_meta":{"origin":6044,"position":2},"title":"ELIXIR OCEAN N\u00b010 PHI 15ML","author":"eveapprill","date":"9 mars 2025","format":false,"excerpt":"L\u2019\u00e9lixir aide \u00e0 \u00e9quilibrer nos \u00e9motions et notre Ego. De cette fa\u00e7on, nous pouvons mieux nous int\u00e9grer dans un groupe et agir de fa\u00e7on coordonn\u00e9e. Il nous aide \u00e9nerg\u00e9tiquement (cellules, groupes) \u00e0 int\u00e9grer des structures et soutient la collaboration pour le succ\u00e8s de tous. Coordination et harmonisation.","rel":"","context":"Article similaire","block_context":{"text":"Article similaire","link":""},"img":{"alt_text":"","src":"https:\/\/i0.wp.com\/artstella-elixirs-floraux.com\/wp-content\/uploads\/2025\/03\/wp-image2048.png?resize=350%2C200&ssl=1","width":350,"height":200},"classes":[]},{"id":6050,"url":"https:\/\/artstella-elixirs-floraux.com\/fr_fr\/produit\/elixir-ocean-n11-phi-15ml\/","url_meta":{"origin":6044,"position":3},"title":"ELIXIR OCEAN N\u00b011 PHI 15ML","author":"eveapprill","date":"9 mars 2025","format":false,"excerpt":"L\u2019\u00e9lixir soutient les processus m\u00e9taboliques et l\u2019\u00e9limination. Psychosomatique de l\u2019intestin. Nous rassure \u00e9nerg\u00e9tiquement au niveau de nos \u00e9motions. Nous comprenons mieux les \u00e9v\u00e9nements et les \u00e9motions et pouvons ainsi mieux les appr\u00e9hender. Soutien et protection \u00e9nerg\u00e9tique de l\u2019organisme.","rel":"","context":"Article similaire","block_context":{"text":"Article similaire","link":""},"img":{"alt_text":"","src":"https:\/\/i0.wp.com\/artstella-elixirs-floraux.com\/wp-content\/uploads\/2025\/03\/wp-image2049.png?resize=350%2C200&ssl=1","width":350,"height":200},"classes":[]},{"id":6066,"url":"https:\/\/artstella-elixirs-floraux.com\/fr_fr\/produit\/elixir-ocean-n19-phi-15ml\/","url_meta":{"origin":6044,"position":4},"title":"ELIXIR OCEAN N\u00b019 PHI 15ML","author":"eveapprill","date":"9 mars 2025","format":false,"excerpt":"L\u2019\u00e9lixir stimule \u00e9nerg\u00e9tiquement le m\u00e9tabolisme et les processus internes. Sur le plan \u00e9motionnel, l\u2019\u00e9lixir apporte une lib\u00e9ration int\u00e9rieure, il aide \u00e0 l\u00e2cher consciemment l\u2019ancien et des \u00e9motions de fa\u00e7on \u00e0 laisser la place \u00e0 de nouvelles id\u00e9es et suggestions.","rel":"","context":"Article similaire","block_context":{"text":"Article similaire","link":""},"img":{"alt_text":"","src":"https:\/\/i0.wp.com\/artstella-elixirs-floraux.com\/wp-content\/uploads\/2025\/03\/wp-image2057.png?resize=350%2C200&ssl=1","width":350,"height":200},"classes":[]},{"id":3758,"url":"https:\/\/artstella-elixirs-floraux.com\/fr_fr\/produit\/amazonas-phi\/","url_meta":{"origin":6044,"position":5},"title":"AMAZONAS PHI","author":"eveapprill","date":"9 mars 2025","format":false,"excerpt":"Amazonas \u00c9lixir du fleuve Amazone Gr\u00e2ce \u00e0 cet \u00e9lixir, nous d\u00e9veloppons une meilleure compr\u00e9hension de la plan\u00e8te. Il nous aide \u00e0 supprimer les blocages. Il a fait ses preuves en cas de blocages \u00e9nerg\u00e9tiques du dos. Cet \u00e9lixir nous aide \u00e0 retrouver le cours de la vie.","rel":"","context":"Article similaire","block_context":{"text":"Article similaire","link":""},"img":{"alt_text":"","src":"https:\/\/i0.wp.com\/artstella-elixirs-floraux.com\/wp-content\/uploads\/2025\/03\/wp-image500.png?resize=350%2C200&ssl=1","width":350,"height":200},"classes":[]}],"_links":{"self":[{"href":"https:\/\/artstella-elixirs-floraux.com\/fr_fr\/wp-json\/wp\/v2\/product\/6044","targetHints":{"allow":["GET"]}}],"collection":[{"href":"https:\/\/artstella-elixirs-floraux.com\/fr_fr\/wp-json\/wp\/v2\/product"}],"about":[{"href":"https:\/\/artstella-elixirs-floraux.com\/fr_fr\/wp-json\/wp\/v2\/types\/product"}],"version-history":[{"count":0,"href":"https:\/\/artstella-elixirs-floraux.com\/fr_fr\/wp-json\/wp\/v2\/product\/6044\/revisions"}],"wp:featuredmedia":[{"embeddable":true,"href":"https:\/\/artstella-elixirs-floraux.com\/fr_fr\/wp-json\/wp\/v2\/media\/6045"}],"wp:attachment":[{"href":"https:\/\/artstella-elixirs-floraux.com\/fr_fr\/wp-json\/wp\/v2\/media?parent=6044"}],"wp:term":[{"taxonomy":"product_brand","embeddable":true,"href":"https:\/\/artstella-elixirs-floraux.com\/fr_fr\/wp-json\/wp\/v2\/product_brand?post=6044"},{"taxonomy":"product_cat","embeddable":true,"href":"https:\/\/artstella-elixirs-floraux.com\/fr_fr\/wp-json\/wp\/v2\/product_cat?post=6044"},{"taxonomy":"product_tag","embeddable":true,"href":"https:\/\/artstella-elixirs-floraux.com\/fr_fr\/wp-json\/wp\/v2\/product_tag?post=6044"}],"curies":[{"name":"wp","href":"https:\/\/api.w.org\/{rel}","templated":true}]}}