{"id":6056,"date":"2025-03-09T13:51:49","date_gmt":"2025-03-09T13:51:49","guid":{"rendered":"https:\/\/artstella-elixirs-floraux.com\/product\/elixir-ocean-n14-phi-15ml\/"},"modified":"2025-04-21T17:09:11","modified_gmt":"2025-04-21T17:09:11","slug":"elixir-ocean-n14-phi-15ml","status":"publish","type":"product","link":"https:\/\/artstella-elixirs-floraux.com\/fr_fr\/produit\/elixir-ocean-n14-phi-15ml\/","title":{"rendered":"ELIXIR OCEAN N\u00b014 PHI 15ML"},"content":{"rendered":"<p>Au niveau \u00e9motionnel, il nous aide \u00e0 \u00e9quilibrer les \u00e9nergies du plexus solaire. Il renforce \u00e9nerg\u00e9tiquement pour pallier au manque d\u2019estime de soi, ou au contraire adoucit les Ego trop forts. Il permet de se sentir plus facilement \u00e0 l\u2019\u00e9gal des autres. La collaboration et la coop\u00e9ration sont de ce fait facilit\u00e9es.<\/p>\n","protected":false},"excerpt":{"rendered":"<p>L\u2019\u00e9lixir agit \u00e9nerg\u00e9tiquement pour lib\u00e9rer des blocages tr\u00e8s profond\u00e9ment ancr\u00e9s. Il nous lib\u00e8re int\u00e9rieurement des anciennes barri\u00e8res et sch\u00e9mas qui limitent l\u2019estime de soi. L\u2019\u00e9lixir agit fortement sur le cerveau, activant les h\u00e9misph\u00e8res c\u00e9r\u00e9braux et le lobe frontal.<\/p>\n","protected":false},"featured_media":6057,"template":"","meta":[],"product_brand":[],"product_cat":[193],"product_tag":[],"class_list":{"0":"post-6056","1":"product","2":"type-product","3":"status-publish","4":"has-post-thumbnail","6":"product_cat-les-elixirs-ocean","8":"first","9":"instock","10":"taxable","11":"shipping-taxable","12":"purchasable","13":"product-type-simple"},"etheme_brands":{"errors":{"invalid_taxonomy":["Taxonomie non valide."]},"error_data":[]},"jetpack_sharing_enabled":true,"jetpack-related-posts":[{"id":6165,"url":"https:\/\/artstella-elixirs-floraux.com\/fr_fr\/produit\/pyramide-saqqarah-phi-15ml\/","url_meta":{"origin":6056,"position":0},"title":"PYRAMIDE SAQQARAH PHI 15ML","author":"eveapprill","date":"9 mars 2025","format":false,"excerpt":"Pyramide Saqqarah La plus ancienne pyramide, a \u00e9t\u00e9 utilis\u00e9e pour l'initiation. L\u2019\u00e9lixir renforce \u00e9nerg\u00e9tiquement et aide \u00e0 lib\u00e9rer des anciennes informations sur la douleur. Agit comme un tonique \u00e9nerg\u00e9tique, l\u2019estime de soi est augment\u00e9e","rel":"","context":"Article similaire","block_context":{"text":"Article similaire","link":""},"img":{"alt_text":"","src":"https:\/\/i0.wp.com\/artstella-elixirs-floraux.com\/wp-content\/uploads\/2025\/03\/wp-image2168.png?resize=350%2C200&ssl=1","width":350,"height":200,"srcset":"https:\/\/i0.wp.com\/artstella-elixirs-floraux.com\/wp-content\/uploads\/2025\/03\/wp-image2168.png?resize=350%2C200&ssl=1 1x, https:\/\/i0.wp.com\/artstella-elixirs-floraux.com\/wp-content\/uploads\/2025\/03\/wp-image2168.png?resize=525%2C300&ssl=1 1.5x, https:\/\/i0.wp.com\/artstella-elixirs-floraux.com\/wp-content\/uploads\/2025\/03\/wp-image2168.png?resize=700%2C400&ssl=1 2x"},"classes":[]},{"id":6066,"url":"https:\/\/artstella-elixirs-floraux.com\/fr_fr\/produit\/elixir-ocean-n19-phi-15ml\/","url_meta":{"origin":6056,"position":1},"title":"ELIXIR OCEAN N\u00b019 PHI 15ML","author":"eveapprill","date":"9 mars 2025","format":false,"excerpt":"L\u2019\u00e9lixir stimule \u00e9nerg\u00e9tiquement le m\u00e9tabolisme et les processus internes. Sur le plan \u00e9motionnel, l\u2019\u00e9lixir apporte une lib\u00e9ration int\u00e9rieure, il aide \u00e0 l\u00e2cher consciemment l\u2019ancien et des \u00e9motions de fa\u00e7on \u00e0 laisser la place \u00e0 de nouvelles id\u00e9es et suggestions.","rel":"","context":"Article similaire","block_context":{"text":"Article similaire","link":""},"img":{"alt_text":"","src":"https:\/\/i0.wp.com\/artstella-elixirs-floraux.com\/wp-content\/uploads\/2025\/03\/wp-image2057.png?resize=350%2C200&ssl=1","width":350,"height":200},"classes":[]},{"id":6060,"url":"https:\/\/artstella-elixirs-floraux.com\/fr_fr\/produit\/elixir-ocean-n16-phi-15ml\/","url_meta":{"origin":6056,"position":2},"title":"ELIXIR OCEAN N\u00b016 PHI 15ML","author":"eveapprill","date":"9 mars 2025","format":false,"excerpt":"L\u2019\u00e9lixir agit \u00e9nerg\u00e9tiquement en lib\u00e9rant des vieux sch\u00e9mas et sentiments. Les limitations int\u00e9rieures peuvent \u00eatre transform\u00e9es et les blocages dissouts. Cela contribue \u00e0 am\u00e9liorer la confiance en soi et il est alors plus ais\u00e9 d\u2019aborder les autres de fa\u00e7on plus cordiale et sans pr\u00e9jug\u00e9s.","rel":"","context":"Article similaire","block_context":{"text":"Article similaire","link":""},"img":{"alt_text":"","src":"https:\/\/i0.wp.com\/artstella-elixirs-floraux.com\/wp-content\/uploads\/2025\/03\/wp-image2054.png?resize=350%2C200&ssl=1","width":350,"height":200},"classes":[]},{"id":6038,"url":"https:\/\/artstella-elixirs-floraux.com\/fr_fr\/produit\/elixir-ocean-n05-phi15ml\/","url_meta":{"origin":6056,"position":3},"title":"ELIXIR OCEAN N\u00b005 PHI15ML","author":"eveapprill","date":"9 mars 2025","format":false,"excerpt":"La honte et la culpabilit\u00e9 profond\u00e9ment ancr\u00e9es dans le subconscient peuvent se dissoudre. Action \u00e9nerg\u00e9tique sur le 2\u00e8me chakra, les reins et les organes sexuels.","rel":"","context":"Article similaire","block_context":{"text":"Article similaire","link":""},"img":{"alt_text":"","src":"https:\/\/i0.wp.com\/artstella-elixirs-floraux.com\/wp-content\/uploads\/2025\/03\/wp-image2043.png?resize=350%2C200&ssl=1","width":350,"height":200},"classes":[]},{"id":6070,"url":"https:\/\/artstella-elixirs-floraux.com\/fr_fr\/produit\/elixir-ocean-n21-phi-15ml\/","url_meta":{"origin":6056,"position":4},"title":"ELIXIR OCEAN N\u00b021 PHI 15ML","author":"eveapprill","date":"9 mars 2025","format":false,"excerpt":"Sur un plan \u00e9nerg\u00e9tique, cet \u00e9lixir agit comme un tonique de tout le corps. Le syst\u00e8me nerveux est renforc\u00e9 et \u00e9quilibr\u00e9. Apporte une forte action de r\u00e9g\u00e9n\u00e9ration, \u00e9galement au niveau du 2\u00e8me chakra. Renforcement de la force vitale du corps.","rel":"","context":"Article similaire","block_context":{"text":"Article similaire","link":""},"img":{"alt_text":"","src":"https:\/\/i0.wp.com\/artstella-elixirs-floraux.com\/wp-content\/uploads\/2025\/03\/wp-image2059.png?resize=350%2C200&ssl=1","width":350,"height":200},"classes":[]},{"id":6217,"url":"https:\/\/artstella-elixirs-floraux.com\/fr_fr\/produit\/elixir-ocean-n-29-phi-15ml\/","url_meta":{"origin":6056,"position":5},"title":"ELIXIR OCEAN N\u00b0 29 PHI 15ml","author":"eveapprill","date":"9 mars 2025","format":false,"excerpt":"ELIXIR OCEAN N\u00b0 29\u00a0 soutient les processus d\u2019assimilation. Il agit \u00e9nerg\u00e9tiquement sur la peau et sur l\u2019intestin, exer\u00e7ant une action de renforcement et de nettoyage. Soutient la structure et la lib\u00e9ration de l\u2019ancien. Active les processus de nettoyage et de r\u00e9g\u00e9n\u00e9ration.","rel":"","context":"Article similaire","block_context":{"text":"Article similaire","link":""},"img":{"alt_text":"","src":"","width":0,"height":0},"classes":[]}],"_links":{"self":[{"href":"https:\/\/artstella-elixirs-floraux.com\/fr_fr\/wp-json\/wp\/v2\/product\/6056","targetHints":{"allow":["GET"]}}],"collection":[{"href":"https:\/\/artstella-elixirs-floraux.com\/fr_fr\/wp-json\/wp\/v2\/product"}],"about":[{"href":"https:\/\/artstella-elixirs-floraux.com\/fr_fr\/wp-json\/wp\/v2\/types\/product"}],"version-history":[{"count":0,"href":"https:\/\/artstella-elixirs-floraux.com\/fr_fr\/wp-json\/wp\/v2\/product\/6056\/revisions"}],"wp:featuredmedia":[{"embeddable":true,"href":"https:\/\/artstella-elixirs-floraux.com\/fr_fr\/wp-json\/wp\/v2\/media\/6057"}],"wp:attachment":[{"href":"https:\/\/artstella-elixirs-floraux.com\/fr_fr\/wp-json\/wp\/v2\/media?parent=6056"}],"wp:term":[{"taxonomy":"product_brand","embeddable":true,"href":"https:\/\/artstella-elixirs-floraux.com\/fr_fr\/wp-json\/wp\/v2\/product_brand?post=6056"},{"taxonomy":"product_cat","embeddable":true,"href":"https:\/\/artstella-elixirs-floraux.com\/fr_fr\/wp-json\/wp\/v2\/product_cat?post=6056"},{"taxonomy":"product_tag","embeddable":true,"href":"https:\/\/artstella-elixirs-floraux.com\/fr_fr\/wp-json\/wp\/v2\/product_tag?post=6056"}],"curies":[{"name":"wp","href":"https:\/\/api.w.org\/{rel}","templated":true}]}}