{"id":6060,"date":"2025-03-09T13:51:52","date_gmt":"2025-03-09T13:51:52","guid":{"rendered":"https:\/\/artstella-elixirs-floraux.com\/product\/elixir-ocean-n16-phi-15ml\/"},"modified":"2025-06-08T12:57:17","modified_gmt":"2025-06-08T12:57:17","slug":"elixir-ocean-n16-phi-15ml","status":"publish","type":"product","link":"https:\/\/artstella-elixirs-floraux.com\/fr_fr\/produit\/elixir-ocean-n16-phi-15ml\/","title":{"rendered":"ELIXIR OCEAN N\u00b016 PHI 15ML"},"content":{"rendered":"<p>Soutient la communication et les connexions \u00e9nerg\u00e9tiques. Il agit \u00e9galement positivement sur la force vitale et notre \u00e9nergie.<\/p>\n<p>L\u2019\u00e9lixir permet \u00e0 l\u2019\u00e9nergie et la force vitale de s\u2019\u00e9couler, les limitations et les blocages sont transform\u00e9s. L\u2019\u00e9nergie peut couler jusque dans les mains et les pieds, les tensions peuvent \u00eatre rel\u00e2ch\u00e9es. Le chakra du c\u0153ur peut s\u2019expanser et se stabiliser \u00e9nerg\u00e9tiquement.<\/p>\n","protected":false},"excerpt":{"rendered":"<p>L\u2019\u00e9lixir agit \u00e9nerg\u00e9tiquement en lib\u00e9rant des vieux sch\u00e9mas et sentiments. Les limitations int\u00e9rieures peuvent \u00eatre transform\u00e9es et les blocages dissouts. Cela contribue \u00e0 am\u00e9liorer la confiance en soi et il est alors plus ais\u00e9 d\u2019aborder les autres de fa\u00e7on plus cordiale et sans pr\u00e9jug\u00e9s.<\/p>\n","protected":false},"featured_media":6061,"template":"","meta":[],"product_brand":[],"product_cat":[193],"product_tag":[],"class_list":{"0":"post-6060","1":"product","2":"type-product","3":"status-publish","4":"has-post-thumbnail","6":"product_cat-les-elixirs-ocean","8":"first","9":"instock","10":"taxable","11":"shipping-taxable","12":"purchasable","13":"product-type-simple"},"etheme_brands":{"errors":{"invalid_taxonomy":["Taxonomie non valide."]},"error_data":[]},"jetpack_sharing_enabled":true,"jetpack-related-posts":[{"id":6070,"url":"https:\/\/artstella-elixirs-floraux.com\/fr_fr\/produit\/elixir-ocean-n21-phi-15ml\/","url_meta":{"origin":6060,"position":0},"title":"ELIXIR OCEAN N\u00b021 PHI 15ML","author":"eveapprill","date":"9 mars 2025","format":false,"excerpt":"Sur un plan \u00e9nerg\u00e9tique, cet \u00e9lixir agit comme un tonique de tout le corps. Le syst\u00e8me nerveux est renforc\u00e9 et \u00e9quilibr\u00e9. Apporte une forte action de r\u00e9g\u00e9n\u00e9ration, \u00e9galement au niveau du 2\u00e8me chakra. Renforcement de la force vitale du corps.","rel":"","context":"Article similaire","block_context":{"text":"Article similaire","link":""},"img":{"alt_text":"","src":"https:\/\/i0.wp.com\/artstella-elixirs-floraux.com\/wp-content\/uploads\/2025\/03\/wp-image2059.png?resize=350%2C200&ssl=1","width":350,"height":200},"classes":[]},{"id":6253,"url":"https:\/\/artstella-elixirs-floraux.com\/fr_fr\/produit\/elixir-ocean-n36-phi\/","url_meta":{"origin":6060,"position":1},"title":"ELIXIR OCEAN N\u00b036 PHI","author":"eveapprill","date":"9 mars 2025","format":false,"excerpt":"L\u2019\u00e9lixir montre une analogie avec le cerveau et la colonne vert\u00e9brale. Il a une action \u00e9nerg\u00e9tique\u00a0 sur la t\u00eate et le syst\u00e8me nerveux.\u00a0 Des blocages profonds de l\u2019inconscient peuvent appara\u00eetre \u00e0 la conscience et peuvent ainsi \u00eatre transform\u00e9s.","rel":"","context":"Article similaire","block_context":{"text":"Article similaire","link":""},"img":{"alt_text":"","src":"https:\/\/i0.wp.com\/artstella-elixirs-floraux.com\/wp-content\/uploads\/2025\/03\/wp-image2217.png?resize=350%2C200&ssl=1","width":350,"height":200},"classes":[]},{"id":6056,"url":"https:\/\/artstella-elixirs-floraux.com\/fr_fr\/produit\/elixir-ocean-n14-phi-15ml\/","url_meta":{"origin":6060,"position":2},"title":"ELIXIR OCEAN N\u00b014 PHI 15ML","author":"eveapprill","date":"9 mars 2025","format":false,"excerpt":"L\u2019\u00e9lixir agit \u00e9nerg\u00e9tiquement pour lib\u00e9rer des blocages tr\u00e8s profond\u00e9ment ancr\u00e9s. Il nous lib\u00e8re int\u00e9rieurement des anciennes barri\u00e8res et sch\u00e9mas qui limitent l\u2019estime de soi. L\u2019\u00e9lixir agit fortement sur le cerveau, activant les h\u00e9misph\u00e8res c\u00e9r\u00e9braux et le lobe frontal.","rel":"","context":"Article similaire","block_context":{"text":"Article similaire","link":""},"img":{"alt_text":"","src":"https:\/\/i0.wp.com\/artstella-elixirs-floraux.com\/wp-content\/uploads\/2025\/03\/wp-image2052.png?resize=350%2C200&ssl=1","width":350,"height":200},"classes":[]},{"id":6038,"url":"https:\/\/artstella-elixirs-floraux.com\/fr_fr\/produit\/elixir-ocean-n05-phi15ml\/","url_meta":{"origin":6060,"position":3},"title":"ELIXIR OCEAN N\u00b005 PHI15ML","author":"eveapprill","date":"9 mars 2025","format":false,"excerpt":"La honte et la culpabilit\u00e9 profond\u00e9ment ancr\u00e9es dans le subconscient peuvent se dissoudre. Action \u00e9nerg\u00e9tique sur le 2\u00e8me chakra, les reins et les organes sexuels.","rel":"","context":"Article similaire","block_context":{"text":"Article similaire","link":""},"img":{"alt_text":"","src":"https:\/\/i0.wp.com\/artstella-elixirs-floraux.com\/wp-content\/uploads\/2025\/03\/wp-image2043.png?resize=350%2C200&ssl=1","width":350,"height":200},"classes":[]},{"id":3623,"url":"https:\/\/artstella-elixirs-floraux.com\/fr_fr\/produit\/enfant-de-la-lune-ltoe-15-ml\/","url_meta":{"origin":6060,"position":4},"title":"Moon Child LTOE 15 ml","author":"eveapprill","date":"9 mars 2025","format":false,"excerpt":"Moon Child \/ Enfant de la Lune Poss\u00e8de une affinit\u00e9 avec l\u2019\u00e9nergie de la r\u00e9gion pelvienne et aide \u00e0 lib\u00e9rer les blocages entravant l\u2019\u00e9volution \u00e9motionnelle. Durant la gestation, nous recevons toutes sortes d\u2019empreintes plus ou moins subtiles.","rel":"","context":"Article similaire","block_context":{"text":"Article similaire","link":""},"img":{"alt_text":"Enfant de la Lune LTOE 15 ml","src":"https:\/\/i0.wp.com\/artstella-elixirs-floraux.com\/wp-content\/uploads\/2025\/03\/ef27ae0b-ec83-4986-8926-fba89587d513.jpg?resize=350%2C200&ssl=1","width":350,"height":200,"srcset":"https:\/\/i0.wp.com\/artstella-elixirs-floraux.com\/wp-content\/uploads\/2025\/03\/ef27ae0b-ec83-4986-8926-fba89587d513.jpg?resize=350%2C200&ssl=1 1x, https:\/\/i0.wp.com\/artstella-elixirs-floraux.com\/wp-content\/uploads\/2025\/03\/ef27ae0b-ec83-4986-8926-fba89587d513.jpg?resize=525%2C300&ssl=1 1.5x, https:\/\/i0.wp.com\/artstella-elixirs-floraux.com\/wp-content\/uploads\/2025\/03\/ef27ae0b-ec83-4986-8926-fba89587d513.jpg?resize=700%2C400&ssl=1 2x"},"classes":[]},{"id":3072,"url":"https:\/\/artstella-elixirs-floraux.com\/fr_fr\/produit\/neptune-planete-phi-15ml\/","url_meta":{"origin":6060,"position":5},"title":"NEPTUNE PLANETE PHI 15ML","author":"eveapprill","date":"9 mars 2025","format":false,"excerpt":"Neptune Cet \u00e9lixir contribue avec douceur et comme dans un r\u00eave \u00e0 notre harmonie int\u00e9rieure et met en mouvement notre \u00e9nergie vitale, ce qui permet d'\u00e9liminer sans heurts nos blocages \u00e9nerg\u00e9tiques.","rel":"","context":"Article similaire","block_context":{"text":"Article similaire","link":""},"img":{"alt_text":"","src":"","width":0,"height":0},"classes":[]}],"_links":{"self":[{"href":"https:\/\/artstella-elixirs-floraux.com\/fr_fr\/wp-json\/wp\/v2\/product\/6060","targetHints":{"allow":["GET"]}}],"collection":[{"href":"https:\/\/artstella-elixirs-floraux.com\/fr_fr\/wp-json\/wp\/v2\/product"}],"about":[{"href":"https:\/\/artstella-elixirs-floraux.com\/fr_fr\/wp-json\/wp\/v2\/types\/product"}],"version-history":[{"count":0,"href":"https:\/\/artstella-elixirs-floraux.com\/fr_fr\/wp-json\/wp\/v2\/product\/6060\/revisions"}],"wp:featuredmedia":[{"embeddable":true,"href":"https:\/\/artstella-elixirs-floraux.com\/fr_fr\/wp-json\/wp\/v2\/media\/6061"}],"wp:attachment":[{"href":"https:\/\/artstella-elixirs-floraux.com\/fr_fr\/wp-json\/wp\/v2\/media?parent=6060"}],"wp:term":[{"taxonomy":"product_brand","embeddable":true,"href":"https:\/\/artstella-elixirs-floraux.com\/fr_fr\/wp-json\/wp\/v2\/product_brand?post=6060"},{"taxonomy":"product_cat","embeddable":true,"href":"https:\/\/artstella-elixirs-floraux.com\/fr_fr\/wp-json\/wp\/v2\/product_cat?post=6060"},{"taxonomy":"product_tag","embeddable":true,"href":"https:\/\/artstella-elixirs-floraux.com\/fr_fr\/wp-json\/wp\/v2\/product_tag?post=6060"}],"curies":[{"name":"wp","href":"https:\/\/api.w.org\/{rel}","templated":true}]}}