{"id":6080,"date":"2025-03-09T13:52:08","date_gmt":"2025-03-09T13:52:08","guid":{"rendered":"https:\/\/artstella-elixirs-floraux.com\/product\/diatomees-15-ml-sylfos\/"},"modified":"2025-04-29T14:37:20","modified_gmt":"2025-04-29T14:37:20","slug":"diatomees-15-ml-sylfos","status":"publish","type":"product","link":"https:\/\/artstella-elixirs-floraux.com\/fr_fr\/produit\/diatomees-15-ml-sylfos\/","title":{"rendered":"DIATOMEES 15 ML SYLFOS"},"content":{"rendered":"<p>L\u2019\u00e9lixir de Diatom\u00e9es agit comme un r\u00e9p\u00e9titeur rappelant notre mission originelle afin que nous puissions agir r\u00e9ellement conform\u00e9ment \u00e0 notre \u00e9toile divine\u00a0 et au chemin de notre \u00e2me.<\/p>\n","protected":false},"excerpt":{"rendered":"<p><strong>ELIXIR DE DIATOM\u00c9ES <\/strong><\/p>\n<p>Elles sont une des premi\u00e8res manifestations de la vie: une prot\u00e9ine qui gr\u00e2ce \u00e0 un rev\u00eatement de silice pouvait se prot\u00e9ger de la putr\u00e9faction. L\u2019\u00e9lixir servira quand le r\u00f4le initial a \u00e9t\u00e9 \u201coubli\u00e9\u201d, aussi bien au niveau de notre objectif de vie que du niveau cellulaire.<\/p>\n","protected":false},"featured_media":0,"template":"","meta":[],"product_brand":[],"product_cat":[194],"product_tag":[],"class_list":{"0":"post-6080","1":"product","2":"type-product","3":"status-publish","5":"product_cat-autres-animaux","7":"first","8":"instock","9":"taxable","10":"shipping-taxable","11":"purchasable","12":"product-type-simple"},"etheme_brands":{"errors":{"invalid_taxonomy":["Taxonomie non valide."]},"error_data":[]},"jetpack_sharing_enabled":true,"jetpack-related-posts":[{"id":6058,"url":"https:\/\/artstella-elixirs-floraux.com\/fr_fr\/produit\/elixir-ocean-n15-phi-15-ml\/","url_meta":{"origin":6080,"position":0},"title":"ELIXIR OCEAN N\u00b015 PHI 15 ML","author":"eveapprill","date":"9 mars 2025","format":false,"excerpt":"L\u2019\u00e9lixir nous ram\u00e8ne \u00e0 l\u2019origine, \u00e0 l\u2019information de la toute premi\u00e8re cellule apr\u00e8s la fusion de l\u2019ADN dans le processus de cr\u00e9ation de la vie. Nous nous rappelons de l\u2019information originelle, sans perturbation, inchang\u00e9e, le moment de la cr\u00e9ation divine, l\u2019essence de l\u2019origine en nous.","rel":"","context":"Article similaire","block_context":{"text":"Article similaire","link":""},"img":{"alt_text":"","src":"https:\/\/i0.wp.com\/artstella-elixirs-floraux.com\/wp-content\/uploads\/2025\/03\/wp-image2053.png?resize=350%2C200&ssl=1","width":350,"height":200},"classes":[]},{"id":3687,"url":"https:\/\/artstella-elixirs-floraux.com\/fr_fr\/produit\/70-voice-of-courage-ltoe-15ml\/","url_meta":{"origin":6080,"position":1},"title":"VOICE OF COURAGE LTOE 15ML","author":"eveapprill","date":"9 mars 2025","format":false,"excerpt":"Voice of Courage \/ la Voix du courage Un \u00e9lixir tr\u00e8s important pour gu\u00e9rir les niveaux profonds du 3\u00e8me chakra, de m\u00eame qu\u2019il \u00e9nerg\u00e9tise le chakra de la gorge. Donne force et courage et permet de renouveler notre engagement par rapport aux buts de notre \u00e2me dans cette vie","rel":"","context":"Article similaire","block_context":{"text":"Article similaire","link":""},"img":{"alt_text":"","src":"https:\/\/i0.wp.com\/artstella-elixirs-floraux.com\/wp-content\/uploads\/2025\/03\/29909093-978a-4b79-857b-1fffc2be6331.jpg?resize=350%2C200&ssl=1","width":350,"height":200,"srcset":"https:\/\/i0.wp.com\/artstella-elixirs-floraux.com\/wp-content\/uploads\/2025\/03\/29909093-978a-4b79-857b-1fffc2be6331.jpg?resize=350%2C200&ssl=1 1x, https:\/\/i0.wp.com\/artstella-elixirs-floraux.com\/wp-content\/uploads\/2025\/03\/29909093-978a-4b79-857b-1fffc2be6331.jpg?resize=525%2C300&ssl=1 1.5x, https:\/\/i0.wp.com\/artstella-elixirs-floraux.com\/wp-content\/uploads\/2025\/03\/29909093-978a-4b79-857b-1fffc2be6331.jpg?resize=700%2C400&ssl=1 2x"},"classes":[]},{"id":6050,"url":"https:\/\/artstella-elixirs-floraux.com\/fr_fr\/produit\/elixir-ocean-n11-phi-15ml\/","url_meta":{"origin":6080,"position":2},"title":"ELIXIR OCEAN N\u00b011 PHI 15ML","author":"eveapprill","date":"9 mars 2025","format":false,"excerpt":"L\u2019\u00e9lixir soutient les processus m\u00e9taboliques et l\u2019\u00e9limination. Psychosomatique de l\u2019intestin. Nous rassure \u00e9nerg\u00e9tiquement au niveau de nos \u00e9motions. Nous comprenons mieux les \u00e9v\u00e9nements et les \u00e9motions et pouvons ainsi mieux les appr\u00e9hender. Soutien et protection \u00e9nerg\u00e9tique de l\u2019organisme.","rel":"","context":"Article similaire","block_context":{"text":"Article similaire","link":""},"img":{"alt_text":"","src":"https:\/\/i0.wp.com\/artstella-elixirs-floraux.com\/wp-content\/uploads\/2025\/03\/wp-image2049.png?resize=350%2C200&ssl=1","width":350,"height":200},"classes":[]},{"id":5220,"url":"https:\/\/artstella-elixirs-floraux.com\/fr_fr\/produit\/beluga\/","url_meta":{"origin":6080,"position":3},"title":"Beluga","author":"eveapprill","date":"9 mars 2025","format":false,"excerpt":"Cet \u00e9lixir nous rappelle la joie et la l\u00e9g\u00e8ret\u00e9 enfantine. Il nous apprend \u00e0 ne pas prendre la vie trop au s\u00e9rieux et \u00e0 rester enjou\u00e9","rel":"","context":"Article similaire","block_context":{"text":"Article similaire","link":""},"img":{"alt_text":"","src":"https:\/\/i0.wp.com\/artstella-elixirs-floraux.com\/wp-content\/uploads\/2025\/03\/wp-image1501.png?resize=350%2C200&ssl=1","width":350,"height":200},"classes":[]},{"id":6054,"url":"https:\/\/artstella-elixirs-floraux.com\/fr_fr\/produit\/elixir-ocean-n13-phi-15ml\/","url_meta":{"origin":6080,"position":4},"title":"ELIXIR OCEAN N\u00b013 PHI 15ML","author":"eveapprill","date":"9 mars 2025","format":false,"excerpt":"Cet \u00e9lixir aide \u00e9motionnellement les personnes sensibles, facilement bless\u00e9es qui se trouvent invisibles au contact des autres. Il les aide \u00e0 se renforcer et \u00e0 devenir plus souples. Pour se sentir plus l\u00e9gitime et avancer plus surement.","rel":"","context":"Article similaire","block_context":{"text":"Article similaire","link":""},"img":{"alt_text":"","src":"https:\/\/i0.wp.com\/artstella-elixirs-floraux.com\/wp-content\/uploads\/2025\/03\/wp-image2051.png?resize=350%2C200&ssl=1","width":350,"height":200},"classes":[]},{"id":5510,"url":"https:\/\/artstella-elixirs-floraux.com\/fr_fr\/produit\/beluga-2\/","url_meta":{"origin":6080,"position":5},"title":"BELUGA","author":"eveapprill","date":"9 mars 2025","format":false,"excerpt":"BELUGA \u00a0- Wei\u00dfwal \u00a0\u00a0(Delphinapterus leucas) Cet \u00e9lixir nous rappelle la joie et la l\u00e9g\u00e8ret\u00e9 enfantine. Il nous apprend \u00e0 ne pas prendre la vie trop au s\u00e9rieux et \u00e0 rester enjou\u00e9. L\u2019\u00e9lixir aide \u00e9motionnellement les personnes qui ont souffert de blocages, de chocs ou d\u2019\u00e9motions n\u00e9gatives pendant la vie f\u0153tale\u2026","rel":"","context":"Article similaire","block_context":{"text":"Article similaire","link":""},"img":{"alt_text":"","src":"https:\/\/i0.wp.com\/artstella-elixirs-floraux.com\/wp-content\/uploads\/2025\/03\/wp-image1750.png?resize=350%2C200&ssl=1","width":350,"height":200},"classes":[]}],"_links":{"self":[{"href":"https:\/\/artstella-elixirs-floraux.com\/fr_fr\/wp-json\/wp\/v2\/product\/6080","targetHints":{"allow":["GET"]}}],"collection":[{"href":"https:\/\/artstella-elixirs-floraux.com\/fr_fr\/wp-json\/wp\/v2\/product"}],"about":[{"href":"https:\/\/artstella-elixirs-floraux.com\/fr_fr\/wp-json\/wp\/v2\/types\/product"}],"version-history":[{"count":0,"href":"https:\/\/artstella-elixirs-floraux.com\/fr_fr\/wp-json\/wp\/v2\/product\/6080\/revisions"}],"wp:attachment":[{"href":"https:\/\/artstella-elixirs-floraux.com\/fr_fr\/wp-json\/wp\/v2\/media?parent=6080"}],"wp:term":[{"taxonomy":"product_brand","embeddable":true,"href":"https:\/\/artstella-elixirs-floraux.com\/fr_fr\/wp-json\/wp\/v2\/product_brand?post=6080"},{"taxonomy":"product_cat","embeddable":true,"href":"https:\/\/artstella-elixirs-floraux.com\/fr_fr\/wp-json\/wp\/v2\/product_cat?post=6080"},{"taxonomy":"product_tag","embeddable":true,"href":"https:\/\/artstella-elixirs-floraux.com\/fr_fr\/wp-json\/wp\/v2\/product_tag?post=6080"}],"curies":[{"name":"wp","href":"https:\/\/api.w.org\/{rel}","templated":true}]}}