{"id":6097,"date":"2025-03-09T13:52:23","date_gmt":"2025-03-09T13:52:23","guid":{"rendered":"https:\/\/artstella-elixirs-floraux.com\/product\/pendentif-isis\/"},"modified":"2025-06-08T12:48:34","modified_gmt":"2025-06-08T12:48:34","slug":"pendentif-isis","status":"publish","type":"product","link":"https:\/\/artstella-elixirs-floraux.com\/fr_fr\/produit\/pendentif-isis\/","title":{"rendered":"Pendentif \u00ab\u00a0ISIS\u00a0\u00bb"},"content":{"rendered":"","protected":false},"excerpt":{"rendered":"<p style=\"text-align: left;\" align=\"center\"><strong>Pendentif <\/strong><strong>\u00ab ISIS<\/strong><strong>\u00bb<\/strong><\/p>\n<p>Pendentif en verre souffl\u00e9 rempli avec l&rsquo;\u00e9lixirs ISIS qui soutient l&rsquo;\u00e9quilibre du f\u00e9minin<\/p>\n","protected":false},"featured_media":6098,"template":"","meta":[],"product_brand":[],"product_cat":[167],"product_tag":[],"class_list":{"0":"post-6097","1":"product","2":"type-product","3":"status-publish","4":"has-post-thumbnail","6":"product_cat-pendentifs-bush","8":"first","9":"instock","10":"taxable","11":"shipping-taxable","12":"purchasable","13":"product-type-simple"},"etheme_brands":{"errors":{"invalid_taxonomy":["Taxonomie non valide."]},"error_data":[]},"jetpack_sharing_enabled":true,"jetpack-related-posts":[{"id":4842,"url":"https:\/\/artstella-elixirs-floraux.com\/fr_fr\/produit\/pendentif-electro-clair\/","url_meta":{"origin":6097,"position":0},"title":"Pendentif \u00ab Electro \u00bb (clair)","author":"eveapprill","date":"9 mars 2025","format":false,"excerpt":"\u00a0 Pendentif \u00ab\u00a0Electro\u00a0\u00bb (clair) Pendentif en verre souffl\u00e9 couleur clair, anti-rayonnement, rempli avec les \u00e9lixirs d\u2019Electro (concentr\u00e9s).\u00a0","rel":"","context":"Article similaire","block_context":{"text":"Article similaire","link":""},"img":{"alt_text":"","src":"https:\/\/i0.wp.com\/artstella-elixirs-floraux.com\/wp-content\/uploads\/2025\/03\/wp-image1355.png?resize=350%2C200&ssl=1","width":350,"height":200,"srcset":"https:\/\/i0.wp.com\/artstella-elixirs-floraux.com\/wp-content\/uploads\/2025\/03\/wp-image1355.png?resize=350%2C200&ssl=1 1x, https:\/\/i0.wp.com\/artstella-elixirs-floraux.com\/wp-content\/uploads\/2025\/03\/wp-image1355.png?resize=525%2C300&ssl=1 1.5x"},"classes":[]},{"id":4844,"url":"https:\/\/artstella-elixirs-floraux.com\/fr_fr\/produit\/pendentif-electro-violet\/","url_meta":{"origin":6097,"position":1},"title":"Pendentif \u00ab Electro \u00bb (violet)","author":"eveapprill","date":"9 mars 2025","format":false,"excerpt":"Pendentif \u00ab\u00a0Electro\u00a0\u00bb (violet) Pendentif en verre souffl\u00e9 couleur violet, anti-rayonnement, rempli avec les \u00e9lixirs d\u2019Electro (concentr\u00e9s).","rel":"","context":"Article similaire","block_context":{"text":"Article similaire","link":""},"img":{"alt_text":"","src":"https:\/\/i0.wp.com\/artstella-elixirs-floraux.com\/wp-content\/uploads\/2025\/03\/wp-image1356.png?resize=350%2C200&ssl=1","width":350,"height":200,"srcset":"https:\/\/i0.wp.com\/artstella-elixirs-floraux.com\/wp-content\/uploads\/2025\/03\/wp-image1356.png?resize=350%2C200&ssl=1 1x, https:\/\/i0.wp.com\/artstella-elixirs-floraux.com\/wp-content\/uploads\/2025\/03\/wp-image1356.png?resize=525%2C300&ssl=1 1.5x"},"classes":[]},{"id":6099,"url":"https:\/\/artstella-elixirs-floraux.com\/fr_fr\/produit\/pendentif-solar-logos\/","url_meta":{"origin":6097,"position":2},"title":"Pendentif \u00ab\u00a0SOLAR LOGOS\u00a0\u00bb","author":"eveapprill","date":"9 mars 2025","format":false,"excerpt":"Pendentif \u00ab SOLAR LOGOS\u00bb Pendentif en verre souffl\u00e9 rempli avec l'\u00e9lixirs Solar Logos. Active la lumi\u00e8re de l\u2019Ame en nous, nous permettant alors d\u2019acc\u00e9der au Divin \u00e0 un niveau personnel","rel":"","context":"Article similaire","block_context":{"text":"Article similaire","link":""},"img":{"alt_text":"","src":"https:\/\/i0.wp.com\/artstella-elixirs-floraux.com\/wp-content\/uploads\/2025\/03\/wp-image2132.png?resize=350%2C200&ssl=1","width":350,"height":200,"srcset":"https:\/\/i0.wp.com\/artstella-elixirs-floraux.com\/wp-content\/uploads\/2025\/03\/wp-image2132.png?resize=350%2C200&ssl=1 1x, https:\/\/i0.wp.com\/artstella-elixirs-floraux.com\/wp-content\/uploads\/2025\/03\/wp-image2132.png?resize=525%2C300&ssl=1 1.5x, https:\/\/i0.wp.com\/artstella-elixirs-floraux.com\/wp-content\/uploads\/2025\/03\/wp-image2132.png?resize=700%2C400&ssl=1 2x"},"classes":[]},{"id":4856,"url":"https:\/\/artstella-elixirs-floraux.com\/fr_fr\/produit\/pendentif-enfant-electro-bleu\/","url_meta":{"origin":6097,"position":3},"title":"Pendentif enfant \u2013 \u00ab Electro \u00bb (bleu)","author":"eveapprill","date":"9 mars 2025","format":false,"excerpt":"Pendentif enfant \u2013 \u00ab\u00a0Electro\u00a0\u00bb (bleu) Pendentif pour enfant de plus de 8 ans en verre souffl\u00e9 couleur bleu, rempli avec les \u00e9lixirs d\u2019Electro (concentr\u00e9s)","rel":"","context":"Article similaire","block_context":{"text":"Article similaire","link":""},"img":{"alt_text":"","src":"https:\/\/i0.wp.com\/artstella-elixirs-floraux.com\/wp-content\/uploads\/2025\/03\/wp-image1362.png?resize=350%2C200&ssl=1","width":350,"height":200,"srcset":"https:\/\/i0.wp.com\/artstella-elixirs-floraux.com\/wp-content\/uploads\/2025\/03\/wp-image1362.png?resize=350%2C200&ssl=1 1x, https:\/\/i0.wp.com\/artstella-elixirs-floraux.com\/wp-content\/uploads\/2025\/03\/wp-image1362.png?resize=525%2C300&ssl=1 1.5x"},"classes":[]},{"id":4858,"url":"https:\/\/artstella-elixirs-floraux.com\/fr_fr\/produit\/pendentif-enfant-electro-rose\/","url_meta":{"origin":6097,"position":4},"title":"Pendentif enfant \u2013 \u00ab Electro \u00bb (rose","author":"eveapprill","date":"9 mars 2025","format":false,"excerpt":"Pendentif enfant \u2013 \u00ab\u00a0Electro\u00a0\u00bb (rose) Pendentif pour enfant de plus de 8 ans en verre souffl\u00e9 couleur rose, rempli avec les \u00e9lixirs d\u2019Electro (concentr\u00e9s) \u00a0","rel":"","context":"Article similaire","block_context":{"text":"Article similaire","link":""},"img":{"alt_text":"","src":"https:\/\/i0.wp.com\/artstella-elixirs-floraux.com\/wp-content\/uploads\/2025\/03\/wp-image1363.png?resize=350%2C200&ssl=1","width":350,"height":200,"srcset":"https:\/\/i0.wp.com\/artstella-elixirs-floraux.com\/wp-content\/uploads\/2025\/03\/wp-image1363.png?resize=350%2C200&ssl=1 1x, https:\/\/i0.wp.com\/artstella-elixirs-floraux.com\/wp-content\/uploads\/2025\/03\/wp-image1363.png?resize=525%2C300&ssl=1 1.5x"},"classes":[]},{"id":4860,"url":"https:\/\/artstella-elixirs-floraux.com\/fr_fr\/produit\/pendentif-enfant-electro-vert\/","url_meta":{"origin":6097,"position":5},"title":"Pendentif enfant \u2013 \u00ab Electro \u00bb (vert)","author":"eveapprill","date":"9 mars 2025","format":false,"excerpt":"Pendentif enfant\u00a0\u2013 \u00ab\u00a0Electro\u00a0\u00bb (vert) Pendentif pour enfant de plus de 8 ans en verre souffl\u00e9 couleur vert, rempli avec les \u00e9lixirs d\u2019Electro (concentr\u00e9s)","rel":"","context":"Article similaire","block_context":{"text":"Article similaire","link":""},"img":{"alt_text":"","src":"https:\/\/i0.wp.com\/artstella-elixirs-floraux.com\/wp-content\/uploads\/2025\/03\/wp-image1364.png?resize=350%2C200&ssl=1","width":350,"height":200,"srcset":"https:\/\/i0.wp.com\/artstella-elixirs-floraux.com\/wp-content\/uploads\/2025\/03\/wp-image1364.png?resize=350%2C200&ssl=1 1x, https:\/\/i0.wp.com\/artstella-elixirs-floraux.com\/wp-content\/uploads\/2025\/03\/wp-image1364.png?resize=525%2C300&ssl=1 1.5x"},"classes":[]}],"_links":{"self":[{"href":"https:\/\/artstella-elixirs-floraux.com\/fr_fr\/wp-json\/wp\/v2\/product\/6097","targetHints":{"allow":["GET"]}}],"collection":[{"href":"https:\/\/artstella-elixirs-floraux.com\/fr_fr\/wp-json\/wp\/v2\/product"}],"about":[{"href":"https:\/\/artstella-elixirs-floraux.com\/fr_fr\/wp-json\/wp\/v2\/types\/product"}],"version-history":[{"count":0,"href":"https:\/\/artstella-elixirs-floraux.com\/fr_fr\/wp-json\/wp\/v2\/product\/6097\/revisions"}],"wp:featuredmedia":[{"embeddable":true,"href":"https:\/\/artstella-elixirs-floraux.com\/fr_fr\/wp-json\/wp\/v2\/media\/6098"}],"wp:attachment":[{"href":"https:\/\/artstella-elixirs-floraux.com\/fr_fr\/wp-json\/wp\/v2\/media?parent=6097"}],"wp:term":[{"taxonomy":"product_brand","embeddable":true,"href":"https:\/\/artstella-elixirs-floraux.com\/fr_fr\/wp-json\/wp\/v2\/product_brand?post=6097"},{"taxonomy":"product_cat","embeddable":true,"href":"https:\/\/artstella-elixirs-floraux.com\/fr_fr\/wp-json\/wp\/v2\/product_cat?post=6097"},{"taxonomy":"product_tag","embeddable":true,"href":"https:\/\/artstella-elixirs-floraux.com\/fr_fr\/wp-json\/wp\/v2\/product_tag?post=6097"}],"curies":[{"name":"wp","href":"https:\/\/api.w.org\/{rel}","templated":true}]}}