{"id":6101,"date":"2025-03-09T13:52:37","date_gmt":"2025-03-09T13:52:37","guid":{"rendered":"https:\/\/artstella-elixirs-floraux.com\/product\/polypore-du-bouleau-phi\/"},"modified":"2025-06-08T12:48:33","modified_gmt":"2025-06-08T12:48:33","slug":"polypore-du-bouleau-phi","status":"publish","type":"product","link":"https:\/\/artstella-elixirs-floraux.com\/fr_fr\/produit\/polypore-du-bouleau-phi\/","title":{"rendered":"Polypore du Bouleau PHI"},"content":{"rendered":"","protected":false},"excerpt":{"rendered":"<p><strong><\/strong><strong>Polypore du Bouleau &#8211; <\/strong><strong><em>Pictoporus B<\/em><\/strong><strong><em>etulinus<\/em><\/strong><em>(Birkenporling) <\/em><strong><\/strong><\/p>\n<p>Sur le plan \u00e9motionnel, cet \u00e9lixir aide \u00e0 int\u00e9grer notre ombre en nous reliant au subconscient. Des th\u00e9matiques comme la peur de la mort, de la finitude, de l\u2019impermanence qui touche tous les \u00eatres peuvent de ce fait \u00eatre mieux accept\u00e9es.<\/p>\n","protected":false},"featured_media":6102,"template":"","meta":[],"product_brand":[],"product_cat":[93],"product_tag":[],"class_list":{"0":"post-6101","1":"product","2":"type-product","3":"status-publish","4":"has-post-thumbnail","6":"product_cat-les-elixirs-de-champignons","8":"first","9":"instock","10":"taxable","11":"shipping-taxable","12":"purchasable","13":"product-type-simple"},"etheme_brands":{"errors":{"invalid_taxonomy":["Taxonomie non valide."]},"error_data":[]},"jetpack_sharing_enabled":true,"jetpack-related-posts":[{"id":3454,"url":"https:\/\/artstella-elixirs-floraux.com\/fr_fr\/produit\/polypore-versicolore-30-ml\/","url_meta":{"origin":6101,"position":0},"title":"POLYPORE VERSICOLORE 30 ML","author":"eveapprill","date":"27 mai 2025","format":false,"excerpt":"","rel":"","context":"Article similaire","block_context":{"text":"Article similaire","link":""},"img":{"alt_text":"","src":"https:\/\/i0.wp.com\/artstella-elixirs-floraux.com\/wp-content\/uploads\/2025\/03\/wp-image326.png?resize=350%2C200&ssl=1","width":350,"height":200},"classes":[]},{"id":3450,"url":"https:\/\/artstella-elixirs-floraux.com\/fr_fr\/produit\/polypore-versicolore-15-ml-phi\/","url_meta":{"origin":6101,"position":1},"title":"POLYPORE VERSICOLORE 15 ML PHI","author":"eveapprill","date":"9 mars 2025","format":false,"excerpt":"Polypore versicolore (Trametes versicolor) Schmetterlings-tramete. L'\u00e9lixir am\u00e9liore la perception de nous-m\u00eames et nous aide ainsi dans des moments de grande crise et de changement. Renforce nos limites envers les \u00e9nergies \u00e9trang\u00e8res et notre protection des \u00e9nergies \u00ab parasites\u00a0\u00bb.","rel":"","context":"Article similaire","block_context":{"text":"Article similaire","link":""},"img":{"alt_text":"","src":"https:\/\/i0.wp.com\/artstella-elixirs-floraux.com\/wp-content\/uploads\/2025\/03\/wp-image325.png?resize=350%2C200&ssl=1","width":350,"height":200},"classes":[]},{"id":5637,"url":"https:\/\/artstella-elixirs-floraux.com\/fr_fr\/produit\/bouleau-10-ml\/","url_meta":{"origin":6101,"position":2},"title":"Bouleau 10 ml","author":"eveapprill","date":"9 mars 2025","format":false,"excerpt":"Bouleau Vitalit\u00e9, r\u00e9g\u00e9n\u00e9ration. Pour surmonter les tendances scl\u00e9rosantes, li\u00e9es au vieillissement.","rel":"","context":"Article similaire","block_context":{"text":"Article similaire","link":""},"img":{"alt_text":"","src":"https:\/\/i0.wp.com\/artstella-elixirs-floraux.com\/wp-content\/uploads\/2025\/03\/wp-image1823.png?resize=350%2C200&ssl=1","width":350,"height":200},"classes":[]},{"id":5306,"url":"https:\/\/artstella-elixirs-floraux.com\/fr_fr\/produit\/complexe-n13-maturite-deva-30ml\/","url_meta":{"origin":6101,"position":3},"title":"COMPLEXE N\u00b013 Maturit\u00e9 DEVA 30ml","author":"eveapprill","date":"9 mars 2025","format":false,"excerpt":"Compos\u00e9 n\u00b013 Maturit\u00e9 DEVA 30ml Le compos\u00e9 floral DEVA MATURIT\u00c9\u00a0aide \u00e0 prendre du recul sur les exp\u00e9riences v\u00e9cues et \u00e0 d\u00e9velopper une perspective nouvelle. Pour ceux qui ont le sentiment que la vie est derri\u00e8re eux et en \u00e9prouvent de l'amertume ou de la nostalgie. Il\u00a0r\u00e9v\u00e8le le potentiel d'\u00e9panouissement et\u2026","rel":"","context":"Article similaire","block_context":{"text":"Article similaire","link":""},"img":{"alt_text":"","src":"https:\/\/i0.wp.com\/artstella-elixirs-floraux.com\/wp-content\/uploads\/2025\/03\/fa041476-4b01-4038-a442-c1c1379f4eb4.jpg?resize=350%2C200&ssl=1","width":350,"height":200,"srcset":"https:\/\/i0.wp.com\/artstella-elixirs-floraux.com\/wp-content\/uploads\/2025\/03\/fa041476-4b01-4038-a442-c1c1379f4eb4.jpg?resize=350%2C200&ssl=1 1x, https:\/\/i0.wp.com\/artstella-elixirs-floraux.com\/wp-content\/uploads\/2025\/03\/fa041476-4b01-4038-a442-c1c1379f4eb4.jpg?resize=525%2C300&ssl=1 1.5x, https:\/\/i0.wp.com\/artstella-elixirs-floraux.com\/wp-content\/uploads\/2025\/03\/fa041476-4b01-4038-a442-c1c1379f4eb4.jpg?resize=700%2C400&ssl=1 2x"},"classes":[]},{"id":2252,"url":"https:\/\/artstella-elixirs-floraux.com\/fr_fr\/produit\/paper-birch-alaskan\/","url_meta":{"origin":6101,"position":4},"title":"Paper birch Alaskan","author":"eveapprill","date":"9 mars 2025","format":false,"excerpt":"Paper birch. Betula papyfera Confusion ou d\u00e9sorientation \u00e0 propos du sens que devrait prendre la vie.","rel":"","context":"Article similaire","block_context":{"text":"Article similaire","link":""},"img":{"alt_text":"","src":"https:\/\/i0.wp.com\/artstella-elixirs-floraux.com\/wp-content\/uploads\/2025\/03\/wp-image573.png?resize=350%2C200&ssl=1","width":350,"height":200},"classes":[]},{"id":6008,"url":"https:\/\/artstella-elixirs-floraux.com\/fr_fr\/produit\/dr-bach-un-etre-dexception-v-knight\/","url_meta":{"origin":6101,"position":5},"title":"Dr Bach, un \u00eatre d&rsquo;exception V. Knight","author":"eveapprill","date":"9 mars 2025","format":false,"excerpt":"Dr Bach, un \u00eatre d'exception par Valerie Knight \u00e9ditions M\u00e9dicis Une biographie inspir\u00e9e qui allie authenticit\u00e9 et romanesque.","rel":"","context":"Article similaire","block_context":{"text":"Article similaire","link":""},"img":{"alt_text":"","src":"https:\/\/i0.wp.com\/artstella-elixirs-floraux.com\/wp-content\/uploads\/2025\/03\/wp-image2023.png?resize=350%2C200&ssl=1","width":350,"height":200},"classes":[]}],"_links":{"self":[{"href":"https:\/\/artstella-elixirs-floraux.com\/fr_fr\/wp-json\/wp\/v2\/product\/6101","targetHints":{"allow":["GET"]}}],"collection":[{"href":"https:\/\/artstella-elixirs-floraux.com\/fr_fr\/wp-json\/wp\/v2\/product"}],"about":[{"href":"https:\/\/artstella-elixirs-floraux.com\/fr_fr\/wp-json\/wp\/v2\/types\/product"}],"version-history":[{"count":0,"href":"https:\/\/artstella-elixirs-floraux.com\/fr_fr\/wp-json\/wp\/v2\/product\/6101\/revisions"}],"wp:featuredmedia":[{"embeddable":true,"href":"https:\/\/artstella-elixirs-floraux.com\/fr_fr\/wp-json\/wp\/v2\/media\/6102"}],"wp:attachment":[{"href":"https:\/\/artstella-elixirs-floraux.com\/fr_fr\/wp-json\/wp\/v2\/media?parent=6101"}],"wp:term":[{"taxonomy":"product_brand","embeddable":true,"href":"https:\/\/artstella-elixirs-floraux.com\/fr_fr\/wp-json\/wp\/v2\/product_brand?post=6101"},{"taxonomy":"product_cat","embeddable":true,"href":"https:\/\/artstella-elixirs-floraux.com\/fr_fr\/wp-json\/wp\/v2\/product_cat?post=6101"},{"taxonomy":"product_tag","embeddable":true,"href":"https:\/\/artstella-elixirs-floraux.com\/fr_fr\/wp-json\/wp\/v2\/product_tag?post=6101"}],"curies":[{"name":"wp","href":"https:\/\/api.w.org\/{rel}","templated":true}]}}