{"id":6135,"date":"2025-03-09T13:53:01","date_gmt":"2025-03-09T13:53:01","guid":{"rendered":"https:\/\/artstella-elixirs-floraux.com\/product\/ets-animaux-59-1-ml-perelandra\/"},"modified":"2025-06-08T12:48:11","modified_gmt":"2025-06-08T12:48:11","slug":"ets-animaux-59-1-ml-perelandra","status":"publish","type":"product","link":"https:\/\/artstella-elixirs-floraux.com\/fr_fr\/produit\/ets-animaux-59-1-ml-perelandra\/","title":{"rendered":"ETS + ANIMAUX 59.1 ML PERELANDRA"},"content":{"rendered":"<p style=\"margin: 0px 0px 9px;padding: 0px;border: 0px;font-style: normal;font-weight: 400;line-height: inherit;font-family: Arial, Helvetica, sans-serif;font-size: 12px;vertical-align: baseline;color: #777777;letter-spacing: normal;text-align: start;text-indent: 0px;text-transform: none;background-color: #ffffff\"><strong style=\"margin: 0px;padding: 0px;border: 0px;font-style: inherit;font-variant: inherit;font-weight: bold;line-height: inherit;font-family: inherit;font-size: 12px;vertical-align: baseline\">Ingr\u00e9dients:<\/strong><span>\u00a0<\/span>infusion solaire du sch\u00e9ma \u00ab\u00a0URGENCE Animaux\u00a0\u00bb &#8211; Eau de source &#8211; Alcool de raisin\u00a0<span style=\"margin: 0px;padding: 0px;border: 0px;font-style: inherit;font-variant: inherit;font-weight: inherit;line-height: inherit;font-family: inherit;font-size: 12px;vertical-align: baseline\">23,6%\u00a0<\/span><\/p>\n<p style=\"margin: 0px 0px 9px;padding: 0px;border: 0px;font-style: normal;font-weight: 400;line-height: inherit;font-family: Arial, Helvetica, sans-serif;font-size: 12px;vertical-align: baseline;color: #777777;letter-spacing: normal;text-align: start;text-indent: 0px;text-transform: none;background-color: #ffffff\"><strong style=\"margin: 0px;padding: 0px;border: 0px;font-style: inherit;font-variant: inherit;font-weight: bold;line-height: inherit;font-family: inherit;font-size: 12px;vertical-align: baseline\">Contenance:<\/strong><span>\u00a0<\/span>flacon en verre brun 14.8ml + pipette compte-gouttes<\/p>\n<p style=\"margin: 0px 0px 9px;padding: 0px;border: 0px;font-style: normal;font-weight: 400;line-height: inherit;font-family: Arial, Helvetica, sans-serif;font-size: 12px;vertical-align: baseline;color: #777777;letter-spacing: normal;text-align: start;text-indent: 0px;text-transform: none;background-color: #ffffff\"><strong style=\"margin: 0px;padding: 0px;border: 0px;font-style: inherit;font-variant: inherit;font-weight: bold;line-height: inherit;font-family: inherit;font-size: 12px;vertical-align: baseline\">Utilisation:<span>\u00a0<\/span><\/strong>5 \u00e0 10 gouttes suivant le besoin<\/p>\n<p style=\"margin: 0px 0px 9px;padding: 0px;border: 0px;font-style: normal;font-weight: 400;line-height: inherit;font-family: Arial, Helvetica, sans-serif;font-size: 12px;vertical-align: baseline;color: #777777;letter-spacing: normal;text-align: start;text-indent: 0px;text-transform: none;background-color: #ffffff\">Fabricant: Perelandra Ltd &#8211; Virginie &#8211; USA<\/p>\n<p style=\"margin: 0px 0px 9px;padding: 0px;border: 0px;font-style: normal;font-weight: 400;line-height: inherit;font-family: Arial, Helvetica, sans-serif;font-size: 12px;vertical-align: baseline;color: #777777;letter-spacing: normal;text-align: start;text-indent: 0px;text-transform: none;background-color: #ffffff\">Importateur: Jardins Cocr\u00e9atifs &#8211; 15 rue Amand Dumeau &#8211; 33210 Langon &#8211; France<\/p>\n","protected":false},"excerpt":{"rendered":"<p style=\"margin: 0px 0px 9px;padding: 0px;border: 0px;font-style: inherit;font-variant: inherit;font-weight: inherit;line-height: inherit;font-family: inherit;font-size: 12px;vertical-align: baseline\">Equilibrer et stabiliser les quatre plans de l&rsquo;animal dans les situations perturbantes<\/p>\n<div class=\"pla_attributes pla_attributes_populated\" style=\"margin: 0px;padding: 0px;border: 0px;font-style: normal;font-weight: 400;line-height: inherit;font-family: Arial, Helvetica, sans-serif;font-size: 12px;vertical-align: baseline;clear: both;color: #777777;letter-spacing: normal;text-align: left;text-indent: 0px;text-transform: none;background-color: #ffffff\">\n<div id=\"pla_attribute_group_container_197_1\" class=\"pla_attribute_group_container\" style=\"margin: 0.5em 0em;padding: 0px;border: 0px;font-style: inherit;font-variant: inherit;font-weight: inherit;line-height: inherit;font-family: inherit;font-size: 12px;vertical-align: baseline;max-width: 226px\"><br class=\"Apple-interchange-newline\" \/><\/div>\n<\/div>\n","protected":false},"featured_media":6136,"template":"","meta":[],"product_brand":[],"product_cat":[160],"product_tag":[],"class_list":{"0":"post-6135","1":"product","2":"type-product","3":"status-publish","4":"has-post-thumbnail","6":"product_cat-les-elixirs-ets","8":"first","9":"instock","10":"taxable","11":"shipping-taxable","12":"purchasable","13":"product-type-simple"},"etheme_brands":{"errors":{"invalid_taxonomy":["Taxonomie non valide."]},"error_data":[]},"jetpack_sharing_enabled":true,"jetpack-related-posts":[{"id":6233,"url":"https:\/\/artstella-elixirs-floraux.com\/fr_fr\/produit\/liberte-animale-animal-freedom-10-m\/","url_meta":{"origin":6135,"position":0},"title":"LIBERTE ANIMALE  &#8211; Animal freedom","author":"eveapprill","date":"9 mars 2025","format":false,"excerpt":"Ce compos\u00e9 contribue \u00e0 lib\u00e9rer l\u2019\u00e2me de l\u2019animal et \u00e0 le d\u00e9livrer des probl\u00e8mes et souffrances de son ma\u00eetre dont il s\u2019est charg\u00e9. Il soulage \u00e9galement des probl\u00e8mes et souffrances dont l\u2019animal peut \u00eatre victime des \u00eatres humains sur un niveau conscient ou inconscient","rel":"","context":"Article similaire","block_context":{"text":"Article similaire","link":""},"img":{"alt_text":"","src":"","width":0,"height":0},"classes":[]},{"id":5320,"url":"https:\/\/artstella-elixirs-floraux.com\/fr_fr\/produit\/transport-deva-animaux-30-ml\/","url_meta":{"origin":6135,"position":1},"title":"TRANSPORT DEVA ANIMAUX 30 ML","author":"eveapprill","date":"9 mars 2025","format":false,"excerpt":"TRANSPORT Ce compos\u00e9 est conseill\u00e9 dans toutes les situations o\u00f9 l'animal est amen\u00e9 \u00e0 se d\u00e9placer (court et long trajet). Il est recommand\u00e9 pour les animaux anxieux, en panique lors d'un d\u00e9placement ou sujets au mal des transports.TRANSPORT DEVA ANIMAUX 30 ML","rel":"","context":"Article similaire","block_context":{"text":"Article similaire","link":""},"img":{"alt_text":"Les Compos\u00e9s sp\u00e9cial animaux","src":"https:\/\/i0.wp.com\/artstella-elixirs-floraux.com\/wp-content\/uploads\/2025\/03\/608a0b90-ada5-4c87-8ea2-03a36415adf0.jpg?resize=350%2C200&ssl=1","width":350,"height":200,"srcset":"https:\/\/i0.wp.com\/artstella-elixirs-floraux.com\/wp-content\/uploads\/2025\/03\/608a0b90-ada5-4c87-8ea2-03a36415adf0.jpg?resize=350%2C200&ssl=1 1x, https:\/\/i0.wp.com\/artstella-elixirs-floraux.com\/wp-content\/uploads\/2025\/03\/608a0b90-ada5-4c87-8ea2-03a36415adf0.jpg?resize=525%2C300&ssl=1 1.5x, https:\/\/i0.wp.com\/artstella-elixirs-floraux.com\/wp-content\/uploads\/2025\/03\/608a0b90-ada5-4c87-8ea2-03a36415adf0.jpg?resize=700%2C400&ssl=1 2x"},"classes":[]},{"id":4569,"url":"https:\/\/artstella-elixirs-floraux.com\/fr_fr\/produit\/animal-care\/","url_meta":{"origin":6135,"position":2},"title":"Animal care","author":"eveapprill","date":"9 mars 2025","format":false,"excerpt":"ANIMAL CARE SPRAYS Combinaison sp\u00e9ciale d\u2019\u00e9lixirs de fleurs et de gemmes d\u2019Alaska pr\u00e9par\u00e9 comme un rem\u00e8de d\u2019urgence. Pour traiter les animaux. Il sera d'autant plus efficace s\u2019il est donn\u00e9 d\u00e8s les premiers soins apport\u00e9s aux animaux arrivant chez le v\u00e9t\u00e9rinaire, au refuge, \u00e0 la clinique, etc.","rel":"","context":"Article similaire","block_context":{"text":"Article similaire","link":""},"img":{"alt_text":"","src":"https:\/\/i0.wp.com\/artstella-elixirs-floraux.com\/wp-content\/uploads\/2025\/03\/f106a38d-47a3-45a8-b95d-77f509ef85e5.jpg?resize=350%2C200&ssl=1","width":350,"height":200,"srcset":"https:\/\/i0.wp.com\/artstella-elixirs-floraux.com\/wp-content\/uploads\/2025\/03\/f106a38d-47a3-45a8-b95d-77f509ef85e5.jpg?resize=350%2C200&ssl=1 1x, https:\/\/i0.wp.com\/artstella-elixirs-floraux.com\/wp-content\/uploads\/2025\/03\/f106a38d-47a3-45a8-b95d-77f509ef85e5.jpg?resize=525%2C300&ssl=1 1.5x, https:\/\/i0.wp.com\/artstella-elixirs-floraux.com\/wp-content\/uploads\/2025\/03\/f106a38d-47a3-45a8-b95d-77f509ef85e5.jpg?resize=700%2C400&ssl=1 2x"},"classes":[]},{"id":5316,"url":"https:\/\/artstella-elixirs-floraux.com\/fr_fr\/produit\/concours-deva-animaux-30-ml\/","url_meta":{"origin":6135,"position":3},"title":"CONCOURS DEVA ANIMAUX 30 ML","author":"eveapprill","date":"9 mars 2025","format":false,"excerpt":"CONCOURS - Stress Pour toutes les situations \u00a0de concours, expositions, comp\u00e9titions... o\u00f9 l'animal est soumis au stress et \u00e0 un environnement d\u00e9stabilisant. Apporte confiance, courage, pers\u00e9v\u00e9rance. Permet de conserver son int\u00e9grit\u00e9 en cas de stress intense.CONCOURS DEVA ANIMAUX 30 ML","rel":"","context":"Article similaire","block_context":{"text":"Article similaire","link":""},"img":{"alt_text":"","src":"https:\/\/i0.wp.com\/artstella-elixirs-floraux.com\/wp-content\/uploads\/2025\/03\/8c17c799-0cb7-4ae6-975c-f83106173cb0.jpg?resize=350%2C200&ssl=1","width":350,"height":200,"srcset":"https:\/\/i0.wp.com\/artstella-elixirs-floraux.com\/wp-content\/uploads\/2025\/03\/8c17c799-0cb7-4ae6-975c-f83106173cb0.jpg?resize=350%2C200&ssl=1 1x, https:\/\/i0.wp.com\/artstella-elixirs-floraux.com\/wp-content\/uploads\/2025\/03\/8c17c799-0cb7-4ae6-975c-f83106173cb0.jpg?resize=525%2C300&ssl=1 1.5x, https:\/\/i0.wp.com\/artstella-elixirs-floraux.com\/wp-content\/uploads\/2025\/03\/8c17c799-0cb7-4ae6-975c-f83106173cb0.jpg?resize=700%2C400&ssl=1 2x"},"classes":[]},{"id":5314,"url":"https:\/\/artstella-elixirs-floraux.com\/fr_fr\/produit\/adoption-deva-animaux-30-ml\/","url_meta":{"origin":6135,"position":4},"title":"ADOPTION DEVA ANIMAUX 30 ML","author":"eveapprill","date":"9 mars 2025","format":false,"excerpt":"ADOPTION Ce compos\u00e9 s'adresse \u00e0 tous les animaux qui arrivent dans un nouveau foyer (naissance, adoption,...). Apporte calme et r\u00e9confort. Facilite l'unit\u00e9 et l'harmonie dans le foyer.","rel":"","context":"Article similaire","block_context":{"text":"Article similaire","link":""},"img":{"alt_text":"","src":"https:\/\/i0.wp.com\/artstella-elixirs-floraux.com\/wp-content\/uploads\/2025\/03\/c47cd009-4595-4581-a3d0-55a1baee6d9a.jpg?resize=350%2C200&ssl=1","width":350,"height":200,"srcset":"https:\/\/i0.wp.com\/artstella-elixirs-floraux.com\/wp-content\/uploads\/2025\/03\/c47cd009-4595-4581-a3d0-55a1baee6d9a.jpg?resize=350%2C200&ssl=1 1x, https:\/\/i0.wp.com\/artstella-elixirs-floraux.com\/wp-content\/uploads\/2025\/03\/c47cd009-4595-4581-a3d0-55a1baee6d9a.jpg?resize=525%2C300&ssl=1 1.5x, https:\/\/i0.wp.com\/artstella-elixirs-floraux.com\/wp-content\/uploads\/2025\/03\/c47cd009-4595-4581-a3d0-55a1baee6d9a.jpg?resize=700%2C400&ssl=1 2x"},"classes":[]},{"id":2665,"url":"https:\/\/artstella-elixirs-floraux.com\/fr_fr\/produit\/aminalcare\/","url_meta":{"origin":6135,"position":5},"title":"AMINALCARE","author":"eveapprill","date":"9 mars 2025","format":false,"excerpt":"ANIMAL CARE Combinaison sp\u00e9ciale d\u2019\u00e9lixirs de fleurs et de gemmes d\u2019Alaska pr\u00e9par\u00e9 comme un rem\u00e8de d\u2019urgence. Pour traiter les animaux. Il sera d'autant plus efficace s\u2019il est donn\u00e9 d\u00e8s les premiers soins apport\u00e9s aux animaux arrivant chez le v\u00e9t\u00e9rinaire, au refuge, \u00e0 la clinique, etc.","rel":"","context":"Article similaire","block_context":{"text":"Article similaire","link":""},"img":{"alt_text":"","src":"https:\/\/i0.wp.com\/artstella-elixirs-floraux.com\/wp-content\/uploads\/2025\/03\/3ab3c6d7-5031-4c7b-95d2-d61f14919774.jpg?resize=350%2C200&ssl=1","width":350,"height":200,"srcset":"https:\/\/i0.wp.com\/artstella-elixirs-floraux.com\/wp-content\/uploads\/2025\/03\/3ab3c6d7-5031-4c7b-95d2-d61f14919774.jpg?resize=350%2C200&ssl=1 1x, https:\/\/i0.wp.com\/artstella-elixirs-floraux.com\/wp-content\/uploads\/2025\/03\/3ab3c6d7-5031-4c7b-95d2-d61f14919774.jpg?resize=525%2C300&ssl=1 1.5x, https:\/\/i0.wp.com\/artstella-elixirs-floraux.com\/wp-content\/uploads\/2025\/03\/3ab3c6d7-5031-4c7b-95d2-d61f14919774.jpg?resize=700%2C400&ssl=1 2x"},"classes":[]}],"_links":{"self":[{"href":"https:\/\/artstella-elixirs-floraux.com\/fr_fr\/wp-json\/wp\/v2\/product\/6135","targetHints":{"allow":["GET"]}}],"collection":[{"href":"https:\/\/artstella-elixirs-floraux.com\/fr_fr\/wp-json\/wp\/v2\/product"}],"about":[{"href":"https:\/\/artstella-elixirs-floraux.com\/fr_fr\/wp-json\/wp\/v2\/types\/product"}],"version-history":[{"count":0,"href":"https:\/\/artstella-elixirs-floraux.com\/fr_fr\/wp-json\/wp\/v2\/product\/6135\/revisions"}],"wp:featuredmedia":[{"embeddable":true,"href":"https:\/\/artstella-elixirs-floraux.com\/fr_fr\/wp-json\/wp\/v2\/media\/6136"}],"wp:attachment":[{"href":"https:\/\/artstella-elixirs-floraux.com\/fr_fr\/wp-json\/wp\/v2\/media?parent=6135"}],"wp:term":[{"taxonomy":"product_brand","embeddable":true,"href":"https:\/\/artstella-elixirs-floraux.com\/fr_fr\/wp-json\/wp\/v2\/product_brand?post=6135"},{"taxonomy":"product_cat","embeddable":true,"href":"https:\/\/artstella-elixirs-floraux.com\/fr_fr\/wp-json\/wp\/v2\/product_cat?post=6135"},{"taxonomy":"product_tag","embeddable":true,"href":"https:\/\/artstella-elixirs-floraux.com\/fr_fr\/wp-json\/wp\/v2\/product_tag?post=6135"}],"curies":[{"name":"wp","href":"https:\/\/api.w.org\/{rel}","templated":true}]}}