{"id":6149,"date":"2025-03-09T13:53:15","date_gmt":"2025-03-09T13:53:15","guid":{"rendered":"https:\/\/artstella-elixirs-floraux.com\/product\/sauge-blanche-eau-florale-60ml\/"},"modified":"2025-06-03T19:39:23","modified_gmt":"2025-06-03T19:39:23","slug":"sauge-blanche-eau-florale-60ml","status":"publish","type":"product","link":"https:\/\/artstella-elixirs-floraux.com\/fr_fr\/produit\/sauge-blanche-eau-florale-60ml\/","title":{"rendered":"Sauge Blanche Eau florale 60ml"},"content":{"rendered":"","protected":false},"excerpt":{"rendered":"<div id=\"short_description_block\">\n<div id=\"short_description_content\" class=\"rte align_justify\">\n<p><strong>WHITE SAGE HYDROSOL 60ML ou <\/strong><\/p>\n<p><strong>Eau florale de Sauge Blanche EN SPRAY<br \/><\/strong>A vaporiser dans les pi\u00e8ces charg\u00e9es ou autour de soi<\/p>\n<\/div>\n<\/div>\n","protected":false},"featured_media":9933,"template":"","meta":[],"product_brand":[],"product_cat":[195],"product_tag":[],"class_list":{"0":"post-6149","1":"product","2":"type-product","3":"status-publish","4":"has-post-thumbnail","6":"product_cat-special-nettoyage-de-l-espace","8":"first","9":"instock","10":"taxable","11":"shipping-taxable","12":"purchasable","13":"product-type-simple"},"etheme_brands":{"errors":{"invalid_taxonomy":["Taxonomie non valide."]},"error_data":[]},"jetpack_sharing_enabled":true,"jetpack-related-posts":[{"id":6145,"url":"https:\/\/artstella-elixirs-floraux.com\/fr_fr\/produit\/sweetgrass-eau-florale-60ml\/","url_meta":{"origin":6149,"position":0},"title":"Sweetgrass Eau florale 60ml","author":"eveapprill","date":"9 mars 2025","format":false,"excerpt":"SWEETGRASS HYDROSOL 60ML ou Eau florale de \"foin d'odeur\" EN SPRAYA vaporiser dans les pi\u00e8ces charg\u00e9es ou autour de soi","rel":"","context":"Article similaire","block_context":{"text":"Article similaire","link":""},"img":{"alt_text":"","src":"https:\/\/i0.wp.com\/artstella-elixirs-floraux.com\/wp-content\/uploads\/2025\/03\/ac2ea1c5-bf80-4d6f-b060-c860b19b656a.jpg?resize=350%2C200&ssl=1","width":350,"height":200,"srcset":"https:\/\/i0.wp.com\/artstella-elixirs-floraux.com\/wp-content\/uploads\/2025\/03\/ac2ea1c5-bf80-4d6f-b060-c860b19b656a.jpg?resize=350%2C200&ssl=1 1x, https:\/\/i0.wp.com\/artstella-elixirs-floraux.com\/wp-content\/uploads\/2025\/03\/ac2ea1c5-bf80-4d6f-b060-c860b19b656a.jpg?resize=525%2C300&ssl=1 1.5x, https:\/\/i0.wp.com\/artstella-elixirs-floraux.com\/wp-content\/uploads\/2025\/03\/ac2ea1c5-bf80-4d6f-b060-c860b19b656a.jpg?resize=700%2C400&ssl=1 2x"},"classes":[]},{"id":6151,"url":"https:\/\/artstella-elixirs-floraux.com\/fr_fr\/produit\/sauge-blanche-eau-florale-120ml\/","url_meta":{"origin":6149,"position":1},"title":"Sauge Blanche Eau florale 120ml","author":"","date":"9 mars 2025","format":false,"excerpt":"WHITE SAGE HYDROSOL 120ML ou Eau florale de Sauge Blanche EN SPRAYA vaporiser dans les pi\u00e8ces charg\u00e9es ou autour de soi","rel":"","context":"Article similaire","block_context":{"text":"Article similaire","link":""},"img":{"alt_text":"","src":"https:\/\/i0.wp.com\/artstella-elixirs-floraux.com\/wp-content\/uploads\/2025\/03\/07cc19b1-fb27-4a2b-8ee9-5221662c6092.jpg?resize=350%2C200&ssl=1","width":350,"height":200,"srcset":"https:\/\/i0.wp.com\/artstella-elixirs-floraux.com\/wp-content\/uploads\/2025\/03\/07cc19b1-fb27-4a2b-8ee9-5221662c6092.jpg?resize=350%2C200&ssl=1 1x, https:\/\/i0.wp.com\/artstella-elixirs-floraux.com\/wp-content\/uploads\/2025\/03\/07cc19b1-fb27-4a2b-8ee9-5221662c6092.jpg?resize=525%2C300&ssl=1 1.5x, https:\/\/i0.wp.com\/artstella-elixirs-floraux.com\/wp-content\/uploads\/2025\/03\/07cc19b1-fb27-4a2b-8ee9-5221662c6092.jpg?resize=700%2C400&ssl=1 2x"},"classes":[]},{"id":6147,"url":"https:\/\/artstella-elixirs-floraux.com\/fr_fr\/produit\/sweetgrass-eau-florale-120ml\/","url_meta":{"origin":6149,"position":2},"title":"Sweetgrass Eau florale 120ml","author":"eveapprill","date":"9 mars 2025","format":false,"excerpt":"SWEETGRASS HYDROSOL 60ML ou Eau florale de \"foin d'odeur\" EN SPRAYA vaporiser dans les pi\u00e8ces charg\u00e9es ou autour de soi","rel":"","context":"Article similaire","block_context":{"text":"Article similaire","link":""},"img":{"alt_text":"","src":"https:\/\/i0.wp.com\/artstella-elixirs-floraux.com\/wp-content\/uploads\/2025\/03\/8e64829d-e900-4cb4-a5b9-59e3272a145d.jpg?resize=350%2C200&ssl=1","width":350,"height":200,"srcset":"https:\/\/i0.wp.com\/artstella-elixirs-floraux.com\/wp-content\/uploads\/2025\/03\/8e64829d-e900-4cb4-a5b9-59e3272a145d.jpg?resize=350%2C200&ssl=1 1x, https:\/\/i0.wp.com\/artstella-elixirs-floraux.com\/wp-content\/uploads\/2025\/03\/8e64829d-e900-4cb4-a5b9-59e3272a145d.jpg?resize=525%2C300&ssl=1 1.5x, https:\/\/i0.wp.com\/artstella-elixirs-floraux.com\/wp-content\/uploads\/2025\/03\/8e64829d-e900-4cb4-a5b9-59e3272a145d.jpg?resize=700%2C400&ssl=1 2x"},"classes":[]},{"id":5764,"url":"https:\/\/artstella-elixirs-floraux.com\/fr_fr\/produit\/flacon-vide-60ml-avec-compte-goutte\/","url_meta":{"origin":6149,"position":3},"title":"Flacon vide 60ml avec compte goutte","author":"eveapprill","date":"9 mars 2025","format":false,"excerpt":"Flacon vide en verre jaune 60ml avec compte goutte","rel":"","context":"Article similaire","block_context":{"text":"Article similaire","link":""},"img":{"alt_text":"","src":"https:\/\/i0.wp.com\/artstella-elixirs-floraux.com\/wp-content\/uploads\/2025\/03\/aa544efc-6841-4129-8560-7797048856b4.jpg?resize=350%2C200&ssl=1","width":350,"height":200,"srcset":"https:\/\/i0.wp.com\/artstella-elixirs-floraux.com\/wp-content\/uploads\/2025\/03\/aa544efc-6841-4129-8560-7797048856b4.jpg?resize=350%2C200&ssl=1 1x, https:\/\/i0.wp.com\/artstella-elixirs-floraux.com\/wp-content\/uploads\/2025\/03\/aa544efc-6841-4129-8560-7797048856b4.jpg?resize=525%2C300&ssl=1 1.5x, https:\/\/i0.wp.com\/artstella-elixirs-floraux.com\/wp-content\/uploads\/2025\/03\/aa544efc-6841-4129-8560-7797048856b4.jpg?resize=700%2C400&ssl=1 2x"},"classes":[]},{"id":5526,"url":"https:\/\/artstella-elixirs-floraux.com\/fr_fr\/produit\/beyond-words-spray-60ml\/","url_meta":{"origin":6149,"position":4},"title":"BEYOND WORDS SPRAY 60ml","author":"eveapprill","date":"9 mars 2025","format":false,"excerpt":"BEYOND WORDS (Au-del\u00e0 des mots) (spray 60 ml) Est une formule qui permet d'augmenter notre capacit\u00e9 d'expression verbale et non - verbale. Elle facilite l'\u00e9change du flux d'informations et d'id\u00e9es entre deux personnes et donc la compr\u00e9hension.","rel":"","context":"Article similaire","block_context":{"text":"Article similaire","link":""},"img":{"alt_text":"","src":"https:\/\/i0.wp.com\/artstella-elixirs-floraux.com\/wp-content\/uploads\/2025\/03\/876d2e65-744e-4ea5-95bc-59cb409a0719.jpg?resize=350%2C200&ssl=1","width":350,"height":200,"srcset":"https:\/\/i0.wp.com\/artstella-elixirs-floraux.com\/wp-content\/uploads\/2025\/03\/876d2e65-744e-4ea5-95bc-59cb409a0719.jpg?resize=350%2C200&ssl=1 1x, https:\/\/i0.wp.com\/artstella-elixirs-floraux.com\/wp-content\/uploads\/2025\/03\/876d2e65-744e-4ea5-95bc-59cb409a0719.jpg?resize=525%2C300&ssl=1 1.5x, https:\/\/i0.wp.com\/artstella-elixirs-floraux.com\/wp-content\/uploads\/2025\/03\/876d2e65-744e-4ea5-95bc-59cb409a0719.jpg?resize=700%2C400&ssl=1 2x"},"classes":[]},{"id":5528,"url":"https:\/\/artstella-elixirs-floraux.com\/fr_fr\/produit\/go-create-spray-alaska-60-ml\/","url_meta":{"origin":6149,"position":5},"title":"GO CREATE SPRAY ALASKA 60ml","author":"eveapprill","date":"9 mars 2025","format":false,"excerpt":"GO CREATE\u00a0 (Cr\u00e9ativit\u00e9) (spray 60ml) Combinaison soutenant l'abondance. Elle est faite pour nous aider \u00e0 co-cr\u00e9er ce que vous voulez, avez besoin de et d\u00e9sirez dans vos vie avec moins de r\u00e9sistance, plus de facilit\u00e9 et d'efficacit\u00e9.","rel":"","context":"Article similaire","block_context":{"text":"Article similaire","link":""},"img":{"alt_text":"","src":"https:\/\/i0.wp.com\/artstella-elixirs-floraux.com\/wp-content\/uploads\/2025\/03\/a3a37652-b137-43bd-9eb5-5397cb3760f1.jpg?resize=350%2C200&ssl=1","width":350,"height":200,"srcset":"https:\/\/i0.wp.com\/artstella-elixirs-floraux.com\/wp-content\/uploads\/2025\/03\/a3a37652-b137-43bd-9eb5-5397cb3760f1.jpg?resize=350%2C200&ssl=1 1x, https:\/\/i0.wp.com\/artstella-elixirs-floraux.com\/wp-content\/uploads\/2025\/03\/a3a37652-b137-43bd-9eb5-5397cb3760f1.jpg?resize=525%2C300&ssl=1 1.5x, https:\/\/i0.wp.com\/artstella-elixirs-floraux.com\/wp-content\/uploads\/2025\/03\/a3a37652-b137-43bd-9eb5-5397cb3760f1.jpg?resize=700%2C400&ssl=1 2x"},"classes":[]}],"_links":{"self":[{"href":"https:\/\/artstella-elixirs-floraux.com\/fr_fr\/wp-json\/wp\/v2\/product\/6149","targetHints":{"allow":["GET"]}}],"collection":[{"href":"https:\/\/artstella-elixirs-floraux.com\/fr_fr\/wp-json\/wp\/v2\/product"}],"about":[{"href":"https:\/\/artstella-elixirs-floraux.com\/fr_fr\/wp-json\/wp\/v2\/types\/product"}],"version-history":[{"count":0,"href":"https:\/\/artstella-elixirs-floraux.com\/fr_fr\/wp-json\/wp\/v2\/product\/6149\/revisions"}],"wp:featuredmedia":[{"embeddable":true,"href":"https:\/\/artstella-elixirs-floraux.com\/fr_fr\/wp-json\/wp\/v2\/media\/9933"}],"wp:attachment":[{"href":"https:\/\/artstella-elixirs-floraux.com\/fr_fr\/wp-json\/wp\/v2\/media?parent=6149"}],"wp:term":[{"taxonomy":"product_brand","embeddable":true,"href":"https:\/\/artstella-elixirs-floraux.com\/fr_fr\/wp-json\/wp\/v2\/product_brand?post=6149"},{"taxonomy":"product_cat","embeddable":true,"href":"https:\/\/artstella-elixirs-floraux.com\/fr_fr\/wp-json\/wp\/v2\/product_cat?post=6149"},{"taxonomy":"product_tag","embeddable":true,"href":"https:\/\/artstella-elixirs-floraux.com\/fr_fr\/wp-json\/wp\/v2\/product_tag?post=6149"}],"curies":[{"name":"wp","href":"https:\/\/api.w.org\/{rel}","templated":true}]}}