{"id":6151,"date":"2025-03-09T13:53:16","date_gmt":"2025-03-09T13:53:16","guid":{"rendered":"https:\/\/artstella-elixirs-floraux.com\/product\/sauge-blanche-eau-florale-120ml\/"},"modified":"2025-06-03T19:39:24","modified_gmt":"2025-06-03T19:39:24","slug":"sauge-blanche-eau-florale-120ml","status":"publish","type":"product","link":"https:\/\/artstella-elixirs-floraux.com\/fr_fr\/produit\/sauge-blanche-eau-florale-120ml\/","title":{"rendered":"Sauge Blanche Eau florale 120ml"},"content":{"rendered":"","protected":false},"excerpt":{"rendered":"<div id=\"short_description_block\">\n<div id=\"short_description_content\" class=\"rte align_justify\">\n<div id=\"short_description_block\">\n<div id=\"short_description_content\" class=\"rte align_justify\">\n<p><strong>WHITE SAGE HYDROSOL 120ML ou <\/strong><\/p>\n<p><strong>Eau florale de Sauge Blanche EN SPRAY<br \/><\/strong>A vaporiser dans les pi\u00e8ces charg\u00e9es ou autour de soi<\/p>\n<\/div>\n<\/div>\n<\/div>\n<\/div>\n","protected":false},"featured_media":9934,"template":"","meta":[],"product_brand":[],"product_cat":[195],"product_tag":[],"class_list":{"0":"post-6151","1":"product","2":"type-product","3":"status-publish","4":"has-post-thumbnail","6":"product_cat-special-nettoyage-de-l-espace","8":"first","9":"instock","10":"taxable","11":"shipping-taxable","12":"purchasable","13":"product-type-simple"},"etheme_brands":{"errors":{"invalid_taxonomy":["Taxonomie non valide."]},"error_data":[]},"jetpack_sharing_enabled":true,"jetpack-related-posts":[{"id":6153,"url":"https:\/\/artstella-elixirs-floraux.com\/fr_fr\/produit\/frankincense-eau-florale-dencens-120ml\/","url_meta":{"origin":6151,"position":0},"title":"Frankincense Eau florale d&rsquo;Encens 120ml","author":"eveapprill","date":"9 mars 2025","format":false,"excerpt":"FRANKINCENSE HYDROSOL 120ML SPRAY Eau Florale d'Encens en spray 120ml A vaporiser dans les endroits charg\u00e9s ou autour de soi","rel":"","context":"Article similaire","block_context":{"text":"Article similaire","link":""},"img":{"alt_text":"Sp\u00e9cial nettoyage de l'espace","src":"https:\/\/i0.wp.com\/artstella-elixirs-floraux.com\/wp-content\/uploads\/2025\/03\/2d057d3d-f190-4cc9-a09e-afc3ebcad103.jpg?resize=350%2C200&ssl=1","width":350,"height":200,"srcset":"https:\/\/i0.wp.com\/artstella-elixirs-floraux.com\/wp-content\/uploads\/2025\/03\/2d057d3d-f190-4cc9-a09e-afc3ebcad103.jpg?resize=350%2C200&ssl=1 1x, https:\/\/i0.wp.com\/artstella-elixirs-floraux.com\/wp-content\/uploads\/2025\/03\/2d057d3d-f190-4cc9-a09e-afc3ebcad103.jpg?resize=525%2C300&ssl=1 1.5x, https:\/\/i0.wp.com\/artstella-elixirs-floraux.com\/wp-content\/uploads\/2025\/03\/2d057d3d-f190-4cc9-a09e-afc3ebcad103.jpg?resize=700%2C400&ssl=1 2x"},"classes":[]},{"id":6147,"url":"https:\/\/artstella-elixirs-floraux.com\/fr_fr\/produit\/sweetgrass-eau-florale-120ml\/","url_meta":{"origin":6151,"position":1},"title":"Sweetgrass Eau florale 120ml","author":"eveapprill","date":"9 mars 2025","format":false,"excerpt":"SWEETGRASS HYDROSOL 60ML ou Eau florale de \"foin d'odeur\" EN SPRAYA vaporiser dans les pi\u00e8ces charg\u00e9es ou autour de soi","rel":"","context":"Article similaire","block_context":{"text":"Article similaire","link":""},"img":{"alt_text":"","src":"https:\/\/i0.wp.com\/artstella-elixirs-floraux.com\/wp-content\/uploads\/2025\/03\/8e64829d-e900-4cb4-a5b9-59e3272a145d.jpg?resize=350%2C200&ssl=1","width":350,"height":200,"srcset":"https:\/\/i0.wp.com\/artstella-elixirs-floraux.com\/wp-content\/uploads\/2025\/03\/8e64829d-e900-4cb4-a5b9-59e3272a145d.jpg?resize=350%2C200&ssl=1 1x, https:\/\/i0.wp.com\/artstella-elixirs-floraux.com\/wp-content\/uploads\/2025\/03\/8e64829d-e900-4cb4-a5b9-59e3272a145d.jpg?resize=525%2C300&ssl=1 1.5x, https:\/\/i0.wp.com\/artstella-elixirs-floraux.com\/wp-content\/uploads\/2025\/03\/8e64829d-e900-4cb4-a5b9-59e3272a145d.jpg?resize=700%2C400&ssl=1 2x"},"classes":[]},{"id":6149,"url":"https:\/\/artstella-elixirs-floraux.com\/fr_fr\/produit\/sauge-blanche-eau-florale-60ml\/","url_meta":{"origin":6151,"position":2},"title":"Sauge Blanche Eau florale 60ml","author":"","date":"9 mars 2025","format":false,"excerpt":"WHITE SAGE HYDROSOL 60ML ou Eau florale de Sauge Blanche EN SPRAYA vaporiser dans les pi\u00e8ces charg\u00e9es ou autour de soi","rel":"","context":"Article similaire","block_context":{"text":"Article similaire","link":""},"img":{"alt_text":"","src":"https:\/\/i0.wp.com\/artstella-elixirs-floraux.com\/wp-content\/uploads\/2025\/03\/7949f0e0-77ae-497c-b13e-d751a7ca4f84.jpg?resize=350%2C200&ssl=1","width":350,"height":200,"srcset":"https:\/\/i0.wp.com\/artstella-elixirs-floraux.com\/wp-content\/uploads\/2025\/03\/7949f0e0-77ae-497c-b13e-d751a7ca4f84.jpg?resize=350%2C200&ssl=1 1x, https:\/\/i0.wp.com\/artstella-elixirs-floraux.com\/wp-content\/uploads\/2025\/03\/7949f0e0-77ae-497c-b13e-d751a7ca4f84.jpg?resize=525%2C300&ssl=1 1.5x, https:\/\/i0.wp.com\/artstella-elixirs-floraux.com\/wp-content\/uploads\/2025\/03\/7949f0e0-77ae-497c-b13e-d751a7ca4f84.jpg?resize=700%2C400&ssl=1 2x"},"classes":[]},{"id":5875,"url":"https:\/\/artstella-elixirs-floraux.com\/fr_fr\/produit\/soul-support-spray-120ml\/","url_meta":{"origin":6151,"position":3},"title":"SOUL SUPPORT SPRAY ALASKA","author":"eveapprill","date":"9 mars 2025","format":false,"excerpt":"Soul support (Soutien de l\u2019\u00e2me) Correspond \u00e0 la pr\u00e9paration d\u2019urgence.","rel":"","context":"Article similaire","block_context":{"text":"Article similaire","link":""},"img":{"alt_text":"Sprays","src":"https:\/\/i0.wp.com\/artstella-elixirs-floraux.com\/wp-content\/uploads\/2025\/03\/7691d083-6c4b-4693-8449-eb757c5320ed.jpg?resize=350%2C200&ssl=1","width":350,"height":200,"srcset":"https:\/\/i0.wp.com\/artstella-elixirs-floraux.com\/wp-content\/uploads\/2025\/03\/7691d083-6c4b-4693-8449-eb757c5320ed.jpg?resize=350%2C200&ssl=1 1x, https:\/\/i0.wp.com\/artstella-elixirs-floraux.com\/wp-content\/uploads\/2025\/03\/7691d083-6c4b-4693-8449-eb757c5320ed.jpg?resize=525%2C300&ssl=1 1.5x, https:\/\/i0.wp.com\/artstella-elixirs-floraux.com\/wp-content\/uploads\/2025\/03\/7691d083-6c4b-4693-8449-eb757c5320ed.jpg?resize=700%2C400&ssl=1 2x"},"classes":[]},{"id":5794,"url":"https:\/\/artstella-elixirs-floraux.com\/fr_fr\/produit\/sauge-15-ml-deva\/","url_meta":{"origin":6151,"position":4},"title":"Sauge 15 ml DEVA","author":"eveapprill","date":"9 mars 2025","format":false,"excerpt":"Sauge Compr\u00e9hension de la vie. Favorise la r\u00e9flexion sur la signification des \u00e9v\u00e9nements de l\u2019existence. Apporte compr\u00e9hension et paix int\u00e9rieure.","rel":"","context":"Article similaire","block_context":{"text":"Article similaire","link":""},"img":{"alt_text":"","src":"https:\/\/i0.wp.com\/artstella-elixirs-floraux.com\/wp-content\/uploads\/2025\/03\/wp-image2447.png?resize=350%2C200&ssl=1","width":350,"height":200},"classes":[]},{"id":3268,"url":"https:\/\/artstella-elixirs-floraux.com\/fr_fr\/produit\/sauge-15-ml-phi\/","url_meta":{"origin":6151,"position":5},"title":"SAUGE 15 ML PHI","author":"eveapprill","date":"9 mars 2025","format":false,"excerpt":"Sauge (Salvia officinalis (Salbei) Son action purifiante au niveau \u00e9nerg\u00e9tique est tr\u00e8s puissante. L'\u00e9lixir favorise l'accord avec nos rythmes internes et les harmonise, notamment en cas de d\u00e9calages horaires. Il favorise \u00e9galement l'int\u00e9gration consciente de nos exp\u00e9riences de vie.","rel":"","context":"Article similaire","block_context":{"text":"Article similaire","link":""},"img":{"alt_text":"","src":"https:\/\/i0.wp.com\/artstella-elixirs-floraux.com\/wp-content\/uploads\/2025\/03\/wp-image675.png?resize=350%2C200&ssl=1","width":350,"height":200},"classes":[]}],"_links":{"self":[{"href":"https:\/\/artstella-elixirs-floraux.com\/fr_fr\/wp-json\/wp\/v2\/product\/6151","targetHints":{"allow":["GET"]}}],"collection":[{"href":"https:\/\/artstella-elixirs-floraux.com\/fr_fr\/wp-json\/wp\/v2\/product"}],"about":[{"href":"https:\/\/artstella-elixirs-floraux.com\/fr_fr\/wp-json\/wp\/v2\/types\/product"}],"version-history":[{"count":0,"href":"https:\/\/artstella-elixirs-floraux.com\/fr_fr\/wp-json\/wp\/v2\/product\/6151\/revisions"}],"wp:featuredmedia":[{"embeddable":true,"href":"https:\/\/artstella-elixirs-floraux.com\/fr_fr\/wp-json\/wp\/v2\/media\/9934"}],"wp:attachment":[{"href":"https:\/\/artstella-elixirs-floraux.com\/fr_fr\/wp-json\/wp\/v2\/media?parent=6151"}],"wp:term":[{"taxonomy":"product_brand","embeddable":true,"href":"https:\/\/artstella-elixirs-floraux.com\/fr_fr\/wp-json\/wp\/v2\/product_brand?post=6151"},{"taxonomy":"product_cat","embeddable":true,"href":"https:\/\/artstella-elixirs-floraux.com\/fr_fr\/wp-json\/wp\/v2\/product_cat?post=6151"},{"taxonomy":"product_tag","embeddable":true,"href":"https:\/\/artstella-elixirs-floraux.com\/fr_fr\/wp-json\/wp\/v2\/product_tag?post=6151"}],"curies":[{"name":"wp","href":"https:\/\/api.w.org\/{rel}","templated":true}]}}