{"id":6155,"date":"2025-03-09T13:53:19","date_gmt":"2025-03-09T13:53:19","guid":{"rendered":"https:\/\/artstella-elixirs-floraux.com\/product\/coffret-3-8-elixirs-de-la-mer-phi\/"},"modified":"2025-03-09T13:53:19","modified_gmt":"2025-03-09T13:53:19","slug":"coffret-3-8-elixirs-de-la-mer-phi","status":"publish","type":"product","link":"https:\/\/artstella-elixirs-floraux.com\/fr_fr\/produit\/coffret-3-8-elixirs-de-la-mer-phi\/","title":{"rendered":"COFFRET (3) 8 Elixirs de la Mer PHI"},"content":{"rendered":"","protected":false},"excerpt":{"rendered":"<p><strong>Coffret (3) 8 \u00e9lixirs de la mer<\/strong><\/p>\n<p>Comprend les \u00e9lixirs de : Holothuroidea (Concombre de la mer), Beluga, Groseille de mer, Hypselodoris, Ver de feu barbu, Orque, et Flabelline mauve<\/p>\n","protected":false},"featured_media":6156,"template":"","meta":[],"product_brand":[],"product_cat":[108],"product_tag":[],"class_list":{"0":"post-6155","1":"product","2":"type-product","3":"status-publish","4":"has-post-thumbnail","6":"product_cat-les-coffrets-phi","8":"first","9":"instock","10":"taxable","11":"shipping-taxable","12":"purchasable","13":"product-type-simple"},"etheme_brands":{"errors":{"invalid_taxonomy":["Taxonomie non valide."]},"error_data":[]},"jetpack_sharing_enabled":true,"jetpack-related-posts":[{"id":4533,"url":"https:\/\/artstella-elixirs-floraux.com\/fr_fr\/produit\/coffret-110-elixirs-de-la-mer-15ml-phi\/","url_meta":{"origin":6155,"position":0},"title":"COFFRET (1)10 Elixirs de la MER 15ML PHI","author":"eveapprill","date":"9 mars 2025","format":false,"excerpt":"Les Elixirs de la Mer Coffret 1 : contient\u00a0Algue, Delph, Crabe, Gal\u00e8re portuguaise, Blennie, An\u00e9mone de mer, Oursin, Aplysie, Etoile de mer, Baleine","rel":"","context":"Article similaire","block_context":{"text":"Article similaire","link":""},"img":{"alt_text":"","src":"https:\/\/i0.wp.com\/artstella-elixirs-floraux.com\/wp-content\/uploads\/2025\/03\/wp-image1150.png?resize=350%2C200&ssl=1","width":350,"height":200,"srcset":"https:\/\/i0.wp.com\/artstella-elixirs-floraux.com\/wp-content\/uploads\/2025\/03\/wp-image1150.png?resize=350%2C200&ssl=1 1x, https:\/\/i0.wp.com\/artstella-elixirs-floraux.com\/wp-content\/uploads\/2025\/03\/wp-image1150.png?resize=525%2C300&ssl=1 1.5x, https:\/\/i0.wp.com\/artstella-elixirs-floraux.com\/wp-content\/uploads\/2025\/03\/wp-image1150.png?resize=700%2C400&ssl=1 2x"},"classes":[]},{"id":5530,"url":"https:\/\/artstella-elixirs-floraux.com\/fr_fr\/produit\/coffret-210-elixirs-de-la-mer-15ml-phi\/","url_meta":{"origin":6155,"position":1},"title":"COFFRET (2)10 Elixirs de la MER 15ML PHI","author":"","date":"9 mars 2025","format":false,"excerpt":"Coffret (2) 10 \u00e9lixirs de la mer Contient : Corail de feu, Corail digitiforme, Corail cerveau, Poisson ange royal, Corail Sarcophyton, Benitier Tridacne, Spongiaires, Rascasse volante, Favite, Corail dendro","rel":"","context":"Article similaire","block_context":{"text":"Article similaire","link":""},"img":{"alt_text":"","src":"https:\/\/i0.wp.com\/artstella-elixirs-floraux.com\/wp-content\/uploads\/2025\/03\/wp-image1760.png?resize=350%2C200&ssl=1","width":350,"height":200},"classes":[]},{"id":5512,"url":"https:\/\/artstella-elixirs-floraux.com\/fr_fr\/produit\/groseille-de-mer\/","url_meta":{"origin":6155,"position":2},"title":"GROSEILLE DE MER","author":"eveapprill","date":"9 mars 2025","format":false,"excerpt":"GROSEILLE DE MER Seestachelbeere (Pleurobrachia pileus) Animal luminescent vivant dans l\u2019eau sal\u00e9e de la mer du Nord, d\u2019environ 8 cm, de forme allong\u00e9e, creux \u00e0 l\u2019int\u00e9rieur et\u00a0 transparent. Les contours ont une substance lumineuse, qui, s\u2019ils sont \u00e9clair\u00e9s par une lampe de poche, s\u2019irisent des couleurs de l\u2019arc en ciel.","rel":"","context":"Article similaire","block_context":{"text":"Article similaire","link":""},"img":{"alt_text":"","src":"https:\/\/i0.wp.com\/artstella-elixirs-floraux.com\/wp-content\/uploads\/2025\/03\/wp-image1751.png?resize=350%2C200&ssl=1","width":350,"height":200},"classes":[]},{"id":4684,"url":"https:\/\/artstella-elixirs-floraux.com\/fr_fr\/produit\/coffret-soul-ray\/","url_meta":{"origin":6155,"position":3},"title":"COFFRET SOUL RAY","author":"eveapprill","date":"9 mars 2025","format":false,"excerpt":"COFFRET SOUL RAY Coffret de 8 flacons de Soul Ray Essences","rel":"","context":"Article similaire","block_context":{"text":"Article similaire","link":""},"img":{"alt_text":"","src":"https:\/\/i0.wp.com\/artstella-elixirs-floraux.com\/wp-content\/uploads\/2025\/03\/wp-image1272.png?resize=350%2C200&ssl=1","width":350,"height":200},"classes":[]},{"id":5540,"url":"https:\/\/artstella-elixirs-floraux.com\/fr_fr\/produit\/coffret-ad-11-elixirs-15ml\/","url_meta":{"origin":6155,"position":4},"title":"COFFRET AD &#8211; 11 \u00e9lixirs 15ml","author":"eveapprill","date":"9 mars 2025","format":false,"excerpt":"Coffret pour se lib\u00e9rer des d\u00e9pendances 11 \u00e9lixirs de 15 ml \u00a0","rel":"","context":"Article similaire","block_context":{"text":"Article similaire","link":""},"img":{"alt_text":"","src":"https:\/\/i0.wp.com\/artstella-elixirs-floraux.com\/wp-content\/uploads\/2025\/03\/wp-image1765.png?resize=350%2C200&ssl=1","width":350,"height":200},"classes":[]},{"id":5508,"url":"https:\/\/artstella-elixirs-floraux.com\/fr_fr\/produit\/concombre-de-mer\/","url_meta":{"origin":6155,"position":5},"title":"Concombre de mer","author":"eveapprill","date":"9 mars 2025","format":false,"excerpt":"Concombre de mer (Seegurke) (Holothuroidea) \u00a0 L\u2019\u00e9lixir agit \u00e9nerg\u00e9tiquement au niveau du gros intestin et soutient les processus de la digestion. Il agit au niveau \u00e9motionnel permettant de traiter et de dig\u00e9rer les choses. On peut ainsi de lib\u00e9rer des choses qui nous p\u00e8sent.","rel":"","context":"Article similaire","block_context":{"text":"Article similaire","link":""},"img":{"alt_text":"","src":"https:\/\/i0.wp.com\/artstella-elixirs-floraux.com\/wp-content\/uploads\/2025\/03\/wp-image1749.png?resize=350%2C200&ssl=1","width":350,"height":200},"classes":[]}],"_links":{"self":[{"href":"https:\/\/artstella-elixirs-floraux.com\/fr_fr\/wp-json\/wp\/v2\/product\/6155","targetHints":{"allow":["GET"]}}],"collection":[{"href":"https:\/\/artstella-elixirs-floraux.com\/fr_fr\/wp-json\/wp\/v2\/product"}],"about":[{"href":"https:\/\/artstella-elixirs-floraux.com\/fr_fr\/wp-json\/wp\/v2\/types\/product"}],"version-history":[{"count":0,"href":"https:\/\/artstella-elixirs-floraux.com\/fr_fr\/wp-json\/wp\/v2\/product\/6155\/revisions"}],"wp:featuredmedia":[{"embeddable":true,"href":"https:\/\/artstella-elixirs-floraux.com\/fr_fr\/wp-json\/wp\/v2\/media\/6156"}],"wp:attachment":[{"href":"https:\/\/artstella-elixirs-floraux.com\/fr_fr\/wp-json\/wp\/v2\/media?parent=6155"}],"wp:term":[{"taxonomy":"product_brand","embeddable":true,"href":"https:\/\/artstella-elixirs-floraux.com\/fr_fr\/wp-json\/wp\/v2\/product_brand?post=6155"},{"taxonomy":"product_cat","embeddable":true,"href":"https:\/\/artstella-elixirs-floraux.com\/fr_fr\/wp-json\/wp\/v2\/product_cat?post=6155"},{"taxonomy":"product_tag","embeddable":true,"href":"https:\/\/artstella-elixirs-floraux.com\/fr_fr\/wp-json\/wp\/v2\/product_tag?post=6155"}],"curies":[{"name":"wp","href":"https:\/\/api.w.org\/{rel}","templated":true}]}}