{"id":6159,"date":"2025-03-09T13:53:22","date_gmt":"2025-03-09T13:53:22","guid":{"rendered":"https:\/\/artstella-elixirs-floraux.com\/product\/luminotherapie-hlt-andreas-korte\/"},"modified":"2025-03-09T13:53:22","modified_gmt":"2025-03-09T13:53:22","slug":"luminotherapie-hlt-andreas-korte","status":"publish","type":"product","link":"https:\/\/artstella-elixirs-floraux.com\/fr_fr\/produit\/luminotherapie-hlt-andreas-korte\/","title":{"rendered":"Luminotherapie HLT Andreas Korte"},"content":{"rendered":"<p>Il contient les informations des pierres, pr\u00e9cieuses, fleurs, roses, cactus, orchid\u00e9es, animaux marins, dauphins, animaux terrestres, et des formes g\u00e9om\u00e9triques des cercles de bl\u00e9, qui sont la cl\u00e9 de l\u2018information originelle), de la G\u00e9om\u00e9trie Sacr\u00e9e.<br \/> 280 pages, couleur<\/p>\n","protected":false},"excerpt":{"rendered":"<p>Le livre : <strong>La luminoth\u00e9rapie\u00a0 Holistic Light Therapy<\/strong>\u00ae par Andr\u00e9as Korte<\/p>\n<p>pr\u00e9sente sa recherche sur es effets combin\u00e9s de la lumi\u00e8re, de la couleur, de la,musique et des \u00e9lixirs.<\/p>\n","protected":false},"featured_media":6160,"template":"","meta":[],"product_brand":[],"product_cat":[173],"product_tag":[],"class_list":{"0":"post-6159","1":"product","2":"type-product","3":"status-publish","4":"has-post-thumbnail","6":"product_cat-livres-et-cartes-phi","8":"first","9":"instock","10":"taxable","11":"shipping-taxable","12":"purchasable","13":"product-type-simple"},"etheme_brands":{"errors":{"invalid_taxonomy":["Taxonomie non valide."]},"error_data":[]},"jetpack_sharing_enabled":true,"jetpack-related-posts":[{"id":6000,"url":"https:\/\/artstella-elixirs-floraux.com\/fr_fr\/produit\/le-pouvoir-de-guerison-des-animaux-a-korte\/","url_meta":{"origin":6159,"position":0},"title":"Le pouvoir de gu\u00e9rison des animaux A. Korte","author":"","date":"9 mars 2025","format":false,"excerpt":"Nouveau ! Le dernier livre d'Andreas Korte paru en fran\u00e7ais reprenant ses recherches sur ses rencontres avec les animaux, leur pouvoir de gu\u00e9rison et les \u00e9lixirs qu'ils en a recueilli.","rel":"","context":"Article similaire","block_context":{"text":"Article similaire","link":""},"img":{"alt_text":"","src":"https:\/\/i0.wp.com\/artstella-elixirs-floraux.com\/wp-content\/uploads\/2025\/03\/wp-image2019.png?resize=350%2C200&ssl=1","width":350,"height":200},"classes":[]},{"id":5253,"url":"https:\/\/artstella-elixirs-floraux.com\/fr_fr\/produit\/jeu-de-60-cartes-danimaux\/","url_meta":{"origin":6159,"position":1},"title":"Jeu de 60 cartes d&rsquo;Animaux","author":"","date":"9 mars 2025","format":false,"excerpt":"Jeu de cartes r\u00e9pr\u00e9senatnt les 60 animaux dont Andr\u00e9as Korte a r\u00e9alis\u00e9 un \u00e9lixir (sans aucun dommage pour les animaux)","rel":"","context":"Article similaire","block_context":{"text":"Article similaire","link":""},"img":{"alt_text":"","src":"https:\/\/i0.wp.com\/artstella-elixirs-floraux.com\/wp-content\/uploads\/2025\/03\/wp-image2490.png?resize=350%2C200&ssl=1","width":350,"height":200},"classes":[]},{"id":5241,"url":"https:\/\/artstella-elixirs-floraux.com\/fr_fr\/produit\/les-nouveaux-elixirs-floraux-par-a-korte\/","url_meta":{"origin":6159,"position":2},"title":"Les nouveaux \u00e9lixirs floraux par A. Korte","author":"","date":"9 mars 2025","format":false,"excerpt":"Ce guide d\u2019utilisation est une mine d\u2019informations pour ceux qui veulent aller plus loin et mieux conna\u00eetre le travail d\u2019Andr\u00e9as Korte, mais aussi pour tous ceux qui connaissent d\u00e9j\u00e0 les \u00e9lixirs et souhaitent en savoir plus, notamment \u00e0 propos des fleurs classiques (fleurs de Bach) ou des fleurs sauvages que\u2026","rel":"","context":"Article similaire","block_context":{"text":"Article similaire","link":""},"img":{"alt_text":"","src":"https:\/\/i0.wp.com\/artstella-elixirs-floraux.com\/wp-content\/uploads\/2025\/03\/wp-image2372.png?resize=350%2C200&ssl=1","width":350,"height":200,"srcset":"https:\/\/i0.wp.com\/artstella-elixirs-floraux.com\/wp-content\/uploads\/2025\/03\/wp-image2372.png?resize=350%2C200&ssl=1 1x, https:\/\/i0.wp.com\/artstella-elixirs-floraux.com\/wp-content\/uploads\/2025\/03\/wp-image2372.png?resize=525%2C300&ssl=1 1.5x, https:\/\/i0.wp.com\/artstella-elixirs-floraux.com\/wp-content\/uploads\/2025\/03\/wp-image2372.png?resize=700%2C400&ssl=1 2x"},"classes":[]},{"id":5269,"url":"https:\/\/artstella-elixirs-floraux.com\/fr_fr\/produit\/jeu-de-20-cartes-de-champignons\/","url_meta":{"origin":6159,"position":3},"title":"Jeu de 20 cartes de champignons","author":"","date":"9 mars 2025","format":false,"excerpt":"Jeu de 20 cartes de champignons avec lesquels les \u00e9lixirs ont \u00e9t\u00e9 r\u00e9alis\u00e9s par Andr\u00e9as Korte","rel":"","context":"Article similaire","block_context":{"text":"Article similaire","link":""},"img":{"alt_text":"","src":"","width":0,"height":0},"classes":[]},{"id":5271,"url":"https:\/\/artstella-elixirs-floraux.com\/fr_fr\/produit\/jeu-de-10-cartes-de-roses\/","url_meta":{"origin":6159,"position":4},"title":"Jeu de 10 cartes de roses","author":"","date":"9 mars 2025","format":false,"excerpt":"Jeu de 10 cartes de Roses avec lesquelles les \u00e9lixirs de roses ont \u00e9t\u00e9 r\u00e9alis\u00e9s par Andr\u00e9as Korte","rel":"","context":"Article similaire","block_context":{"text":"Article similaire","link":""},"img":{"alt_text":"","src":"","width":0,"height":0},"classes":[]},{"id":5261,"url":"https:\/\/artstella-elixirs-floraux.com\/fr_fr\/produit\/jeu-de-23-cartes-danges\/","url_meta":{"origin":6159,"position":5},"title":"Jeu de 23 cartes d&rsquo;anges","author":"","date":"9 mars 2025","format":false,"excerpt":"Jeu de 23 cartes d'Anges avec une phrase d'affirmation positive dont Andr\u00e9as Korte a r\u00e9alis\u00e9 un \u00e9lixir.","rel":"","context":"Article similaire","block_context":{"text":"Article similaire","link":""},"img":{"alt_text":"","src":"https:\/\/i0.wp.com\/artstella-elixirs-floraux.com\/wp-content\/uploads\/2025\/03\/wp-image1535.png?resize=350%2C200&ssl=1","width":350,"height":200,"srcset":"https:\/\/i0.wp.com\/artstella-elixirs-floraux.com\/wp-content\/uploads\/2025\/03\/wp-image1535.png?resize=350%2C200&ssl=1 1x, https:\/\/i0.wp.com\/artstella-elixirs-floraux.com\/wp-content\/uploads\/2025\/03\/wp-image1535.png?resize=525%2C300&ssl=1 1.5x"},"classes":[]}],"_links":{"self":[{"href":"https:\/\/artstella-elixirs-floraux.com\/fr_fr\/wp-json\/wp\/v2\/product\/6159","targetHints":{"allow":["GET"]}}],"collection":[{"href":"https:\/\/artstella-elixirs-floraux.com\/fr_fr\/wp-json\/wp\/v2\/product"}],"about":[{"href":"https:\/\/artstella-elixirs-floraux.com\/fr_fr\/wp-json\/wp\/v2\/types\/product"}],"version-history":[{"count":0,"href":"https:\/\/artstella-elixirs-floraux.com\/fr_fr\/wp-json\/wp\/v2\/product\/6159\/revisions"}],"wp:featuredmedia":[{"embeddable":true,"href":"https:\/\/artstella-elixirs-floraux.com\/fr_fr\/wp-json\/wp\/v2\/media\/6160"}],"wp:attachment":[{"href":"https:\/\/artstella-elixirs-floraux.com\/fr_fr\/wp-json\/wp\/v2\/media?parent=6159"}],"wp:term":[{"taxonomy":"product_brand","embeddable":true,"href":"https:\/\/artstella-elixirs-floraux.com\/fr_fr\/wp-json\/wp\/v2\/product_brand?post=6159"},{"taxonomy":"product_cat","embeddable":true,"href":"https:\/\/artstella-elixirs-floraux.com\/fr_fr\/wp-json\/wp\/v2\/product_cat?post=6159"},{"taxonomy":"product_tag","embeddable":true,"href":"https:\/\/artstella-elixirs-floraux.com\/fr_fr\/wp-json\/wp\/v2\/product_tag?post=6159"}],"curies":[{"name":"wp","href":"https:\/\/api.w.org\/{rel}","templated":true}]}}