{"id":6163,"date":"2025-03-09T13:53:24","date_gmt":"2025-03-09T13:53:24","guid":{"rendered":"https:\/\/artstella-elixirs-floraux.com\/product\/duo-pater-mater-sylfos-30-ml\/"},"modified":"2025-04-30T20:12:13","modified_gmt":"2025-04-30T20:12:13","slug":"duo-pater-mater-sylfos-30-ml","status":"publish","type":"product","link":"https:\/\/artstella-elixirs-floraux.com\/fr_fr\/produit\/duo-pater-mater-sylfos-30-ml\/","title":{"rendered":"DUO PATER MATER SYLFOS 30 ML"},"content":{"rendered":"<p>Prendre 3 \u00e0 4 gouttes de 2 \u00e0 4 x par jour dans un peu d&rsquo;eau. Il est pr\u00e9f\u00e9rable de prendre un flacon \u00e0 la suite de l&rsquo;autre.<\/p>\n","protected":false},"excerpt":{"rendered":"<p><strong>Pack duo Sylfos : Pater Mater<br \/>\n<\/strong><\/p>\n<p>Pour se reconnecter au sch\u00e9ma \u00e9motionnel de la \u00a0\u00bb M\u00e8re ou du P\u00e8re Int\u00e9rieur \u00ab\u00a0.\u00a0Aide \u00e0 clarifier la lign\u00e9e maternelle et\/ou paternelle, aussi bien ascendante que descendante.<\/p>\n","protected":false},"featured_media":7751,"template":"","meta":[],"product_brand":[],"product_cat":[138],"product_tag":[],"class_list":{"0":"post-6163","1":"product","2":"type-product","3":"status-publish","4":"has-post-thumbnail","6":"product_cat-les-composes-des-fleurs-andines","8":"first","9":"instock","10":"taxable","11":"shipping-taxable","12":"purchasable","13":"product-type-variable"},"etheme_brands":{"errors":{"invalid_taxonomy":["Taxonomie non valide."]},"error_data":[]},"jetpack_sharing_enabled":true,"jetpack-related-posts":[{"id":6107,"url":"https:\/\/artstella-elixirs-floraux.com\/fr_fr\/produit\/duo-luz-et-protection-sylfos-30-ml\/","url_meta":{"origin":6163,"position":0},"title":"DUO LUZ et PROTECTION SYLFOS 30 ML","author":"eveapprill","date":"9 mars 2025","format":false,"excerpt":"Pack duo Sylfos : Luz et Protection Pour retrouver clart\u00e9 et lumi\u00e8re Pour soutenir la protection sur plusieurs plans","rel":"","context":"Article similaire","block_context":{"text":"Article similaire","link":""},"img":{"alt_text":"","src":"https:\/\/i0.wp.com\/artstella-elixirs-floraux.com\/wp-content\/uploads\/2025\/03\/66832f0f-31b0-47f3-a537-07a4d4027f22.jpg?resize=350%2C200&ssl=1","width":350,"height":200,"srcset":"https:\/\/i0.wp.com\/artstella-elixirs-floraux.com\/wp-content\/uploads\/2025\/03\/66832f0f-31b0-47f3-a537-07a4d4027f22.jpg?resize=350%2C200&ssl=1 1x, https:\/\/i0.wp.com\/artstella-elixirs-floraux.com\/wp-content\/uploads\/2025\/03\/66832f0f-31b0-47f3-a537-07a4d4027f22.jpg?resize=525%2C300&ssl=1 1.5x, https:\/\/i0.wp.com\/artstella-elixirs-floraux.com\/wp-content\/uploads\/2025\/03\/66832f0f-31b0-47f3-a537-07a4d4027f22.jpg?resize=700%2C400&ssl=1 2x"},"classes":[]},{"id":4076,"url":"https:\/\/artstella-elixirs-floraux.com\/fr_fr\/produit\/yerba-mate-15-ml-sylfos\/","url_meta":{"origin":6163,"position":1},"title":"YERBA MATE \/ MATE SYLFOS","author":"eveapprill","date":"9 mars 2025","format":false,"excerpt":"YERBA MATE Ilex paraguariensis Equilibre mental, pr\u00e9sence. Aide \u00e0 \u00eatre pr\u00e9sent, dans \u201cl\u2019ici et maintenant\u201d, libre des influences diverses qui ne sont plus utiles...","rel":"","context":"Article similaire","block_context":{"text":"Article similaire","link":""},"img":{"alt_text":"","src":"","width":0,"height":0},"classes":[]},{"id":12285,"url":"https:\/\/artstella-elixirs-floraux.com\/fr_fr\/produit\/14-orchidee-du-courage-dendrobium-anceps-sylfos\/","url_meta":{"origin":6163,"position":2},"title":"14. ORCHID\u00c9E DU COURAGE Dendrobium anceps Sylfos","author":"eveapprill","date":"13 mars 2026","format":false,"excerpt":"\u00c9lixir de\u00a0r\u00e9silience et de force int\u00e9rieure. Aide \u00e0 d\u00e9passer la peur, \u00e0 prendre des d\u00e9cisions et \u00e0 avancer avec d\u00e9termination face aux d\u00e9fis.","rel":"","context":"Article similaire","block_context":{"text":"Article similaire","link":""},"img":{"alt_text":"","src":"https:\/\/i0.wp.com\/artstella-elixirs-floraux.com\/wp-content\/uploads\/2026\/03\/14_valentia_-WEB.png?resize=350%2C200&ssl=1","width":350,"height":200},"classes":[]},{"id":6272,"url":"https:\/\/artstella-elixirs-floraux.com\/fr_fr\/produit\/myrte-du-chili-arrayan-sylfos-15ml\/","url_meta":{"origin":6163,"position":3},"title":"Myrte du Chili \/ ARRAYAN SYLFOS 15ML","author":"eveapprill","date":"9 mars 2025","format":false,"excerpt":"ARRAY\u00c1N \/ Myrte du Chili (Lumaapiculata) Se prendre en charge Permet de prendre en charge les situations de la vie avec responsabilit\u00e9. Il aidera particuli\u00e8rement les personnes \u00e0 tendance rigide, compulsive, sexistes. Il pourra \u00eatre utile aux personnes ayant des comportements d\u2019auto sabotage, voire autodestructeurs","rel":"","context":"Article similaire","block_context":{"text":"Article similaire","link":""},"img":{"alt_text":"","src":"https:\/\/i0.wp.com\/artstella-elixirs-floraux.com\/wp-content\/uploads\/2025\/03\/wp-image2375.png?resize=350%2C200&ssl=1","width":350,"height":200},"classes":[]},{"id":12341,"url":"https:\/\/artstella-elixirs-floraux.com\/fr_fr\/produit\/chrysoberyl-crisoberio-15ml-sylfos\/","url_meta":{"origin":6163,"position":4},"title":"CHRYSOBERYL &#8211; CRISOBERIO 15ml Sylfos","author":"eveapprill","date":"16 mars 2026","format":false,"excerpt":"Le chrysob\u00e9ryl apporte de la clart\u00e9 mentale et renforce le discernement dans les situations complexes. Il aide \u00e0 int\u00e9grer intuition et raison, r\u00e9duisant les doutes et l'ind\u00e9cision. Il est utile lorsqu'il faut prendre des d\u00e9cisions importantes. Son \u00e9nergie favorise une perception objective et consciente.","rel":"","context":"Article similaire","block_context":{"text":"Article similaire","link":""},"img":{"alt_text":"","src":"https:\/\/i0.wp.com\/artstella-elixirs-floraux.com\/wp-content\/uploads\/2026\/03\/Crisoberilo_1.png?resize=350%2C200&ssl=1","width":350,"height":200},"classes":[]},{"id":4005,"url":"https:\/\/artstella-elixirs-floraux.com\/fr_fr\/produit\/bougainvillee-sylfos-15-ml\/","url_meta":{"origin":6163,"position":5},"title":"BOUGAINVILLEA \/ BOUGAINVILLEE SYLFOS","author":"eveapprill","date":"9 mars 2025","format":false,"excerpt":"BOUGAINVILLEA Bougainvillea glabra Compr\u00e9hension et int\u00e9gration du pass\u00e9 ancestral, renaissance Pour prendre conscience et int\u00e9grer pleinement l\u2019h\u00e9ritage ancestral...","rel":"","context":"Article similaire","block_context":{"text":"Article similaire","link":""},"img":{"alt_text":"","src":"","width":0,"height":0},"classes":[]}],"_links":{"self":[{"href":"https:\/\/artstella-elixirs-floraux.com\/fr_fr\/wp-json\/wp\/v2\/product\/6163","targetHints":{"allow":["GET"]}}],"collection":[{"href":"https:\/\/artstella-elixirs-floraux.com\/fr_fr\/wp-json\/wp\/v2\/product"}],"about":[{"href":"https:\/\/artstella-elixirs-floraux.com\/fr_fr\/wp-json\/wp\/v2\/types\/product"}],"version-history":[{"count":0,"href":"https:\/\/artstella-elixirs-floraux.com\/fr_fr\/wp-json\/wp\/v2\/product\/6163\/revisions"}],"wp:featuredmedia":[{"embeddable":true,"href":"https:\/\/artstella-elixirs-floraux.com\/fr_fr\/wp-json\/wp\/v2\/media\/7751"}],"wp:attachment":[{"href":"https:\/\/artstella-elixirs-floraux.com\/fr_fr\/wp-json\/wp\/v2\/media?parent=6163"}],"wp:term":[{"taxonomy":"product_brand","embeddable":true,"href":"https:\/\/artstella-elixirs-floraux.com\/fr_fr\/wp-json\/wp\/v2\/product_brand?post=6163"},{"taxonomy":"product_cat","embeddable":true,"href":"https:\/\/artstella-elixirs-floraux.com\/fr_fr\/wp-json\/wp\/v2\/product_cat?post=6163"},{"taxonomy":"product_tag","embeddable":true,"href":"https:\/\/artstella-elixirs-floraux.com\/fr_fr\/wp-json\/wp\/v2\/product_tag?post=6163"}],"curies":[{"name":"wp","href":"https:\/\/api.w.org\/{rel}","templated":true}]}}