{"id":6175,"date":"2025-03-09T13:53:34","date_gmt":"2025-03-09T13:53:34","guid":{"rendered":"https:\/\/artstella-elixirs-floraux.com\/product\/terra-extra-bloesem-remedies\/"},"modified":"2026-01-28T21:18:54","modified_gmt":"2026-01-28T21:18:54","slug":"terra-extra-bloesem-remedies","status":"publish","type":"product","link":"https:\/\/artstella-elixirs-floraux.com\/fr_fr\/produit\/terra-extra-bloesem-remedies\/","title":{"rendered":"TERRA EXTRA Bloesem Remedies"},"content":{"rendered":"<p>On s\u2019en sert quand on a utilis\u00e9 le Terra standard durant une p\u00e9riode plus longue que d\u2019habitude ou quand le stress et la tension sont dus \u00e0 un \u00e9tat tendu profond\u00e9ment enracin\u00e9 et durable.<\/p>\n","protected":false},"excerpt":{"rendered":"<p><strong>TERRA EXTRA<\/strong> \u2013 Rem\u00e8de de premiers secours<\/p>\n<p><em>Terra Extra est un compos\u00e9 d\u2019\u00e9lixirss contenant les cinq essences qui se trouvent dans le Terra standard, sauf que Myc\u00e8ne\u00a0 est remplac\u00e9 par le Coprin \u00e0 t\u00eate dor\u00e9e.<\/em><\/p>\n","protected":false},"featured_media":6176,"template":"","meta":[],"product_brand":[],"product_cat":[181],"product_tag":[],"class_list":{"0":"post-6175","1":"product","2":"type-product","3":"status-publish","4":"has-post-thumbnail","6":"product_cat-nouveaux-composes-hollandais","8":"first","9":"instock","10":"taxable","11":"shipping-taxable","12":"purchasable","13":"product-type-variable"},"etheme_brands":{"errors":{"invalid_taxonomy":["Taxonomie non valide."]},"error_data":[]},"jetpack_sharing_enabled":true,"jetpack-related-posts":[{"id":5472,"url":"https:\/\/artstella-elixirs-floraux.com\/fr_fr\/produit\/terra-bloesem-10-ml\/","url_meta":{"origin":6175,"position":0},"title":"TERRA BLOESEM 10 ML","author":"eveapprill","date":"9 mars 2025","format":false,"excerpt":"Terra, (Ang\u00e9lique, Cl\u00e9matite, Mycena, Cephalanth\u00e8re rouge, , Yeloow star tulip) Combinaison d\u2019urgence.","rel":"","context":"Article similaire","block_context":{"text":"Article similaire","link":""},"img":{"alt_text":"","src":"","width":0,"height":0},"classes":[]},{"id":5474,"url":"https:\/\/artstella-elixirs-floraux.com\/fr_fr\/produit\/terra-bloesem-30ml\/","url_meta":{"origin":6175,"position":1},"title":"TERRA BLOESEM 30ML","author":"eveapprill","date":"9 mars 2025","format":false,"excerpt":"Terra, (Ang\u00e9lique, Cl\u00e9matite, Mycena, Cephalanth\u00e8re rouge, , Yeloow star tulip) Combinaison d\u2019urgence. Il am\u00e9liore l\u2019ancrage dans\u00a0 les moments difficiles, dans les cas de peurs, d\u2019examens, d\u2019accidents, de choc, de traumatisme, ou les moments de changements d\u2019humeur","rel":"","context":"Article similaire","block_context":{"text":"Article similaire","link":""},"img":{"alt_text":"","src":"","width":0,"height":0},"classes":[]},{"id":5486,"url":"https:\/\/artstella-elixirs-floraux.com\/fr_fr\/produit\/love-30-ml-liefde-bloesem-remedies\/","url_meta":{"origin":6175,"position":2},"title":"LOVE Liefde Bloesem Remedies","author":"eveapprill","date":"9 mars 2025","format":false,"excerpt":"Love 30 ml Liefde\u00a0 Bloesem Remedies (Bourrache, Digitale, Ch\u00e9lidoine, Coquelicot, Lamier rouge, Perce-neige, Yelow Star Tulip) ouvre le c\u0153ur \u00e0 l\u2019amour envers soi-m\u00eame et les autres. Connecte \u00e0 la terre","rel":"","context":"Article similaire","block_context":{"text":"Article similaire","link":""},"img":{"alt_text":"","src":"","width":0,"height":0},"classes":[]},{"id":5478,"url":"https:\/\/artstella-elixirs-floraux.com\/fr_fr\/produit\/rainbow-arc-en-ciel-30ml-bloesem\/","url_meta":{"origin":6175,"position":3},"title":"RAINBOW Arc en Ciel Bloesem Remedies","author":"eveapprill","date":"9 mars 2025","format":false,"excerpt":"Rainbow - Arc en Ciel 30 ml Bloesem Remedies (Bourrache, Impatience, Monnaie du Pape, Coquelicot, Lamier rouge) \u00a0\u201cUn pont entre le ciel et la terre\u201d, cette combinaison d\u2019\u00e9lixirs\u00a0 favorise le d\u00e9veloppement personnel et stimule la cr\u00e9ativit\u00e9.\u00a0 Pour commencer \u00e0 neuf et laisser l\u2019ancien de c\u00f4t\u00e9.","rel":"","context":"Article similaire","block_context":{"text":"Article similaire","link":""},"img":{"alt_text":"","src":"","width":0,"height":0},"classes":[]},{"id":5420,"url":"https:\/\/artstella-elixirs-floraux.com\/fr_fr\/produit\/angelique-engelwortel-10ml\/","url_meta":{"origin":6175,"position":4},"title":"Ang\u00e9lique ENGELWORTEL 10ML","author":"eveapprill","date":"9 mars 2025","format":false,"excerpt":"Angelica archangelica(Ang\u00e9lique)\u00a0Engelwortel Apporte la protection des royaumes spirituels et l\u2019aide des forces b\u00e9n\u00e9fiques d\u2019en haut, la protection des \u201canges\u201d, et notamment dans des situations o\u00f9 l\u2019on traverse la s\u00e9paration avec \u00ab\u00a0l\u2019autre c\u00f4t\u00e9\u00a0\u00bb","rel":"","context":"Article similaire","block_context":{"text":"Article similaire","link":""},"img":{"alt_text":"","src":"","width":0,"height":0},"classes":[]},{"id":5428,"url":"https:\/\/artstella-elixirs-floraux.com\/fr_fr\/produit\/lamier-rouge-lamiun-red-henbit-10ml\/","url_meta":{"origin":6175,"position":5},"title":"Lamier rouge Lamiun Red Henbit 10ml","author":"","date":"9 mars 2025","format":false,"excerpt":"Lamier rouge - Lamium purpureum - Red Henbit \u00a0 am\u00e9liore le lien \u00e0 la terre et apporte de la joie dans les occupations terrestres. Donne de la clart\u00e9 dans les occupations chaotiques et \u00e9veille l\u2019esprit d\u2019ordre et de rangement.\u00a0","rel":"","context":"Article similaire","block_context":{"text":"Article similaire","link":""},"img":{"alt_text":"","src":"","width":0,"height":0},"classes":[]}],"_links":{"self":[{"href":"https:\/\/artstella-elixirs-floraux.com\/fr_fr\/wp-json\/wp\/v2\/product\/6175","targetHints":{"allow":["GET"]}}],"collection":[{"href":"https:\/\/artstella-elixirs-floraux.com\/fr_fr\/wp-json\/wp\/v2\/product"}],"about":[{"href":"https:\/\/artstella-elixirs-floraux.com\/fr_fr\/wp-json\/wp\/v2\/types\/product"}],"version-history":[{"count":1,"href":"https:\/\/artstella-elixirs-floraux.com\/fr_fr\/wp-json\/wp\/v2\/product\/6175\/revisions"}],"predecessor-version":[{"id":12008,"href":"https:\/\/artstella-elixirs-floraux.com\/fr_fr\/wp-json\/wp\/v2\/product\/6175\/revisions\/12008"}],"wp:featuredmedia":[{"embeddable":true,"href":"https:\/\/artstella-elixirs-floraux.com\/fr_fr\/wp-json\/wp\/v2\/media\/6176"}],"wp:attachment":[{"href":"https:\/\/artstella-elixirs-floraux.com\/fr_fr\/wp-json\/wp\/v2\/media?parent=6175"}],"wp:term":[{"taxonomy":"product_brand","embeddable":true,"href":"https:\/\/artstella-elixirs-floraux.com\/fr_fr\/wp-json\/wp\/v2\/product_brand?post=6175"},{"taxonomy":"product_cat","embeddable":true,"href":"https:\/\/artstella-elixirs-floraux.com\/fr_fr\/wp-json\/wp\/v2\/product_cat?post=6175"},{"taxonomy":"product_tag","embeddable":true,"href":"https:\/\/artstella-elixirs-floraux.com\/fr_fr\/wp-json\/wp\/v2\/product_tag?post=6175"}],"curies":[{"name":"wp","href":"https:\/\/api.w.org\/{rel}","templated":true}]}}