{"id":6181,"date":"2025-03-09T13:53:40","date_gmt":"2025-03-09T13:53:40","guid":{"rendered":"https:\/\/artstella-elixirs-floraux.com\/product\/coffret-48-elixirs-bloesem-remedies-10-ml\/"},"modified":"2025-06-08T12:48:10","modified_gmt":"2025-06-08T12:48:10","slug":"coffret-48-elixirs-bloesem-remedies-10-ml","status":"publish","type":"product","link":"https:\/\/artstella-elixirs-floraux.com\/fr_fr\/produit\/coffret-48-elixirs-bloesem-remedies-10-ml\/","title":{"rendered":"Coffret 48 \u00e9lixirs Bloesem Remedies 10 ml"},"content":{"rendered":"","protected":false},"excerpt":{"rendered":"<p><strong>Contient 48 \u00e9lixirs floraux pr\u00e9par\u00e9s par Bloesem Remedies en 10 ml<\/strong><\/p>\n<p>les 30 premiers \u00e9lixirs + les \u00e9lixirs compl\u00e9mentaires et les 4 compos\u00e9s Terra, Protection, Arc en Ciel et Love<\/p>\n","protected":false},"featured_media":5503,"template":"","meta":[],"product_brand":[],"product_cat":[180],"product_tag":[],"class_list":{"0":"post-6181","1":"product","2":"type-product","3":"status-publish","4":"has-post-thumbnail","6":"product_cat-coffrets-bloesem","8":"first","9":"instock","10":"taxable","11":"shipping-taxable","12":"purchasable","13":"product-type-simple"},"etheme_brands":{"errors":{"invalid_taxonomy":["Taxonomie non valide."]},"error_data":[]},"jetpack_sharing_enabled":true,"jetpack-related-posts":[{"id":5486,"url":"https:\/\/artstella-elixirs-floraux.com\/fr_fr\/produit\/love-30-ml-liefde-bloesem-remedies\/","url_meta":{"origin":6181,"position":0},"title":"LOVE Liefde Bloesem Remedies","author":"eveapprill","date":"9 mars 2025","format":false,"excerpt":"Love 30 ml Liefde\u00a0 Bloesem Remedies (Bourrache, Digitale, Ch\u00e9lidoine, Coquelicot, Lamier rouge, Perce-neige, Yelow Star Tulip) ouvre le c\u0153ur \u00e0 l\u2019amour envers soi-m\u00eame et les autres. Connecte \u00e0 la terre","rel":"","context":"Article similaire","block_context":{"text":"Article similaire","link":""},"img":{"alt_text":"","src":"","width":0,"height":0},"classes":[]},{"id":5472,"url":"https:\/\/artstella-elixirs-floraux.com\/fr_fr\/produit\/terra-bloesem-10-ml\/","url_meta":{"origin":6181,"position":1},"title":"TERRA BLOESEM 10 ML","author":"eveapprill","date":"9 mars 2025","format":false,"excerpt":"Terra, (Ang\u00e9lique, Cl\u00e9matite, Mycena, Cephalanth\u00e8re rouge, , Yeloow star tulip) Combinaison d\u2019urgence.","rel":"","context":"Article similaire","block_context":{"text":"Article similaire","link":""},"img":{"alt_text":"","src":"","width":0,"height":0},"classes":[]},{"id":5478,"url":"https:\/\/artstella-elixirs-floraux.com\/fr_fr\/produit\/rainbow-arc-en-ciel-30ml-bloesem\/","url_meta":{"origin":6181,"position":2},"title":"RAINBOW Arc en Ciel Bloesem Remedies","author":"eveapprill","date":"9 mars 2025","format":false,"excerpt":"Rainbow - Arc en Ciel 30 ml Bloesem Remedies (Bourrache, Impatience, Monnaie du Pape, Coquelicot, Lamier rouge) \u00a0\u201cUn pont entre le ciel et la terre\u201d, cette combinaison d\u2019\u00e9lixirs\u00a0 favorise le d\u00e9veloppement personnel et stimule la cr\u00e9ativit\u00e9.\u00a0 Pour commencer \u00e0 neuf et laisser l\u2019ancien de c\u00f4t\u00e9.","rel":"","context":"Article similaire","block_context":{"text":"Article similaire","link":""},"img":{"alt_text":"","src":"","width":0,"height":0},"classes":[]},{"id":5440,"url":"https:\/\/artstella-elixirs-floraux.com\/fr_fr\/produit\/tanaisie-tansy-10-ml\/","url_meta":{"origin":6181,"position":3},"title":"Tanaisie &#8211; Tansy 10 ml","author":"eveapprill","date":"9 mars 2025","format":false,"excerpt":"Tanaisie \/ Tanacetum vulgare - Tansy\u00a0 Pour sortir du doute et de l\u2019ind\u00e9cision, pour apprendre \u00e0 trancher et \u00e0 agir. Aide \u00e0 percevoir les processus de d\u00e9cisions et \u00e0 comprendre que tant que l\u2019on ne prend pas une d\u00e9cision, rien n\u2019arrivera.","rel":"","context":"Article similaire","block_context":{"text":"Article similaire","link":""},"img":{"alt_text":"","src":"","width":0,"height":0},"classes":[]},{"id":5482,"url":"https:\/\/artstella-elixirs-floraux.com\/fr_fr\/produit\/protection-bescherming-30ml-bloesem-remedies\/","url_meta":{"origin":6181,"position":4},"title":"PROTECTION (Bescherming)Bloesem Remedies","author":"eveapprill","date":"9 mars 2025","format":false,"excerpt":"Protection\u00a0 Bloesem Remedies 30ml (Bescherming) (Achill\u00e9e, Ch\u00e9lidoine, Rue, Sensitive) am\u00e9liore la protection \u00e9motionnelle et spirituelle. Permet de rester centr\u00e9 dans la tension","rel":"","context":"Article similaire","block_context":{"text":"Article similaire","link":""},"img":{"alt_text":"","src":"","width":0,"height":0},"classes":[]},{"id":5468,"url":"https:\/\/artstella-elixirs-floraux.com\/fr_fr\/produit\/bignone-trumpet-vine-10-ml\/","url_meta":{"origin":6181,"position":5},"title":"Bignone &#8211; TRUMPET VINE 10 ML","author":"eveapprill","date":"9 mars 2025","format":false,"excerpt":"Bignone \/ Campis radicans (trumpet vine) Am\u00e9liore la qualit\u00e9 de la communication en l\u2019approfondissant","rel":"","context":"Article similaire","block_context":{"text":"Article similaire","link":""},"img":{"alt_text":"","src":"","width":0,"height":0},"classes":[]}],"_links":{"self":[{"href":"https:\/\/artstella-elixirs-floraux.com\/fr_fr\/wp-json\/wp\/v2\/product\/6181","targetHints":{"allow":["GET"]}}],"collection":[{"href":"https:\/\/artstella-elixirs-floraux.com\/fr_fr\/wp-json\/wp\/v2\/product"}],"about":[{"href":"https:\/\/artstella-elixirs-floraux.com\/fr_fr\/wp-json\/wp\/v2\/types\/product"}],"version-history":[{"count":0,"href":"https:\/\/artstella-elixirs-floraux.com\/fr_fr\/wp-json\/wp\/v2\/product\/6181\/revisions"}],"wp:featuredmedia":[{"embeddable":true,"href":"https:\/\/artstella-elixirs-floraux.com\/fr_fr\/wp-json\/wp\/v2\/media\/5503"}],"wp:attachment":[{"href":"https:\/\/artstella-elixirs-floraux.com\/fr_fr\/wp-json\/wp\/v2\/media?parent=6181"}],"wp:term":[{"taxonomy":"product_brand","embeddable":true,"href":"https:\/\/artstella-elixirs-floraux.com\/fr_fr\/wp-json\/wp\/v2\/product_brand?post=6181"},{"taxonomy":"product_cat","embeddable":true,"href":"https:\/\/artstella-elixirs-floraux.com\/fr_fr\/wp-json\/wp\/v2\/product_cat?post=6181"},{"taxonomy":"product_tag","embeddable":true,"href":"https:\/\/artstella-elixirs-floraux.com\/fr_fr\/wp-json\/wp\/v2\/product_tag?post=6181"}],"curies":[{"name":"wp","href":"https:\/\/api.w.org\/{rel}","templated":true}]}}