{"id":6191,"date":"2025-03-09T13:53:47","date_gmt":"2025-03-09T13:53:47","guid":{"rendered":"https:\/\/artstella-elixirs-floraux.com\/product\/papillon-de-nuit-a-e-15-ml-phi\/"},"modified":"2025-06-08T12:48:10","modified_gmt":"2025-06-08T12:48:10","slug":"papillon-de-nuit-a-e-15-ml-phi","status":"publish","type":"product","link":"https:\/\/artstella-elixirs-floraux.com\/fr_fr\/produit\/papillon-de-nuit-a-e-15-ml-phi\/","title":{"rendered":"PAPILLON DE NUIT A.E 15 ML PHI"},"content":{"rendered":"","protected":false},"excerpt":{"rendered":"<p><strong>Papillon de nuit (Macroglossum stellatarum)<\/strong><\/p>\n<p>L\u2019\u00e9lixir apporte du soutien et de la vigueur pour trouver le bon chemin. Il nous aide \u00e0 sortir de situations et de sch\u00e9mas bloqu\u00e9s.<\/p>\n","protected":false},"featured_media":6192,"template":"","meta":[],"product_brand":[],"product_cat":[137],"product_tag":[],"class_list":{"0":"post-6191","1":"product","2":"type-product","3":"status-publish","4":"has-post-thumbnail","6":"product_cat-les-elixirs-d-animlaux-europeens","8":"first","9":"instock","10":"taxable","11":"shipping-taxable","12":"purchasable","13":"product-type-simple"},"etheme_brands":{"errors":{"invalid_taxonomy":["Taxonomie non valide."]},"error_data":[]},"jetpack_sharing_enabled":true,"jetpack-related-posts":[{"id":4561,"url":"https:\/\/artstella-elixirs-floraux.com\/fr_fr\/produit\/coffret-20-elixirs-danimaux-europeens\/","url_meta":{"origin":6191,"position":0},"title":"COFFRET 20 \u00e9lixirs d&rsquo;ANIMAUX EUROPEENS","author":"eveapprill","date":"9 mars 2025","format":false,"excerpt":"Contient 20 \u00e9lixirs d'animaux europ\u00e9ens. Ours, Salamandre, Grenouille, Lapin, Libellule, Papillon de Nuit, Paon, Cheval, Chevreuil, Boeuf, Mouton, Papillon, Cygne, Phoque, Araign\u00e9e, Bouquetin, Cigogne, Grand duc, Bison, Loup","rel":"","context":"Article similaire","block_context":{"text":"Article similaire","link":""},"img":{"alt_text":"","src":"https:\/\/i0.wp.com\/artstella-elixirs-floraux.com\/wp-content\/uploads\/2025\/03\/wp-image1163.png?resize=350%2C200&ssl=1","width":350,"height":200,"srcset":"https:\/\/i0.wp.com\/artstella-elixirs-floraux.com\/wp-content\/uploads\/2025\/03\/wp-image1163.png?resize=350%2C200&ssl=1 1x, https:\/\/i0.wp.com\/artstella-elixirs-floraux.com\/wp-content\/uploads\/2025\/03\/wp-image1163.png?resize=525%2C300&ssl=1 1.5x, https:\/\/i0.wp.com\/artstella-elixirs-floraux.com\/wp-content\/uploads\/2025\/03\/wp-image1163.png?resize=700%2C400&ssl=1 2x"},"classes":[]},{"id":5860,"url":"https:\/\/artstella-elixirs-floraux.com\/fr_fr\/produit\/papillon-morpho-peleides-morpho-falter-15-ml-phi\/","url_meta":{"origin":6191,"position":1},"title":"Papillon Morpho peleides &#8211; Morpho Falter 15 ml PHI","author":"eveapprill","date":"9 mars 2025","format":false,"excerpt":"Papillon Morpho peleides - Morpho Falter Le papillon Morpho est l'un des plus beaux papillons du monde et il repr\u00e9sente le rayon bleu.Les papillons se d\u00e9placent sur des spirales et apporter de l'\u00e9nergie cosmique \u00e0 la terre. Le rayon bleu repr\u00e9sente:Protection, courage, puissance, la force et la connaissance du cosmos.","rel":"","context":"Article similaire","block_context":{"text":"Article similaire","link":""},"img":{"alt_text":"","src":"https:\/\/i0.wp.com\/artstella-elixirs-floraux.com\/wp-content\/uploads\/2025\/03\/wp-image1944.png?resize=350%2C200&ssl=1","width":350,"height":200},"classes":[]},{"id":4161,"url":"https:\/\/artstella-elixirs-floraux.com\/fr_fr\/produit\/cofret-papillons-de-1-20-15ml-sylfos\/","url_meta":{"origin":6191,"position":2},"title":"COFRET PAPILLONS de 1 &#8211; 20 15ML SYLFOS","author":"eveapprill","date":"9 mars 2025","format":false,"excerpt":"contient les \u00e9lixirs de papillons de 1 \u00e0 20 en 15ml","rel":"","context":"Article similaire","block_context":{"text":"Article similaire","link":""},"img":{"alt_text":"","src":"https:\/\/i0.wp.com\/artstella-elixirs-floraux.com\/wp-content\/uploads\/2025\/03\/wp-image1522.png?resize=350%2C200&ssl=1","width":350,"height":200,"srcset":"https:\/\/i0.wp.com\/artstella-elixirs-floraux.com\/wp-content\/uploads\/2025\/03\/wp-image1522.png?resize=350%2C200&ssl=1 1x, https:\/\/i0.wp.com\/artstella-elixirs-floraux.com\/wp-content\/uploads\/2025\/03\/wp-image1522.png?resize=525%2C300&ssl=1 1.5x, https:\/\/i0.wp.com\/artstella-elixirs-floraux.com\/wp-content\/uploads\/2025\/03\/wp-image1522.png?resize=700%2C400&ssl=1 2x"},"classes":[]},{"id":4163,"url":"https:\/\/artstella-elixirs-floraux.com\/fr_fr\/produit\/papillon-mariposa-el-chamaniques-15ml\/","url_meta":{"origin":6191,"position":3},"title":"PAPILLON \/ MARIPOSA EL CHAMANIQUES 15ML","author":"eveapprill","date":"9 mars 2025","format":false,"excerpt":"MARIPOSA \/ PAPILLON Transformation, espoir, cr\u00e9ativit\u00e9 Cet \u00e9lixir est vraiment celui de la transformation, pour passer de la chenille au papillon, transformer les ins\u00e9curit\u00e9s, les manques de confiance et les doutes en s\u00e9curit\u00e9, estime de soi et espoir.","rel":"","context":"Article similaire","block_context":{"text":"Article similaire","link":""},"img":{"alt_text":"","src":"","width":0,"height":0},"classes":[]},{"id":4165,"url":"https:\/\/artstella-elixirs-floraux.com\/fr_fr\/produit\/cofret-papillons-de-21-a-40-15ml-sylfos\/","url_meta":{"origin":6191,"position":4},"title":"COFRET PAPILLONS de 21 \u00e0 40 15ML SYLFOS","author":"eveapprill","date":"9 mars 2025","format":false,"excerpt":"Contient les \u00e9lixirs de papillons Sylfos de 21 \u00e0 40 en 15 ml","rel":"","context":"Article similaire","block_context":{"text":"Article similaire","link":""},"img":{"alt_text":"","src":"https:\/\/i0.wp.com\/artstella-elixirs-floraux.com\/wp-content\/uploads\/2025\/03\/wp-image1523.png?resize=350%2C200&ssl=1","width":350,"height":200,"srcset":"https:\/\/i0.wp.com\/artstella-elixirs-floraux.com\/wp-content\/uploads\/2025\/03\/wp-image1523.png?resize=350%2C200&ssl=1 1x, https:\/\/i0.wp.com\/artstella-elixirs-floraux.com\/wp-content\/uploads\/2025\/03\/wp-image1523.png?resize=525%2C300&ssl=1 1.5x, https:\/\/i0.wp.com\/artstella-elixirs-floraux.com\/wp-content\/uploads\/2025\/03\/wp-image1523.png?resize=700%2C400&ssl=1 2x, https:\/\/i0.wp.com\/artstella-elixirs-floraux.com\/wp-content\/uploads\/2025\/03\/wp-image1523.png?resize=1050%2C600&ssl=1 3x"},"classes":[]},{"id":5984,"url":"https:\/\/artstella-elixirs-floraux.com\/fr_fr\/produit\/vesta-creciente-papillon-lune-15ml\/","url_meta":{"origin":6191,"position":5},"title":"VESTA CRECIENTE &#8211; PAPILLON LUNE 15ml","author":"eveapprill","date":"9 mars 2025","format":false,"excerpt":"39. VESTA CRECIENTE\/ PAPILLON LUNE \u00a0Phyciodes vesta\u00a0\u00a0\u00a0 Retrouver son centre\u00a0 \u2013 Auto-valorisation \u00a0Cet \u00e9lixir est l\u00e0 pour nous aider \u00e0 nous centrer sur ce qui est r\u00e9ellement n\u00e9cessaire et nous permet de simplifier notre fa\u00e7on d\u2019agir, nous \u00e9loignant du brouhaha quotidien que nous avons fait n\u00f4tre.","rel":"","context":"Article similaire","block_context":{"text":"Article similaire","link":""},"img":{"alt_text":"","src":"","width":0,"height":0},"classes":[]}],"_links":{"self":[{"href":"https:\/\/artstella-elixirs-floraux.com\/fr_fr\/wp-json\/wp\/v2\/product\/6191","targetHints":{"allow":["GET"]}}],"collection":[{"href":"https:\/\/artstella-elixirs-floraux.com\/fr_fr\/wp-json\/wp\/v2\/product"}],"about":[{"href":"https:\/\/artstella-elixirs-floraux.com\/fr_fr\/wp-json\/wp\/v2\/types\/product"}],"version-history":[{"count":0,"href":"https:\/\/artstella-elixirs-floraux.com\/fr_fr\/wp-json\/wp\/v2\/product\/6191\/revisions"}],"wp:featuredmedia":[{"embeddable":true,"href":"https:\/\/artstella-elixirs-floraux.com\/fr_fr\/wp-json\/wp\/v2\/media\/6192"}],"wp:attachment":[{"href":"https:\/\/artstella-elixirs-floraux.com\/fr_fr\/wp-json\/wp\/v2\/media?parent=6191"}],"wp:term":[{"taxonomy":"product_brand","embeddable":true,"href":"https:\/\/artstella-elixirs-floraux.com\/fr_fr\/wp-json\/wp\/v2\/product_brand?post=6191"},{"taxonomy":"product_cat","embeddable":true,"href":"https:\/\/artstella-elixirs-floraux.com\/fr_fr\/wp-json\/wp\/v2\/product_cat?post=6191"},{"taxonomy":"product_tag","embeddable":true,"href":"https:\/\/artstella-elixirs-floraux.com\/fr_fr\/wp-json\/wp\/v2\/product_tag?post=6191"}],"curies":[{"name":"wp","href":"https:\/\/api.w.org\/{rel}","templated":true}]}}