{"id":6193,"date":"2025-03-09T13:53:49","date_gmt":"2025-03-09T13:53:49","guid":{"rendered":"https:\/\/artstella-elixirs-floraux.com\/product\/4-elements-compose-bloesem-remedies\/"},"modified":"2026-01-28T21:53:48","modified_gmt":"2026-01-28T21:53:48","slug":"4-elements-compose-bloesem-remedies","status":"publish","type":"product","link":"https:\/\/artstella-elixirs-floraux.com\/fr_fr\/produit\/4-elements-compose-bloesem-remedies\/","title":{"rendered":"4 ELEMENTS COMPOSE BLOESEM REMEDIES"},"content":{"rendered":"<p><em>Est compos\u00e9 de quatre plantes\u00a0: l\u2019ortie, la bardane, l\u2019impatiens et la tanaisie.<\/em><\/p>\n","protected":false},"excerpt":{"rendered":"<p><strong>COMPOS\u00c9 4 ELEMENTS<\/strong> \u2013 4 ELEMENTEN COMBINATIE \u2013<\/p>\n<p>permet d\u2019\u00eatre ouvert et chaleureux avec des autres tout en restant fid\u00e8le \u00e0 soi-m\u00eame. Le lien avec l\u2019\u00e2me et le but de l\u2019\u00e2me deviennent plus clair<\/p>\n","protected":false},"featured_media":6194,"template":"","meta":[],"product_brand":[],"product_cat":[181],"product_tag":[],"class_list":{"0":"post-6193","1":"product","2":"type-product","3":"status-publish","4":"has-post-thumbnail","6":"product_cat-nouveaux-composes-hollandais","8":"first","9":"instock","10":"taxable","11":"shipping-taxable","12":"purchasable","13":"product-type-variable"},"etheme_brands":{"errors":{"invalid_taxonomy":["Taxonomie non valide."]},"error_data":[]},"jetpack_sharing_enabled":true,"jetpack-related-posts":[{"id":6241,"url":"https:\/\/artstella-elixirs-floraux.com\/fr_fr\/produit\/compose-des-4-champignons-bloesem-remedies\/","url_meta":{"origin":6193,"position":0},"title":"COMPOS\u00c9 des 4 CHAMPIGNONS Bloesem remedies","author":"eveapprill","date":"9 mars 2025","format":false,"excerpt":"Ce compos\u00e9 facilite l\u2019expression et la manifestation de qui l\u2019on est\u00a0; de fa\u00e7on \u00e0 \u00eatre capable de l\u2019exprimer clairement. Il est utile quand on a r\u00e9ussi l\u2019int\u00e9gration des aspects masculin et f\u00e9minin, mais que l\u2019intuition et la sph\u00e8re plus haute sont encore trop neuves et l\u2019on n\u2019a pas encore le\u2026","rel":"","context":"Article similaire","block_context":{"text":"Article similaire","link":""},"img":{"alt_text":"","src":"","width":0,"height":0},"classes":[]},{"id":3489,"url":"https:\/\/artstella-elixirs-floraux.com\/fr_fr\/produit\/defender-of-the-source-15-ml-ltoe\/","url_meta":{"origin":6193,"position":1},"title":"DEFENDER OF THE SOURCE 15 ML LTOE","author":"eveapprill","date":"9 mars 2025","format":false,"excerpt":"Defender of the Source \/ D\u00e9fense de la Source\u00a0 (compos\u00e9 de Defender from the Dark et Source of Life).\u00a0 Ce compos\u00e9 prot\u00e8gera la r\u00e9gion du chakra sacr\u00e9 contre l\u2019interf\u00e9rence de ces \u00e9nergies n\u00e9gatives. Cet \u00e9lixir semble agir comme un gardien des portes de l\u2019\u00e2me","rel":"","context":"Article similaire","block_context":{"text":"Article similaire","link":""},"img":{"alt_text":"","src":"https:\/\/i0.wp.com\/artstella-elixirs-floraux.com\/wp-content\/uploads\/2025\/03\/1daefbf9-9d3a-4242-991c-8fc13d1e5a8a.jpg?resize=350%2C200&ssl=1","width":350,"height":200,"srcset":"https:\/\/i0.wp.com\/artstella-elixirs-floraux.com\/wp-content\/uploads\/2025\/03\/1daefbf9-9d3a-4242-991c-8fc13d1e5a8a.jpg?resize=350%2C200&ssl=1 1x, https:\/\/i0.wp.com\/artstella-elixirs-floraux.com\/wp-content\/uploads\/2025\/03\/1daefbf9-9d3a-4242-991c-8fc13d1e5a8a.jpg?resize=525%2C300&ssl=1 1.5x, https:\/\/i0.wp.com\/artstella-elixirs-floraux.com\/wp-content\/uploads\/2025\/03\/1daefbf9-9d3a-4242-991c-8fc13d1e5a8a.jpg?resize=700%2C400&ssl=1 2x"},"classes":[]},{"id":6233,"url":"https:\/\/artstella-elixirs-floraux.com\/fr_fr\/produit\/liberte-animale-animal-freedom-10-m\/","url_meta":{"origin":6193,"position":2},"title":"LIBERTE ANIMALE  &#8211; Animal freedom","author":"eveapprill","date":"9 mars 2025","format":false,"excerpt":"Ce compos\u00e9 contribue \u00e0 lib\u00e9rer l\u2019\u00e2me de l\u2019animal et \u00e0 le d\u00e9livrer des probl\u00e8mes et souffrances de son ma\u00eetre dont il s\u2019est charg\u00e9. Il soulage \u00e9galement des probl\u00e8mes et souffrances dont l\u2019animal peut \u00eatre victime des \u00eatres humains sur un niveau conscient ou inconscient","rel":"","context":"Article similaire","block_context":{"text":"Article similaire","link":""},"img":{"alt_text":"","src":"","width":0,"height":0},"classes":[]},{"id":5502,"url":"https:\/\/artstella-elixirs-floraux.com\/fr_fr\/produit\/coffret-4-x-10ml-elixirs-bloesem\/","url_meta":{"origin":6193,"position":3},"title":"Coffret 4 x 10ml \u00e9lixirs Bloesem","author":"eveapprill","date":"9 mars 2025","format":false,"excerpt":"Un petit coffret r\u00e9unissant les 4 compos\u00e9s des \u00e9lixirs hollandais en 10 ml: Terra un compos\u00e9 d'urgence qui am\u00e9liore l'ancrage pour passer les moments difficiles. Regenborg : Arc en ciel qui soutient le d\u00e9veloppement personnel en reliant ciel et terre. Besherming Protection au niveau \u00e9motionnel et spirituel Liefde Love Amour\u2026","rel":"","context":"Article similaire","block_context":{"text":"Article similaire","link":""},"img":{"alt_text":"","src":"","width":0,"height":0},"classes":[]},{"id":3515,"url":"https:\/\/artstella-elixirs-floraux.com\/fr_fr\/produit\/shivas-crown-lto-15-ml\/","url_meta":{"origin":6193,"position":4},"title":"SHIVAS CROWN LTO 15 ML","author":"eveapprill","date":"9 mars 2025","format":false,"excerpt":"Shiva's crown \/ Couronne de Shiva : Approfondit la compr\u00e9hension au niveau de notre \u00e2me du voyage dans le corps physique. Cette pr\u00e9paration va jusqu'\u00e0 une partie du cerveau appel\u00e9e syst\u00e8me\u00a0 limbique","rel":"","context":"Article similaire","block_context":{"text":"Article similaire","link":""},"img":{"alt_text":"","src":"https:\/\/i0.wp.com\/artstella-elixirs-floraux.com\/wp-content\/uploads\/2025\/03\/7844c974-3a24-4e36-8826-337620b0fdaf.jpg?resize=350%2C200&ssl=1","width":350,"height":200,"srcset":"https:\/\/i0.wp.com\/artstella-elixirs-floraux.com\/wp-content\/uploads\/2025\/03\/7844c974-3a24-4e36-8826-337620b0fdaf.jpg?resize=350%2C200&ssl=1 1x, https:\/\/i0.wp.com\/artstella-elixirs-floraux.com\/wp-content\/uploads\/2025\/03\/7844c974-3a24-4e36-8826-337620b0fdaf.jpg?resize=525%2C300&ssl=1 1.5x, https:\/\/i0.wp.com\/artstella-elixirs-floraux.com\/wp-content\/uploads\/2025\/03\/7844c974-3a24-4e36-8826-337620b0fdaf.jpg?resize=700%2C400&ssl=1 2x"},"classes":[]},{"id":6076,"url":"https:\/\/artstella-elixirs-floraux.com\/fr_fr\/produit\/vital-light-15-ml-ltoe\/","url_meta":{"origin":6193,"position":5},"title":"Vital Light 15 ml LTOE","author":"eveapprill","date":"9 mars 2025","format":false,"excerpt":"Vital Light\u00a0- Cet \u00e9lixir cumule les effets de ces 3 composants, Vital core, Vital Clarity agisant sur les corps subtils inf\u00e9rieurs et Kuan Yin fluorite sur le chakra du c\u0153ur vers le haut. Invoquant un chariot mystique de l\u2019\u00e2me, le Merkabah. Vital Light est rafra\u00eechissant, apportant vitalit\u00e9 et \u00e9nergie.","rel":"","context":"Article similaire","block_context":{"text":"Article similaire","link":""},"img":{"alt_text":"","src":"https:\/\/i0.wp.com\/artstella-elixirs-floraux.com\/wp-content\/uploads\/2025\/03\/61681582-05e5-47ee-8b72-56d99fa23113.jpg?resize=350%2C200&ssl=1","width":350,"height":200,"srcset":"https:\/\/i0.wp.com\/artstella-elixirs-floraux.com\/wp-content\/uploads\/2025\/03\/61681582-05e5-47ee-8b72-56d99fa23113.jpg?resize=350%2C200&ssl=1 1x, https:\/\/i0.wp.com\/artstella-elixirs-floraux.com\/wp-content\/uploads\/2025\/03\/61681582-05e5-47ee-8b72-56d99fa23113.jpg?resize=525%2C300&ssl=1 1.5x, https:\/\/i0.wp.com\/artstella-elixirs-floraux.com\/wp-content\/uploads\/2025\/03\/61681582-05e5-47ee-8b72-56d99fa23113.jpg?resize=700%2C400&ssl=1 2x"},"classes":[]}],"_links":{"self":[{"href":"https:\/\/artstella-elixirs-floraux.com\/fr_fr\/wp-json\/wp\/v2\/product\/6193","targetHints":{"allow":["GET"]}}],"collection":[{"href":"https:\/\/artstella-elixirs-floraux.com\/fr_fr\/wp-json\/wp\/v2\/product"}],"about":[{"href":"https:\/\/artstella-elixirs-floraux.com\/fr_fr\/wp-json\/wp\/v2\/types\/product"}],"version-history":[{"count":1,"href":"https:\/\/artstella-elixirs-floraux.com\/fr_fr\/wp-json\/wp\/v2\/product\/6193\/revisions"}],"predecessor-version":[{"id":12038,"href":"https:\/\/artstella-elixirs-floraux.com\/fr_fr\/wp-json\/wp\/v2\/product\/6193\/revisions\/12038"}],"wp:featuredmedia":[{"embeddable":true,"href":"https:\/\/artstella-elixirs-floraux.com\/fr_fr\/wp-json\/wp\/v2\/media\/6194"}],"wp:attachment":[{"href":"https:\/\/artstella-elixirs-floraux.com\/fr_fr\/wp-json\/wp\/v2\/media?parent=6193"}],"wp:term":[{"taxonomy":"product_brand","embeddable":true,"href":"https:\/\/artstella-elixirs-floraux.com\/fr_fr\/wp-json\/wp\/v2\/product_brand?post=6193"},{"taxonomy":"product_cat","embeddable":true,"href":"https:\/\/artstella-elixirs-floraux.com\/fr_fr\/wp-json\/wp\/v2\/product_cat?post=6193"},{"taxonomy":"product_tag","embeddable":true,"href":"https:\/\/artstella-elixirs-floraux.com\/fr_fr\/wp-json\/wp\/v2\/product_tag?post=6193"}],"curies":[{"name":"wp","href":"https:\/\/api.w.org\/{rel}","templated":true}]}}