{"id":6213,"date":"2025-03-09T13:54:31","date_gmt":"2025-03-09T13:54:31","guid":{"rendered":"https:\/\/artstella-elixirs-floraux.com\/product\/elixir-ocean-n-27-phi-15ml\/"},"modified":"2025-06-08T12:48:08","modified_gmt":"2025-06-08T12:48:08","slug":"elixir-ocean-n-27-phi-15ml","status":"publish","type":"product","link":"https:\/\/artstella-elixirs-floraux.com\/fr_fr\/produit\/elixir-ocean-n-27-phi-15ml\/","title":{"rendered":"ELIXIR OCEAN N\u00b0 27 PHI 15ml"},"content":{"rendered":"","protected":false},"excerpt":{"rendered":"<p><strong>ELIXIR OCEAN N\u00b0 27<\/strong> Dans les temps incertains cet \u00e9lixir aide \u00e0 retrouver confiance. En renfor\u00e7ant\u00a0 la confiance, il nous aide \u00e0 mieux ma\u00eetriser les situations difficiles de la vie. Avec confiance et pers\u00e9v\u00e9rance, nous pouvons ne pas abandonner et \u00e0 garder le cap.<\/p>\n","protected":false},"featured_media":6214,"template":"","meta":[],"product_brand":[],"product_cat":[193],"product_tag":[],"class_list":{"0":"post-6213","1":"product","2":"type-product","3":"status-publish","4":"has-post-thumbnail","6":"product_cat-les-elixirs-ocean","8":"first","9":"instock","10":"taxable","11":"shipping-taxable","12":"purchasable","13":"product-type-simple"},"etheme_brands":{"errors":{"invalid_taxonomy":["Taxonomie non valide."]},"error_data":[]},"jetpack_sharing_enabled":true,"jetpack-related-posts":[{"id":6203,"url":"https:\/\/artstella-elixirs-floraux.com\/fr_fr\/produit\/elixir-ocean-n-22-phi-15ml\/","url_meta":{"origin":6213,"position":0},"title":"ELIXIR OCEAN N\u00b0 22 PHI 15ml","author":"eveapprill","date":"9 mars 2025","format":false,"excerpt":"ELIXIR OCEAN N\u00b0 22\u00a0 aide \u00e0 se centrer \u00e9motionnellement et \u00e0 s'harmoniser. Il aide les personnes ayant tendance \u00e0 vouloir contr\u00f4ler les autres \u00e0 pouvoir l\u00e2cher prise. Il favorise \u00e9nerg\u00e9tiquement la lib\u00e9ration de peurs telle la perte de contr\u00f4le.","rel":"","context":"Article similaire","block_context":{"text":"Article similaire","link":""},"img":{"alt_text":"","src":"https:\/\/i0.wp.com\/artstella-elixirs-floraux.com\/wp-content\/uploads\/2025\/03\/wp-image2196.png?resize=350%2C200&ssl=1","width":350,"height":200},"classes":[]},{"id":6225,"url":"https:\/\/artstella-elixirs-floraux.com\/fr_fr\/produit\/elixir-ocean-n33-%c2%a8hi-15ml\/","url_meta":{"origin":6213,"position":1},"title":"ELIXIR OCEAN N\u00b033 \u00a8HI 15ml","author":"eveapprill","date":"9 mars 2025","format":false,"excerpt":"ELIXIR OCEAN N\u00b033\u00a0 nous aide \u00e0 nous orienter int\u00e9rieurement, lorsque nous nous sentons profond\u00e9ment anxieux, d\u00e9sorient\u00e9s et sans but. En nous lib\u00e9rant de tels sentiments, nous trouvons plus de\u00a0 clart\u00e9 et de confiance. Nous pouvons apprendre \u00e0 avancer m\u00eame \u00e0 petits pas dans la vie, avec confiance et estime de\u2026","rel":"","context":"Article similaire","block_context":{"text":"Article similaire","link":""},"img":{"alt_text":"","src":"https:\/\/i0.wp.com\/artstella-elixirs-floraux.com\/wp-content\/uploads\/2025\/03\/wp-image2207.png?resize=350%2C200&ssl=1","width":350,"height":200},"classes":[]},{"id":6207,"url":"https:\/\/artstella-elixirs-floraux.com\/fr_fr\/produit\/elixir-ocean-n-24-phi-15ml\/","url_meta":{"origin":6213,"position":2},"title":"ELIXIR OCEAN N\u00b0 24 PHI 15ml","author":"eveapprill","date":"9 mars 2025","format":false,"excerpt":"ELIXIR OCEAN N\u00b0 24\u00a0 aide les personnes qui manquent d\u2019orientation et se sentent perdus \u00e0 re-trouver une solidit\u00e9 int\u00e9rieure leur permettant de s\u2019ouvrir \u00e0 un partenariat dans une stabilit\u00e9 int\u00e9rieure. Il aidera \u00e9galement, au plan spirituel, \u00e0 pouvoir faire confiance en Dieu. Pour trouver un sens et du contenu \u00e0\u2026","rel":"","context":"Article similaire","block_context":{"text":"Article similaire","link":""},"img":{"alt_text":"","src":"https:\/\/i0.wp.com\/artstella-elixirs-floraux.com\/wp-content\/uploads\/2025\/03\/wp-image2198.png?resize=350%2C200&ssl=1","width":350,"height":200},"classes":[]},{"id":6251,"url":"https:\/\/artstella-elixirs-floraux.com\/fr_fr\/produit\/elixir-ocean-n35-phi\/","url_meta":{"origin":6213,"position":3},"title":"ELIXIR OCEAN N\u00b035 PHI","author":"eveapprill","date":"9 mars 2025","format":false,"excerpt":"L\u2019\u00e9lixir aide les personnes qui se sentent au fond du trou, emplis de doutes et ne voient pas d\u2019issue.","rel":"","context":"Article similaire","block_context":{"text":"Article similaire","link":""},"img":{"alt_text":"","src":"https:\/\/i0.wp.com\/artstella-elixirs-floraux.com\/wp-content\/uploads\/2025\/03\/wp-image2216.png?resize=350%2C200&ssl=1","width":350,"height":200},"classes":[]},{"id":6050,"url":"https:\/\/artstella-elixirs-floraux.com\/fr_fr\/produit\/elixir-ocean-n11-phi-15ml\/","url_meta":{"origin":6213,"position":4},"title":"ELIXIR OCEAN N\u00b011 PHI 15ML","author":"eveapprill","date":"9 mars 2025","format":false,"excerpt":"L\u2019\u00e9lixir soutient les processus m\u00e9taboliques et l\u2019\u00e9limination. Psychosomatique de l\u2019intestin. Nous rassure \u00e9nerg\u00e9tiquement au niveau de nos \u00e9motions. Nous comprenons mieux les \u00e9v\u00e9nements et les \u00e9motions et pouvons ainsi mieux les appr\u00e9hender. Soutien et protection \u00e9nerg\u00e9tique de l\u2019organisme.","rel":"","context":"Article similaire","block_context":{"text":"Article similaire","link":""},"img":{"alt_text":"","src":"https:\/\/i0.wp.com\/artstella-elixirs-floraux.com\/wp-content\/uploads\/2025\/03\/wp-image2049.png?resize=350%2C200&ssl=1","width":350,"height":200},"classes":[]},{"id":6259,"url":"https:\/\/artstella-elixirs-floraux.com\/fr_fr\/produit\/elixir-ocean-n40-phi\/","url_meta":{"origin":6213,"position":5},"title":"ELIXIR OCEAN N\u00b040 PHI","author":"eveapprill","date":"9 mars 2025","format":false,"excerpt":"L\u2019\u00e9lixir agit profond\u00e9ment sur l\u2019inconscient et nous aide \u00e0 prendre conscience de nos peurs et ins\u00e9curit\u00e9s anciennes, qui peuvent \u00eatre lib\u00e9r\u00e9es d\u2019une fa\u00e7on aimante.","rel":"","context":"Article similaire","block_context":{"text":"Article similaire","link":""},"img":{"alt_text":"","src":"https:\/\/i0.wp.com\/artstella-elixirs-floraux.com\/wp-content\/uploads\/2025\/03\/wp-image2220.png?resize=350%2C200&ssl=1","width":350,"height":200},"classes":[]}],"_links":{"self":[{"href":"https:\/\/artstella-elixirs-floraux.com\/fr_fr\/wp-json\/wp\/v2\/product\/6213","targetHints":{"allow":["GET"]}}],"collection":[{"href":"https:\/\/artstella-elixirs-floraux.com\/fr_fr\/wp-json\/wp\/v2\/product"}],"about":[{"href":"https:\/\/artstella-elixirs-floraux.com\/fr_fr\/wp-json\/wp\/v2\/types\/product"}],"version-history":[{"count":0,"href":"https:\/\/artstella-elixirs-floraux.com\/fr_fr\/wp-json\/wp\/v2\/product\/6213\/revisions"}],"wp:featuredmedia":[{"embeddable":true,"href":"https:\/\/artstella-elixirs-floraux.com\/fr_fr\/wp-json\/wp\/v2\/media\/6214"}],"wp:attachment":[{"href":"https:\/\/artstella-elixirs-floraux.com\/fr_fr\/wp-json\/wp\/v2\/media?parent=6213"}],"wp:term":[{"taxonomy":"product_brand","embeddable":true,"href":"https:\/\/artstella-elixirs-floraux.com\/fr_fr\/wp-json\/wp\/v2\/product_brand?post=6213"},{"taxonomy":"product_cat","embeddable":true,"href":"https:\/\/artstella-elixirs-floraux.com\/fr_fr\/wp-json\/wp\/v2\/product_cat?post=6213"},{"taxonomy":"product_tag","embeddable":true,"href":"https:\/\/artstella-elixirs-floraux.com\/fr_fr\/wp-json\/wp\/v2\/product_tag?post=6213"}],"curies":[{"name":"wp","href":"https:\/\/api.w.org\/{rel}","templated":true}]}}