{"id":6217,"date":"2025-03-09T13:54:34","date_gmt":"2025-03-09T13:54:34","guid":{"rendered":"https:\/\/artstella-elixirs-floraux.com\/product\/elixir-ocean-n-29-phi-15ml\/"},"modified":"2025-06-08T12:48:08","modified_gmt":"2025-06-08T12:48:08","slug":"elixir-ocean-n-29-phi-15ml","status":"publish","type":"product","link":"https:\/\/artstella-elixirs-floraux.com\/fr_fr\/produit\/elixir-ocean-n-29-phi-15ml\/","title":{"rendered":"ELIXIR OCEAN N\u00b0 29 PHI 15ml"},"content":{"rendered":"","protected":false},"excerpt":{"rendered":"<p><strong>ELIXIR OCEAN N\u00b0 29<\/strong>\u00a0 soutient les processus d\u2019assimilation. Il agit \u00e9nerg\u00e9tiquement sur la peau et sur l\u2019intestin, exer\u00e7ant une action de renforcement et de nettoyage. Soutient la structure et la lib\u00e9ration de l\u2019ancien. Active les processus de nettoyage et de r\u00e9g\u00e9n\u00e9ration.<\/p>\n","protected":false},"featured_media":6218,"template":"","meta":[],"product_brand":[],"product_cat":[193],"product_tag":[],"class_list":{"0":"post-6217","1":"product","2":"type-product","3":"status-publish","4":"has-post-thumbnail","6":"product_cat-les-elixirs-ocean","8":"first","9":"instock","10":"taxable","11":"shipping-taxable","12":"purchasable","13":"product-type-simple"},"etheme_brands":{"errors":{"invalid_taxonomy":["Taxonomie non valide."]},"error_data":[]},"jetpack_sharing_enabled":true,"jetpack-related-posts":[{"id":6050,"url":"https:\/\/artstella-elixirs-floraux.com\/fr_fr\/produit\/elixir-ocean-n11-phi-15ml\/","url_meta":{"origin":6217,"position":0},"title":"ELIXIR OCEAN N\u00b011 PHI 15ML","author":"eveapprill","date":"9 mars 2025","format":false,"excerpt":"L\u2019\u00e9lixir soutient les processus m\u00e9taboliques et l\u2019\u00e9limination. Psychosomatique de l\u2019intestin. Nous rassure \u00e9nerg\u00e9tiquement au niveau de nos \u00e9motions. Nous comprenons mieux les \u00e9v\u00e9nements et les \u00e9motions et pouvons ainsi mieux les appr\u00e9hender. Soutien et protection \u00e9nerg\u00e9tique de l\u2019organisme.","rel":"","context":"Article similaire","block_context":{"text":"Article similaire","link":""},"img":{"alt_text":"","src":"https:\/\/i0.wp.com\/artstella-elixirs-floraux.com\/wp-content\/uploads\/2025\/03\/wp-image2049.png?resize=350%2C200&ssl=1","width":350,"height":200},"classes":[]},{"id":6042,"url":"https:\/\/artstella-elixirs-floraux.com\/fr_fr\/produit\/elixir-ocean-n07-phi-15ml\/","url_meta":{"origin":6217,"position":1},"title":"ELIXIR OCEAN N\u00b007 PHI 15ML","author":"eveapprill","date":"9 mars 2025","format":false,"excerpt":"L\u2018\u00e9lixir soutient les processus d\u2019\u00e9volution. Apporte un soutien \u00e9nerg\u00e9tique au d\u00e9veloppement cellulaire, \u00e0 leur formation et transformation.\u00a0A l\u2019image de la chenille qui forme un cocon et du cocon sort un papillon, il nous aide \u00e0 murir et \u00e0 poursuivre notre d\u00e9veloppement. Pour atteindre nos buts dans la vie.","rel":"","context":"Article similaire","block_context":{"text":"Article similaire","link":""},"img":{"alt_text":"","src":"https:\/\/i0.wp.com\/artstella-elixirs-floraux.com\/wp-content\/uploads\/2025\/03\/wp-image2045.png?resize=350%2C200&ssl=1","width":350,"height":200},"classes":[]},{"id":6219,"url":"https:\/\/artstella-elixirs-floraux.com\/fr_fr\/produit\/elixir-ocean-n-30-phi-15ml\/","url_meta":{"origin":6217,"position":2},"title":"ELIXIR OCEAN N\u00b0 30 PHI 15ml","author":"eveapprill","date":"9 mars 2025","format":false,"excerpt":"\u00a0ELIXIR OCEAN N\u00b0 30\u00a0 favorise la clart\u00e9 et les processus de nettoyage.\u00a0 Des informations qui ne nous appartiennent pas peuvent \u00eatre \u00e9limin\u00e9es. Agit \u00e9nerg\u00e9tiquement sur la lymphe et la miction. Action puissante de r\u00e9g\u00e9n\u00e9ration. Au plan mental, aide \u00e0 clarifier les pens\u00e9es et \u00e0 nous lib\u00e9rer d\u2019un trop plein d\u2019informations.\u00a0","rel":"","context":"Article similaire","block_context":{"text":"Article similaire","link":""},"img":{"alt_text":"","src":"","width":0,"height":0},"classes":[]},{"id":6215,"url":"https:\/\/artstella-elixirs-floraux.com\/fr_fr\/produit\/elixirs-ocean-n-28\/","url_meta":{"origin":6217,"position":3},"title":"ELIXIRS OCEAN N\u00b0 28","author":"eveapprill","date":"9 mars 2025","format":false,"excerpt":"ELIXIRS OCEAN N\u00b0 28\u00a0\u00a0 am\u00e9liore force vitale et vitalit\u00e9. Il agit positivement sur tout l\u2019organisme, apportant clart\u00e9, nettoyage int\u00e9rieur et dynamisme. Il soutient les processus de groupe et la capacit\u00e9 de collaborer. Il aide \u00e0 rassembler les \u00e9nergies, c'est-\u00e0-dire d\u2019aligner la force du groupe sur un but commun.","rel":"","context":"Article similaire","block_context":{"text":"Article similaire","link":""},"img":{"alt_text":"","src":"https:\/\/i0.wp.com\/artstella-elixirs-floraux.com\/wp-content\/uploads\/2025\/03\/wp-image2202.png?resize=350%2C200&ssl=1","width":350,"height":200},"classes":[]},{"id":6048,"url":"https:\/\/artstella-elixirs-floraux.com\/fr_fr\/produit\/elixir-ocean-n10-phi-15ml\/","url_meta":{"origin":6217,"position":4},"title":"ELIXIR OCEAN N\u00b010 PHI 15ML","author":"eveapprill","date":"9 mars 2025","format":false,"excerpt":"L\u2019\u00e9lixir aide \u00e0 \u00e9quilibrer nos \u00e9motions et notre Ego. De cette fa\u00e7on, nous pouvons mieux nous int\u00e9grer dans un groupe et agir de fa\u00e7on coordonn\u00e9e. Il nous aide \u00e9nerg\u00e9tiquement (cellules, groupes) \u00e0 int\u00e9grer des structures et soutient la collaboration pour le succ\u00e8s de tous. Coordination et harmonisation.","rel":"","context":"Article similaire","block_context":{"text":"Article similaire","link":""},"img":{"alt_text":"","src":"https:\/\/i0.wp.com\/artstella-elixirs-floraux.com\/wp-content\/uploads\/2025\/03\/wp-image2048.png?resize=350%2C200&ssl=1","width":350,"height":200},"classes":[]},{"id":6040,"url":"https:\/\/artstella-elixirs-floraux.com\/fr_fr\/produit\/elixir-ocean-n06-phi15ml\/","url_meta":{"origin":6217,"position":5},"title":"ELIXIR OCEAN N\u00b006 PHI15ML","author":"eveapprill","date":"9 mars 2025","format":false,"excerpt":"L\u2019\u00e9lixir r\u00e9tablit l\u2019harmonie et renforce. Il favorise le renouveau \u00e9nerg\u00e9tiquement et la division cellulaire. Favorable au traitement post op\u00e9ratoire en combinaison avec le HLT.","rel":"","context":"Article similaire","block_context":{"text":"Article similaire","link":""},"img":{"alt_text":"","src":"https:\/\/i0.wp.com\/artstella-elixirs-floraux.com\/wp-content\/uploads\/2025\/03\/wp-image2044.png?resize=350%2C200&ssl=1","width":350,"height":200},"classes":[]}],"_links":{"self":[{"href":"https:\/\/artstella-elixirs-floraux.com\/fr_fr\/wp-json\/wp\/v2\/product\/6217","targetHints":{"allow":["GET"]}}],"collection":[{"href":"https:\/\/artstella-elixirs-floraux.com\/fr_fr\/wp-json\/wp\/v2\/product"}],"about":[{"href":"https:\/\/artstella-elixirs-floraux.com\/fr_fr\/wp-json\/wp\/v2\/types\/product"}],"version-history":[{"count":0,"href":"https:\/\/artstella-elixirs-floraux.com\/fr_fr\/wp-json\/wp\/v2\/product\/6217\/revisions"}],"wp:featuredmedia":[{"embeddable":true,"href":"https:\/\/artstella-elixirs-floraux.com\/fr_fr\/wp-json\/wp\/v2\/media\/6218"}],"wp:attachment":[{"href":"https:\/\/artstella-elixirs-floraux.com\/fr_fr\/wp-json\/wp\/v2\/media?parent=6217"}],"wp:term":[{"taxonomy":"product_brand","embeddable":true,"href":"https:\/\/artstella-elixirs-floraux.com\/fr_fr\/wp-json\/wp\/v2\/product_brand?post=6217"},{"taxonomy":"product_cat","embeddable":true,"href":"https:\/\/artstella-elixirs-floraux.com\/fr_fr\/wp-json\/wp\/v2\/product_cat?post=6217"},{"taxonomy":"product_tag","embeddable":true,"href":"https:\/\/artstella-elixirs-floraux.com\/fr_fr\/wp-json\/wp\/v2\/product_tag?post=6217"}],"curies":[{"name":"wp","href":"https:\/\/api.w.org\/{rel}","templated":true}]}}