{"id":6219,"date":"2025-03-09T13:54:35","date_gmt":"2025-03-09T13:54:35","guid":{"rendered":"https:\/\/artstella-elixirs-floraux.com\/product\/elixir-ocean-n-30-phi-15ml\/"},"modified":"2025-06-08T12:57:17","modified_gmt":"2025-06-08T12:57:17","slug":"elixir-ocean-n-30-phi-15ml","status":"publish","type":"product","link":"https:\/\/artstella-elixirs-floraux.com\/fr_fr\/produit\/elixir-ocean-n-30-phi-15ml\/","title":{"rendered":"ELIXIR OCEAN N\u00b0 30 PHI 15ml"},"content":{"rendered":"<p>Permet de l\u00e2cher des pens\u00e9es charg\u00e9es et de se concentrer sur l\u2019essentiel.<\/p>\n","protected":false},"excerpt":{"rendered":"<p><strong>\u00a0ELIXIR OCEAN N\u00b0 30<\/strong>\u00a0 favorise la clart\u00e9 et les processus de nettoyage.\u00a0 Des informations qui ne nous appartiennent pas peuvent \u00eatre \u00e9limin\u00e9es. Agit \u00e9nerg\u00e9tiquement sur la lymphe et la miction. Action puissante de r\u00e9g\u00e9n\u00e9ration. Au plan mental, aide \u00e0 clarifier les pens\u00e9es et \u00e0 nous lib\u00e9rer d\u2019un trop plein d\u2019informations.\u00a0<\/p>\n","protected":false},"featured_media":6220,"template":"","meta":[],"product_brand":[],"product_cat":[193],"product_tag":[],"class_list":{"0":"post-6219","1":"product","2":"type-product","3":"status-publish","4":"has-post-thumbnail","6":"product_cat-les-elixirs-ocean","8":"first","9":"instock","10":"taxable","11":"shipping-taxable","12":"purchasable","13":"product-type-simple"},"etheme_brands":{"errors":{"invalid_taxonomy":["Taxonomie non valide."]},"error_data":[]},"jetpack_sharing_enabled":true,"jetpack-related-posts":[{"id":6034,"url":"https:\/\/artstella-elixirs-floraux.com\/fr_fr\/produit\/elixir-ocean-n03-phi15ml\/","url_meta":{"origin":6219,"position":0},"title":"ELIXIR OCEAN N\u00b003 PHI15ML","author":"eveapprill","date":"9 mars 2025","format":false,"excerpt":"De la m\u00eame fa\u00e7on que l\u2019animal monte des profondeurs, l\u2019\u00e9lixir fait remonter l\u2019information des profondeurs de l\u2019inconscient \u00e0 la surface. L\u2019ancien peut \u00eatre l\u00e2ch\u00e9 et nettoy\u00e9. Il agit \u00e9nerg\u00e9tiquement sur la r\u00e9g\u00e9n\u00e9ration cellulaire. Le vieux peut \u00eatre remplac\u00e9 par du nouveau. Rajeunit \u00e9nerg\u00e9tique. Il stimule le m\u00e9tabolisme \u00e9galement des plaquettes\u2026","rel":"","context":"Article similaire","block_context":{"text":"Article similaire","link":""},"img":{"alt_text":"","src":"https:\/\/i0.wp.com\/artstella-elixirs-floraux.com\/wp-content\/uploads\/2025\/03\/wp-image2041.png?resize=350%2C200&ssl=1","width":350,"height":200},"classes":[]},{"id":6046,"url":"https:\/\/artstella-elixirs-floraux.com\/fr_fr\/produit\/elixir-ocean-n09-phi-15ml\/","url_meta":{"origin":6219,"position":1},"title":"ELIXIR OCEAN N\u00b009 PHI 15ML","author":"eveapprill","date":"9 mars 2025","format":false,"excerpt":"D\u2019un c\u00f4t\u00e9, l\u2019\u00e9lixir agit sur l\u2019\u00e9quilibre hydrique et les \u00e9motions, soutenant \u00e9nerg\u00e9tiquement les processus d\u2019\u00e9limination de l\u2019eau. D\u2019un autre c\u00f4t\u00e9, il apporte de la lumi\u00e8re aux cellules (Informations) pour s\u2019adapter \u00e9nerg\u00e9tiquement \u00e0 de nouvelles fr\u00e9quences lumineuses (\u00e9l\u00e9vation vibratoire) \u00a0","rel":"","context":"Article similaire","block_context":{"text":"Article similaire","link":""},"img":{"alt_text":"","src":"https:\/\/i0.wp.com\/artstella-elixirs-floraux.com\/wp-content\/uploads\/2025\/03\/wp-image2047.png?resize=350%2C200&ssl=1","width":350,"height":200},"classes":[]},{"id":6064,"url":"https:\/\/artstella-elixirs-floraux.com\/fr_fr\/produit\/elixir-ocean-n18-phi-15ml\/","url_meta":{"origin":6219,"position":2},"title":"ELIXIR OCEAN N\u00b018 PHI 15ML","author":"eveapprill","date":"9 mars 2025","format":false,"excerpt":"L\u2019\u00e9lixir aide \u00e0 nettoyer le corps mental. Son action commence dans la zone de la t\u00eate, les pens\u00e9es peuvent s\u2019\u00e9claircir et \u00eatre trait\u00e9es avec plus de facilit\u00e9. La t\u00eate est libre, les pens\u00e9es claires et conscientes. Ensuite, cette lumi\u00e8re coule dans le corps.","rel":"","context":"Article similaire","block_context":{"text":"Article similaire","link":""},"img":{"alt_text":"","src":"","width":0,"height":0},"classes":[]},{"id":6221,"url":"https:\/\/artstella-elixirs-floraux.com\/fr_fr\/produit\/elixir-ocean-n-31-phi-15ml\/","url_meta":{"origin":6219,"position":3},"title":"ELIXIR OCEAN N\u00b0 31 PHI 15ml","author":"eveapprill","date":"9 mars 2025","format":false,"excerpt":"ELIXIR OCEAN N\u00b0 31 nous relie avec l\u2019information originelle de notre ADN. Il nettoie \u00e9nerg\u00e9tiquement et nous aide \u00e0 nous lib\u00e9rer de \u00ab\u00a0fausses\u00a0\u00bb informations ou \u00ab\u00a0d\u00e9sordres\u00a0\u00bb. Action protectrice de la cellule. L\u2019\u00e9lixir emp\u00eache les perturbations d\u2019adh\u00e9rer\u00a0 et permet donc de s\u2019en lib\u00e9rer.","rel":"","context":"Article similaire","block_context":{"text":"Article similaire","link":""},"img":{"alt_text":"","src":"https:\/\/i0.wp.com\/artstella-elixirs-floraux.com\/wp-content\/uploads\/2025\/03\/wp-image2205.png?resize=350%2C200&ssl=1","width":350,"height":200},"classes":[]},{"id":6209,"url":"https:\/\/artstella-elixirs-floraux.com\/fr_fr\/produit\/elixir-ocean-n25-phi-15-ml\/","url_meta":{"origin":6219,"position":4},"title":"ELIXIR OCEAN N\u00b025 PHI 15 ML","author":"eveapprill","date":"9 mars 2025","format":false,"excerpt":"ELIXIR OCEAN N\u00b025 agit \u00e9nerg\u00e9tiquement sur la peau. Nous prenons conscience de son r\u00f4le d\u2019enveloppe protectrice ce qui en favorise une stimulation \u00e9nerg\u00e9tique. (Les processus de r\u00e9g\u00e9n\u00e9ration sont soutenus \u00e9nerg\u00e9tiquement). Il a un effet nettoyant \u00e9nerg\u00e9tique sur l\u2019organisme \u2013 d\u00e9toxification par l\u2019excr\u00e9tion de l\u2019eau. La lymphe et la miction sont\u2026","rel":"","context":"Article similaire","block_context":{"text":"Article similaire","link":""},"img":{"alt_text":"","src":"","width":0,"height":0},"classes":[]},{"id":6054,"url":"https:\/\/artstella-elixirs-floraux.com\/fr_fr\/produit\/elixir-ocean-n13-phi-15ml\/","url_meta":{"origin":6219,"position":5},"title":"ELIXIR OCEAN N\u00b013 PHI 15ML","author":"eveapprill","date":"9 mars 2025","format":false,"excerpt":"Cet \u00e9lixir aide \u00e9motionnellement les personnes sensibles, facilement bless\u00e9es qui se trouvent invisibles au contact des autres. Il les aide \u00e0 se renforcer et \u00e0 devenir plus souples. Pour se sentir plus l\u00e9gitime et avancer plus surement.","rel":"","context":"Article similaire","block_context":{"text":"Article similaire","link":""},"img":{"alt_text":"","src":"https:\/\/i0.wp.com\/artstella-elixirs-floraux.com\/wp-content\/uploads\/2025\/03\/wp-image2051.png?resize=350%2C200&ssl=1","width":350,"height":200},"classes":[]}],"_links":{"self":[{"href":"https:\/\/artstella-elixirs-floraux.com\/fr_fr\/wp-json\/wp\/v2\/product\/6219","targetHints":{"allow":["GET"]}}],"collection":[{"href":"https:\/\/artstella-elixirs-floraux.com\/fr_fr\/wp-json\/wp\/v2\/product"}],"about":[{"href":"https:\/\/artstella-elixirs-floraux.com\/fr_fr\/wp-json\/wp\/v2\/types\/product"}],"version-history":[{"count":0,"href":"https:\/\/artstella-elixirs-floraux.com\/fr_fr\/wp-json\/wp\/v2\/product\/6219\/revisions"}],"wp:featuredmedia":[{"embeddable":true,"href":"https:\/\/artstella-elixirs-floraux.com\/fr_fr\/wp-json\/wp\/v2\/media\/6220"}],"wp:attachment":[{"href":"https:\/\/artstella-elixirs-floraux.com\/fr_fr\/wp-json\/wp\/v2\/media?parent=6219"}],"wp:term":[{"taxonomy":"product_brand","embeddable":true,"href":"https:\/\/artstella-elixirs-floraux.com\/fr_fr\/wp-json\/wp\/v2\/product_brand?post=6219"},{"taxonomy":"product_cat","embeddable":true,"href":"https:\/\/artstella-elixirs-floraux.com\/fr_fr\/wp-json\/wp\/v2\/product_cat?post=6219"},{"taxonomy":"product_tag","embeddable":true,"href":"https:\/\/artstella-elixirs-floraux.com\/fr_fr\/wp-json\/wp\/v2\/product_tag?post=6219"}],"curies":[{"name":"wp","href":"https:\/\/api.w.org\/{rel}","templated":true}]}}