{"id":6229,"date":"2025-03-09T13:54:42","date_gmt":"2025-03-09T13:54:42","guid":{"rendered":"https:\/\/artstella-elixirs-floraux.com\/product\/intergration-compose-bloesem-10ml\/"},"modified":"2026-01-28T21:50:11","modified_gmt":"2026-01-28T21:50:11","slug":"intergration-compose-bloesem-10ml","status":"publish","type":"product","link":"https:\/\/artstella-elixirs-floraux.com\/fr_fr\/produit\/intergration-compose-bloesem-10ml\/","title":{"rendered":"INTEGRATION COMPOSE BLOESEM"},"content":{"rendered":"<p><em>Ce compos\u00e9 contient deux champignons, le Strophaire g\u00e9ant et la Psathyrelle de Candolle, la Trompette de jugement, la Rose tr\u00e9mi\u00e8re, l\u2019impatiens et la Courge.<\/em><\/p>\n","protected":false},"excerpt":{"rendered":"<p>Il favorise l\u2019int\u00e9gration, la protection et la r\u00e9solution d\u2019\u00e9motions v\u00e9cues dans le pass\u00e9. Quand, \u00e0 un moment, on pu perdre le contr\u00f4le de sa vie. Il nous aide \u00e0 l\u00e2cher prise sur le pass\u00e9 en nous donnant une perception claire de l\u2019origine du probl\u00e8me<\/p>\n","protected":false},"featured_media":6230,"template":"","meta":[],"product_brand":[],"product_cat":[181],"product_tag":[],"class_list":{"0":"post-6229","1":"product","2":"type-product","3":"status-publish","4":"has-post-thumbnail","6":"product_cat-nouveaux-composes-hollandais","8":"first","9":"instock","10":"taxable","11":"shipping-taxable","12":"purchasable","13":"product-type-variable"},"etheme_brands":{"errors":{"invalid_taxonomy":["Taxonomie non valide."]},"error_data":[]},"jetpack_sharing_enabled":true,"jetpack-related-posts":[{"id":6241,"url":"https:\/\/artstella-elixirs-floraux.com\/fr_fr\/produit\/compose-des-4-champignons-bloesem-remedies\/","url_meta":{"origin":6229,"position":0},"title":"COMPOS\u00c9 des 4 CHAMPIGNONS Bloesem remedies","author":"eveapprill","date":"9 mars 2025","format":false,"excerpt":"Ce compos\u00e9 facilite l\u2019expression et la manifestation de qui l\u2019on est\u00a0; de fa\u00e7on \u00e0 \u00eatre capable de l\u2019exprimer clairement. Il est utile quand on a r\u00e9ussi l\u2019int\u00e9gration des aspects masculin et f\u00e9minin, mais que l\u2019intuition et la sph\u00e8re plus haute sont encore trop neuves et l\u2019on n\u2019a pas encore le\u2026","rel":"","context":"Article similaire","block_context":{"text":"Article similaire","link":""},"img":{"alt_text":"","src":"","width":0,"height":0},"classes":[]},{"id":4005,"url":"https:\/\/artstella-elixirs-floraux.com\/fr_fr\/produit\/bougainvillee-sylfos-15-ml\/","url_meta":{"origin":6229,"position":1},"title":"BOUGAINVILLEA \/ BOUGAINVILLEE SYLFOS","author":"eveapprill","date":"9 mars 2025","format":false,"excerpt":"BOUGAINVILLEA Bougainvillea glabra Compr\u00e9hension et int\u00e9gration du pass\u00e9 ancestral, renaissance Pour prendre conscience et int\u00e9grer pleinement l\u2019h\u00e9ritage ancestral...","rel":"","context":"Article similaire","block_context":{"text":"Article similaire","link":""},"img":{"alt_text":"","src":"","width":0,"height":0},"classes":[]},{"id":5504,"url":"https:\/\/artstella-elixirs-floraux.com\/fr_fr\/produit\/chemin-spirituel-bloesem-remedies\/","url_meta":{"origin":6229,"position":2},"title":"Chemin spirituel Bloesem Remedies","author":"eveapprill","date":"9 mars 2025","format":false,"excerpt":"CHEMIN SPIRITUEL - HET SPIRITUELE PAD - Compos\u00e9 contenant\u00a0Eschscholzia, Bignone et Bourrache Ce compos\u00e9 aide \u00e0 s\u2019orienter de fa\u00e7on spirituelle dans la vie.","rel":"","context":"Article similaire","block_context":{"text":"Article similaire","link":""},"img":{"alt_text":"","src":"","width":0,"height":0},"classes":[]},{"id":3910,"url":"https:\/\/artstella-elixirs-floraux.com\/fr_fr\/produit\/salamandre-a-e-15-ml-phi\/","url_meta":{"origin":6229,"position":3},"title":"SALAMANDRE A.E 15 ML PHI","author":"eveapprill","date":"9 mars 2025","format":false,"excerpt":"Salamandre (Salamandra maculosa) Feuersalamander nous ram\u00e8ne en douceur vers notre pass\u00e9 et nous aide \u00e0 retrouver des \u00e9v\u00e9nements anciens que nous pouvons int\u00e9grer.","rel":"","context":"Article similaire","block_context":{"text":"Article similaire","link":""},"img":{"alt_text":"","src":"","width":0,"height":0},"classes":[]},{"id":2725,"url":"https:\/\/artstella-elixirs-floraux.com\/fr_fr\/produit\/confid-confiance-bush-30ml\/","url_meta":{"origin":6229,"position":4},"title":"CONFID Confiance BUSH 30ml","author":"eveapprill","date":"9 mars 2025","format":false,"excerpt":"Confid -\u00a0Confiance Fait na\u00eetre les qualit\u00e9s positives que sont la confiance en soi et l'amour propre. Permet de se sentir \u00e0 l'aise et de combattre tous les complexes d'inf\u00e9riorit\u00e9 ainsi que tout sentiment de culpabilit\u00e9 concernant des actes pass\u00e9s.","rel":"","context":"Article similaire","block_context":{"text":"Article similaire","link":""},"img":{"alt_text":"","src":"https:\/\/i0.wp.com\/artstella-elixirs-floraux.com\/wp-content\/uploads\/2025\/03\/cc21bcd6-7999-45bb-9f36-13d8bcf95728.jpg?resize=350%2C200&ssl=1","width":350,"height":200,"srcset":"https:\/\/i0.wp.com\/artstella-elixirs-floraux.com\/wp-content\/uploads\/2025\/03\/cc21bcd6-7999-45bb-9f36-13d8bcf95728.jpg?resize=350%2C200&ssl=1 1x, https:\/\/i0.wp.com\/artstella-elixirs-floraux.com\/wp-content\/uploads\/2025\/03\/cc21bcd6-7999-45bb-9f36-13d8bcf95728.jpg?resize=525%2C300&ssl=1 1.5x, https:\/\/i0.wp.com\/artstella-elixirs-floraux.com\/wp-content\/uploads\/2025\/03\/cc21bcd6-7999-45bb-9f36-13d8bcf95728.jpg?resize=700%2C400&ssl=1 2x"},"classes":[]},{"id":3137,"url":"https:\/\/artstella-elixirs-floraux.com\/fr_fr\/produit\/hibiscus-afrique-15-ml-phi\/","url_meta":{"origin":6229,"position":5},"title":"HIBISCUS AFRIQUE 15 ML PHI","author":"eveapprill","date":"9 mars 2025","format":false,"excerpt":"Hibiscus (Hibiscus rosa-sinensis) (Roseneibisch) Pour donner vie \u00e0 la douceur et \u00e0 la profondeur des sentiments. Aide \u00e0 l'int\u00e9gration de l'aspect yin, comme composante enrichissante, et de la sexualit\u00e9 f\u00e9minine.","rel":"","context":"Article similaire","block_context":{"text":"Article similaire","link":""},"img":{"alt_text":"","src":"https:\/\/i0.wp.com\/artstella-elixirs-floraux.com\/wp-content\/uploads\/2025\/03\/wp-image424.png?resize=350%2C200&ssl=1","width":350,"height":200},"classes":[]}],"_links":{"self":[{"href":"https:\/\/artstella-elixirs-floraux.com\/fr_fr\/wp-json\/wp\/v2\/product\/6229","targetHints":{"allow":["GET"]}}],"collection":[{"href":"https:\/\/artstella-elixirs-floraux.com\/fr_fr\/wp-json\/wp\/v2\/product"}],"about":[{"href":"https:\/\/artstella-elixirs-floraux.com\/fr_fr\/wp-json\/wp\/v2\/types\/product"}],"version-history":[{"count":2,"href":"https:\/\/artstella-elixirs-floraux.com\/fr_fr\/wp-json\/wp\/v2\/product\/6229\/revisions"}],"predecessor-version":[{"id":12035,"href":"https:\/\/artstella-elixirs-floraux.com\/fr_fr\/wp-json\/wp\/v2\/product\/6229\/revisions\/12035"}],"wp:featuredmedia":[{"embeddable":true,"href":"https:\/\/artstella-elixirs-floraux.com\/fr_fr\/wp-json\/wp\/v2\/media\/6230"}],"wp:attachment":[{"href":"https:\/\/artstella-elixirs-floraux.com\/fr_fr\/wp-json\/wp\/v2\/media?parent=6229"}],"wp:term":[{"taxonomy":"product_brand","embeddable":true,"href":"https:\/\/artstella-elixirs-floraux.com\/fr_fr\/wp-json\/wp\/v2\/product_brand?post=6229"},{"taxonomy":"product_cat","embeddable":true,"href":"https:\/\/artstella-elixirs-floraux.com\/fr_fr\/wp-json\/wp\/v2\/product_cat?post=6229"},{"taxonomy":"product_tag","embeddable":true,"href":"https:\/\/artstella-elixirs-floraux.com\/fr_fr\/wp-json\/wp\/v2\/product_tag?post=6229"}],"curies":[{"name":"wp","href":"https:\/\/api.w.org\/{rel}","templated":true}]}}