{"id":6233,"date":"2025-03-09T13:54:45","date_gmt":"2025-03-09T13:54:45","guid":{"rendered":"https:\/\/artstella-elixirs-floraux.com\/product\/liberte-animale-animal-freedom-10-m\/"},"modified":"2026-01-28T21:47:32","modified_gmt":"2026-01-28T21:47:32","slug":"liberte-animale-animal-freedom-10-m","status":"publish","type":"product","link":"https:\/\/artstella-elixirs-floraux.com\/fr_fr\/produit\/liberte-animale-animal-freedom-10-m\/","title":{"rendered":"LIBERTE ANIMALE  &#8211; Animal freedom"},"content":{"rendered":"","protected":false},"excerpt":{"rendered":"<p>Ce compos\u00e9 contribue \u00e0 lib\u00e9rer l\u2019\u00e2me de l\u2019animal et \u00e0 le d\u00e9livrer des probl\u00e8mes et souffrances de son ma\u00eetre dont il s\u2019est charg\u00e9. Il soulage \u00e9galement des probl\u00e8mes et souffrances dont l\u2019animal peut \u00eatre victime des \u00eatres humains sur un niveau conscient ou inconscient<\/p>\n","protected":false},"featured_media":6234,"template":"","meta":[],"product_brand":[],"product_cat":[181],"product_tag":[],"class_list":{"0":"post-6233","1":"product","2":"type-product","3":"status-publish","4":"has-post-thumbnail","6":"product_cat-nouveaux-composes-hollandais","8":"first","9":"instock","10":"taxable","11":"shipping-taxable","12":"purchasable","13":"product-type-variable"},"etheme_brands":{"errors":{"invalid_taxonomy":["Taxonomie non valide."]},"error_data":[]},"jetpack_sharing_enabled":true,"jetpack-related-posts":[{"id":5253,"url":"https:\/\/artstella-elixirs-floraux.com\/fr_fr\/produit\/jeu-de-60-cartes-danimaux\/","url_meta":{"origin":6233,"position":0},"title":"Jeu de 60 cartes d&rsquo;Animaux","author":"eveapprill","date":"9 mars 2025","format":false,"excerpt":"Jeu de cartes r\u00e9pr\u00e9senatnt les 60 animaux dont Andr\u00e9as Korte a r\u00e9alis\u00e9 un \u00e9lixir (sans aucun dommage pour les animaux)","rel":"","context":"Article similaire","block_context":{"text":"Article similaire","link":""},"img":{"alt_text":"","src":"https:\/\/i0.wp.com\/artstella-elixirs-floraux.com\/wp-content\/uploads\/2025\/03\/wp-image2490.png?resize=350%2C200&ssl=1","width":350,"height":200},"classes":[]},{"id":4569,"url":"https:\/\/artstella-elixirs-floraux.com\/fr_fr\/produit\/animal-care\/","url_meta":{"origin":6233,"position":1},"title":"Animal care","author":"eveapprill","date":"9 mars 2025","format":false,"excerpt":"ANIMAL CARE SPRAYS Combinaison sp\u00e9ciale d\u2019\u00e9lixirs de fleurs et de gemmes d\u2019Alaska pr\u00e9par\u00e9 comme un rem\u00e8de d\u2019urgence. Pour traiter les animaux. Il sera d'autant plus efficace s\u2019il est donn\u00e9 d\u00e8s les premiers soins apport\u00e9s aux animaux arrivant chez le v\u00e9t\u00e9rinaire, au refuge, \u00e0 la clinique, etc.","rel":"","context":"Article similaire","block_context":{"text":"Article similaire","link":""},"img":{"alt_text":"","src":"https:\/\/i0.wp.com\/artstella-elixirs-floraux.com\/wp-content\/uploads\/2025\/03\/f106a38d-47a3-45a8-b95d-77f509ef85e5.jpg?resize=350%2C200&ssl=1","width":350,"height":200,"srcset":"https:\/\/i0.wp.com\/artstella-elixirs-floraux.com\/wp-content\/uploads\/2025\/03\/f106a38d-47a3-45a8-b95d-77f509ef85e5.jpg?resize=350%2C200&ssl=1 1x, https:\/\/i0.wp.com\/artstella-elixirs-floraux.com\/wp-content\/uploads\/2025\/03\/f106a38d-47a3-45a8-b95d-77f509ef85e5.jpg?resize=525%2C300&ssl=1 1.5x, https:\/\/i0.wp.com\/artstella-elixirs-floraux.com\/wp-content\/uploads\/2025\/03\/f106a38d-47a3-45a8-b95d-77f509ef85e5.jpg?resize=700%2C400&ssl=1 2x"},"classes":[]},{"id":6313,"url":"https:\/\/artstella-elixirs-floraux.com\/fr_fr\/produit\/premier-chakra-weae-30-ml\/","url_meta":{"origin":6233,"position":2},"title":"Premier Chakra WEAE 30 ml","author":"eveapprill","date":"9 mars 2025","format":false,"excerpt":"First Chakra Essence fournit un soutien pour recevoir les cadeaux du premier chakra, y compris: s\u2019ancrer, accepter notre corps physique, nous sentir en s\u00e9curit\u00e9, faire face aux probl\u00e8mes de survie, stabilit\u00e9 et enracinement.","rel":"","context":"Article similaire","block_context":{"text":"Article similaire","link":""},"img":{"alt_text":"","src":"https:\/\/i0.wp.com\/artstella-elixirs-floraux.com\/wp-content\/uploads\/2025\/03\/68bf7613-c8fd-48ce-a419-a6b266b3bb71.jpg?resize=350%2C200&ssl=1","width":350,"height":200,"srcset":"https:\/\/i0.wp.com\/artstella-elixirs-floraux.com\/wp-content\/uploads\/2025\/03\/68bf7613-c8fd-48ce-a419-a6b266b3bb71.jpg?resize=350%2C200&ssl=1 1x, https:\/\/i0.wp.com\/artstella-elixirs-floraux.com\/wp-content\/uploads\/2025\/03\/68bf7613-c8fd-48ce-a419-a6b266b3bb71.jpg?resize=525%2C300&ssl=1 1.5x, https:\/\/i0.wp.com\/artstella-elixirs-floraux.com\/wp-content\/uploads\/2025\/03\/68bf7613-c8fd-48ce-a419-a6b266b3bb71.jpg?resize=700%2C400&ssl=1 2x"},"classes":[]},{"id":2665,"url":"https:\/\/artstella-elixirs-floraux.com\/fr_fr\/produit\/aminalcare\/","url_meta":{"origin":6233,"position":3},"title":"AMINALCARE","author":"eveapprill","date":"9 mars 2025","format":false,"excerpt":"ANIMAL CARE Combinaison sp\u00e9ciale d\u2019\u00e9lixirs de fleurs et de gemmes d\u2019Alaska pr\u00e9par\u00e9 comme un rem\u00e8de d\u2019urgence. Pour traiter les animaux. Il sera d'autant plus efficace s\u2019il est donn\u00e9 d\u00e8s les premiers soins apport\u00e9s aux animaux arrivant chez le v\u00e9t\u00e9rinaire, au refuge, \u00e0 la clinique, etc.","rel":"","context":"Article similaire","block_context":{"text":"Article similaire","link":""},"img":{"alt_text":"","src":"https:\/\/i0.wp.com\/artstella-elixirs-floraux.com\/wp-content\/uploads\/2025\/03\/3ab3c6d7-5031-4c7b-95d2-d61f14919774.jpg?resize=350%2C200&ssl=1","width":350,"height":200,"srcset":"https:\/\/i0.wp.com\/artstella-elixirs-floraux.com\/wp-content\/uploads\/2025\/03\/3ab3c6d7-5031-4c7b-95d2-d61f14919774.jpg?resize=350%2C200&ssl=1 1x, https:\/\/i0.wp.com\/artstella-elixirs-floraux.com\/wp-content\/uploads\/2025\/03\/3ab3c6d7-5031-4c7b-95d2-d61f14919774.jpg?resize=525%2C300&ssl=1 1.5x, https:\/\/i0.wp.com\/artstella-elixirs-floraux.com\/wp-content\/uploads\/2025\/03\/3ab3c6d7-5031-4c7b-95d2-d61f14919774.jpg?resize=700%2C400&ssl=1 2x"},"classes":[]},{"id":5320,"url":"https:\/\/artstella-elixirs-floraux.com\/fr_fr\/produit\/transport-deva-animaux-30-ml\/","url_meta":{"origin":6233,"position":4},"title":"TRANSPORT DEVA ANIMAUX 30 ML","author":"eveapprill","date":"9 mars 2025","format":false,"excerpt":"TRANSPORT Ce compos\u00e9 est conseill\u00e9 dans toutes les situations o\u00f9 l'animal est amen\u00e9 \u00e0 se d\u00e9placer (court et long trajet). Il est recommand\u00e9 pour les animaux anxieux, en panique lors d'un d\u00e9placement ou sujets au mal des transports.TRANSPORT DEVA ANIMAUX 30 ML","rel":"","context":"Article similaire","block_context":{"text":"Article similaire","link":""},"img":{"alt_text":"Les Compos\u00e9s sp\u00e9cial animaux","src":"https:\/\/i0.wp.com\/artstella-elixirs-floraux.com\/wp-content\/uploads\/2025\/03\/608a0b90-ada5-4c87-8ea2-03a36415adf0.jpg?resize=350%2C200&ssl=1","width":350,"height":200,"srcset":"https:\/\/i0.wp.com\/artstella-elixirs-floraux.com\/wp-content\/uploads\/2025\/03\/608a0b90-ada5-4c87-8ea2-03a36415adf0.jpg?resize=350%2C200&ssl=1 1x, https:\/\/i0.wp.com\/artstella-elixirs-floraux.com\/wp-content\/uploads\/2025\/03\/608a0b90-ada5-4c87-8ea2-03a36415adf0.jpg?resize=525%2C300&ssl=1 1.5x, https:\/\/i0.wp.com\/artstella-elixirs-floraux.com\/wp-content\/uploads\/2025\/03\/608a0b90-ada5-4c87-8ea2-03a36415adf0.jpg?resize=700%2C400&ssl=1 2x"},"classes":[]},{"id":6000,"url":"https:\/\/artstella-elixirs-floraux.com\/fr_fr\/produit\/le-pouvoir-de-guerison-des-animaux-a-korte\/","url_meta":{"origin":6233,"position":5},"title":"Le pouvoir de gu\u00e9rison des animaux A. Korte","author":"","date":"9 mars 2025","format":false,"excerpt":"Nouveau ! Le dernier livre d'Andreas Korte paru en fran\u00e7ais reprenant ses recherches sur ses rencontres avec les animaux, leur pouvoir de gu\u00e9rison et les \u00e9lixirs qu'ils en a recueilli.","rel":"","context":"Article similaire","block_context":{"text":"Article similaire","link":""},"img":{"alt_text":"","src":"https:\/\/i0.wp.com\/artstella-elixirs-floraux.com\/wp-content\/uploads\/2025\/03\/wp-image2019.png?resize=350%2C200&ssl=1","width":350,"height":200},"classes":[]}],"_links":{"self":[{"href":"https:\/\/artstella-elixirs-floraux.com\/fr_fr\/wp-json\/wp\/v2\/product\/6233","targetHints":{"allow":["GET"]}}],"collection":[{"href":"https:\/\/artstella-elixirs-floraux.com\/fr_fr\/wp-json\/wp\/v2\/product"}],"about":[{"href":"https:\/\/artstella-elixirs-floraux.com\/fr_fr\/wp-json\/wp\/v2\/types\/product"}],"version-history":[{"count":1,"href":"https:\/\/artstella-elixirs-floraux.com\/fr_fr\/wp-json\/wp\/v2\/product\/6233\/revisions"}],"predecessor-version":[{"id":12031,"href":"https:\/\/artstella-elixirs-floraux.com\/fr_fr\/wp-json\/wp\/v2\/product\/6233\/revisions\/12031"}],"wp:featuredmedia":[{"embeddable":true,"href":"https:\/\/artstella-elixirs-floraux.com\/fr_fr\/wp-json\/wp\/v2\/media\/6234"}],"wp:attachment":[{"href":"https:\/\/artstella-elixirs-floraux.com\/fr_fr\/wp-json\/wp\/v2\/media?parent=6233"}],"wp:term":[{"taxonomy":"product_brand","embeddable":true,"href":"https:\/\/artstella-elixirs-floraux.com\/fr_fr\/wp-json\/wp\/v2\/product_brand?post=6233"},{"taxonomy":"product_cat","embeddable":true,"href":"https:\/\/artstella-elixirs-floraux.com\/fr_fr\/wp-json\/wp\/v2\/product_cat?post=6233"},{"taxonomy":"product_tag","embeddable":true,"href":"https:\/\/artstella-elixirs-floraux.com\/fr_fr\/wp-json\/wp\/v2\/product_tag?post=6233"}],"curies":[{"name":"wp","href":"https:\/\/api.w.org\/{rel}","templated":true}]}}