{"id":6237,"date":"2025-03-09T13:54:49","date_gmt":"2025-03-09T13:54:49","guid":{"rendered":"https:\/\/artstella-elixirs-floraux.com\/product\/purete-zuivering-compose-bloesem-remedies\/"},"modified":"2026-01-28T21:43:11","modified_gmt":"2026-01-28T21:43:11","slug":"purete-zuivering-compose-bloesem-remedies","status":"publish","type":"product","link":"https:\/\/artstella-elixirs-floraux.com\/fr_fr\/produit\/purete-zuivering-compose-bloesem-remedies\/","title":{"rendered":"PURET\u00c9 &#8211; ZUIVERING COMPOSE BLOESEM REMEDIES"},"content":{"rendered":"<p><em>Compos\u00e9 contenant\u00a0: Protection, Coquelicot, Impatiens, Strophaire g\u00e9ant, \u00c9toile de Bethl\u00e9em<\/em><\/p>\n","protected":false},"excerpt":{"rendered":"<p class=\"MsoNormal\" style=\"text-align: justify;\"><span style=\"font-size: 11.0pt; font-family: 'Calibri','sans-serif'; font-weight: normal;\">Il purifie l\u2019\u00e2me et le corps et nous met en contact avec la terre. Il agit en nous faisant sentir vraiment bien dans notre peau et nous met en contact avec la puret\u00e9 originelle de notre \u00e2me.<\/span><\/p>\n<p><!-- [if gte mso 9]&gt;--><\/p>\n<p>12.00<\/p>\n<p><!-- [if gte mso 9]&gt;--><\/p>\n<p>Normal<br \/>\n0<\/p>\n<p>21<\/p>\n<p>false<br \/>\nfalse<br \/>\nfalse<\/p>\n<p>FR<br \/>\nX-NONE<br \/>\nX-NONE<\/p>\n<p>MicrosoftInternetExplorer4<\/p>\n<p><!-- [if gte mso 9]&gt;--><\/p>\n<p><!-- [if gte mso 10]&gt;--><\/p>\n<p>\/* Style Definitions *\/<br \/>\ntable.MsoNormalTable<br \/>\n{mso-style-name:\u00a0\u00bbTableau Normal\u00a0\u00bb;<br \/>\nmso-tstyle-rowband-size:0;<br \/>\nmso-tstyle-colband-size:0;<br \/>\nmso-style-noshow:yes;<br \/>\nmso-style-priority:99;<br \/>\nmso-style-qformat:yes;<br \/>\nmso-style-parent:\u00a0\u00bb\u00a0\u00bb;<br \/>\nmso-padding-alt:0cm 5.4pt 0cm 5.4pt;<br \/>\nmso-para-margin:0cm;<br \/>\nmso-para-margin-bottom:.0001pt;<br \/>\nmso-pagination:widow-orphan;<br \/>\nfont-size:11.0pt;<br \/>\nfont-family:\u00a0\u00bbCalibri\u00a0\u00bb,\u00a0\u00bbsans-serif\u00a0\u00bb;<br \/>\nmso-ascii-font-family:Calibri;<br \/>\nmso-ascii-theme-font:minor-latin;<br \/>\nmso-fareast-font-family:\u00a0\u00bbTimes New Roman\u00a0\u00bb;<br \/>\nmso-fareast-theme-font:minor-fareast;<br \/>\nmso-hansi-font-family:Calibri;<br \/>\nmso-hansi-theme-font:minor-latin;<br \/>\nmso-bidi-font-family:\u00a0\u00bbTimes New Roman\u00a0\u00bb;<br \/>\nmso-bidi-theme-font:minor-bidi;}<\/p>\n<p><!-- [if gte mso 9]&gt;--><\/p>\n<p>12.00<\/p>\n<p><!-- [if gte mso 9]&gt;--><\/p>\n<p>Normal<br \/>\n0<\/p>\n<p>21<\/p>\n<p>false<br \/>\nfalse<br \/>\nfalse<\/p>\n<p>FR<br \/>\nX-NONE<br \/>\nX-NONE<\/p>\n<p>MicrosoftInternetExplorer4<\/p>\n<p><!-- [if gte mso 9]&gt;--><\/p>\n<p><!-- [if gte mso 10]&gt;--><\/p>\n<p>\/* Style Definitions *\/<br \/>\ntable.MsoNormalTable<br \/>\n{mso-style-name:\u00a0\u00bbTableau Normal\u00a0\u00bb;<br \/>\nmso-tstyle-rowband-size:0;<br \/>\nmso-tstyle-colband-size:0;<br \/>\nmso-style-noshow:yes;<br \/>\nmso-style-priority:99;<br \/>\nmso-style-qformat:yes;<br \/>\nmso-style-parent:\u00a0\u00bb\u00a0\u00bb;<br \/>\nmso-padding-alt:0cm 5.4pt 0cm 5.4pt;<br \/>\nmso-para-margin:0cm;<br \/>\nmso-para-margin-bottom:.0001pt;<br \/>\nmso-pagination:widow-orphan;<br \/>\nfont-size:11.0pt;<br \/>\nfont-family:\u00a0\u00bbCalibri\u00a0\u00bb,\u00a0\u00bbsans-serif\u00a0\u00bb;<br \/>\nmso-ascii-font-family:Calibri;<br \/>\nmso-ascii-theme-font:minor-latin;<br \/>\nmso-fareast-font-family:\u00a0\u00bbTimes New Roman\u00a0\u00bb;<br \/>\nmso-fareast-theme-font:minor-fareast;<br \/>\nmso-hansi-font-family:Calibri;<br \/>\nmso-hansi-theme-font:minor-latin;<br \/>\nmso-bidi-font-family:\u00a0\u00bbTimes New Roman\u00a0\u00bb;<br \/>\nmso-bidi-theme-font:minor-bidi;}<\/p>\n<p><strong><span style=\"font-size: 11.0pt; font-family: 'Calibri','sans-serif';\">\u00a0<\/span><\/strong><\/p>\n","protected":false},"featured_media":6238,"template":"","meta":[],"product_brand":[],"product_cat":[181],"product_tag":[],"class_list":{"0":"post-6237","1":"product","2":"type-product","3":"status-publish","4":"has-post-thumbnail","6":"product_cat-nouveaux-composes-hollandais","8":"first","9":"instock","10":"taxable","11":"shipping-taxable","12":"purchasable","13":"product-type-variable"},"etheme_brands":{"errors":{"invalid_taxonomy":["Taxonomie non valide."]},"error_data":[]},"jetpack_sharing_enabled":true,"jetpack-related-posts":[{"id":6205,"url":"https:\/\/artstella-elixirs-floraux.com\/fr_fr\/produit\/elixir-ocean-n23-phi-15ml\/","url_meta":{"origin":6237,"position":0},"title":"ELIXIR OCEAN N\u00b023 PHI 15ML","author":"eveapprill","date":"9 mars 2025","format":false,"excerpt":"\u00a0ELIXIR OCEAN N\u00b023agit \u00e9nerg\u00e9tiquement sur les peurs tr\u00e8s profond\u00e9ment ancr\u00e9es dans le subconscient. Il nous aide \u00e0 rel\u00e2cher les peurs dans les relations. Nous apprenons \u00e0 donner \u00e0 l\u2019autre la libert\u00e9 dont il \/ elle a besoin pour retrouver une pleine confiance. Pour laisser la libert\u00e9, vivre la libert\u00e9 et\u2026","rel":"","context":"Article similaire","block_context":{"text":"Article similaire","link":""},"img":{"alt_text":"","src":"https:\/\/i0.wp.com\/artstella-elixirs-floraux.com\/wp-content\/uploads\/2025\/03\/wp-image2197.png?resize=350%2C200&ssl=1","width":350,"height":200},"classes":[]},{"id":6091,"url":"https:\/\/artstella-elixirs-floraux.com\/fr_fr\/produit\/collier-orque-phi\/","url_meta":{"origin":6237,"position":1},"title":"COLLIER \u00ab\u00a0ORQUE\u00a0\u00bb PHI","author":"eveapprill","date":"9 mars 2025","format":false,"excerpt":"Le collier \u00ab Orque \u00bb poss\u00e8de une forte action au niveau du chakra du c\u0153ur et nous relie \u00e0 la cinqui\u00e8me dimension. Pour \u00eatre reli\u00e9 \u00e0 notre force int\u00e9rieure et \u00e0 la lumi\u00e8re et puiser dans notre potentiel de cr\u00e9ation. Normal 0 21 false false false FR X-NONE X-NONE MicrosoftInternetExplorer4\u2026","rel":"","context":"Article similaire","block_context":{"text":"Article similaire","link":""},"img":{"alt_text":"","src":"","width":0,"height":0},"classes":[]},{"id":6392,"url":"https:\/\/artstella-elixirs-floraux.com\/fr_fr\/produit\/libertad-15ml-sylfos\/","url_meta":{"origin":6237,"position":2},"title":"LIBERTAD 15ml Sylfos","author":"eveapprill","date":"9 mars 2025","format":false,"excerpt":"v:* {behavior:url(#default#VML);} o:* {behavior:url(#default#VML);} w:* {behavior:url(#default#VML);} .shape {behavior:url(#default#VML);} Normal 0 false 21 false false false ES-CL X-NONE X-NONE \/* Style Definitions *\/ table.MsoNormalTable {mso-style-name:\"Tableau Normal\"; mso-tstyle-rowband-size:0; mso-tstyle-colband-size:0; mso-style-noshow:yes; mso-style-priority:99; mso-style-parent:\"\"; mso-padding-alt:0cm 5.4pt 0cm 5.4pt; mso-para-margin:0cm; mso-para-margin-bottom:.0001pt; mso-pagination:widow-orphan; font-size:12.0pt; font-family:\"Calibri\",sans-serif; mso-ascii-font-family:Calibri; mso-ascii-theme-font:minor-latin; mso-hansi-font-family:Calibri; mso-hansi-theme-font:minor-latin; mso-bidi-font-family:\"Times New Roman\"; mso-bidi-theme-font:minor-bidi; mso-font-kerning:1.0pt; mso-ligatures:standardcontextual; mso-ansi-language:ES-CL;\u2026","rel":"","context":"Article similaire","block_context":{"text":"Article similaire","link":""},"img":{"alt_text":"","src":"https:\/\/i0.wp.com\/artstella-elixirs-floraux.com\/wp-content\/uploads\/2025\/03\/wp-image2487.png?resize=350%2C200&ssl=1","width":350,"height":200},"classes":[]},{"id":6367,"url":"https:\/\/artstella-elixirs-floraux.com\/fr_fr\/produit\/2024-essence-bush-30ml\/","url_meta":{"origin":6237,"position":3},"title":"2024 Essence Bush 30ml","author":"eveapprill","date":"9 mars 2025","format":false,"excerpt":"Un compos\u00e9 sp\u00e9cialement \u00e9labor\u00e9 par Ian White pour faire face aux d\u00e9fis actuels! Normal 0 21 false false false FR X-NONE X-NONE \/* Style Definitions *\/ table.MsoNormalTable {mso-style-name:\"Tableau Normal\"; mso-tstyle-rowband-size:0; mso-tstyle-colband-size:0; mso-style-noshow:yes; mso-style-priority:99; mso-style-parent:\"\"; mso-padding-alt:0cm 5.4pt 0cm 5.4pt; mso-para-margin-top:0cm; mso-para-margin-right:0cm; mso-para-margin-bottom:8.0pt; mso-para-margin-left:0cm; line-height:107%; mso-pagination:widow-orphan; font-size:11.0pt; font-family:\"Calibri\",sans-serif; mso-ascii-font-family:Calibri; mso-ascii-theme-font:minor-latin; mso-hansi-font-family:Calibri; mso-hansi-theme-font:minor-latin;\u2026","rel":"","context":"Article similaire","block_context":{"text":"Article similaire","link":""},"img":{"alt_text":"","src":"https:\/\/i0.wp.com\/artstella-elixirs-floraux.com\/wp-content\/uploads\/2025\/03\/wp-image2373.png?resize=350%2C200&ssl=1","width":350,"height":200,"srcset":"https:\/\/i0.wp.com\/artstella-elixirs-floraux.com\/wp-content\/uploads\/2025\/03\/wp-image2373.png?resize=350%2C200&ssl=1 1x, https:\/\/i0.wp.com\/artstella-elixirs-floraux.com\/wp-content\/uploads\/2025\/03\/wp-image2373.png?resize=525%2C300&ssl=1 1.5x, https:\/\/i0.wp.com\/artstella-elixirs-floraux.com\/wp-content\/uploads\/2025\/03\/wp-image2373.png?resize=700%2C400&ssl=1 2x"},"classes":[]},{"id":6343,"url":"https:\/\/artstella-elixirs-floraux.com\/fr_fr\/produit\/agrimony-15ml-phi\/","url_meta":{"origin":6237,"position":4},"title":"AGRIMONY 15ML PHI","author":"eveapprill","date":"9 mars 2025","format":false,"excerpt":"800x600 Normal 0 21 false false false FR X-NONE X-NONE MicrosoftInternetExplorer4 \/* Style Definitions *\/ table.MsoNormalTable {mso-style-name:\"Tableau Normal\"; mso-tstyle-rowband-size:0; mso-tstyle-colband-size:0; mso-style-noshow:yes; mso-style-priority:99; mso-style-parent:\"\"; mso-padding-alt:0cm 5.4pt 0cm 5.4pt; mso-para-margin:0cm; mso-para-margin-bottom:.0001pt; mso-pagination:widow-orphan; font-size:10.0pt; font-family:\"Times New Roman\",serif;} AGRIMONY AIGREMOINE (AGRIMONIA EUPATORIA)\u00a0\u00a0\u00a0\u00a0\u00a0\u00a0\u00a0\u00a0\u00a0\u00a0\u00a0\u00a0\u00a0\u00a0\u00a0\u00a0\u00a0 Permet l'expression des sentiments et la communication avec autrui.","rel":"","context":"Article similaire","block_context":{"text":"Article similaire","link":""},"img":{"alt_text":"","src":"https:\/\/i0.wp.com\/artstella-elixirs-floraux.com\/wp-content\/uploads\/2025\/03\/wp-image2346.png?resize=350%2C200&ssl=1","width":350,"height":200},"classes":[]},{"id":6357,"url":"https:\/\/artstella-elixirs-floraux.com\/fr_fr\/produit\/light-relief-ltoe-15ml\/","url_meta":{"origin":6237,"position":5},"title":"Light Relief LTOE 15ml","author":"eveapprill","date":"9 mars 2025","format":false,"excerpt":"Donald Dennis 16.00 800x600 Normal 0 21 false false false FR X-NONE X-NONE MicrosoftInternetExplorer4 \/* Style Definitions *\/ table.MsoNormalTable {mso-style-name:\"Tableau Normal\"; mso-tstyle-rowband-size:0; mso-tstyle-colband-size:0; mso-style-noshow:yes; mso-style-priority:99; mso-style-parent:\"\"; mso-padding-alt:0cm 5.4pt 0cm 5.4pt; mso-para-margin:0cm; mso-para-margin-bottom:.0001pt; mso-pagination:widow-orphan; font-size:10.0pt; font-family:\"Times New Roman\",serif;} Light Relief (Soulagement de la lumi\u00e8re) est particuli\u00e8rement destin\u00e9 \u00e0 ceux qui ont\u2026","rel":"","context":"Article similaire","block_context":{"text":"Article similaire","link":""},"img":{"alt_text":"","src":"https:\/\/i0.wp.com\/artstella-elixirs-floraux.com\/wp-content\/uploads\/2025\/03\/wp-image2360.png?resize=350%2C200&ssl=1","width":350,"height":200,"srcset":"https:\/\/i0.wp.com\/artstella-elixirs-floraux.com\/wp-content\/uploads\/2025\/03\/wp-image2360.png?resize=350%2C200&ssl=1 1x, https:\/\/i0.wp.com\/artstella-elixirs-floraux.com\/wp-content\/uploads\/2025\/03\/wp-image2360.png?resize=525%2C300&ssl=1 1.5x, https:\/\/i0.wp.com\/artstella-elixirs-floraux.com\/wp-content\/uploads\/2025\/03\/wp-image2360.png?resize=700%2C400&ssl=1 2x, https:\/\/i0.wp.com\/artstella-elixirs-floraux.com\/wp-content\/uploads\/2025\/03\/wp-image2360.png?resize=1050%2C600&ssl=1 3x"},"classes":[]}],"_links":{"self":[{"href":"https:\/\/artstella-elixirs-floraux.com\/fr_fr\/wp-json\/wp\/v2\/product\/6237","targetHints":{"allow":["GET"]}}],"collection":[{"href":"https:\/\/artstella-elixirs-floraux.com\/fr_fr\/wp-json\/wp\/v2\/product"}],"about":[{"href":"https:\/\/artstella-elixirs-floraux.com\/fr_fr\/wp-json\/wp\/v2\/types\/product"}],"version-history":[{"count":1,"href":"https:\/\/artstella-elixirs-floraux.com\/fr_fr\/wp-json\/wp\/v2\/product\/6237\/revisions"}],"predecessor-version":[{"id":12028,"href":"https:\/\/artstella-elixirs-floraux.com\/fr_fr\/wp-json\/wp\/v2\/product\/6237\/revisions\/12028"}],"wp:featuredmedia":[{"embeddable":true,"href":"https:\/\/artstella-elixirs-floraux.com\/fr_fr\/wp-json\/wp\/v2\/media\/6238"}],"wp:attachment":[{"href":"https:\/\/artstella-elixirs-floraux.com\/fr_fr\/wp-json\/wp\/v2\/media?parent=6237"}],"wp:term":[{"taxonomy":"product_brand","embeddable":true,"href":"https:\/\/artstella-elixirs-floraux.com\/fr_fr\/wp-json\/wp\/v2\/product_brand?post=6237"},{"taxonomy":"product_cat","embeddable":true,"href":"https:\/\/artstella-elixirs-floraux.com\/fr_fr\/wp-json\/wp\/v2\/product_cat?post=6237"},{"taxonomy":"product_tag","embeddable":true,"href":"https:\/\/artstella-elixirs-floraux.com\/fr_fr\/wp-json\/wp\/v2\/product_tag?post=6237"}],"curies":[{"name":"wp","href":"https:\/\/api.w.org\/{rel}","templated":true}]}}